{"id":872,"date":"2018-04-06T11:08:59","date_gmt":"2018-04-06T09:08:59","guid":{"rendered":"https:\/\/wp-multilingual.com\/?page_id=872"},"modified":"2018-04-06T11:09:48","modified_gmt":"2018-04-06T09:09:48","slug":"wordpress-oversattning-plugins","status":"publish","type":"page","link":"https:\/\/wp-multilingual.com\/sv\/wordpress-oversattning-plugins\/","title":{"rendered":"WordPress \u00d6vers\u00e4ttningsplugin: Topp 5 f\u00f6r 2018"},"content":{"rendered":"<h1>Lista \u00f6ver \u00f6vers\u00e4ttningspluggar f\u00f6r WordPress<\/h1>\n<p>Letar du efter ett WordPress-plugin som till\u00e5ter dig att \u00f6vers\u00e4tta alla dina WordPress-sidor \u00e4r att l\u00e4gga samman lokala versioner av din webbplats? Faktum \u00e4r att WordPress inte till\u00e5ter en bas att skapa en flerspr\u00e5kig webbplats, vilket \u00e4r en verklig brist som snabbt kan k\u00e4nnas. Men som alltid har gemenskapen bakom WordPress snabbt f\u00f6rsett oss med avancerade l\u00f6sningar och enkel hantering. N\u00e5gra av de WordPress-\u00f6vers\u00e4ttningspluggar som vi kommer att presentera har funnits i \u00e5ratal och erbjuder premium service, men nykomlingar kommer att omforma korten f\u00f6r v\u00e5r njutning.<\/p>\n<p>Tack vare den h\u00e4r sunda konkurrensen har flerspr\u00e5kiga plugins f\u00f6r WordPress utvecklats, blivit allt enklare och integrerat med WordPress, liksom snabbare och s\u00e4krare. V\u00e5r lista \u00f6ver \u00f6vers\u00e4ttningspluggar f\u00f6r WordPress kan du hitta de b\u00e4sta flerspr\u00e5kiga plugin-programmen.<\/p>\n<h1>WordPress \u00d6vers\u00e4ttningsplugin<\/h1>\n<p>Att ha en flerspr\u00e5kig WordPress-webbplats riktar sig till alla typer av webbplatser som kan g\u00f6ras med WordPress, men ocks\u00e5 p\u00e5 alla sidstorlekar. Inget behov av att vara en stor webbplats f\u00f6r att dra nytta av flerspr\u00e5kiga med WordPress.<\/p>\n<p>[su_row]<br \/>\n[su_column size=&#8221;1\/6&#8243;]<img loading=\"lazy\" decoding=\"async\" class=\"aligncenter size-full wp-image-128\" src=\"https:\/\/wp-multilingual.com\/wp-content\/uploads\/sites\/18\/2017\/10\/wpml-wordpress-multilingue-traduction-square.jpg\" alt=\"\" width=\"220\" height=\"190\" \/>[\/su_column]<br \/>\n[su_column size=&#8221;2\/3&#8243;]<\/p>\n<h3>WPML CMS: B\u00e4sta WordPress \u00d6vers\u00e4ttnings Plugin<\/h3>\n<p><strong>Sammanfattningsvis<\/strong>: Efter m\u00e5nga \u00e5rs anv\u00e4ndning \u00e4r WPML definitivt det plugin som vi rekommenderar till alla att anv\u00e4nda, och som vi anv\u00e4nder p\u00e5 alla v\u00e5ra flerspr\u00e5kiga projekt. Vad anser din webbplats f\u00f6r sin flerspr\u00e5kiga del enligt din \u00e5sikt? WPML sj\u00e4lvklart! \u00d6vers\u00e4ttningsfunktionaliteter f\u00f6r WordPress som st\u00e5r i proportion till allt som g\u00f6rs p\u00e5 WordPress translation plugin-marknaden.<\/p>\n<p><strong>B\u00e4st av allt, WPML CMS st\u00f6d gratis <a href=\"https:\/\/wp-multilingue.fr\/plugins-wordpress-compatible-multilingual\/woocommerce-multilingue\/\"> WooCommerce Flerspr\u00e5kig <\/a>.<\/strong><br \/>\n<a href=\"\/?page_id=766\">&gt; WPML CMS WordPress \u00d6vers\u00e4ttningsplugin: Den fullst\u00e4ndiga granskningen<\/a><br \/>\n[\/su_column]<br \/>\n[su_column size=&#8221;1\/6&#8243;]<br \/>\n[su_spacer size=&#8221;10&#8243;]<br \/>\n<i class=\"fa fa-star\" style=\"font-size: 25px;color: #1f88a3\"><\/i><i class=\"fa fa-star\" style=\"font-size: 25px;color: #1f88a3\"><\/i><i class=\"fa fa-star\" style=\"font-size: 25px;color: #1f88a3\"><\/i><i class=\"fa fa-star\" style=\"font-size: 25px;color: #1f88a3\"><\/i><i class=\"fa fa-star-half-o\" style=\"font-size: 25px;color: #1f88a3\"><\/i><br \/>\n[su_spacer size=&#8221;40&#8243;]<\/p>\n<p style=\"text-align: center\">[su_button background=&#8221;#1F88A3&#8243; size=&#8221;6&#8243; url=&#8221;https:\/\/wp-theme-plugin.com\/out-wpml&#8221; target=&#8221;blank&#8221;] <strong>Uppt\u00e4ck<\/strong> [\/su_button] [\/su_column]<br \/>\n[\/su_row]<\/p>\n<p>[su_row]<br \/>\n[su_column size=&#8221;1\/6&#8243;]<img loading=\"lazy\" decoding=\"async\" class=\"aligncenter size-full wp-image-129\" src=\"https:\/\/wp-multilingual.com\/wp-content\/uploads\/sites\/18\/2017\/10\/wpml-blog-wordpress-multilingue-traduction-square.jpg\" alt=\"\" width=\"220\" height=\"190\" \/>[\/su_column]<br \/>\n[su_column size=&#8221;2\/3&#8243;]<\/p>\n<h3>WPML Blog: WordPress Bilingual Plugin<\/h3>\n<p><strong>Sammanfattningsvis<\/strong>: Some will say that WPML is a &#8221;real gas plant&#8221;. The first approach of WPML can certainly seem a little disconcerting. Why ? Because this plugin pushes the multilingual management to a professional level. But must we still understand all the ins and outs to get out easily. For those who want a multilingual site, and this quickly and without learning, WPML version blog will make you happy.<\/p>\n<p><strong>When WPML becomes as simple as a click in its back office.<\/strong><br \/>\n<a href=\"\/?page_id=766\">&gt; WPML Blog WordPress \u00d6vers\u00e4ttningsplugin: Den fullst\u00e4ndiga granskningen<\/a><br \/>\n[\/su_column]<br \/>\n[su_column size=&#8221;1\/6&#8243;]<br \/>\n[su_spacer size=&#8221;10&#8243;]<br \/>\n<i class=\"fa fa-star\" style=\"font-size: 25px;color: #1f88a3\"><\/i><i class=\"fa fa-star\" style=\"font-size: 25px;color: #1f88a3\"><\/i><i class=\"fa fa-star\" style=\"font-size: 25px;color: #1f88a3\"><\/i><i class=\"fa fa-star\" style=\"font-size: 25px;color: #1f88a3\"><\/i><i class=\"fa fa-star-o\" style=\"font-size: 25px;color: #1f88a3\"><\/i><\/p>\n<p>[su_spacer size=&#8221;40&#8243;]<\/p>\n<p style=\"text-align: center\">[su_button background=&#8221;#1F88A3&#8243; size=&#8221;6&#8243; url=&#8221;https:\/\/wp-theme-plugin.com\/out-wpml&#8221; target=&#8221;blank&#8221;] <strong>Uppt\u00e4ck<\/strong> [\/su_button] [\/su_column]<\/p>\n<p>[\/su_row]<br \/>\n[su_row]<br \/>\n[su_column size=&#8221;1\/6&#8243;]<img loading=\"lazy\" decoding=\"async\" class=\"aligncenter size-full wp-image-132\" src=\"https:\/\/wp-multilingual.com\/wp-content\/uploads\/sites\/18\/2017\/10\/qtranslatex-wordpress-multilingue-traduction-square.jpg\" alt=\"\" width=\"220\" height=\"190\" \/>[\/su_column]<br \/>\n[su_column size=&#8221;2\/3&#8243;]<\/p>\n<h3>qTranslate X: \u00d6vers\u00e4ttningsplugin \u00f6vergiven?<\/h3>\n<p><strong>Sammanfattningsvis<\/strong>: Med mer \u00e4n 100 000 WordPress-webbplatser som alltid litar p\u00e5 qTranslateX f\u00f6r att s\u00e4kerst\u00e4lla \u00f6vers\u00e4ttningsdelen av deras WordPress-webbplats, kunde vi tro att det h\u00e4r k\u00e4nda pluginet fortfarande skulle bibeh\u00e5llas. Men n\u00e4r det h\u00e4r testet \u00e4r gjort har qTranslateX inte uppdaterats i ett \u00e5r. Ett enkelt och effektivt plugin som tycks f\u00f6rsvinna lite efter en liten stund.<\/p>\n<p><strong>Skulle qTranslate vara stalled eller bara standby?<\/strong><br \/>\n<a href=\"\/?page_id=764\">&gt; qTranslateX WordPress \u00d6vers\u00e4ttningsplugin: Den fullst\u00e4ndiga granskningen<\/a><br \/>\n[\/su_column]<br \/>\n[su_column size=&#8221;1\/6&#8243;]<br \/>\n[su_spacer size=&#8221;10&#8243;]<br \/>\n<i class=\"fa fa-star\" style=\"font-size: 25px;color: #1f88a3\"><\/i><i class=\"fa fa-star\" style=\"font-size: 25px;color: #1f88a3\"><\/i><i class=\"fa fa-star-half-o\" style=\"font-size: 25px;color: #1f88a3\"><\/i><i class=\"fa fa-star-o\" style=\"font-size: 25px;color: #1f88a3\"><\/i><i class=\"fa fa-star-o\" style=\"font-size: 25px;color: #1f88a3\"><\/i><br \/>\n[su_spacer size=&#8221;40&#8243;]<\/p>\n<p style=\"text-align: center\">[su_button background=&#8221;#1F88A3&#8243; size=&#8221;6&#8243; url=&#8221;https:\/\/wp-theme-plugin.com\/out-qtranslatex&#8221; target=&#8221;blank&#8221;] <strong>Uppt\u00e4ck<\/strong> [\/su_button] [\/su_column]<\/p>\n<p>[\/su_row]<\/p>\n<p>[su_row]<br \/>\n[su_column size=&#8221;1\/6&#8243;]<img loading=\"lazy\" decoding=\"async\" class=\"aligncenter size-full wp-image-131\" src=\"https:\/\/wp-multilingual.com\/wp-content\/uploads\/sites\/18\/2017\/10\/multilingualpress-wordpress-multilingue-traduction-square.png\" alt=\"\" width=\"220\" height=\"190\" \/>[\/su_column]<br \/>\n[su_column size=&#8221;2\/3&#8243;]<\/p>\n<h3>MultilingualPress: \u00d6vers\u00e4ttnings-plugin som stenar<\/h3>\n<p><strong>Sammanfattningsvis<\/strong>: N\u00e4r du \u00e4r laget bakom en av de mest k\u00e4nda WordPress-backup pluginsna, f\u00f6rest\u00e4ller mig mig att f\u00f6rs\u00e4kringen \u00e4r som den andra naturen. Tja, f\u00f6rutom detta lilla ordspel, \u00e4r MultilingualPress ett \u00f6vers\u00e4ttnings-plugin f\u00f6r WordPress som erbjuder dig en innovativ vision n\u00e4r det g\u00e4ller spr\u00e5khantering, s\u00e5 att din WordPress-webbplats alltid st\u00e5r h\u00f6gst upp i sin prestanda.<\/p>\n<p><strong>En nykomling till v\u00e4rlden av WordPress \u00f6vers\u00e4ttning som kommer att f\u00e5 folk att prata.<\/strong><br \/>\n<a href=\"\/?page_id=760\">&gt;MultilingualPress WordPress \u00d6vers\u00e4ttningsplugin: Den fullst\u00e4ndiga granskningen<\/a><br \/>\n[\/su_column]<br \/>\n[su_column size=&#8221;1\/6&#8243;]<br \/>\n[su_spacer size=&#8221;10&#8243;]<br \/>\n<i class=\"fa fa-star\" style=\"font-size: 25px;color: #1f88a3\"><\/i><i class=\"fa fa-star\" style=\"font-size: 25px;color: #1f88a3\"><\/i><i class=\"fa fa-star\" style=\"font-size: 25px;color: #1f88a3\"><\/i><i class=\"fa fa-star\" style=\"font-size: 25px;color: #1f88a3\"><\/i><i class=\"fa fa-star-o\" style=\"font-size: 25px;color: #1f88a3\"><\/i><br \/>\n[su_spacer size=&#8221;40&#8243;]<\/p>\n<p style=\"text-align: center\">[su_button background=&#8221;#1F88A3&#8243; size=&#8221;6&#8243; url=&#8221;https:\/\/wp-theme-plugin.com\/out-multilingual-press&#8221; target=&#8221;blank&#8221;] <strong>Uppt\u00e4ck<\/strong> [\/su_button] [\/su_column]<\/p>\n<p>[\/su_row]<\/p>\n<p>[su_row]<br \/>\n[su_column size=&#8221;1\/6&#8243;]<img loading=\"lazy\" decoding=\"async\" class=\"aligncenter size-full wp-image-130\" src=\"https:\/\/wp-multilingual.com\/wp-content\/uploads\/sites\/18\/2017\/10\/polylang-wordpress-multilingue-traduction-square.png\" alt=\"\" width=\"220\" height=\"190\" \/>[\/su_column]<br \/>\n[su_column size=&#8221;2\/3&#8243;]<\/p>\n<h3>Polylang: \u00d6vers\u00e4ttningspluggen f\u00f6r att uppt\u00e4cka<\/h3>\n<p><strong>Sammanfattningsvis<\/strong>: PolyLang \u00e4r ett WordPress-\u00f6vers\u00e4ttningsplugin som har utvecklats stadigt och gradvis i flera \u00e5r. Denna plugin \u00e4r \u00e4ntligen under rampljuset och som s\u00e5dan vet mycket mer funktionella uppdateringar. Polylang \u00e4r ett avancerat flerspr\u00e5kigt WordPress-plugin som f\u00f6rtj\u00e4nar att ta sig tid att uppt\u00e4cka sin vision om WordPress-\u00f6vers\u00e4ttning.<\/p>\n<p><strong>Med alla dessa funktioner ligger Polylang i toppen av korgen.<\/strong><br \/>\n<a href=\"\/?page_id=762\">&gt; polyLang WordPress \u00d6vers\u00e4ttningsplugin: Den fullst\u00e4ndiga granskningen<\/a><br \/>\n[\/su_column]<br \/>\n[su_column size=&#8221;1\/6&#8243;]<br \/>\n[su_spacer size=&#8221;10&#8243;]<br \/>\n<i class=\"fa fa-star\" style=\"font-size: 25px;color: #1f88a3\"><\/i><i class=\"fa fa-star\" style=\"font-size: 25px;color: #1f88a3\"><\/i><i class=\"fa fa-star\" style=\"font-size: 25px;color: #1f88a3\"><\/i><i class=\"fa fa-star\" style=\"font-size: 25px;color: #1f88a3\"><\/i><i class=\"fa fa-star-o\" style=\"font-size: 25px;color: #1f88a3\"><\/i><br \/>\n[su_spacer size=&#8221;40&#8243;]<\/p>\n<p style=\"text-align: center\">[su_button background=&#8221;#1F88A3&#8243; size=&#8221;6&#8243; url=&#8221;https:\/\/wp-theme-plugin.com\/out-polylang&#8221; target=&#8221;blank&#8221;] <strong>Uppt\u00e4ck <\/strong> [\/su_button] [\/su_column]<\/p>\n<p>[\/su_row]<\/p>\n","protected":false},"excerpt":{"rendered":"<p>Lista \u00f6ver \u00f6vers\u00e4ttningspluggar f\u00f6r WordPress Letar du efter ett WordPress-plugin som till\u00e5ter dig att \u00f6vers\u00e4tta alla dina WordPress-sidor \u00e4r att l\u00e4gga samman lokala versioner av din webbplats? Faktum \u00e4r att WordPress inte till\u00e5ter en&#46;&#46;&#46;<\/p>\n","protected":false},"author":2,"featured_media":0,"parent":0,"menu_order":0,"comment_status":"closed","ping_status":"closed","template":"","meta":{"_monsterinsights_skip_tracking":false,"_monsterinsights_sitenote_active":false,"_monsterinsights_sitenote_note":"","_monsterinsights_sitenote_category":0,"footnotes":""},"class_list":["post-872","page","type-page","status-publish","hentry"],"yoast_head":"<!-- This site is optimized with the Yoast SEO plugin v23.1 - https:\/\/yoast.com\/wordpress\/plugins\/seo\/ -->\n<title>WordPress \u00d6vers\u00e4ttning Plugins: TOP 5 av Flerspr\u00e5kig WordPress<\/title>\n<meta name=\"description\" content=\"\u00d6vers\u00e4tt ditt WordPress-webbplats? Det h\u00e4r \u00e4r enkelt med r\u00e4tt \u00f6vers\u00e4ttningsplugin f\u00f6r WordPress. Kolla in urvalet av de b\u00e4sta \u00f6vers\u00e4ttningspluggarna f\u00f6r WordPress f\u00f6r 2018 direkt.\" \/>\n<meta name=\"robots\" content=\"index, follow, max-snippet:-1, max-image-preview:large, max-video-preview:-1\" \/>\n<link rel=\"canonical\" href=\"https:\/\/wp-multilingual.com\/sv\/wordpress-oversattning-plugins\/\" \/>\n<meta property=\"og:locale\" content=\"sv_SE\" \/>\n<meta property=\"og:type\" content=\"article\" \/>\n<meta property=\"og:title\" content=\"WordPress \u00d6vers\u00e4ttning Plugins: TOP 5 av Flerspr\u00e5kig WordPress\" \/>\n<meta property=\"og:description\" content=\"\u00d6vers\u00e4tt ditt WordPress-webbplats? Det h\u00e4r \u00e4r enkelt med r\u00e4tt \u00f6vers\u00e4ttningsplugin f\u00f6r WordPress. Kolla in urvalet av de b\u00e4sta \u00f6vers\u00e4ttningspluggarna f\u00f6r WordPress f\u00f6r 2018 direkt.\" \/>\n<meta property=\"og:url\" content=\"https:\/\/wp-multilingual.com\/sv\/wordpress-oversattning-plugins\/\" \/>\n<meta property=\"og:site_name\" content=\"wp-multlingual.com\" \/>\n<meta property=\"article:modified_time\" content=\"2018-04-06T09:09:48+00:00\" \/>\n<meta property=\"og:image\" content=\"https:\/\/wp-multilingual.com\/wp-content\/uploads\/sites\/18\/2017\/10\/wpml-wordpress-multilingue-traduction-square.jpg\" \/>\n<meta name=\"twitter:card\" content=\"summary_large_image\" \/>\n<meta name=\"twitter:label1\" content=\"Ber\u00e4knad l\u00e4stid\" \/>\n\t<meta name=\"twitter:data1\" content=\"4 minuter\" \/>\n<script type=\"application\/ld+json\" class=\"yoast-schema-graph\">{\"@context\":\"https:\/\/schema.org\",\"@graph\":[{\"@type\":\"WebPage\",\"@id\":\"https:\/\/wp-multilingual.com\/sv\/wordpress-oversattning-plugins\/\",\"url\":\"https:\/\/wp-multilingual.com\/sv\/wordpress-oversattning-plugins\/\",\"name\":\"WordPress \u00d6vers\u00e4ttning Plugins: TOP 5 av Flerspr\u00e5kig WordPress\",\"isPartOf\":{\"@id\":\"https:\/\/wp-multilingual.com\/el\/#website\"},\"primaryImageOfPage\":{\"@id\":\"https:\/\/wp-multilingual.com\/sv\/wordpress-oversattning-plugins\/#primaryimage\"},\"image\":{\"@id\":\"https:\/\/wp-multilingual.com\/sv\/wordpress-oversattning-plugins\/#primaryimage\"},\"thumbnailUrl\":\"https:\/\/wp-multilingual.com\/wp-content\/uploads\/sites\/18\/2017\/10\/wpml-wordpress-multilingue-traduction-square.jpg\",\"datePublished\":\"2018-04-06T09:08:59+00:00\",\"dateModified\":\"2018-04-06T09:09:48+00:00\",\"description\":\"\u00d6vers\u00e4tt ditt WordPress-webbplats? Det h\u00e4r \u00e4r enkelt med r\u00e4tt \u00f6vers\u00e4ttningsplugin f\u00f6r WordPress. Kolla in urvalet av de b\u00e4sta \u00f6vers\u00e4ttningspluggarna f\u00f6r WordPress f\u00f6r 2018 direkt.\",\"breadcrumb\":{\"@id\":\"https:\/\/wp-multilingual.com\/sv\/wordpress-oversattning-plugins\/#breadcrumb\"},\"inLanguage\":\"sv-SE\",\"potentialAction\":[{\"@type\":\"ReadAction\",\"target\":[\"https:\/\/wp-multilingual.com\/sv\/wordpress-oversattning-plugins\/\"]}]},{\"@type\":\"ImageObject\",\"inLanguage\":\"sv-SE\",\"@id\":\"https:\/\/wp-multilingual.com\/sv\/wordpress-oversattning-plugins\/#primaryimage\",\"url\":\"https:\/\/wp-multilingual.com\/wp-content\/uploads\/sites\/18\/2017\/10\/wpml-wordpress-multilingue-traduction-square.jpg\",\"contentUrl\":\"https:\/\/wp-multilingual.com\/wp-content\/uploads\/sites\/18\/2017\/10\/wpml-wordpress-multilingue-traduction-square.jpg\"},{\"@type\":\"BreadcrumbList\",\"@id\":\"https:\/\/wp-multilingual.com\/sv\/wordpress-oversattning-plugins\/#breadcrumb\",\"itemListElement\":[{\"@type\":\"ListItem\",\"position\":1,\"name\":\"Accueil\",\"item\":\"https:\/\/wp-multilingual.com\/\"},{\"@type\":\"ListItem\",\"position\":2,\"name\":\"WordPress \u00d6vers\u00e4ttningsplugin: Topp 5 f\u00f6r 2018\"}]},{\"@type\":\"WebSite\",\"@id\":\"https:\/\/wp-multilingual.com\/el\/#website\",\"url\":\"https:\/\/wp-multilingual.com\/el\/\",\"name\":\"wp-multlingual.com\",\"description\":\"Th\u00e8mes et Plugins Magento\",\"potentialAction\":[{\"@type\":\"SearchAction\",\"target\":{\"@type\":\"EntryPoint\",\"urlTemplate\":\"https:\/\/wp-multilingual.com\/el\/?s={search_term_string}\"},\"query-input\":\"required name=search_term_string\"}],\"inLanguage\":\"sv-SE\"}]}<\/script>\n<!-- \/ Yoast SEO plugin. -->","yoast_head_json":{"title":"WordPress \u00d6vers\u00e4ttning Plugins: TOP 5 av Flerspr\u00e5kig WordPress","description":"\u00d6vers\u00e4tt ditt WordPress-webbplats? Det h\u00e4r \u00e4r enkelt med r\u00e4tt \u00f6vers\u00e4ttningsplugin f\u00f6r WordPress. Kolla in urvalet av de b\u00e4sta \u00f6vers\u00e4ttningspluggarna f\u00f6r WordPress f\u00f6r 2018 direkt.","robots":{"index":"index","follow":"follow","max-snippet":"max-snippet:-1","max-image-preview":"max-image-preview:large","max-video-preview":"max-video-preview:-1"},"canonical":"https:\/\/wp-multilingual.com\/sv\/wordpress-oversattning-plugins\/","og_locale":"sv_SE","og_type":"article","og_title":"WordPress \u00d6vers\u00e4ttning Plugins: TOP 5 av Flerspr\u00e5kig WordPress","og_description":"\u00d6vers\u00e4tt ditt WordPress-webbplats? Det h\u00e4r \u00e4r enkelt med r\u00e4tt \u00f6vers\u00e4ttningsplugin f\u00f6r WordPress. Kolla in urvalet av de b\u00e4sta \u00f6vers\u00e4ttningspluggarna f\u00f6r WordPress f\u00f6r 2018 direkt.","og_url":"https:\/\/wp-multilingual.com\/sv\/wordpress-oversattning-plugins\/","og_site_name":"wp-multlingual.com","article_modified_time":"2018-04-06T09:09:48+00:00","og_image":[{"url":"https:\/\/wp-multilingual.com\/wp-content\/uploads\/sites\/18\/2017\/10\/wpml-wordpress-multilingue-traduction-square.jpg"}],"twitter_card":"summary_large_image","twitter_misc":{"Ber\u00e4knad l\u00e4stid":"4 minuter"},"schema":{"@context":"https:\/\/schema.org","@graph":[{"@type":"WebPage","@id":"https:\/\/wp-multilingual.com\/sv\/wordpress-oversattning-plugins\/","url":"https:\/\/wp-multilingual.com\/sv\/wordpress-oversattning-plugins\/","name":"WordPress \u00d6vers\u00e4ttning Plugins: TOP 5 av Flerspr\u00e5kig WordPress","isPartOf":{"@id":"https:\/\/wp-multilingual.com\/el\/#website"},"primaryImageOfPage":{"@id":"https:\/\/wp-multilingual.com\/sv\/wordpress-oversattning-plugins\/#primaryimage"},"image":{"@id":"https:\/\/wp-multilingual.com\/sv\/wordpress-oversattning-plugins\/#primaryimage"},"thumbnailUrl":"https:\/\/wp-multilingual.com\/wp-content\/uploads\/sites\/18\/2017\/10\/wpml-wordpress-multilingue-traduction-square.jpg","datePublished":"2018-04-06T09:08:59+00:00","dateModified":"2018-04-06T09:09:48+00:00","description":"\u00d6vers\u00e4tt ditt WordPress-webbplats? Det h\u00e4r \u00e4r enkelt med r\u00e4tt \u00f6vers\u00e4ttningsplugin f\u00f6r WordPress. Kolla in urvalet av de b\u00e4sta \u00f6vers\u00e4ttningspluggarna f\u00f6r WordPress f\u00f6r 2018 direkt.","breadcrumb":{"@id":"https:\/\/wp-multilingual.com\/sv\/wordpress-oversattning-plugins\/#breadcrumb"},"inLanguage":"sv-SE","potentialAction":[{"@type":"ReadAction","target":["https:\/\/wp-multilingual.com\/sv\/wordpress-oversattning-plugins\/"]}]},{"@type":"ImageObject","inLanguage":"sv-SE","@id":"https:\/\/wp-multilingual.com\/sv\/wordpress-oversattning-plugins\/#primaryimage","url":"https:\/\/wp-multilingual.com\/wp-content\/uploads\/sites\/18\/2017\/10\/wpml-wordpress-multilingue-traduction-square.jpg","contentUrl":"https:\/\/wp-multilingual.com\/wp-content\/uploads\/sites\/18\/2017\/10\/wpml-wordpress-multilingue-traduction-square.jpg"},{"@type":"BreadcrumbList","@id":"https:\/\/wp-multilingual.com\/sv\/wordpress-oversattning-plugins\/#breadcrumb","itemListElement":[{"@type":"ListItem","position":1,"name":"Accueil","item":"https:\/\/wp-multilingual.com\/"},{"@type":"ListItem","position":2,"name":"WordPress \u00d6vers\u00e4ttningsplugin: Topp 5 f\u00f6r 2018"}]},{"@type":"WebSite","@id":"https:\/\/wp-multilingual.com\/el\/#website","url":"https:\/\/wp-multilingual.com\/el\/","name":"wp-multlingual.com","description":"Th\u00e8mes et Plugins Magento","potentialAction":[{"@type":"SearchAction","target":{"@type":"EntryPoint","urlTemplate":"https:\/\/wp-multilingual.com\/el\/?s={search_term_string}"},"query-input":"required name=search_term_string"}],"inLanguage":"sv-SE"}]}},"_links":{"self":[{"href":"https:\/\/wp-multilingual.com\/sv\/wp-json\/wp\/v2\/pages\/872","targetHints":{"allow":["GET"]}}],"collection":[{"href":"https:\/\/wp-multilingual.com\/sv\/wp-json\/wp\/v2\/pages"}],"about":[{"href":"https:\/\/wp-multilingual.com\/sv\/wp-json\/wp\/v2\/types\/page"}],"author":[{"embeddable":true,"href":"https:\/\/wp-multilingual.com\/sv\/wp-json\/wp\/v2\/users\/2"}],"replies":[{"embeddable":true,"href":"https:\/\/wp-multilingual.com\/sv\/wp-json\/wp\/v2\/comments?post=872"}],"version-history":[{"count":2,"href":"https:\/\/wp-multilingual.com\/sv\/wp-json\/wp\/v2\/pages\/872\/revisions"}],"predecessor-version":[{"id":877,"href":"https:\/\/wp-multilingual.com\/sv\/wp-json\/wp\/v2\/pages\/872\/revisions\/877"}],"wp:attachment":[{"href":"https:\/\/wp-multilingual.com\/sv\/wp-json\/wp\/v2\/media?parent=872"}],"curies":[{"name":"wp","href":"https:\/\/api.w.org\/{rel}","templated":true}]}}