{"id":829,"date":"2018-04-05T18:49:31","date_gmt":"2018-04-05T16:49:31","guid":{"rendered":"https:\/\/wp-multilingual.com\/?page_id=829"},"modified":"2018-04-05T18:49:31","modified_gmt":"2018-04-05T16:49:31","slug":"flersprakig-woocommerce-plugin","status":"publish","type":"page","link":"https:\/\/wp-multilingual.com\/sv\/flersprakig-woocommerce-plugin\/","title":{"rendered":"Flerspr\u00e5kig WooCommerce Plugin"},"content":{"rendered":"<p>[su_quote cite=&#8221;Built With&#8221; url=&#8221;https:\/\/builtwith.com\/ecommerce\/&#8221; target=&#8221;blank&#8221;]P\u00e5 bara tre \u00e5r drivs WooCommerce redan 41% av e-handelswebbsidorna i v\u00e4rlden och kommer snart att \u00f6verstiga Magento p\u00e5 egen mark, som f\u00f6r eCommerce-webbplatser.[\/su_quote]<\/p>\n<p><img loading=\"lazy\" decoding=\"async\" src=\"https:\/\/wp-multilingual.com\/wp-content\/uploads\/sites\/18\/2017\/10\/woocommerce-multilingue-logo.jpg\" alt=\"\" width=\"150\" height=\"150\" class=\"alignleft size-full wp-image-137\" \/>Inte f\u00f6r fem \u00e5r sedan trodde att WordPress skulle kunna erbjuda alla funktioner som erbjuds av CMS som specialiserat sig p\u00e5 sektorn som Magento eller Prestashop var en mild galenskap.<br \/>\nInte ens 3 \u00e5r har WordPress framtr\u00e4tt som den v\u00e4sentliga l\u00f6sningen n\u00e4r det g\u00e4ller e-handel, och det h\u00e4r tack vare plug-in WooCommerce. Vem sj\u00e4lv inte skulle ha blivit f\u00f6dd utan projektet JigoShop som han \u00e4r en gaffel. Med tillkomsten av en WordPress version 3.9 som har extrem flexibilitet och en WooCommerce till det snygga administrationsgr\u00e4nssnittet, har planet eCommerce bokstavligen \u00e4ndrat sitt ansikte i \u00f6gonkastet. Vad som var osannolikt har blivit sant, eCommerce kan inte l\u00e4ngre g\u00f6ra utan WooCommerce. Ett helt\u00e4ckande ekosystem har dykt upp kring WooCommerce. Det finns allt som kan saknas vid WooCommerce. Inte att detta \u00e4r s\u00e4rskilt n\u00f6dv\u00e4ndigt s\u00e5 WooCommerce erbjuder en imponerande niv\u00e5 av funktionalitet f\u00f6r att skapa en e-handelsplats p\u00e5 nolltid.<br \/>\nBara nackdelen, den enda bristen som g\u00f6r WooCommerce forts\u00e4tter att k\u00e4mpa med stora konton: bristen p\u00e5 inhemskt st\u00f6d av flerspr\u00e5kiga. Det finns dock ett plugin som till\u00e5ter dig att:<\/p>\n<ul>\n<li> \u00d6vers\u00e4tt alla produkttyper (singel eller variabel) <\/li>\n<li> Tillg\u00e5ng till ett dedikerat produktgr\u00e4nssnittsgr\u00e4nssnitt <\/li>\n<li> \u00d6vers\u00e4tt alla produkttyper (singel eller variabel) <\/li>\n<li> \u00d6vers\u00e4tt hela best\u00e4llningsprocessen (kolla in) <\/li>\n<li> Skicka transaktionsmeddelanden p\u00e5 klientspr\u00e5k <\/li>\n<li> Ett enhetligt produktlager, inte uppdelat p\u00e5 spr\u00e5k <\/li>\n<li> Till\u00e5ter st\u00f6d f\u00f6r olika valutor p\u00e5 en WooCommerce-webbplats <\/li>\n<\/ul>\n<p>Att l\u00e4gga till flerspr\u00e5kiga funktioner p\u00e5 en WooCommerce-webbplats verkar viktigt f\u00f6r alla butiker, \u00e4ven de mest blygsamma. Internet kan du leverera \u00f6ver hela v\u00e4rlden. Visste du att n\u00e4stan varje andra europeisk k\u00f6pare aldrig k\u00f6pt p\u00e5 en e-handelsplats som inte talar sitt spr\u00e5k? Den tid som kr\u00e4vs f\u00f6r att implementera en flerspr\u00e5kig e-handelsplats b\u00f6r inte underskattas. Att v\u00e4lja r\u00e4tt flerspr\u00e5kigt WooCommerce-plugin v\u00e4ljer att optimera din arbetstid.<\/p>\n<p>[su_row]<br \/>\n[su_column size=&#8221;1\/6&#8243;]<img loading=\"lazy\" decoding=\"async\" src=\"https:\/\/wp-multilingual.com\/wp-content\/uploads\/sites\/18\/2017\/10\/wpml-wordpress-multilingue-traduction-square.jpg\" alt=\"\" width=\"220\" height=\"190\" class=\"aligncenter size-full wp-image-128\" \/>[\/su_column]<br \/>\n[su_column size=&#8221;2\/3&#8243;]<\/p>\n<h3>WPML: 100% Flerspr\u00e5kig WooCommerce<\/h3>\n<p><strong>I korthet<\/strong>: WPML erbjuder oss en modul till sin mycket k\u00e4nda WPML CMS plugin f\u00f6r att st\u00f6dja 100% WooCommerce. Detta plugin heter WooCommerce Multilingual. Med ett namn s\u00e5 mumlar vi b\u00e5de vad han ska g\u00f6ra och vi hanterar det allra f\u00f6rsta flerspr\u00e5kiga WooCommerce-pluginet p\u00e5 marknaden, och fortfarande \u00e4r verksamt. WPML har specialiserat sig p\u00e5 flerspr\u00e5kiga WordPress-webbplatser under m\u00e5nga \u00e5r.<\/p>\n<p><strong>En flerspr\u00e5kig WooCommerce-webbplats? Det h\u00e4r \u00e4r hans specialitet, ingen anledning att s\u00f6ka.<\/strong><\/p>\n<p>[\/su_column]<br \/>\n[su_column size=&#8221;1\/6&#8243;]<i>[su_spacer size=&#8221;20&#8243;]<\/i><\/p>\n<p style=\"text-align: center\"><i class=\"fa fa-star\"><\/i><i class=\"fa fa-star\"><\/i><i class=\"fa fa-star\"><\/i><i class=\"fa fa-star\"><\/i><i class=\"fa fa-star-half-o\"><\/i><br \/>\n<i>Fr\u00e5n $ 29<\/i><\/p>\n<p>[su_button background=&#8221;#FF2F3B&#8221; size=&#8221;6&#8243; url=&#8221;https:\/\/wp-theme-plugin.com\/out-wpml&#8221; target=&#8221;blank&#8221;]<strong>Uppt\u00e4ck<\/strong> [\/su_button] [\/su_column]<br \/>\n[\/su_row]<\/p>\n<p>Men f\u00f6rresten &#8230; Vad \u00e4r en flerspr\u00e5kig WooCommerce-webbplats?<\/p>\n<h1>Flerspr\u00e5kig WooCommerce? Varf\u00f6r ? Hur?<\/h1>\n<p>I grund och botten pratar vi om att till\u00e5ta WooCommerce att vara flerspr\u00e5kig. Men vad pratar vi om exakt? L\u00e5t oss ta reda p\u00e5 vad vi kan f\u00f6rv\u00e4nta oss av en mycket bra \u00f6vers\u00e4ttning och flerspr\u00e5kig hanterings plugin f\u00f6r WooCommerce.<\/p>\n<h2>WordPress integration<\/h2>\n<p>Jag gillar att trycka p\u00e5 \u00f6ppna d\u00f6rrar:) Men innan du \u00e4r ett plugin f\u00f6r WooCommerce, m\u00e5ste plugin som du kommer ih\u00e5g att skapa ditt flerspr\u00e5kiga sajt f\u00f6rst och fr\u00e4mst vara kompatibelt med WordPress. Jag hade varnat &#8230; \u00f6ppen d\u00f6rr &#8230; Hosta &#8230; S\u00e5g s\u00e5 kan det l\u00e5ta lite dumt. Men t\u00e4nk p\u00e5 det f\u00f6r en sekund. N\u00e4r allt kommer omkring kan din WordPress-installation inte vara s\u00e5 klassisk som det kan tyckas vid f\u00f6rsta anblicken. Ett exempel som vi m\u00f6ter mycket ofta: st\u00f6d f\u00f6r WordPress multisite-version. Okej, det h\u00e4r g\u00e4ller inte alla, men det visar att vi m\u00e5ste fr\u00e5ga om st\u00f6d f\u00f6r WordPress sj\u00e4lv innan vi t\u00e4nker p\u00e5 WooCommerce. Jag skulle till och med s\u00e4ga st\u00f6d f\u00f6r din WordPress. Ett annat insticksprogram kan komma att ta upp problem som s\u00e4kerhets plugins till exempel.<br \/>\nEndera s\u00e4ger f\u00f6rresten: alla plugins som till\u00e5ter WooCommerce att ha flerspr\u00e5kiga funktioner \u00e4r mycket l\u00e5ngt ifr\u00e5n st\u00f6dja WordPress i multisite-version. Var f\u00f6rsiktig om du gillar att du \u00e4r f\u00f6rtjust i denna konfiguration av WordPress.<\/p>\n<h2>WooCommerce integration<\/h2>\n<p>Okej, vid denna tidpunkt \u00e4r vi s\u00e4kra p\u00e5 v\u00e5r WordPress-konfiguration och dess st\u00f6d genom pluginet som vi kastade v\u00e5r devolute p\u00e5. L\u00e5t oss nu titta p\u00e5 hur den beter sig med WooCommerce. F\u00f6r detta, flera punkter av vaksamhet:<\/p>\n<ul>\n<li> Hur m\u00e5nga spr\u00e5k kan vi ha? <\/li>\n<li> Hur visas \u00f6vers\u00e4ttningen p\u00e5 bakkontoret? <\/li>\n<li> Hanterar plugin olika valutor enligt spr\u00e5k? <\/li>\n<li> Inneh\u00e5ller pluginet korrekt sp\u00e5rning av vad som \u00f6vers\u00e4tts, \u00f6vers\u00e4tts och \u00f6vers\u00e4tts inte? <\/li>\n<li> Kommer k\u00f6ptunneln att vara lokaliserad p\u00e5 anv\u00e4ndarens spr\u00e5k? <\/li>\n<li> Kommer transaktionsmeddelanden att komma fram p\u00e5 anv\u00e4ndarens spr\u00e5k? <\/li>\n<\/ul>\n<p>Att erbjuda ett flerspr\u00e5kigt plugin \u00e4r mycket mer \u00e4n att erbjuda att \u00f6vers\u00e4tta produktf\u00f6rteckningar n\u00e4r det g\u00e4ller WooCommerce. St\u00f6d f\u00f6r flerspr\u00e5kig WooCommerce kr\u00e4ver en riktig integration som drivs med att mycket f\u00e5 plugins kan h\u00e4vda att det g\u00e5r bra och 100%.<\/p>\n<h2>Media Management<\/h2>\n<p>Det kan tyckas som ingenting. Men har du n\u00e5gonsin trott att det \u00e4r m\u00f6jligt att vara tvungen att ladda ner f\u00f6r varje version av spr\u00e5ket f\u00f6r en produkt, upps\u00e4ttningen associerade bilder? Om vi har tio produkter p\u00e5 v\u00e5r webbplats \u00e4r det inte s\u00e5 mycket. Men om vi har 200 produkter och varje produkt har mellan tre och fem bilder, s\u00e5 l\u00e4t jag f\u00f6rest\u00e4lla er de organisatoriska mardr\u00f6mmarna att detta \u00e4r. Det b\u00e4sta ? V\u00e4lj ett flerspr\u00e5kigt WooCommerce-plugin som hanterar intelligent media som \u00e4r associerade med dina WooCommerce-produkter.<\/p>\n<h2>SEO och flerspr\u00e5kig<\/h2>\n<p>L\u00e5t oss g\u00f6ra en po\u00e4ng. F\u00f6r att en flerspr\u00e5kig WooCommerce-plugin ska vara intressant m\u00e5ste den redan fylla en helig lista \u00f6ver f\u00f6rh\u00e5llanden utan vilka det \u00e4r b\u00e4ttre att g\u00e5 sin v\u00e4g:<\/p>\n<ul>\n<li> Var WordPress-kompatibel <\/li>\n<li> Allvarlig f\u00f6rs\u00e4krad fr\u00e5n sidan WooCommerce (produkt, kassa, transaktionsmeddelanden &#8230;) <\/li>\n<li> Hantera media v\u00e4l <\/li>\n<\/ul>\n<p>L\u00e5t oss nu prata om den naturliga SEO p\u00e5 din WooCommerce e-handelsbutik. Det \u00e4r en s\u00e4ker satsning att \u00e4ven om detta inte \u00e4r ditt huvudm\u00e5l, kommer \u00f6vers\u00e4ttningen av din WooComerce-webbplats att g\u00f6ras med tanken p\u00e5 att \u00f6ka din SEO. \u00e5tminstone en liten bit. Vad h\u00e4nder om du anv\u00e4nder ett flerspr\u00e5kigt WooCommerce-plugin inte skulle hj\u00e4lpa dig, men f\u00f6rd\u00e4rva ditt SEO-arbete?<br \/>\nAtt se till att SEO \u00e4r ett viktigt fokus f\u00f6r lag bakom det flerspr\u00e5kiga WooCommerce-plugin som du v\u00e4ljer \u00e4r definitivt viktigt.<br \/>\nVilket leder oss till n\u00e4sta \u00e4mne &#8230;<\/p>\n<h2>St\u00f6d tredjeparts plugins<\/h2>\n<p>Innan du \u00e4r ett WooCommerce-plugin, \u00e4r varje plugin ett WordPress-plugin. Jag sa det redan. Men det g\u00e5r ut\u00f6ver vad du kanske har t\u00e4nkt. Det kommer att vara n\u00f6dv\u00e4ndigt att det h\u00e4r pluginet kan interagera med alla plugins som sj\u00e4lva kommer att interagera p\u00e5 din WooCommerce och WordPress i st\u00f6rre utstr\u00e4ckning. F\u00f6r att \u00e5terv\u00e4nda till SEO, b\u00f6r ett bra flerspr\u00e5kigt WooCommerce-plugin till\u00e5ta oss att forts\u00e4tta att anv\u00e4nda n\u00e5gra SEO-plugins f\u00f6r WordPress, och detta per spr\u00e5k. Det h\u00e4r arbetet kan inte utf\u00f6ras av de lag som ansvarar f\u00f6r det aktuella plugin. Det \u00e4r upp till samh\u00e4llet att v\u00e4lja vem de ska st\u00f6dja. I det h\u00e4r lilla spelet kommer bara WPML bort med juryens gratulationer.<br \/>\nOm vi m\u00e5ste r\u00e4kna alla plugins som utg\u00f6r WooCommerce universum n\u00e4r det g\u00e4ller driftskompatibilitet, m\u00e5ste vi ocks\u00e5 \u00f6verv\u00e4ga textutmatningen som skapats av pluginerna sj\u00e4lva. Det \u00e4r viktigt att din WooCommerce-plugin till\u00e5ter dig att komma och \u00f6vers\u00e4tta dessa str\u00e4ngar utan att \u00f6ppna k\u00e4llkoden f\u00f6r det aktuella pluginprogrammet.<\/p>\n<h2>Tredjeparts teman st\u00f6djer<\/h2>\n<p>Du tror att du \u00e4ntligen har hittat WordPress-temat som matchade vad du letat efter s\u00e5 l\u00e4nge. Du installerar det. Du best\u00e4mmer dig ocks\u00e5 f\u00f6r att g\u00f6ra din butik till en flerspr\u00e5kig WooCommerce-butik. Och d\u00e4r, katastrof, din plugin och ditt tema \u00e4r inte kompatibla. Varf\u00f6r ? Eftersom det g\u00e4ller plugins \u00e4r det utvecklaren av temat f\u00f6r att s\u00e4kerst\u00e4lla att pluginet st\u00f6ds 100%. Avancerat st\u00f6d f\u00f6r en viss plugin har garanterat en plug&#8217;n play-funktion. Titta noga, du kommer att uppt\u00e4cka att n\u00e4stan alla marknadsomr\u00e5den \u00e4r officiellt kompatibla med WPML. Det \u00e4r det f\u00f6r att s\u00e4kerst\u00e4lla det b\u00e4sta flerspr\u00e5kiga plugin-programmet f\u00f6r WordPress i flera \u00e5r.<\/p>\n<h2>Avancerade funktioner ++<\/h2>\n<p>Vad h\u00e4nder om din plugin gjorde mer \u00e4n &#8221;bara&#8221; f\u00f6r att g\u00f6ra din webbplats WooCommerce flerspr\u00e5kig? Och om han kunde erbjuda dig mer.<br \/>\nOm alla f\u00f6ruts\u00e4ttningar \u00e4r uppfyllda, ha alltid roligt. Som s\u00e5dan kan vi till exempel ha:<\/p>\n<ul>\n<li> En automatisk omdirigering enligt anv\u00e4ndarens spr\u00e5k <\/li>\n<li> Spr\u00e5khantering i underdom\u00e4ner <\/li>\n<li> F\u00f6rvaltningen av spr\u00e5k p\u00e5 separata toppdom\u00e4ner (monsite.fr, mywebsite.com, meinewebsite.de &#8230;) <\/li>\n<li> Skapandet av produkter som \u00e4r l\u00e4nkade eller inte per spr\u00e5k <\/li>\n<li> Tillg\u00e5ng till ett gr\u00e4nssnitt dedikerat till \u00f6vers\u00e4ttning <\/li>\n<li> Skapa en ny typ av anv\u00e4ndare f\u00f6r mer s\u00e4kerhet och enkelhet: \u00f6vers\u00e4ttare. <\/li>\n<\/ul>\n<p>[su_row]<br \/>\n[su_column size=&#8221;1\/3&#8243;]<img loading=\"lazy\" decoding=\"async\" src=\"https:\/\/wp-multilingual.com\/wp-content\/uploads\/sites\/18\/2017\/10\/wpml-wordpress-multilingue-traduction-square.jpg\" alt=\"\" width=\"220\" height=\"190\" class=\"aligncenter size-full wp-image-128\" \/><\/p>\n<p style=\"text-align: center\">\n[su_button background=&#8221;#FF2F3B&#8221; size=&#8221;6&#8243; url=&#8221;https:\/\/wp-theme-plugin.com\/out-wpml&#8221; target=&#8221;blank&#8221;]<strong>Uppt\u00e4ck<\/strong> [\/su_button]<\/p>\n<p>[\/su_column]<br \/>\n[su_column size=&#8221;2\/3&#8243;]<\/p>\n<h3>WPML: Det b\u00e4sta av flerspr\u00e5kig WooCommerce<\/h3>\n<p><strong>I korthet<\/strong>: WPML tog \u00e5r av framsteg i flerspr\u00e5kig hantering under WooCommerce och \u00e4nnu starkare p\u00e5 WordPress i allm\u00e4nhet. Med detta i \u00e5tanke erbjuder WPML oss WooCommerce Flerspr\u00e5kigt ett plugin som garanterar allt som ett bra flerspr\u00e5kigt plugin borde veta hur man g\u00f6r det bra. Ut\u00f6ver detta erbjuder vi tillg\u00e5ng till avancerade funktioner som \u00e4r s\u00e4rskilt v\u00e4rdefulla.<\/p>\n<p><strong>WooCommerce Flerspr\u00e5kig erbjuder ett verkligt flerspr\u00e5kigt administrationsgr\u00e4nssnitt till WooCommerce.<\/strong><\/p>\n<p>[\/su_column]<br \/>\n[\/su_row]<\/p>\n<p>[su_divider top=&#8221;no&#8221; style=&#8221;dotted&#8221; size=&#8221;2&#8243;]<\/p>\n<h1>Fler resurser p\u00e5 WooCommerce<\/h1>\n<p>WooCommerce \u00e4r ett stort \u00e4mne. Med tanke p\u00e5 WooCommerce flerspr\u00e5kig version, kommer vi bara till WooCommerce under en av dess m\u00e5nga aspekter. Vi f\u00f6resl\u00e5r att du forts\u00e4tter l\u00e4sa om WooCommerce om f\u00f6ljande \u00e4mnen:<\/p>\n<h3>Var kan du vara v\u00e4rd f\u00f6r din WooCommerce-webbplats?<\/h3>\n<p><strong>WooCommerce Hosting<\/strong> : En WooCommerce-webbplats m\u00e5ste alltid vara h\u00f6gst upp i sin prestanda och tillg\u00e4nglighet. Din webbhotell \u00e4r k\u00e4rnan i dessa tv\u00e5 viktiga fr\u00e5gor. Att v\u00e4lja r\u00e4tt v\u00e4rd \u00e4r viktigt. Visste du att det finns helt genomt\u00e4nkta och s\u00e4kra v\u00e4rdar f\u00f6r WooCommerce?<br \/>\n[su_row]<br \/>\n[su_column size=&#8221;2\/3&#8243;]<strong>Hj\u00e4lper dig att v\u00e4lja valet av hosting WooCommerce som tillhandah\u00e5ller.<\/strong>[\/su_column]<br \/>\n[su_column size=&#8221;1\/3&#8243;][su_button background=&#8221;#FF2F3B&#8221; size=&#8221;6&#8243; url=&#8221;https:\/\/woo-hosting.com&#8221; target=&#8221;blank&#8221;]<strong>WooCommerce Hosting<\/strong> [\/su_button] [\/su_column]<br \/>\n[\/su_row]<\/p>\n<h3>Vilka plugins och teman f\u00f6r WooCommerce?<\/h3>\n<p><strong>WooCommerce-teman och plugins<\/strong>: En WooCommerce-webbplats m\u00e5ste alltid vara h\u00f6gst upp i sin prestanda och tillg\u00e4nglighet. Din webbhotell \u00e4r k\u00e4rnan i dessa tv\u00e5 viktiga fr\u00e5gor. Att v\u00e4lja r\u00e4tt v\u00e4rd \u00e4r viktigt. Visste du att det finns helt genomt\u00e4nkta och s\u00e4kra v\u00e4rdar f\u00f6r WooCommerce?<br \/>\n[su_row]<br \/>\n[su_column size=&#8221;2\/3&#8243;]<strong>Hj\u00e4lper dig att v\u00e4lja valet av hosting WooCommerce som tillhandah\u00e5ller.<\/strong>[\/su_column]<br \/>\n[su_column size=&#8221;1\/3&#8243;][su_button background=&#8221;#FF2F3B&#8221; size=&#8221;6&#8243; url=&#8221;https:\/\/woo-themes-plugins.com\/en&#8221; target=&#8221;blank&#8221;]<strong>WooCommerce-teman och plugins<\/strong> [\/su_button] [\/su_column]<br \/>\n[\/su_row]<br \/>\n[su_divider top=&#8221;no&#8221; style=&#8221;dotted&#8221; size=&#8221;2&#8243;]<\/p>\n","protected":false},"excerpt":{"rendered":"<p>[su_quote cite=&#8221;Built With&#8221; url=&#8221;https:\/\/builtwith.com\/ecommerce\/&#8221; target=&#8221;blank&#8221;]P\u00e5 bara tre \u00e5r drivs WooCommerce redan 41% av e-handelswebbsidorna i v\u00e4rlden och kommer snart att \u00f6verstiga Magento p\u00e5 egen mark, som f\u00f6r eCommerce-webbplatser.[\/su_quote] Inte f\u00f6r fem \u00e5r sedan trodde&#46;&#46;&#46;<\/p>\n","protected":false},"author":2,"featured_media":0,"parent":0,"menu_order":0,"comment_status":"closed","ping_status":"closed","template":"","meta":{"_monsterinsights_skip_tracking":false,"_monsterinsights_sitenote_active":false,"_monsterinsights_sitenote_note":"","_monsterinsights_sitenote_category":0,"footnotes":""},"class_list":["post-829","page","type-page","status-publish","hentry"],"yoast_head":"<!-- This site is optimized with the Yoast SEO plugin v23.1 - https:\/\/yoast.com\/wordpress\/plugins\/seo\/ -->\n<title>Flerspr\u00e5kig Plugin WooCommerce \/ \u00d6vers\u00e4tt din WP eCommerce Site<\/title>\n<meta name=\"description\" content=\"Beh\u00f6ver du \u00f6vers\u00e4tta en WooCommerce-webbplats eller beh\u00f6ver skapa verkliga flerspr\u00e5kiga och internationaliserade aff\u00e4rer tack vare WooCommerce? Kolla in WooCommerce Flerspr\u00e5kig Plugin just nu.\" \/>\n<meta name=\"robots\" content=\"index, follow, max-snippet:-1, max-image-preview:large, max-video-preview:-1\" \/>\n<link rel=\"canonical\" href=\"https:\/\/wp-multilingual.com\/sv\/flersprakig-woocommerce-plugin\/\" \/>\n<meta property=\"og:locale\" content=\"sv_SE\" \/>\n<meta property=\"og:type\" content=\"article\" \/>\n<meta property=\"og:title\" content=\"Flerspr\u00e5kig Plugin WooCommerce \/ \u00d6vers\u00e4tt din WP eCommerce Site\" \/>\n<meta property=\"og:description\" content=\"Beh\u00f6ver du \u00f6vers\u00e4tta en WooCommerce-webbplats eller beh\u00f6ver skapa verkliga flerspr\u00e5kiga och internationaliserade aff\u00e4rer tack vare WooCommerce? Kolla in WooCommerce Flerspr\u00e5kig Plugin just nu.\" \/>\n<meta property=\"og:url\" content=\"https:\/\/wp-multilingual.com\/sv\/flersprakig-woocommerce-plugin\/\" \/>\n<meta property=\"og:site_name\" content=\"wp-multlingual.com\" \/>\n<meta property=\"og:image\" content=\"https:\/\/wp-multilingual.com\/wp-content\/uploads\/sites\/18\/2017\/10\/woocommerce-multilingue-logo.jpg\" \/>\n<meta name=\"twitter:card\" content=\"summary_large_image\" \/>\n<meta name=\"twitter:label1\" content=\"Ber\u00e4knad l\u00e4stid\" \/>\n\t<meta name=\"twitter:data1\" content=\"10 minuter\" \/>\n<script type=\"application\/ld+json\" class=\"yoast-schema-graph\">{\"@context\":\"https:\/\/schema.org\",\"@graph\":[{\"@type\":\"WebPage\",\"@id\":\"https:\/\/wp-multilingual.com\/sv\/flersprakig-woocommerce-plugin\/\",\"url\":\"https:\/\/wp-multilingual.com\/sv\/flersprakig-woocommerce-plugin\/\",\"name\":\"Flerspr\u00e5kig Plugin WooCommerce \/ \u00d6vers\u00e4tt din WP eCommerce Site\",\"isPartOf\":{\"@id\":\"https:\/\/wp-multilingual.com\/el\/#website\"},\"primaryImageOfPage\":{\"@id\":\"https:\/\/wp-multilingual.com\/sv\/flersprakig-woocommerce-plugin\/#primaryimage\"},\"image\":{\"@id\":\"https:\/\/wp-multilingual.com\/sv\/flersprakig-woocommerce-plugin\/#primaryimage\"},\"thumbnailUrl\":\"https:\/\/wp-multilingual.com\/wp-content\/uploads\/sites\/18\/2017\/10\/woocommerce-multilingue-logo.jpg\",\"datePublished\":\"2018-04-05T16:49:31+00:00\",\"dateModified\":\"2018-04-05T16:49:31+00:00\",\"description\":\"Beh\u00f6ver du \u00f6vers\u00e4tta en WooCommerce-webbplats eller beh\u00f6ver skapa verkliga flerspr\u00e5kiga och internationaliserade aff\u00e4rer tack vare WooCommerce? Kolla in WooCommerce Flerspr\u00e5kig Plugin just nu.\",\"breadcrumb\":{\"@id\":\"https:\/\/wp-multilingual.com\/sv\/flersprakig-woocommerce-plugin\/#breadcrumb\"},\"inLanguage\":\"sv-SE\",\"potentialAction\":[{\"@type\":\"ReadAction\",\"target\":[\"https:\/\/wp-multilingual.com\/sv\/flersprakig-woocommerce-plugin\/\"]}]},{\"@type\":\"ImageObject\",\"inLanguage\":\"sv-SE\",\"@id\":\"https:\/\/wp-multilingual.com\/sv\/flersprakig-woocommerce-plugin\/#primaryimage\",\"url\":\"https:\/\/wp-multilingual.com\/wp-content\/uploads\/sites\/18\/2017\/10\/woocommerce-multilingue-logo.jpg\",\"contentUrl\":\"https:\/\/wp-multilingual.com\/wp-content\/uploads\/sites\/18\/2017\/10\/woocommerce-multilingue-logo.jpg\"},{\"@type\":\"BreadcrumbList\",\"@id\":\"https:\/\/wp-multilingual.com\/sv\/flersprakig-woocommerce-plugin\/#breadcrumb\",\"itemListElement\":[{\"@type\":\"ListItem\",\"position\":1,\"name\":\"Accueil\",\"item\":\"https:\/\/wp-multilingual.com\/\"},{\"@type\":\"ListItem\",\"position\":2,\"name\":\"Flerspr\u00e5kig WooCommerce Plugin\"}]},{\"@type\":\"WebSite\",\"@id\":\"https:\/\/wp-multilingual.com\/el\/#website\",\"url\":\"https:\/\/wp-multilingual.com\/el\/\",\"name\":\"wp-multlingual.com\",\"description\":\"Th\u00e8mes et Plugins Magento\",\"potentialAction\":[{\"@type\":\"SearchAction\",\"target\":{\"@type\":\"EntryPoint\",\"urlTemplate\":\"https:\/\/wp-multilingual.com\/el\/?s={search_term_string}\"},\"query-input\":\"required name=search_term_string\"}],\"inLanguage\":\"sv-SE\"}]}<\/script>\n<!-- \/ Yoast SEO plugin. -->","yoast_head_json":{"title":"Flerspr\u00e5kig Plugin WooCommerce \/ \u00d6vers\u00e4tt din WP eCommerce Site","description":"Beh\u00f6ver du \u00f6vers\u00e4tta en WooCommerce-webbplats eller beh\u00f6ver skapa verkliga flerspr\u00e5kiga och internationaliserade aff\u00e4rer tack vare WooCommerce? Kolla in WooCommerce Flerspr\u00e5kig Plugin just nu.","robots":{"index":"index","follow":"follow","max-snippet":"max-snippet:-1","max-image-preview":"max-image-preview:large","max-video-preview":"max-video-preview:-1"},"canonical":"https:\/\/wp-multilingual.com\/sv\/flersprakig-woocommerce-plugin\/","og_locale":"sv_SE","og_type":"article","og_title":"Flerspr\u00e5kig Plugin WooCommerce \/ \u00d6vers\u00e4tt din WP eCommerce Site","og_description":"Beh\u00f6ver du \u00f6vers\u00e4tta en WooCommerce-webbplats eller beh\u00f6ver skapa verkliga flerspr\u00e5kiga och internationaliserade aff\u00e4rer tack vare WooCommerce? Kolla in WooCommerce Flerspr\u00e5kig Plugin just nu.","og_url":"https:\/\/wp-multilingual.com\/sv\/flersprakig-woocommerce-plugin\/","og_site_name":"wp-multlingual.com","og_image":[{"url":"https:\/\/wp-multilingual.com\/wp-content\/uploads\/sites\/18\/2017\/10\/woocommerce-multilingue-logo.jpg"}],"twitter_card":"summary_large_image","twitter_misc":{"Ber\u00e4knad l\u00e4stid":"10 minuter"},"schema":{"@context":"https:\/\/schema.org","@graph":[{"@type":"WebPage","@id":"https:\/\/wp-multilingual.com\/sv\/flersprakig-woocommerce-plugin\/","url":"https:\/\/wp-multilingual.com\/sv\/flersprakig-woocommerce-plugin\/","name":"Flerspr\u00e5kig Plugin WooCommerce \/ \u00d6vers\u00e4tt din WP eCommerce Site","isPartOf":{"@id":"https:\/\/wp-multilingual.com\/el\/#website"},"primaryImageOfPage":{"@id":"https:\/\/wp-multilingual.com\/sv\/flersprakig-woocommerce-plugin\/#primaryimage"},"image":{"@id":"https:\/\/wp-multilingual.com\/sv\/flersprakig-woocommerce-plugin\/#primaryimage"},"thumbnailUrl":"https:\/\/wp-multilingual.com\/wp-content\/uploads\/sites\/18\/2017\/10\/woocommerce-multilingue-logo.jpg","datePublished":"2018-04-05T16:49:31+00:00","dateModified":"2018-04-05T16:49:31+00:00","description":"Beh\u00f6ver du \u00f6vers\u00e4tta en WooCommerce-webbplats eller beh\u00f6ver skapa verkliga flerspr\u00e5kiga och internationaliserade aff\u00e4rer tack vare WooCommerce? Kolla in WooCommerce Flerspr\u00e5kig Plugin just nu.","breadcrumb":{"@id":"https:\/\/wp-multilingual.com\/sv\/flersprakig-woocommerce-plugin\/#breadcrumb"},"inLanguage":"sv-SE","potentialAction":[{"@type":"ReadAction","target":["https:\/\/wp-multilingual.com\/sv\/flersprakig-woocommerce-plugin\/"]}]},{"@type":"ImageObject","inLanguage":"sv-SE","@id":"https:\/\/wp-multilingual.com\/sv\/flersprakig-woocommerce-plugin\/#primaryimage","url":"https:\/\/wp-multilingual.com\/wp-content\/uploads\/sites\/18\/2017\/10\/woocommerce-multilingue-logo.jpg","contentUrl":"https:\/\/wp-multilingual.com\/wp-content\/uploads\/sites\/18\/2017\/10\/woocommerce-multilingue-logo.jpg"},{"@type":"BreadcrumbList","@id":"https:\/\/wp-multilingual.com\/sv\/flersprakig-woocommerce-plugin\/#breadcrumb","itemListElement":[{"@type":"ListItem","position":1,"name":"Accueil","item":"https:\/\/wp-multilingual.com\/"},{"@type":"ListItem","position":2,"name":"Flerspr\u00e5kig WooCommerce Plugin"}]},{"@type":"WebSite","@id":"https:\/\/wp-multilingual.com\/el\/#website","url":"https:\/\/wp-multilingual.com\/el\/","name":"wp-multlingual.com","description":"Th\u00e8mes et Plugins Magento","potentialAction":[{"@type":"SearchAction","target":{"@type":"EntryPoint","urlTemplate":"https:\/\/wp-multilingual.com\/el\/?s={search_term_string}"},"query-input":"required name=search_term_string"}],"inLanguage":"sv-SE"}]}},"_links":{"self":[{"href":"https:\/\/wp-multilingual.com\/sv\/wp-json\/wp\/v2\/pages\/829","targetHints":{"allow":["GET"]}}],"collection":[{"href":"https:\/\/wp-multilingual.com\/sv\/wp-json\/wp\/v2\/pages"}],"about":[{"href":"https:\/\/wp-multilingual.com\/sv\/wp-json\/wp\/v2\/types\/page"}],"author":[{"embeddable":true,"href":"https:\/\/wp-multilingual.com\/sv\/wp-json\/wp\/v2\/users\/2"}],"replies":[{"embeddable":true,"href":"https:\/\/wp-multilingual.com\/sv\/wp-json\/wp\/v2\/comments?post=829"}],"version-history":[{"count":1,"href":"https:\/\/wp-multilingual.com\/sv\/wp-json\/wp\/v2\/pages\/829\/revisions"}],"predecessor-version":[{"id":835,"href":"https:\/\/wp-multilingual.com\/sv\/wp-json\/wp\/v2\/pages\/829\/revisions\/835"}],"wp:attachment":[{"href":"https:\/\/wp-multilingual.com\/sv\/wp-json\/wp\/v2\/media?parent=829"}],"curies":[{"name":"wp","href":"https:\/\/api.w.org\/{rel}","templated":true}]}}