{"id":870,"date":"2018-04-06T10:55:24","date_gmt":"2018-04-06T08:55:24","guid":{"rendered":"https:\/\/wp-multilingual.com\/?page_id=870"},"modified":"2018-04-06T10:55:24","modified_gmt":"2018-04-06T08:55:24","slug":"wordpress-prevajalski-vticniki","status":"publish","type":"page","link":"https:\/\/wp-multilingual.com\/sl\/wordpress-prevajalski-vticniki\/","title":{"rendered":"WordPress Prevajalniki: Top 5 za 2018"},"content":{"rendered":"<h1>Seznam prevajalskih orodij WordPress<\/h1>\n<p>\u010ce i\u0161\u010dete vti\u010dnik WordPress, ki vam bo omogo\u010dil, da prevedete vse va\u0161e spletno mesto WordPress, je treba zdru\u017eiti lokalizirane razli\u010dice va\u0161e spletne strani? Dejansko WordPress ne omogo\u010da baze, da bi ustvarila ve\u010djezi\u010dno spletno mesto, kar je resni\u010dno pomanjkanje, ki ga je mogo\u010de hitro ob\u010dutiti. Toda kot vedno, je skupnost za WordPressom hitro zagotovila napredne re\u0161itve in preprosto upravljanje. Nekateri vti\u010dniki za prevajanje v WordPress, ki jih bomo predstavili, so bili \u017ee vrsto let, ki so zagotavljali vrhunsko storitev, vendar prihajajo novi \u010dlani, ki si \u017eelijo obnoviti kartice za na\u0161e u\u017eitek.<\/p>\n<p>Zahvaljujo\u010d tej zdravi konkurenci so se ve\u010djezi\u010dni vti\u010dniki za WordPress razvili, postajajo vedno enostavnej\u0161i in integrirani z WordPressom, pa tudi hitreje in varnej\u0161e. Na\u0161 seznam prevajalskih vti\u010dnikov za WordPress vam bo omogo\u010dil odkrivanje najbolj\u0161ih ve\u010djezi\u010dnih vti\u010dnikov.<\/p>\n<h1>Na vrh Plugins za prevajanje WordPress<\/h1>\n<p>\u017delite, da je ve\u010djezi\u010dno spletno mesto WordPress usmerjeno na vse vrste spletnih mest, ki jih je mogo\u010de narediti z WordPressom, ampak tudi na vseh velikostnih mestih. Ni potrebe, da bi bila velika stran, da izkoristite ve\u010djezi\u010dno z WordPressom.<\/p>\n<p>[su_row]<br \/>\n[su_column size=&#8221;1\/6&#8243;]<img loading=\"lazy\" decoding=\"async\" class=\"aligncenter size-full wp-image-128\" src=\"https:\/\/wp-multilingual.com\/wp-content\/uploads\/sites\/18\/2017\/10\/wpml-wordpress-multilingue-traduction-square.jpg\" alt=\"\" width=\"220\" height=\"190\" \/>[\/su_column]<br \/>\n[su_column size=&#8221;2\/3&#8243;]<\/p>\n<h3>WPML CMS: Najbolj\u0161i WordPress prevodni vti\u010dnik<\/h3>\n<p><strong>Na kratko<\/strong>: Po letih uporabe WPML je vsekakor plugin, ki ga priporo\u010damo vsem uporabnikom in ki jih uporabljamo pri vseh na\u0161ih ve\u010djezi\u010dnih projektih. Kaj po va\u0161em mnenju ta stran uporablja za svoj ve\u010djezi\u010dni del? WPML seveda! Funkcije prevajanja za WordPress, ki so sorazmerne z vsem, kar je narejeno na trgu za prevajanje v WordPressu.<\/p>\n<p><strong>Najbolj\u0161e od vsega, podporo WPML CMS brezpla\u010dno <a href=\"https:\/\/wp-multilingue.fr\/plugins-wordpress-compatible-multilingual\/woocommerce-multilingue\/\"> WooCommerce ve\u010djezi\u010dno <\/a>.<\/strong><br \/>\n<a href=\"\/?page_id=766\">&gt; WPML CMS WordPress prevodni vti\u010dnik : celoten pregled<\/a><br \/>\n[\/su_column]<br \/>\n[su_column size=&#8221;1\/6&#8243;]<br \/>\n[su_spacer size=&#8221;10&#8243;]<br \/>\n<i class=\"fa fa-star\" style=\"font-size: 25px;color: #1f88a3\"><\/i><i class=\"fa fa-star\" style=\"font-size: 25px;color: #1f88a3\"><\/i><i class=\"fa fa-star\" style=\"font-size: 25px;color: #1f88a3\"><\/i><i class=\"fa fa-star\" style=\"font-size: 25px;color: #1f88a3\"><\/i><i class=\"fa fa-star-half-o\" style=\"font-size: 25px;color: #1f88a3\"><\/i><br \/>\n[su_spacer size=&#8221;40&#8243;]<\/p>\n<p style=\"text-align: center\">[su_button background=&#8221;#1F88A3&#8243; size=&#8221;6&#8243; url=&#8221;https:\/\/wp-theme-plugin.com\/out-wpml&#8221; target=&#8221;blank&#8221;] <strong>Odkrijte<\/strong> [\/su_button] [\/su_column]<br \/>\n[\/su_row]<\/p>\n<p>[su_row]<br \/>\n[su_column size=&#8221;1\/6&#8243;]<img loading=\"lazy\" decoding=\"async\" class=\"aligncenter size-full wp-image-129\" src=\"https:\/\/wp-multilingual.com\/wp-content\/uploads\/sites\/18\/2017\/10\/wpml-blog-wordpress-multilingue-traduction-square.jpg\" alt=\"\" width=\"220\" height=\"190\" \/>[\/su_column]<br \/>\n[su_column size=&#8221;2\/3&#8243;]<\/p>\n<h3>WPML Blog: WordPress dvojezi\u010dni vti\u010dnik<\/h3>\n<p><strong>Na kratko<\/strong>: Nekateri bodo rekli, da je WPML &#8220;prava naprava za plin&#8221;. Prvi pristop WPML se lahko zdi malo zaskrbljujo\u010d. Zakaj? Ker ta vti\u010dnik usmerja ve\u010djezi\u010dno upravljanje na profesionalno raven. Toda, ali moramo \u0161e vedno razumeti vse navade in izhode, da bi lahko pri\u0161li ven. Za tiste, ki si \u017eelijo ve\u010djezi\u010dno spletno mesto, in to hitro in brez u\u010denja, vas bo WPML razli\u010dica bloga veselila.<\/p>\n<p><strong>Ko WPML postane tako preprost kot klik v svojem hrbtu.<\/strong><br \/>\n<a href=\"\/?page_id=766\">&gt; WPML Blog WordPress prevodni vti\u010dnik : celoten pregled<\/a><br \/>\n[\/su_column]<br \/>\n[su_column size=&#8221;1\/6&#8243;]<br \/>\n[su_spacer size=&#8221;10&#8243;]<br \/>\n<i class=\"fa fa-star\" style=\"font-size: 25px;color: #1f88a3\"><\/i><i class=\"fa fa-star\" style=\"font-size: 25px;color: #1f88a3\"><\/i><i class=\"fa fa-star\" style=\"font-size: 25px;color: #1f88a3\"><\/i><i class=\"fa fa-star\" style=\"font-size: 25px;color: #1f88a3\"><\/i><i class=\"fa fa-star-o\" style=\"font-size: 25px;color: #1f88a3\"><\/i><\/p>\n<p>[su_spacer size=&#8221;40&#8243;]<\/p>\n<p style=\"text-align: center\">[su_button background=&#8221;#1F88A3&#8243; size=&#8221;6&#8243; url=&#8221;https:\/\/wp-theme-plugin.com\/out-wpml&#8221; target=&#8221;blank&#8221;] <strong>Odkrijte<\/strong> [\/su_button] [\/su_column]<\/p>\n<p>[\/su_row]<br \/>\n[su_row]<br \/>\n[su_column size=&#8221;1\/6&#8243;]<img loading=\"lazy\" decoding=\"async\" class=\"aligncenter size-full wp-image-132\" src=\"https:\/\/wp-multilingual.com\/wp-content\/uploads\/sites\/18\/2017\/10\/qtranslatex-wordpress-multilingue-traduction-square.jpg\" alt=\"\" width=\"220\" height=\"190\" \/>[\/su_column]<br \/>\n[su_column size=&#8221;2\/3&#8243;]<\/p>\n<h3>qTranslate X: Prevodni prevajalnik je opu\u0161\u010den?<\/h3>\n<p><strong>Na kratko<\/strong>: Z ve\u010d kot 100.000 spletnimi mesti WordPressa, ki vedno zaupajo qTranslateX, da bi zagotovili prevajalski del svojega spletnega mesta WordPress, bi lahko verjeli, da bo ta znani vti\u010dnik \u0161e vedno ohranjen. Toda do trenutka, ko je ta test opravljen, qTranslateX ni bil posodobljen za eno leto. Preprost in u\u010dinkovit plugin, ki se zdi, da malo izgine.<\/p>\n<p><strong>Ali bi bil qTranslate zaustavljen ali pa samo pripravljen?<\/strong><br \/>\n<a href=\"\/?page_id=764\">&gt; qTranslateX WordPress prevodni vti\u010dnik : celoten pregled<\/a><br \/>\n[\/su_column]<br \/>\n[su_column size=&#8221;1\/6&#8243;]<br \/>\n[su_spacer size=&#8221;10&#8243;]<br \/>\n<i class=\"fa fa-star\" style=\"font-size: 25px;color: #1f88a3\"><\/i><i class=\"fa fa-star\" style=\"font-size: 25px;color: #1f88a3\"><\/i><i class=\"fa fa-star-half-o\" style=\"font-size: 25px;color: #1f88a3\"><\/i><i class=\"fa fa-star-o\" style=\"font-size: 25px;color: #1f88a3\"><\/i><i class=\"fa fa-star-o\" style=\"font-size: 25px;color: #1f88a3\"><\/i><br \/>\n[su_spacer size=&#8221;40&#8243;]<\/p>\n<p style=\"text-align: center\">[su_button background=&#8221;#1F88A3&#8243; size=&#8221;6&#8243; url=&#8221;https:\/\/wp-theme-plugin.com\/out-qtranslatex&#8221; target=&#8221;blank&#8221;] <strong>Odkrijte<\/strong> [\/su_button] [\/su_column]<\/p>\n<p>[\/su_row]<\/p>\n<p>[su_row]<br \/>\n[su_column size=&#8221;1\/6&#8243;]<img loading=\"lazy\" decoding=\"async\" class=\"aligncenter size-full wp-image-131\" src=\"https:\/\/wp-multilingual.com\/wp-content\/uploads\/sites\/18\/2017\/10\/multilingualpress-wordpress-multilingue-traduction-square.png\" alt=\"\" width=\"220\" height=\"190\" \/>[\/su_column]<br \/>\n[su_column size=&#8221;2\/3&#8243;]<\/p>\n<h3>MultilingualPress: Prevodni plugin, ki zagotavlja<\/h3>\n<p><strong>Na kratko<\/strong>: Ko ste ekipa za enega najbolj znanih rezervnih vti\u010dnikov WordPress, predstavljam, da je zavarovanje kot druga vrsta. No, razen te igre z majhnimi besedili, je ve\u010djezi\u010dna beseda prevajalski vti\u010dnik za WordPress, ki vam ponuja inovativno vizijo v smislu upravljanja jezika, tako da va\u0161a spletna stran WordPress vedno ostaja na vrhu svoje uspe\u0161nosti.<\/p>\n<p><strong>Novinec v svetu prevajanja WordPress, ki bo ljudje govoril.<\/strong><br \/>\n<a href=\"\/?page_id=760\">&gt;MultilingualPress WordPress prevodni vti\u010dnik : celoten pregled<\/a><br \/>\n[\/su_column]<br \/>\n[su_column size=&#8221;1\/6&#8243;]<br \/>\n[su_spacer size=&#8221;10&#8243;]<br \/>\n<i class=\"fa fa-star\" style=\"font-size: 25px;color: #1f88a3\"><\/i><i class=\"fa fa-star\" style=\"font-size: 25px;color: #1f88a3\"><\/i><i class=\"fa fa-star\" style=\"font-size: 25px;color: #1f88a3\"><\/i><i class=\"fa fa-star\" style=\"font-size: 25px;color: #1f88a3\"><\/i><i class=\"fa fa-star-o\" style=\"font-size: 25px;color: #1f88a3\"><\/i><br \/>\n[su_spacer size=&#8221;40&#8243;]<\/p>\n<p style=\"text-align: center\">[su_button background=&#8221;#1F88A3&#8243; size=&#8221;6&#8243; url=&#8221;https:\/\/wp-theme-plugin.com\/out-multilingual-press&#8221; target=&#8221;blank&#8221;] <strong>Odkrijte<\/strong> [\/su_button] [\/su_column]<\/p>\n<p>[\/su_row]<\/p>\n<p>[su_row]<br \/>\n[su_column size=&#8221;1\/6&#8243;]<img loading=\"lazy\" decoding=\"async\" class=\"aligncenter size-full wp-image-130\" src=\"https:\/\/wp-multilingual.com\/wp-content\/uploads\/sites\/18\/2017\/10\/polylang-wordpress-multilingue-traduction-square.png\" alt=\"\" width=\"220\" height=\"190\" \/>[\/su_column]<br \/>\n[su_column size=&#8221;2\/3&#8243;]<\/p>\n<h3>Polylang: Prevajalski vti\u010dnik za odkrivanje<\/h3>\n<p><strong>Na kratko<\/strong>: PolyLang je prevodni plugin za WordPress, ki se \u017ee ve\u010d let razvija stalno in postopoma. Ta vti\u010dnik je kon\u010dno pod osvetlitvijo, in kot tak ve, veliko ve\u010d funkcionalnih posodobitev. Polylang je napredni ve\u010djezi\u010dni WordPress plugin, ki si zaslu\u017ei, da vzame \u010das, da odkrije svojo vizijo prevajanja WordPressa.<\/p>\n<p><strong>Z vsemi temi funkcijami je Polylang na vrhu ko\u0161arice.<\/strong><br \/>\n<a href=\"\/?page_id=762\">&gt; polyLang WordPress prevodni vti\u010dnik : celoten pregled<\/a><br \/>\n[\/su_column]<br \/>\n[su_column size=&#8221;1\/6&#8243;]<br \/>\n[su_spacer size=&#8221;10&#8243;]<br \/>\n<i class=\"fa fa-star\" style=\"font-size: 25px;color: #1f88a3\"><\/i><i class=\"fa fa-star\" style=\"font-size: 25px;color: #1f88a3\"><\/i><i class=\"fa fa-star\" style=\"font-size: 25px;color: #1f88a3\"><\/i><i class=\"fa fa-star\" style=\"font-size: 25px;color: #1f88a3\"><\/i><i class=\"fa fa-star-o\" style=\"font-size: 25px;color: #1f88a3\"><\/i><br \/>\n[su_spacer size=&#8221;40&#8243;]<\/p>\n<p style=\"text-align: center\">[su_button background=&#8221;#1F88A3&#8243; size=&#8221;6&#8243; url=&#8221;https:\/\/wp-theme-plugin.com\/out-polylang&#8221; target=&#8221;blank&#8221;] <strong>Odkrijte <\/strong> [\/su_button] [\/su_column]<\/p>\n<p>[\/su_row]<\/p>\n","protected":false},"excerpt":{"rendered":"<p>Seznam prevajalskih orodij WordPress \u010ce i\u0161\u010dete vti\u010dnik WordPress, ki vam bo omogo\u010dil, da prevedete vse va\u0161e spletno mesto WordPress, je treba zdru\u017eiti lokalizirane razli\u010dice va\u0161e spletne strani? Dejansko WordPress ne omogo\u010da baze, da bi&#46;&#46;&#46;<\/p>\n","protected":false},"author":2,"featured_media":0,"parent":0,"menu_order":0,"comment_status":"closed","ping_status":"closed","template":"","meta":{"_monsterinsights_skip_tracking":false,"_monsterinsights_sitenote_active":false,"_monsterinsights_sitenote_note":"","_monsterinsights_sitenote_category":0,"footnotes":""},"class_list":["post-870","page","type-page","status-publish","hentry"],"yoast_head":"<!-- This site is optimized with the Yoast SEO plugin v23.1 - https:\/\/yoast.com\/wordpress\/plugins\/seo\/ -->\n<title>WordPress prevajalski vmesniki: TOP 5 ve\u010djezi\u010dnih WordPressov<\/title>\n<meta name=\"description\" content=\"Prevedi svoje spletno mesto WordPress? To je preprosto s pravim WordPress prevajalskim vti\u010dem. Oglejte si izbor najbolj\u0161ih WordPress prevajalskih vti\u010dnikov za leto 2018.\" \/>\n<meta name=\"robots\" content=\"index, follow, max-snippet:-1, max-image-preview:large, max-video-preview:-1\" \/>\n<link rel=\"canonical\" href=\"https:\/\/wp-multilingual.com\/sl\/wordpress-prevajalski-vticniki\/\" \/>\n<meta property=\"og:locale\" content=\"sl_SI\" \/>\n<meta property=\"og:type\" content=\"article\" \/>\n<meta property=\"og:title\" content=\"WordPress prevajalski vmesniki: TOP 5 ve\u010djezi\u010dnih WordPressov\" \/>\n<meta property=\"og:description\" content=\"Prevedi svoje spletno mesto WordPress? To je preprosto s pravim WordPress prevajalskim vti\u010dem. Oglejte si izbor najbolj\u0161ih WordPress prevajalskih vti\u010dnikov za leto 2018.\" \/>\n<meta property=\"og:url\" content=\"https:\/\/wp-multilingual.com\/sl\/wordpress-prevajalski-vticniki\/\" \/>\n<meta property=\"og:site_name\" content=\"wp-multlingual.com\" \/>\n<meta property=\"og:image\" content=\"https:\/\/wp-multilingual.com\/wp-content\/uploads\/sites\/18\/2017\/10\/wpml-wordpress-multilingue-traduction-square.jpg\" \/>\n<meta name=\"twitter:card\" content=\"summary_large_image\" \/>\n<meta name=\"twitter:label1\" content=\"Est. reading time\" \/>\n\t<meta name=\"twitter:data1\" content=\"4 minute\" \/>\n<script type=\"application\/ld+json\" class=\"yoast-schema-graph\">{\"@context\":\"https:\/\/schema.org\",\"@graph\":[{\"@type\":\"WebPage\",\"@id\":\"https:\/\/wp-multilingual.com\/sl\/wordpress-prevajalski-vticniki\/\",\"url\":\"https:\/\/wp-multilingual.com\/sl\/wordpress-prevajalski-vticniki\/\",\"name\":\"WordPress prevajalski vmesniki: TOP 5 ve\u010djezi\u010dnih WordPressov\",\"isPartOf\":{\"@id\":\"https:\/\/wp-multilingual.com\/el\/#website\"},\"primaryImageOfPage\":{\"@id\":\"https:\/\/wp-multilingual.com\/sl\/wordpress-prevajalski-vticniki\/#primaryimage\"},\"image\":{\"@id\":\"https:\/\/wp-multilingual.com\/sl\/wordpress-prevajalski-vticniki\/#primaryimage\"},\"thumbnailUrl\":\"https:\/\/wp-multilingual.com\/wp-content\/uploads\/sites\/18\/2017\/10\/wpml-wordpress-multilingue-traduction-square.jpg\",\"datePublished\":\"2018-04-06T08:55:24+00:00\",\"dateModified\":\"2018-04-06T08:55:24+00:00\",\"description\":\"Prevedi svoje spletno mesto WordPress? To je preprosto s pravim WordPress prevajalskim vti\u010dem. Oglejte si izbor najbolj\u0161ih WordPress prevajalskih vti\u010dnikov za leto 2018.\",\"breadcrumb\":{\"@id\":\"https:\/\/wp-multilingual.com\/sl\/wordpress-prevajalski-vticniki\/#breadcrumb\"},\"inLanguage\":\"sl-SI\",\"potentialAction\":[{\"@type\":\"ReadAction\",\"target\":[\"https:\/\/wp-multilingual.com\/sl\/wordpress-prevajalski-vticniki\/\"]}]},{\"@type\":\"ImageObject\",\"inLanguage\":\"sl-SI\",\"@id\":\"https:\/\/wp-multilingual.com\/sl\/wordpress-prevajalski-vticniki\/#primaryimage\",\"url\":\"https:\/\/wp-multilingual.com\/wp-content\/uploads\/sites\/18\/2017\/10\/wpml-wordpress-multilingue-traduction-square.jpg\",\"contentUrl\":\"https:\/\/wp-multilingual.com\/wp-content\/uploads\/sites\/18\/2017\/10\/wpml-wordpress-multilingue-traduction-square.jpg\"},{\"@type\":\"BreadcrumbList\",\"@id\":\"https:\/\/wp-multilingual.com\/sl\/wordpress-prevajalski-vticniki\/#breadcrumb\",\"itemListElement\":[{\"@type\":\"ListItem\",\"position\":1,\"name\":\"Accueil\",\"item\":\"https:\/\/wp-multilingual.com\/\"},{\"@type\":\"ListItem\",\"position\":2,\"name\":\"WordPress Prevajalniki: Top 5 za 2018\"}]},{\"@type\":\"WebSite\",\"@id\":\"https:\/\/wp-multilingual.com\/el\/#website\",\"url\":\"https:\/\/wp-multilingual.com\/el\/\",\"name\":\"wp-multlingual.com\",\"description\":\"Th\u00e8mes et Plugins Magento\",\"potentialAction\":[{\"@type\":\"SearchAction\",\"target\":{\"@type\":\"EntryPoint\",\"urlTemplate\":\"https:\/\/wp-multilingual.com\/el\/?s={search_term_string}\"},\"query-input\":\"required name=search_term_string\"}],\"inLanguage\":\"sl-SI\"}]}<\/script>\n<!-- \/ Yoast SEO plugin. -->","yoast_head_json":{"title":"WordPress prevajalski vmesniki: TOP 5 ve\u010djezi\u010dnih WordPressov","description":"Prevedi svoje spletno mesto WordPress? To je preprosto s pravim WordPress prevajalskim vti\u010dem. Oglejte si izbor najbolj\u0161ih WordPress prevajalskih vti\u010dnikov za leto 2018.","robots":{"index":"index","follow":"follow","max-snippet":"max-snippet:-1","max-image-preview":"max-image-preview:large","max-video-preview":"max-video-preview:-1"},"canonical":"https:\/\/wp-multilingual.com\/sl\/wordpress-prevajalski-vticniki\/","og_locale":"sl_SI","og_type":"article","og_title":"WordPress prevajalski vmesniki: TOP 5 ve\u010djezi\u010dnih WordPressov","og_description":"Prevedi svoje spletno mesto WordPress? To je preprosto s pravim WordPress prevajalskim vti\u010dem. Oglejte si izbor najbolj\u0161ih WordPress prevajalskih vti\u010dnikov za leto 2018.","og_url":"https:\/\/wp-multilingual.com\/sl\/wordpress-prevajalski-vticniki\/","og_site_name":"wp-multlingual.com","og_image":[{"url":"https:\/\/wp-multilingual.com\/wp-content\/uploads\/sites\/18\/2017\/10\/wpml-wordpress-multilingue-traduction-square.jpg"}],"twitter_card":"summary_large_image","twitter_misc":{"Est. reading time":"4 minute"},"schema":{"@context":"https:\/\/schema.org","@graph":[{"@type":"WebPage","@id":"https:\/\/wp-multilingual.com\/sl\/wordpress-prevajalski-vticniki\/","url":"https:\/\/wp-multilingual.com\/sl\/wordpress-prevajalski-vticniki\/","name":"WordPress prevajalski vmesniki: TOP 5 ve\u010djezi\u010dnih WordPressov","isPartOf":{"@id":"https:\/\/wp-multilingual.com\/el\/#website"},"primaryImageOfPage":{"@id":"https:\/\/wp-multilingual.com\/sl\/wordpress-prevajalski-vticniki\/#primaryimage"},"image":{"@id":"https:\/\/wp-multilingual.com\/sl\/wordpress-prevajalski-vticniki\/#primaryimage"},"thumbnailUrl":"https:\/\/wp-multilingual.com\/wp-content\/uploads\/sites\/18\/2017\/10\/wpml-wordpress-multilingue-traduction-square.jpg","datePublished":"2018-04-06T08:55:24+00:00","dateModified":"2018-04-06T08:55:24+00:00","description":"Prevedi svoje spletno mesto WordPress? To je preprosto s pravim WordPress prevajalskim vti\u010dem. Oglejte si izbor najbolj\u0161ih WordPress prevajalskih vti\u010dnikov za leto 2018.","breadcrumb":{"@id":"https:\/\/wp-multilingual.com\/sl\/wordpress-prevajalski-vticniki\/#breadcrumb"},"inLanguage":"sl-SI","potentialAction":[{"@type":"ReadAction","target":["https:\/\/wp-multilingual.com\/sl\/wordpress-prevajalski-vticniki\/"]}]},{"@type":"ImageObject","inLanguage":"sl-SI","@id":"https:\/\/wp-multilingual.com\/sl\/wordpress-prevajalski-vticniki\/#primaryimage","url":"https:\/\/wp-multilingual.com\/wp-content\/uploads\/sites\/18\/2017\/10\/wpml-wordpress-multilingue-traduction-square.jpg","contentUrl":"https:\/\/wp-multilingual.com\/wp-content\/uploads\/sites\/18\/2017\/10\/wpml-wordpress-multilingue-traduction-square.jpg"},{"@type":"BreadcrumbList","@id":"https:\/\/wp-multilingual.com\/sl\/wordpress-prevajalski-vticniki\/#breadcrumb","itemListElement":[{"@type":"ListItem","position":1,"name":"Accueil","item":"https:\/\/wp-multilingual.com\/"},{"@type":"ListItem","position":2,"name":"WordPress Prevajalniki: Top 5 za 2018"}]},{"@type":"WebSite","@id":"https:\/\/wp-multilingual.com\/el\/#website","url":"https:\/\/wp-multilingual.com\/el\/","name":"wp-multlingual.com","description":"Th\u00e8mes et Plugins Magento","potentialAction":[{"@type":"SearchAction","target":{"@type":"EntryPoint","urlTemplate":"https:\/\/wp-multilingual.com\/el\/?s={search_term_string}"},"query-input":"required name=search_term_string"}],"inLanguage":"sl-SI"}]}},"_links":{"self":[{"href":"https:\/\/wp-multilingual.com\/sl\/wp-json\/wp\/v2\/pages\/870","targetHints":{"allow":["GET"]}}],"collection":[{"href":"https:\/\/wp-multilingual.com\/sl\/wp-json\/wp\/v2\/pages"}],"about":[{"href":"https:\/\/wp-multilingual.com\/sl\/wp-json\/wp\/v2\/types\/page"}],"author":[{"embeddable":true,"href":"https:\/\/wp-multilingual.com\/sl\/wp-json\/wp\/v2\/users\/2"}],"replies":[{"embeddable":true,"href":"https:\/\/wp-multilingual.com\/sl\/wp-json\/wp\/v2\/comments?post=870"}],"version-history":[{"count":1,"href":"https:\/\/wp-multilingual.com\/sl\/wp-json\/wp\/v2\/pages\/870\/revisions"}],"predecessor-version":[{"id":873,"href":"https:\/\/wp-multilingual.com\/sl\/wp-json\/wp\/v2\/pages\/870\/revisions\/873"}],"wp:attachment":[{"href":"https:\/\/wp-multilingual.com\/sl\/wp-json\/wp\/v2\/media?parent=870"}],"curies":[{"name":"wp","href":"https:\/\/api.w.org\/{rel}","templated":true}]}}