{"id":827,"date":"2018-04-05T18:29:13","date_gmt":"2018-04-05T16:29:13","guid":{"rendered":"https:\/\/wp-multilingual.com\/?page_id=827"},"modified":"2018-04-05T18:29:13","modified_gmt":"2018-04-05T16:29:13","slug":"vecjezicni-vticnik-woocommerce","status":"publish","type":"page","link":"https:\/\/wp-multilingual.com\/sl\/vecjezicni-vticnik-woocommerce\/","title":{"rendered":"Ve\u010djezi\u010dni vti\u010dnik WooCommerce"},"content":{"rendered":"<p>[su_quote cite=&#8221;Built With&#8221; url=&#8221;https:\/\/builtwith.com\/ecommerce\/&#8221; target=&#8221;blank&#8221;]V samo treh letih je WooCommerce \u017ee 41% e-trgovin na svetovnem spletu in bo kmalu presegel Magento na svojem tleh, in sicer klju\u010dnih ra\u010dunov eCommerce strani.[\/su_quote]<\/p>\n<p><img loading=\"lazy\" decoding=\"async\" src=\"https:\/\/wp-multilingual.com\/wp-content\/uploads\/sites\/18\/2017\/10\/woocommerce-multilingue-logo.jpg\" alt=\"\" width=\"150\" height=\"150\" class=\"alignleft size-full wp-image-137\" \/>Pred petimi leti, verjamem, da bi WordPress lahko zagotovil vse funkcije, ki jih ponuja CMS, specializirano za sektor, kot sta Magento ali Prestashop, je bila blago norost.<br \/>\nV niti treh letih se je WordPress pojavil kot bistvena re\u0161itev v smislu e-trgovine, in to zahvaljujo\u010d vti\u010dniku WooCommerce. Kdo sam ne bi bil rojen brez projekta JigoShop, ki je vilica. S prihodom razli\u010dice WordPress 3.9, ki je izjemno fleksibilna, in WooCommerce v \u010distem upravljalnem vmesniku, je eCommerce planet dobesedno spremenil svoj obraz v utrip o\u010di. Kaj je bilo nemogo\u010de, se je eCommerce ne more ve\u010d ukvarjati brez WooCommercea. Popolnoma razvit ekosistem se je pojavil okoli WooCommercea. V WooCommerceju je vse, kar bi lahko manjkalo. Ne zato, ker je to \u0161e posebej potrebno, zato WooCommerce ponuja impresivno raven funkcionalnosti za vzpostavitev mesta eCommerce v nobenem trenutku.<br \/>\nLe slabe strani, edino pomanjkanje, zaradi \u010desar se WooCommerce \u0161e naprej bori z glavnimi ra\u010duni: pomanjkanje naravne podpore ve\u010djezi\u010dnosti. Vendar pa je vti\u010dnik, ki vam bo omogo\u010dil:<\/p>\n<ul>\n<li> Prevedi vse tipe izdelkov (enojne ali spremenljive) <\/li>\n<li> Dostop do namenskega vmesnika za upravljanje prevodov izdelkov <\/li>\n<li> Prevedi vse tipe izdelkov (enojne ali spremenljive) <\/li>\n<li> Prevedite celoten postopek naro\u010dila (odjavite se) <\/li>\n<li> Po\u0161iljanje transakcijskih e-po\u0161tnih sporo\u010dil v jezik stranke <\/li>\n<li> Enotni izdelek, ki ni raz\u010dlenjen glede na jezik <\/li>\n<li> Omogo\u010da podporo za razli\u010dne valute na spletnem mestu WooCommerce <\/li>\n<\/ul>\n<p>Dodajanje ve\u010djezi\u010dnih funkcij na spletno mesto WooCommerce se zdi bistveno za vse trgovine, tudi za najbolj skromne. Internet vam omogo\u010da po\u0161iljanje po vsem svetu. Ali ste vedeli, da skoraj vsak drugi evropski kupec ni nikoli kupil na spletnem mestu eCommerce, ki ne govori njihovega jezika? \u010cas, potreben za izvajanje ve\u010djezi\u010dne spletne strani eCommerce, ne smemo podcenjevati. Izbira pravega ve\u010djezi\u010dnega vti\u010dnika WooCommerce izbira optimizirati delovni \u010das.<\/p>\n<p>[su_row]<br \/>\n[su_column size=&#8221;1\/6&#8243;]<img loading=\"lazy\" decoding=\"async\" src=\"https:\/\/wp-multilingual.com\/wp-content\/uploads\/sites\/18\/2017\/10\/wpml-wordpress-multilingue-traduction-square.jpg\" alt=\"\" width=\"220\" height=\"190\" class=\"aligncenter size-full wp-image-128\" \/>[\/su_column]<br \/>\n[su_column size=&#8221;2\/3&#8243;]<\/p>\n<h3>WPML: 100% ve\u010djezi\u010dna WooCommerce<\/h3>\n<p><strong>Na kratko<\/strong>: WPML nam ponuja modul za svoj zelo znan WPML CMS plugin, da bi podprli 100% WooCommerce. Ta vti\u010dnik se imenuje WooCommerce ve\u010djezi\u010dno. S takim imenom oba domnevamo, kaj bo naredil, in se ukvarjamo s prvim ve\u010djezi\u010dnim vti\u010dnikom WooCommerce na trgu in \u0161e vedno deluje. WPML \u017ee ve\u010d let specializira za ve\u010djezi\u010dne spletne strani WordPress.<\/p>\n<p><strong>Ve\u010djezi\u010dna stran WooCommerce? To je njegova posebnost, ni potrebe po iskanju.<\/strong><\/p>\n<p>[\/su_column]<br \/>\n[su_column size=&#8221;1\/6&#8243;]<i>[su_spacer size=&#8221;20&#8243;]<\/i><\/p>\n<p style=\"text-align: center\"><i class=\"fa fa-star\"><\/i><i class=\"fa fa-star\"><\/i><i class=\"fa fa-star\"><\/i><i class=\"fa fa-star\"><\/i><i class=\"fa fa-star-half-o\"><\/i><br \/>\n<i>Od $ 29<\/i><\/p>\n<p>[su_button background=&#8221;#FF2F3B&#8221; size=&#8221;6&#8243; url=&#8221;https:\/\/wp-theme-plugin.com\/out-wpml&#8221; target=&#8221;blank&#8221;]<strong>Odkrijte<\/strong> [\/su_button] [\/su_column]<br \/>\n[\/su_row]<\/p>\n<p>Ampak mimogrede &#8230; Kaj je ve\u010djezi\u010dna spletna stran WooCommerce?<\/p>\n<h1>Ve\u010djezi\u010dni WooCommerce? Zakaj? Kako?<\/h1>\n<p>V bistvu govorimo o tem, da je WooCommerce ve\u010djezi\u010den. Toda o \u010dem to\u010dno govorimo? Ugotovimo, kaj lahko pri\u010dakujemo od zelo dobrega prevoda in ve\u010djezi\u010dnega upravljanja za WooCommerce.<\/p>\n<h2>WordPress integration<\/h2>\n<p>Rad potrjujem odprta vrata:) Toda preden se vti\u010dnik za WooCommerce vti\u010dnik, ki ga ne pozabite narediti ve\u010djezi\u010dno spletno mesto, mora biti v prvi vrsti zdru\u017eljiv z WordPressom. Opozoril sem &#8230; Odprta vrata &#8230; Ka\u0161elj &#8230; Tako kot je to lahko zveni malo neumno. Ampak pomislite na to za trenutek. Konec koncev, va\u0161a namestitev WordPress morda ne bo tako klasi\u010dna, kot se zdi na prvi pogled. Primer, ki ga sre\u010dujemo zelo pogosto: podpora ve\u010dpredstavnostne razli\u010dice programa WordPress. V redu, to se ne nana\u0161a na vse, ampak ka\u017ee, da moramo pred razmi\u0161ljanjem o podpori WooCommercea postaviti vpra\u0161anje podpore za WordPress. Jaz bi celo rekel podporo za va\u0161 WordPress. Drug vti\u010dnik bi lahko povzro\u010dil te\u017eave, na primer varnostne vti\u010dnice.<br \/>\nMimogrede re\u010deno: vsi vti\u010dniki, ki WooCommerce omogo\u010dajo, da imajo ve\u010djezi\u010dne funkcije, so zelo dale\u010d od podpore WordPress v ve\u010dstranski razli\u010dici. Bodite previdni, \u010de ste kot nas v\u0161e\u010d ta konfiguracija WordPressa.<\/p>\n<h2>Integracija WooCommercea<\/h2>\n<p>V redu, v tem trenutku smo prepri\u010dani v na\u0161o konfiguracijo WordPress in njegovo podporo s pluginjem, na katerem smo vrgli na\u0161o devolutno. Zdaj pa poglejmo, kako se obna\u0161a z WooCommerce. Za to je ve\u010d to\u010dk budnosti:<\/p>\n<ul>\n<li> Koliko jezikov lahko imamo? <\/li>\n<li> Kako se prevod prika\u017ee v ozadju? <\/li>\n<li> Ali plugin upravlja z razli\u010dnimi valutami po jeziku? <\/li>\n<li> Ali vti\u010dnik zagotavlja natan\u010dno sledenje prevedenega prevoda, ki ni preveden? <\/li>\n<li> Ali bo nakupovalni tunel name\u0161\u010den v jeziku uporabnika? <\/li>\n<li> Ali so transakcijska e-po\u0161tna sporo\u010dila v uporabni\u0161ki jezik? <\/li>\n<\/ul>\n<p>Ponudba ve\u010djezi\u010dnega vti\u010dnika je precej ve\u010d od ponujanja prevodov izdelkov, ko gre za WooCommerce. Podpora ve\u010djezi\u010dne WooCommerce zahteva resni\u010dno integracijo potisnjeno, da lahko zelo malo plugin trdijo, da dobro in 100%.<\/p>\n<h2>Upravljanje medijev<\/h2>\n<p>Morda se zdi ni\u010d. Ali ste kdaj pomislili, da je mogo\u010de prisiliti, da prenesete za vsako razli\u010dico jezika izdelka, skupek povezanih slik? \u010ce imamo na na\u0161i strani deset izdelkov, to ni velika stvar. Ampak, \u010de imamo 200 izdelkov in vsak izdelek ima od tri do pet slik, vam predstavljam organizacijske no\u010dne more, da je to. Najbolj\u0161i ? Izberite ve\u010djezi\u010dni vti\u010dnik WooCommerce, ki inteligentno upravlja medije, povezane z va\u0161imi izdelki WooCommerce.<\/p>\n<h2>SEO and multilingual<\/h2>\n<p>Naj poudarimo. \u010ce \u017eelite zanimiv ve\u010djezi\u010dni vti\u010dnik WooCommerce, mora \u017ee izpolniti svet seznam pogojev, brez katerih je bolje iti:<\/p>\n<ul>\n<li> Bodite zdru\u017eljivi z WordPressom <\/li>\n<li> Resno zavarovani na strani WooCommerce (izdelek, blagajno, transakcijska e-po\u0161tna sporo\u010dila &#8230;) <\/li>\n<li> Upravljajte medije dobro <\/li>\n<\/ul>\n<p>Zdaj pa govorimo o naravnem SEO va\u0161ega spletnega mesta za e-trgovino WooCommerce. To je varna stava, da tudi \u010de to ni va\u0161 glavni cilj, bo prevod va\u0161e spletne strani WooComerce izdelan z idejo o pove\u010danju va\u0161ega SEO; vsaj malo. Kaj pa \u010de uporabljate ve\u010djezi\u010dni vti\u010dnik WooCommerce, vam ne bi pomagal, temve\u010d bo va\u0161 SEO delal?<br \/>\nZagotavljanje, da je SEO glavni poudarek za skupine za ve\u010djezi\u010dni vti\u010dnik WooCommerce, ki ga izberete, je vsekakor bistvenega pomena.<br \/>\nKar nas pripelje do naslednjega predmeta &#8230;<\/p>\n<h2>Podpora za tretje osebe<\/h2>\n<p>Preden je vti\u010dnik WooCommerce, je kateri koli vti\u010dnik vti\u010dnik WordPress. To sem \u017ee rekel. Ampak to presega tisto, kar si morda mislil. Potrebno bo, da bo ta vti\u010dnik vzajemno deloval z vsemi vti\u010dniki, ki bodo sami vzajemno vplivali na va\u0161e WooCommerce in WordPress. \u010ce se \u017eelite vrniti v SEO, bi moral biti dober ve\u010djezi\u010dni vti\u010dnik WooCommerce omogo\u010diti, da \u0161e naprej uporabljamo vse vti\u010dnike SEO za WordPress, in to z jezikom. to delo ne morejo opraviti ekipe, odgovorne za zadevni plugin. Skupnost mora izbrati, kdo bo podpiral. V tej igri se samo WPML odziva s \u010destitki \u017eirije.<br \/>\n\u010ce moramo ra\u010dunati vse vti\u010dnike, ki sestavljajo vesolje WooCommercea v smislu interoperabilnosti, moramo upo\u0161tevati tudi izhodni tekst, ki so ga ustvarili sami vti\u010dniki. Bistveno je, da va\u0161 vti\u010dnik WooCommerce omogo\u010di, da prihajajo in prevedete te nize, ne da bi pri tem odprli izvorno kodo zadevnega vti\u010dnika.<\/p>\n<h2>Podpora za tretje strani<\/h2>\n<p>Mislite, da ste kon\u010dno na\u0161li temo WordPress, ki se je ujemala s tem, kar ste iskali tako dolgo. Namestite ga. Prav tako se odlo\u010dite, da bo va\u0161a trgovina postala ve\u010djezi\u010dna trgovina WooCommerce. In tam, nesre\u010da, va\u0161 vti\u010dnik in va\u0161a tema niso zdru\u017eljivi. Zakaj? Ker je za vti\u010dnike razvijalec teme, ki zagotavlja, da je vti\u010dnik 100% podprt. Napredna podpora za dolo\u010den vti\u010dnik ima zagotovljeno funkcijo plug&#8217;n play. Bodite pozorni, boste ugotovili, da so skoraj vse tr\u017ene teme uradno zdru\u017eljive z WPML. To je za zagotovitev najbolj\u0161ega ve\u010djezi\u010dnega plugina za WordPress let.<\/p>\n<h2>Napredne funkcije ++<\/h2>\n<p>Kaj, \u010de je va\u0161 vti\u010dnik naredil ve\u010d kot &#8220;samo&#8221;, da bi va\u0161e spletno mesto WooCommerce ve\u010djezi\u010dno? In \u010de bi vam lahko ponudil ve\u010d.<br \/>\n\u010ce so izpolnjeni vsi pogoji, se vedno zabavajte. Kot taki bi lahko na primer imeli:<\/p>\n<ul>\n<li> Samodejna preusmeritev glede na uporabni\u0161ki jezik <\/li>\n<li> Upravljanje jezika v poddomenah <\/li>\n<li> Upravljanje jezikov na lo\u010denih TLD-jih (monsite.fr, mywebsite.com, meinewebsite.de &#8230;) <\/li>\n<li> Izdelava izdelkov, ki so povezani z jeziki <\/li>\n<li> Dostop do vmesnika, namenjenega prevajanju <\/li>\n<li> Ustvarjanje nove vrste uporabnikov za ve\u010djo varnost in preprostost: prevajalci. <\/li>\n<\/ul>\n<p>[su_row]<br \/>\n[su_column size=&#8221;1\/3&#8243;]<img loading=\"lazy\" decoding=\"async\" src=\"https:\/\/wp-multilingual.com\/wp-content\/uploads\/sites\/18\/2017\/10\/wpml-wordpress-multilingue-traduction-square.jpg\" alt=\"\" width=\"220\" height=\"190\" class=\"aligncenter size-full wp-image-128\" \/><\/p>\n<p style=\"text-align: center\">\n[su_button background=&#8221;#FF2F3B&#8221; size=&#8221;6&#8243; url=&#8221;https:\/\/wp-theme-plugin.com\/out-wpml&#8221; target=&#8221;blank&#8221;]<strong>Discover<\/strong> [\/su_button]<\/p>\n<p>[\/su_column]<br \/>\n[su_column size=&#8221;2\/3&#8243;]<\/p>\n<h3>WPML: The best of multilingual WooCommerce<\/h3>\n<p><strong>Na kratko<\/strong>: Podjetje WPML je \u017ee ve\u010d let napredovalo pri ve\u010djezi\u010dnem upravljanju v podjetju WooCommerce in \u0161e bolj mo\u010dno na WordPressu na splo\u0161no. S tem v mislih, WPML nam ponuja WooCommerce ve\u010djezi\u010dnost plugin, ki zagotavlja vse, kar bi moral dobro ve\u010djezi\u010dni plugin vedeti, kako dobro. Poleg tega nam \u0161e posebej dragocen dostop do naprednih funkcij.<\/p>\n<p><strong>WooCommerce Multilingual offers a real multilingual administration interface to WooCommerce.<\/strong><\/p>\n<p>[\/su_column]<br \/>\n[\/su_row]<\/p>\n<p>[su_divider top=&#8221;no&#8221; style=&#8221;dotted&#8221; size=&#8221;2&#8243;]<\/p>\n<h1>Ve\u010d virov na WooCommerce<\/h1>\n<p>WooCommerce je velik predmet. Ko \u017ee govorimo o ve\u010djezi\u010dni razli\u010dici WooCommerce, pristopamo k WooCommerceu le pod enim od njegovih \u0161tevilnih vidikov. Predlagamo, da o naslednjih temah nadaljujete z branjem o WooCommerce:<\/p>\n<h3>Kje lahko gostite spletno mesto WooCommerce?<\/h3>\n<p><strong>WooCommerce Hosting<\/strong> : Spletna stran WooCommerce mora biti vedno na vrhu svoje zmogljivosti in dostopnosti. Va\u0161e spletno gostovanje je v osr\u010dju teh dveh pomembnih vpra\u0161anj. Izbira pravega gostitelja je bistvenega pomena. Ali ste vedeli, da so za WooCommerce v celoti razmi\u0161ljani in varni gostitelji?<br \/>\n[su_row]<br \/>\n[su_column size=&#8221;2\/3&#8243;]<strong>Pomagajte vam pri izbiri gostovanja WooCommerce, ki nudi.<\/strong>[\/su_column]<br \/>\n[su_column size=&#8221;1\/3&#8243;][su_button background=&#8221;#FF2F3B&#8221; size=&#8221;6&#8243; url=&#8221;https:\/\/woo-hosting.com&#8221; target=&#8221;blank&#8221;]<strong>WooCommerce gostovanje<\/strong> [\/su_button] [\/su_column]<br \/>\n[\/su_row]<\/p>\n<h3>Kateri vti\u010dniki in teme za WooCommerce?<\/h3>\n<p><strong>WooCommerce themes and plugins<\/strong>: Spletna stran WooCommerce mora biti vedno na vrhu svoje zmogljivosti in dostopnosti. Va\u0161e spletno gostovanje je v osr\u010dju teh dveh pomembnih vpra\u0161anj. Izbira pravega gostitelja je bistvenega pomena. Ali ste vedeli, da so za WooCommerce v celoti razmi\u0161ljani in varni gostitelji?<br \/>\n[su_row]<br \/>\n[su_column size=&#8221;2\/3&#8243;]<strong>Pomagajte vam pri izbiri gostovanja WooCommerce, ki nudi.<\/strong>[\/su_column]<br \/>\n[su_column size=&#8221;1\/3&#8243;][su_button background=&#8221;#FF2F3B&#8221; size=&#8221;6&#8243; url=&#8221;https:\/\/woo-themes-plugins.com\/en&#8221; target=&#8221;blank&#8221;]<strong>WooCommerce Teme in vti\u010dniki<\/strong> [\/su_button] [\/su_column]<br \/>\n[\/su_row]<br \/>\n[su_divider top=&#8221;no&#8221; style=&#8221;dotted&#8221; size=&#8221;2&#8243;]<\/p>\n","protected":false},"excerpt":{"rendered":"<p>[su_quote cite=&#8221;Built With&#8221; url=&#8221;https:\/\/builtwith.com\/ecommerce\/&#8221; target=&#8221;blank&#8221;]V samo treh letih je WooCommerce \u017ee 41% e-trgovin na svetovnem spletu in bo kmalu presegel Magento na svojem tleh, in sicer klju\u010dnih ra\u010dunov eCommerce strani.[\/su_quote] Pred petimi leti, verjamem,&#46;&#46;&#46;<\/p>\n","protected":false},"author":2,"featured_media":0,"parent":0,"menu_order":0,"comment_status":"closed","ping_status":"closed","template":"","meta":{"_monsterinsights_skip_tracking":false,"_monsterinsights_sitenote_active":false,"_monsterinsights_sitenote_note":"","_monsterinsights_sitenote_category":0,"footnotes":""},"class_list":["post-827","page","type-page","status-publish","hentry"],"yoast_head":"<!-- This site is optimized with the Yoast SEO plugin v23.1 - https:\/\/yoast.com\/wordpress\/plugins\/seo\/ -->\n<title>Ve\u010djezi\u010dni vti\u010dnik WooCommerce \/ Prevedite spletno mesto WP eCommerce<\/title>\n<meta name=\"description\" content=\"Need to translate a WooCommerce site or need to create real multilingual and internationalized shops thanks to WooCommerce? Check out the WooCommerce Multilingual Plugin right now.\" \/>\n<meta name=\"robots\" content=\"index, follow, max-snippet:-1, max-image-preview:large, max-video-preview:-1\" \/>\n<link rel=\"canonical\" href=\"https:\/\/wp-multilingual.com\/sl\/vecjezicni-vticnik-woocommerce\/\" \/>\n<meta property=\"og:locale\" content=\"sl_SI\" \/>\n<meta property=\"og:type\" content=\"article\" \/>\n<meta property=\"og:title\" content=\"Ve\u010djezi\u010dni vti\u010dnik WooCommerce \/ Prevedite spletno mesto WP eCommerce\" \/>\n<meta property=\"og:description\" content=\"Need to translate a WooCommerce site or need to create real multilingual and internationalized shops thanks to WooCommerce? Check out the WooCommerce Multilingual Plugin right now.\" \/>\n<meta property=\"og:url\" content=\"https:\/\/wp-multilingual.com\/sl\/vecjezicni-vticnik-woocommerce\/\" \/>\n<meta property=\"og:site_name\" content=\"wp-multlingual.com\" \/>\n<meta property=\"og:image\" content=\"https:\/\/wp-multilingual.com\/wp-content\/uploads\/sites\/18\/2017\/10\/woocommerce-multilingue-logo.jpg\" \/>\n<meta name=\"twitter:card\" content=\"summary_large_image\" \/>\n<meta name=\"twitter:label1\" content=\"Est. reading time\" \/>\n\t<meta name=\"twitter:data1\" content=\"9 minut\" \/>\n<script type=\"application\/ld+json\" class=\"yoast-schema-graph\">{\"@context\":\"https:\/\/schema.org\",\"@graph\":[{\"@type\":\"WebPage\",\"@id\":\"https:\/\/wp-multilingual.com\/sl\/vecjezicni-vticnik-woocommerce\/\",\"url\":\"https:\/\/wp-multilingual.com\/sl\/vecjezicni-vticnik-woocommerce\/\",\"name\":\"Ve\u010djezi\u010dni vti\u010dnik WooCommerce \/ Prevedite spletno mesto WP eCommerce\",\"isPartOf\":{\"@id\":\"https:\/\/wp-multilingual.com\/el\/#website\"},\"primaryImageOfPage\":{\"@id\":\"https:\/\/wp-multilingual.com\/sl\/vecjezicni-vticnik-woocommerce\/#primaryimage\"},\"image\":{\"@id\":\"https:\/\/wp-multilingual.com\/sl\/vecjezicni-vticnik-woocommerce\/#primaryimage\"},\"thumbnailUrl\":\"https:\/\/wp-multilingual.com\/wp-content\/uploads\/sites\/18\/2017\/10\/woocommerce-multilingue-logo.jpg\",\"datePublished\":\"2018-04-05T16:29:13+00:00\",\"dateModified\":\"2018-04-05T16:29:13+00:00\",\"description\":\"Need to translate a WooCommerce site or need to create real multilingual and internationalized shops thanks to WooCommerce? Check out the WooCommerce Multilingual Plugin right now.\",\"breadcrumb\":{\"@id\":\"https:\/\/wp-multilingual.com\/sl\/vecjezicni-vticnik-woocommerce\/#breadcrumb\"},\"inLanguage\":\"sl-SI\",\"potentialAction\":[{\"@type\":\"ReadAction\",\"target\":[\"https:\/\/wp-multilingual.com\/sl\/vecjezicni-vticnik-woocommerce\/\"]}]},{\"@type\":\"ImageObject\",\"inLanguage\":\"sl-SI\",\"@id\":\"https:\/\/wp-multilingual.com\/sl\/vecjezicni-vticnik-woocommerce\/#primaryimage\",\"url\":\"https:\/\/wp-multilingual.com\/wp-content\/uploads\/sites\/18\/2017\/10\/woocommerce-multilingue-logo.jpg\",\"contentUrl\":\"https:\/\/wp-multilingual.com\/wp-content\/uploads\/sites\/18\/2017\/10\/woocommerce-multilingue-logo.jpg\"},{\"@type\":\"BreadcrumbList\",\"@id\":\"https:\/\/wp-multilingual.com\/sl\/vecjezicni-vticnik-woocommerce\/#breadcrumb\",\"itemListElement\":[{\"@type\":\"ListItem\",\"position\":1,\"name\":\"Accueil\",\"item\":\"https:\/\/wp-multilingual.com\/\"},{\"@type\":\"ListItem\",\"position\":2,\"name\":\"Ve\u010djezi\u010dni vti\u010dnik WooCommerce\"}]},{\"@type\":\"WebSite\",\"@id\":\"https:\/\/wp-multilingual.com\/el\/#website\",\"url\":\"https:\/\/wp-multilingual.com\/el\/\",\"name\":\"wp-multlingual.com\",\"description\":\"Th\u00e8mes et Plugins Magento\",\"potentialAction\":[{\"@type\":\"SearchAction\",\"target\":{\"@type\":\"EntryPoint\",\"urlTemplate\":\"https:\/\/wp-multilingual.com\/el\/?s={search_term_string}\"},\"query-input\":\"required name=search_term_string\"}],\"inLanguage\":\"sl-SI\"}]}<\/script>\n<!-- \/ Yoast SEO plugin. -->","yoast_head_json":{"title":"Ve\u010djezi\u010dni vti\u010dnik WooCommerce \/ Prevedite spletno mesto WP eCommerce","description":"Need to translate a WooCommerce site or need to create real multilingual and internationalized shops thanks to WooCommerce? Check out the WooCommerce Multilingual Plugin right now.","robots":{"index":"index","follow":"follow","max-snippet":"max-snippet:-1","max-image-preview":"max-image-preview:large","max-video-preview":"max-video-preview:-1"},"canonical":"https:\/\/wp-multilingual.com\/sl\/vecjezicni-vticnik-woocommerce\/","og_locale":"sl_SI","og_type":"article","og_title":"Ve\u010djezi\u010dni vti\u010dnik WooCommerce \/ Prevedite spletno mesto WP eCommerce","og_description":"Need to translate a WooCommerce site or need to create real multilingual and internationalized shops thanks to WooCommerce? Check out the WooCommerce Multilingual Plugin right now.","og_url":"https:\/\/wp-multilingual.com\/sl\/vecjezicni-vticnik-woocommerce\/","og_site_name":"wp-multlingual.com","og_image":[{"url":"https:\/\/wp-multilingual.com\/wp-content\/uploads\/sites\/18\/2017\/10\/woocommerce-multilingue-logo.jpg"}],"twitter_card":"summary_large_image","twitter_misc":{"Est. reading time":"9 minut"},"schema":{"@context":"https:\/\/schema.org","@graph":[{"@type":"WebPage","@id":"https:\/\/wp-multilingual.com\/sl\/vecjezicni-vticnik-woocommerce\/","url":"https:\/\/wp-multilingual.com\/sl\/vecjezicni-vticnik-woocommerce\/","name":"Ve\u010djezi\u010dni vti\u010dnik WooCommerce \/ Prevedite spletno mesto WP eCommerce","isPartOf":{"@id":"https:\/\/wp-multilingual.com\/el\/#website"},"primaryImageOfPage":{"@id":"https:\/\/wp-multilingual.com\/sl\/vecjezicni-vticnik-woocommerce\/#primaryimage"},"image":{"@id":"https:\/\/wp-multilingual.com\/sl\/vecjezicni-vticnik-woocommerce\/#primaryimage"},"thumbnailUrl":"https:\/\/wp-multilingual.com\/wp-content\/uploads\/sites\/18\/2017\/10\/woocommerce-multilingue-logo.jpg","datePublished":"2018-04-05T16:29:13+00:00","dateModified":"2018-04-05T16:29:13+00:00","description":"Need to translate a WooCommerce site or need to create real multilingual and internationalized shops thanks to WooCommerce? Check out the WooCommerce Multilingual Plugin right now.","breadcrumb":{"@id":"https:\/\/wp-multilingual.com\/sl\/vecjezicni-vticnik-woocommerce\/#breadcrumb"},"inLanguage":"sl-SI","potentialAction":[{"@type":"ReadAction","target":["https:\/\/wp-multilingual.com\/sl\/vecjezicni-vticnik-woocommerce\/"]}]},{"@type":"ImageObject","inLanguage":"sl-SI","@id":"https:\/\/wp-multilingual.com\/sl\/vecjezicni-vticnik-woocommerce\/#primaryimage","url":"https:\/\/wp-multilingual.com\/wp-content\/uploads\/sites\/18\/2017\/10\/woocommerce-multilingue-logo.jpg","contentUrl":"https:\/\/wp-multilingual.com\/wp-content\/uploads\/sites\/18\/2017\/10\/woocommerce-multilingue-logo.jpg"},{"@type":"BreadcrumbList","@id":"https:\/\/wp-multilingual.com\/sl\/vecjezicni-vticnik-woocommerce\/#breadcrumb","itemListElement":[{"@type":"ListItem","position":1,"name":"Accueil","item":"https:\/\/wp-multilingual.com\/"},{"@type":"ListItem","position":2,"name":"Ve\u010djezi\u010dni vti\u010dnik WooCommerce"}]},{"@type":"WebSite","@id":"https:\/\/wp-multilingual.com\/el\/#website","url":"https:\/\/wp-multilingual.com\/el\/","name":"wp-multlingual.com","description":"Th\u00e8mes et Plugins Magento","potentialAction":[{"@type":"SearchAction","target":{"@type":"EntryPoint","urlTemplate":"https:\/\/wp-multilingual.com\/el\/?s={search_term_string}"},"query-input":"required name=search_term_string"}],"inLanguage":"sl-SI"}]}},"_links":{"self":[{"href":"https:\/\/wp-multilingual.com\/sl\/wp-json\/wp\/v2\/pages\/827","targetHints":{"allow":["GET"]}}],"collection":[{"href":"https:\/\/wp-multilingual.com\/sl\/wp-json\/wp\/v2\/pages"}],"about":[{"href":"https:\/\/wp-multilingual.com\/sl\/wp-json\/wp\/v2\/types\/page"}],"author":[{"embeddable":true,"href":"https:\/\/wp-multilingual.com\/sl\/wp-json\/wp\/v2\/users\/2"}],"replies":[{"embeddable":true,"href":"https:\/\/wp-multilingual.com\/sl\/wp-json\/wp\/v2\/comments?post=827"}],"version-history":[{"count":1,"href":"https:\/\/wp-multilingual.com\/sl\/wp-json\/wp\/v2\/pages\/827\/revisions"}],"predecessor-version":[{"id":833,"href":"https:\/\/wp-multilingual.com\/sl\/wp-json\/wp\/v2\/pages\/827\/revisions\/833"}],"wp:attachment":[{"href":"https:\/\/wp-multilingual.com\/sl\/wp-json\/wp\/v2\/media?parent=827"}],"curies":[{"name":"wp","href":"https:\/\/api.w.org\/{rel}","templated":true}]}}