{"id":864,"date":"2018-04-06T10:32:28","date_gmt":"2018-04-06T08:32:28","guid":{"rendered":"https:\/\/wp-multilingual.com\/?page_id=864"},"modified":"2018-04-06T10:32:28","modified_gmt":"2018-04-06T08:32:28","slug":"plugins-traducao-wordpress","status":"publish","type":"page","link":"https:\/\/wp-multilingual.com\/pt-br\/plugins-traducao-wordpress\/","title":{"rendered":"Plugins de Tradu\u00e7\u00e3o WordPress: O Top 5 de 2018"},"content":{"rendered":"<h1>Lista de plugins de tradu\u00e7\u00e3o do WordPress<\/h1>\n<p>Procurando por um plugin WordPress que permitir\u00e1 traduzir todo o seu site WordPress \u00e9 unir vers\u00f5es localizadas do seu site? De fato, o WordPress n\u00e3o permite que uma base crie um site multil\u00edngue, o que \u00e9 uma falta real que pode ser rapidamente sentida. Mas, como sempre, a comunidade por tr\u00e1s do WordPress nos forneceu rapidamente solu\u00e7\u00f5es avan\u00e7adas e manuseio simples. Alguns dos plugins de tradu\u00e7\u00e3o do WordPress que vamos apresentar j\u00e1 existem h\u00e1 anos, oferecendo um servi\u00e7o premium, mas os rec\u00e9m-chegados est\u00e3o vindo para remodelar os cart\u00f5es para o nosso prazer.<\/p>\n<p>Gra\u00e7as a esta competi\u00e7\u00e3o saud\u00e1vel, os plugins multil\u00edngues para o WordPress evolu\u00edram, tornando-se cada vez mais simples e integrados com o WordPress, al\u00e9m de serem cada vez mais r\u00e1pidos e seguros. Nossa lista de plugins de tradu\u00e7\u00e3o para o WordPress permitir\u00e1 que voc\u00ea descubra os melhores plugins multil\u00edngues.<\/p>\n<h1>Top Plugins de Tradu\u00e7\u00e3o WordPress<\/h1>\n<p>Querer um site WordPress multilingue \u00e9 destinado a todos os tipos de sites que podem ser feitos com o WordPress, mas tamb\u00e9m em todos os tamanhos de sites. N\u00e3o \u00e9 preciso ser um grande site para aproveitar o multilinguismo com o WordPress.<\/p>\n<p>[su_row]<br \/>\n[su_column size=&#8221;1\/6&#8243;]<img loading=\"lazy\" decoding=\"async\" class=\"aligncenter size-full wp-image-128\" src=\"https:\/\/wp-multilingual.com\/wp-content\/uploads\/sites\/18\/2017\/10\/wpml-wordpress-multilingue-traduction-square.jpg\" alt=\"\" width=\"220\" height=\"190\" \/>[\/su_column]<br \/>\n[su_column size=&#8221;2\/3&#8243;]<\/p>\n<h3>WPML CMS: Melhor Plugin de Tradu\u00e7\u00e3o WordPress<\/h3>\n<p><strong>Em resumo<\/strong>: Depois de anos de uso, o WPML \u00e9 definitivamente o plugin que recomendamos a todos e que usamos em todos os nossos projetos multil\u00edngues. Na sua opini\u00e3o, o que este site usa para sua parte multil\u00edngue? WPML claro! Funcionalidades de tradu\u00e7\u00e3o para o WordPress que s\u00e3o desproporcionais a tudo o que \u00e9 feito no mercado de plugins de tradu\u00e7\u00e3o do WordPress.<\/p>\n<p><strong>O melhor de tudo, o suporte ao WPML CMS gratuitamente <a href=\"https:\/\/wp-multilingue.fr\/plugins-wordpress-compatible-multilingual\/woocommerce-multilingue\/\"> WooCommerce Multilingual <\/a>.<\/strong><br \/>\n<a href=\"\/?page_id=766\">&gt; WPML CMS Plugin de Tradu\u00e7\u00e3o WordPress: A revis\u00e3o completa<\/a><br \/>\n[\/su_column]<br \/>\n[su_column size=&#8221;1\/6&#8243;]<br \/>\n[su_spacer size=&#8221;10&#8243;]<br \/>\n<i class=\"fa fa-star\" style=\"font-size: 25px;color: #1f88a3\"><\/i><i class=\"fa fa-star\" style=\"font-size: 25px;color: #1f88a3\"><\/i><i class=\"fa fa-star\" style=\"font-size: 25px;color: #1f88a3\"><\/i><i class=\"fa fa-star\" style=\"font-size: 25px;color: #1f88a3\"><\/i><i class=\"fa fa-star-half-o\" style=\"font-size: 25px;color: #1f88a3\"><\/i><br \/>\n[su_spacer size=&#8221;40&#8243;]<\/p>\n<p style=\"text-align: center\">[su_button background=&#8221;#1F88A3&#8243; size=&#8221;6&#8243; url=&#8221;https:\/\/wp-theme-plugin.com\/out-wpml&#8221; target=&#8221;blank&#8221;] <strong>Descobrir<\/strong> [\/su_button] [\/su_column]<br \/>\n[\/su_row]<\/p>\n<p>[su_row]<br \/>\n[su_column size=&#8221;1\/6&#8243;]<img loading=\"lazy\" decoding=\"async\" class=\"aligncenter size-full wp-image-129\" src=\"https:\/\/wp-multilingual.com\/wp-content\/uploads\/sites\/18\/2017\/10\/wpml-blog-wordpress-multilingue-traduction-square.jpg\" alt=\"\" width=\"220\" height=\"190\" \/>[\/su_column]<br \/>\n[su_column size=&#8221;2\/3&#8243;]<\/p>\n<h3>WPML Blog: WordPress Bilingual Plugin<\/h3>\n<p><strong>Em resumo<\/strong>: Alguns dir\u00e3o que o WPML \u00e9 uma &#8220;usina de g\u00e1s real&#8221;. A primeira abordagem do WPML pode certamente parecer um pouco desconcertante. Por qu\u00ea ? Porque este plugin leva a gest\u00e3o multil\u00edngue a um n\u00edvel profissional. Mas devemos ainda entender todos os meandros para sair facilmente. Para aqueles que querem um site multil\u00edngue, e isso de forma r\u00e1pida e sem aprendizado, o blog da vers\u00e3o do WPML far\u00e1 voc\u00ea feliz.<\/p>\n<p><strong>Quando o WPML se torna t\u00e3o simples quanto um clique em seu back office.<\/strong><br \/>\n<a href=\"\/?page_id=766\">&gt; WPML Blog Plugin de Tradu\u00e7\u00e3o WordPress: A revis\u00e3o completa<\/a><br \/>\n[\/su_column]<br \/>\n[su_column size=&#8221;1\/6&#8243;]<br \/>\n[su_spacer size=&#8221;10&#8243;]<br \/>\n<i class=\"fa fa-star\" style=\"font-size: 25px;color: #1f88a3\"><\/i><i class=\"fa fa-star\" style=\"font-size: 25px;color: #1f88a3\"><\/i><i class=\"fa fa-star\" style=\"font-size: 25px;color: #1f88a3\"><\/i><i class=\"fa fa-star\" style=\"font-size: 25px;color: #1f88a3\"><\/i><i class=\"fa fa-star-o\" style=\"font-size: 25px;color: #1f88a3\"><\/i><\/p>\n<p>[su_spacer size=&#8221;40&#8243;]<\/p>\n<p style=\"text-align: center\">[su_button background=&#8221;#1F88A3&#8243; size=&#8221;6&#8243; url=&#8221;https:\/\/wp-theme-plugin.com\/out-wpml&#8221; target=&#8221;blank&#8221;] <strong>Descobrir<\/strong> [\/su_button] [\/su_column]<\/p>\n<p>[\/su_row]<br \/>\n[su_row]<br \/>\n[su_column size=&#8221;1\/6&#8243;]<img loading=\"lazy\" decoding=\"async\" class=\"aligncenter size-full wp-image-132\" src=\"https:\/\/wp-multilingual.com\/wp-content\/uploads\/sites\/18\/2017\/10\/qtranslatex-wordpress-multilingue-traduction-square.jpg\" alt=\"\" width=\"220\" height=\"190\" \/>[\/su_column]<br \/>\n[su_column size=&#8221;2\/3&#8243;]<\/p>\n<h3>qTranslate X: Plugin de tradu\u00e7\u00e3o abandonado?<\/h3>\n<p><strong>Em resumo<\/strong>: Com mais de 100.000 sites WordPress que sempre confiam no qTranslateX para garantir a parte de tradu\u00e7\u00e3o do seu site WordPress, poder\u00edamos acreditar que este plugin bem conhecido ainda seria mantido. Mas quando o teste \u00e9 conclu\u00eddo, o qTranslateX n\u00e3o \u00e9 atualizado h\u00e1 um ano. Um plugin simples e eficaz que parece desaparecer pouco a pouco.<\/p>\n<p><strong>QTranslate seria parado ou apenas stand-by?<\/strong><br \/>\n<a href=\"\/?page_id=764\">&gt; qTranslateX Plugin de Tradu\u00e7\u00e3o WordPress: A revis\u00e3o completa<\/a><br \/>\n[\/su_column]<br \/>\n[su_column size=&#8221;1\/6&#8243;]<br \/>\n[su_spacer size=&#8221;10&#8243;]<br \/>\n<i class=\"fa fa-star\" style=\"font-size: 25px;color: #1f88a3\"><\/i><i class=\"fa fa-star\" style=\"font-size: 25px;color: #1f88a3\"><\/i><i class=\"fa fa-star-half-o\" style=\"font-size: 25px;color: #1f88a3\"><\/i><i class=\"fa fa-star-o\" style=\"font-size: 25px;color: #1f88a3\"><\/i><i class=\"fa fa-star-o\" style=\"font-size: 25px;color: #1f88a3\"><\/i><br \/>\n[su_spacer size=&#8221;40&#8243;]<\/p>\n<p style=\"text-align: center\">[su_button background=&#8221;#1F88A3&#8243; size=&#8221;6&#8243; url=&#8221;https:\/\/wp-theme-plugin.com\/out-qtranslatex&#8221; target=&#8221;blank&#8221;] <strong>Descobrir<\/strong> [\/su_button] [\/su_column]<\/p>\n<p>[\/su_row]<\/p>\n<p>[su_row]<br \/>\n[su_column size=&#8221;1\/6&#8243;]<img loading=\"lazy\" decoding=\"async\" class=\"aligncenter size-full wp-image-131\" src=\"https:\/\/wp-multilingual.com\/wp-content\/uploads\/sites\/18\/2017\/10\/multilingualpress-wordpress-multilingue-traduction-square.png\" alt=\"\" width=\"220\" height=\"190\" \/>[\/su_column]<br \/>\n[su_column size=&#8221;2\/3&#8243;]<\/p>\n<h3>MultilingualPress: O plugin de tradu\u00e7\u00e3o que garante<\/h3>\n<p><strong>Em resumo<\/strong>: Quando voc\u00ea \u00e9 a equipe por tr\u00e1s de um dos mais famosos plugins de backup do WordPress, imagino que segurar \u00e9 como uma segunda natureza. Bem, exceto este pequeno jogo de palavras, o MultilingualPress \u00e9 um plugin de tradu\u00e7\u00e3o para o WordPress que oferece a voc\u00ea uma vis\u00e3o inovadora em termos de gerenciamento de idiomas, para que seu site WordPress permane\u00e7a sempre no topo de seu desempenho.<\/p>\n<p><strong>Um novato no mundo da tradu\u00e7\u00e3o do WordPress que far\u00e1 as pessoas falarem.<\/strong><br \/>\n<a href=\"\/?page_id=760\">&gt;MultilingualPress Plugin de Tradu\u00e7\u00e3o WordPress: A revis\u00e3o completa<\/a><br \/>\n[\/su_column]<br \/>\n[su_column size=&#8221;1\/6&#8243;]<br \/>\n[su_spacer size=&#8221;10&#8243;]<br \/>\n<i class=\"fa fa-star\" style=\"font-size: 25px;color: #1f88a3\"><\/i><i class=\"fa fa-star\" style=\"font-size: 25px;color: #1f88a3\"><\/i><i class=\"fa fa-star\" style=\"font-size: 25px;color: #1f88a3\"><\/i><i class=\"fa fa-star\" style=\"font-size: 25px;color: #1f88a3\"><\/i><i class=\"fa fa-star-o\" style=\"font-size: 25px;color: #1f88a3\"><\/i><br \/>\n[su_spacer size=&#8221;40&#8243;]<\/p>\n<p style=\"text-align: center\">[su_button background=&#8221;#1F88A3&#8243; size=&#8221;6&#8243; url=&#8221;https:\/\/wp-theme-plugin.com\/out-multilingual-press&#8221; target=&#8221;blank&#8221;] <strong>Descobrir<\/strong> [\/su_button] [\/su_column]<\/p>\n<p>[\/su_row]<\/p>\n<p>[su_row]<br \/>\n[su_column size=&#8221;1\/6&#8243;]<img loading=\"lazy\" decoding=\"async\" class=\"aligncenter size-full wp-image-130\" src=\"https:\/\/wp-multilingual.com\/wp-content\/uploads\/sites\/18\/2017\/10\/polylang-wordpress-multilingue-traduction-square.png\" alt=\"\" width=\"220\" height=\"190\" \/>[\/su_column]<br \/>\n[su_column size=&#8221;2\/3&#8243;]<\/p>\n<h3>Polylang: O plugin de tradu\u00e7\u00e3o para descobrir<\/h3>\n<p><strong>Em resumo<\/strong>: PolyLang \u00e9 um plugin de tradu\u00e7\u00e3o WordPress que vem se desenvolvendo de forma constante e progressiva h\u00e1 anos. Este plugin est\u00e1 finalmente sob os holofotes e, como tal, conhece muito mais atualiza\u00e7\u00f5es funcionais. Polylang \u00e9 um plugin WordPress multilingue avan\u00e7ado que merece tempo para descobrir a sua vis\u00e3o da tradu\u00e7\u00e3o do WordPress.<br \/>\n<strong>Com todos esses recursos, o Polylang est\u00e1 no topo da cesta.<\/strong><br \/>\n<a href=\"\/?page_id=762\">&gt; polyLang Plugin de Tradu\u00e7\u00e3o WordPress: A revis\u00e3o completa<\/a><br \/>\n[\/su_column]<br \/>\n[su_column size=&#8221;1\/6&#8243;]<br \/>\n[su_spacer size=&#8221;10&#8243;]<br \/>\n<i class=\"fa fa-star\" style=\"font-size: 25px;color: #1f88a3\"><\/i><i class=\"fa fa-star\" style=\"font-size: 25px;color: #1f88a3\"><\/i><i class=\"fa fa-star\" style=\"font-size: 25px;color: #1f88a3\"><\/i><i class=\"fa fa-star\" style=\"font-size: 25px;color: #1f88a3\"><\/i><i class=\"fa fa-star-o\" style=\"font-size: 25px;color: #1f88a3\"><\/i><br \/>\n[su_spacer size=&#8221;40&#8243;]<\/p>\n<p style=\"text-align: center\">[su_button background=&#8221;#1F88A3&#8243; size=&#8221;6&#8243; url=&#8221;https:\/\/wp-theme-plugin.com\/out-polylang&#8221; target=&#8221;blank&#8221;] <strong>Descobrir <\/strong> [\/su_button] [\/su_column]<\/p>\n<p>[\/su_row]<\/p>\n","protected":false},"excerpt":{"rendered":"<p>Lista de plugins de tradu\u00e7\u00e3o do WordPress Procurando por um plugin WordPress que permitir\u00e1 traduzir todo o seu site WordPress \u00e9 unir vers\u00f5es localizadas do seu site? De fato, o WordPress n\u00e3o permite que&#46;&#46;&#46;<\/p>\n","protected":false},"author":2,"featured_media":0,"parent":0,"menu_order":0,"comment_status":"closed","ping_status":"closed","template":"","meta":{"_monsterinsights_skip_tracking":false,"_monsterinsights_sitenote_active":false,"_monsterinsights_sitenote_note":"","_monsterinsights_sitenote_category":0,"footnotes":""},"class_list":["post-864","page","type-page","status-publish","hentry"],"yoast_head":"<!-- This site is optimized with the Yoast SEO plugin v23.1 - https:\/\/yoast.com\/wordpress\/plugins\/seo\/ -->\n<title>Plugins de Tradu\u00e7\u00e3o WordPress: O TOP 5 do WordPress Multilingual<\/title>\n<meta name=\"description\" content=\"Traduzir o seu site WordPress? Isso \u00e9 simples, com o plug-in correto de tradu\u00e7\u00e3o do WordPress. Confira a sele\u00e7\u00e3o dos melhores plugins de tradu\u00e7\u00e3o do WordPress para 2018 imediatamente.\" \/>\n<meta name=\"robots\" content=\"index, follow, max-snippet:-1, max-image-preview:large, max-video-preview:-1\" \/>\n<link rel=\"canonical\" href=\"https:\/\/wp-multilingual.com\/pt-br\/plugins-traducao-wordpress\/\" \/>\n<meta property=\"og:locale\" content=\"pt_BR\" \/>\n<meta property=\"og:type\" content=\"article\" \/>\n<meta property=\"og:title\" content=\"Plugins de Tradu\u00e7\u00e3o WordPress: O TOP 5 do WordPress Multilingual\" \/>\n<meta property=\"og:description\" content=\"Traduzir o seu site WordPress? Isso \u00e9 simples, com o plug-in correto de tradu\u00e7\u00e3o do WordPress. Confira a sele\u00e7\u00e3o dos melhores plugins de tradu\u00e7\u00e3o do WordPress para 2018 imediatamente.\" \/>\n<meta property=\"og:url\" content=\"https:\/\/wp-multilingual.com\/pt-br\/plugins-traducao-wordpress\/\" \/>\n<meta property=\"og:site_name\" content=\"wp-multlingual.com\" \/>\n<meta property=\"og:image\" content=\"https:\/\/wp-multilingual.com\/wp-content\/uploads\/sites\/18\/2017\/10\/wpml-wordpress-multilingue-traduction-square.jpg\" \/>\n<meta name=\"twitter:card\" content=\"summary_large_image\" \/>\n<meta name=\"twitter:label1\" content=\"Est. tempo de leitura\" \/>\n\t<meta name=\"twitter:data1\" content=\"5 minutos\" \/>\n<script type=\"application\/ld+json\" class=\"yoast-schema-graph\">{\"@context\":\"https:\/\/schema.org\",\"@graph\":[{\"@type\":\"WebPage\",\"@id\":\"https:\/\/wp-multilingual.com\/pt-br\/plugins-traducao-wordpress\/\",\"url\":\"https:\/\/wp-multilingual.com\/pt-br\/plugins-traducao-wordpress\/\",\"name\":\"Plugins de Tradu\u00e7\u00e3o WordPress: O TOP 5 do WordPress Multilingual\",\"isPartOf\":{\"@id\":\"https:\/\/wp-multilingual.com\/el\/#website\"},\"primaryImageOfPage\":{\"@id\":\"https:\/\/wp-multilingual.com\/pt-br\/plugins-traducao-wordpress\/#primaryimage\"},\"image\":{\"@id\":\"https:\/\/wp-multilingual.com\/pt-br\/plugins-traducao-wordpress\/#primaryimage\"},\"thumbnailUrl\":\"https:\/\/wp-multilingual.com\/wp-content\/uploads\/sites\/18\/2017\/10\/wpml-wordpress-multilingue-traduction-square.jpg\",\"datePublished\":\"2018-04-06T08:32:28+00:00\",\"dateModified\":\"2018-04-06T08:32:28+00:00\",\"description\":\"Traduzir o seu site WordPress? Isso \u00e9 simples, com o plug-in correto de tradu\u00e7\u00e3o do WordPress. Confira a sele\u00e7\u00e3o dos melhores plugins de tradu\u00e7\u00e3o do WordPress para 2018 imediatamente.\",\"breadcrumb\":{\"@id\":\"https:\/\/wp-multilingual.com\/pt-br\/plugins-traducao-wordpress\/#breadcrumb\"},\"inLanguage\":\"pt-BR\",\"potentialAction\":[{\"@type\":\"ReadAction\",\"target\":[\"https:\/\/wp-multilingual.com\/pt-br\/plugins-traducao-wordpress\/\"]}]},{\"@type\":\"ImageObject\",\"inLanguage\":\"pt-BR\",\"@id\":\"https:\/\/wp-multilingual.com\/pt-br\/plugins-traducao-wordpress\/#primaryimage\",\"url\":\"https:\/\/wp-multilingual.com\/wp-content\/uploads\/sites\/18\/2017\/10\/wpml-wordpress-multilingue-traduction-square.jpg\",\"contentUrl\":\"https:\/\/wp-multilingual.com\/wp-content\/uploads\/sites\/18\/2017\/10\/wpml-wordpress-multilingue-traduction-square.jpg\"},{\"@type\":\"BreadcrumbList\",\"@id\":\"https:\/\/wp-multilingual.com\/pt-br\/plugins-traducao-wordpress\/#breadcrumb\",\"itemListElement\":[{\"@type\":\"ListItem\",\"position\":1,\"name\":\"Accueil\",\"item\":\"https:\/\/wp-multilingual.com\/\"},{\"@type\":\"ListItem\",\"position\":2,\"name\":\"Plugins de Tradu\u00e7\u00e3o WordPress: O Top 5 de 2018\"}]},{\"@type\":\"WebSite\",\"@id\":\"https:\/\/wp-multilingual.com\/el\/#website\",\"url\":\"https:\/\/wp-multilingual.com\/el\/\",\"name\":\"wp-multlingual.com\",\"description\":\"Th\u00e8mes et Plugins Magento\",\"potentialAction\":[{\"@type\":\"SearchAction\",\"target\":{\"@type\":\"EntryPoint\",\"urlTemplate\":\"https:\/\/wp-multilingual.com\/el\/?s={search_term_string}\"},\"query-input\":\"required name=search_term_string\"}],\"inLanguage\":\"pt-BR\"}]}<\/script>\n<!-- \/ Yoast SEO plugin. -->","yoast_head_json":{"title":"Plugins de Tradu\u00e7\u00e3o WordPress: O TOP 5 do WordPress Multilingual","description":"Traduzir o seu site WordPress? Isso \u00e9 simples, com o plug-in correto de tradu\u00e7\u00e3o do WordPress. Confira a sele\u00e7\u00e3o dos melhores plugins de tradu\u00e7\u00e3o do WordPress para 2018 imediatamente.","robots":{"index":"index","follow":"follow","max-snippet":"max-snippet:-1","max-image-preview":"max-image-preview:large","max-video-preview":"max-video-preview:-1"},"canonical":"https:\/\/wp-multilingual.com\/pt-br\/plugins-traducao-wordpress\/","og_locale":"pt_BR","og_type":"article","og_title":"Plugins de Tradu\u00e7\u00e3o WordPress: O TOP 5 do WordPress Multilingual","og_description":"Traduzir o seu site WordPress? Isso \u00e9 simples, com o plug-in correto de tradu\u00e7\u00e3o do WordPress. Confira a sele\u00e7\u00e3o dos melhores plugins de tradu\u00e7\u00e3o do WordPress para 2018 imediatamente.","og_url":"https:\/\/wp-multilingual.com\/pt-br\/plugins-traducao-wordpress\/","og_site_name":"wp-multlingual.com","og_image":[{"url":"https:\/\/wp-multilingual.com\/wp-content\/uploads\/sites\/18\/2017\/10\/wpml-wordpress-multilingue-traduction-square.jpg"}],"twitter_card":"summary_large_image","twitter_misc":{"Est. tempo de leitura":"5 minutos"},"schema":{"@context":"https:\/\/schema.org","@graph":[{"@type":"WebPage","@id":"https:\/\/wp-multilingual.com\/pt-br\/plugins-traducao-wordpress\/","url":"https:\/\/wp-multilingual.com\/pt-br\/plugins-traducao-wordpress\/","name":"Plugins de Tradu\u00e7\u00e3o WordPress: O TOP 5 do WordPress Multilingual","isPartOf":{"@id":"https:\/\/wp-multilingual.com\/el\/#website"},"primaryImageOfPage":{"@id":"https:\/\/wp-multilingual.com\/pt-br\/plugins-traducao-wordpress\/#primaryimage"},"image":{"@id":"https:\/\/wp-multilingual.com\/pt-br\/plugins-traducao-wordpress\/#primaryimage"},"thumbnailUrl":"https:\/\/wp-multilingual.com\/wp-content\/uploads\/sites\/18\/2017\/10\/wpml-wordpress-multilingue-traduction-square.jpg","datePublished":"2018-04-06T08:32:28+00:00","dateModified":"2018-04-06T08:32:28+00:00","description":"Traduzir o seu site WordPress? Isso \u00e9 simples, com o plug-in correto de tradu\u00e7\u00e3o do WordPress. Confira a sele\u00e7\u00e3o dos melhores plugins de tradu\u00e7\u00e3o do WordPress para 2018 imediatamente.","breadcrumb":{"@id":"https:\/\/wp-multilingual.com\/pt-br\/plugins-traducao-wordpress\/#breadcrumb"},"inLanguage":"pt-BR","potentialAction":[{"@type":"ReadAction","target":["https:\/\/wp-multilingual.com\/pt-br\/plugins-traducao-wordpress\/"]}]},{"@type":"ImageObject","inLanguage":"pt-BR","@id":"https:\/\/wp-multilingual.com\/pt-br\/plugins-traducao-wordpress\/#primaryimage","url":"https:\/\/wp-multilingual.com\/wp-content\/uploads\/sites\/18\/2017\/10\/wpml-wordpress-multilingue-traduction-square.jpg","contentUrl":"https:\/\/wp-multilingual.com\/wp-content\/uploads\/sites\/18\/2017\/10\/wpml-wordpress-multilingue-traduction-square.jpg"},{"@type":"BreadcrumbList","@id":"https:\/\/wp-multilingual.com\/pt-br\/plugins-traducao-wordpress\/#breadcrumb","itemListElement":[{"@type":"ListItem","position":1,"name":"Accueil","item":"https:\/\/wp-multilingual.com\/"},{"@type":"ListItem","position":2,"name":"Plugins de Tradu\u00e7\u00e3o WordPress: O Top 5 de 2018"}]},{"@type":"WebSite","@id":"https:\/\/wp-multilingual.com\/el\/#website","url":"https:\/\/wp-multilingual.com\/el\/","name":"wp-multlingual.com","description":"Th\u00e8mes et Plugins Magento","potentialAction":[{"@type":"SearchAction","target":{"@type":"EntryPoint","urlTemplate":"https:\/\/wp-multilingual.com\/el\/?s={search_term_string}"},"query-input":"required name=search_term_string"}],"inLanguage":"pt-BR"}]}},"_links":{"self":[{"href":"https:\/\/wp-multilingual.com\/pt-br\/wp-json\/wp\/v2\/pages\/864","targetHints":{"allow":["GET"]}}],"collection":[{"href":"https:\/\/wp-multilingual.com\/pt-br\/wp-json\/wp\/v2\/pages"}],"about":[{"href":"https:\/\/wp-multilingual.com\/pt-br\/wp-json\/wp\/v2\/types\/page"}],"author":[{"embeddable":true,"href":"https:\/\/wp-multilingual.com\/pt-br\/wp-json\/wp\/v2\/users\/2"}],"replies":[{"embeddable":true,"href":"https:\/\/wp-multilingual.com\/pt-br\/wp-json\/wp\/v2\/comments?post=864"}],"version-history":[{"count":1,"href":"https:\/\/wp-multilingual.com\/pt-br\/wp-json\/wp\/v2\/pages\/864\/revisions"}],"predecessor-version":[{"id":868,"href":"https:\/\/wp-multilingual.com\/pt-br\/wp-json\/wp\/v2\/pages\/864\/revisions\/868"}],"wp:attachment":[{"href":"https:\/\/wp-multilingual.com\/pt-br\/wp-json\/wp\/v2\/media?parent=864"}],"curies":[{"name":"wp","href":"https:\/\/api.w.org\/{rel}","templated":true}]}}