{"id":824,"date":"2018-04-05T18:05:05","date_gmt":"2018-04-05T16:05:05","guid":{"rendered":"https:\/\/wp-multilingual.com\/?page_id=824"},"modified":"2018-04-05T18:05:05","modified_gmt":"2018-04-05T16:05:05","slug":"plugin-multilingue-de-woocommerce","status":"publish","type":"page","link":"https:\/\/wp-multilingual.com\/pt-br\/plugin-multilingue-de-woocommerce\/","title":{"rendered":"Plugin Multilingue de WooCommerce"},"content":{"rendered":"<p>[su_quote cite=&#8221;Built With&#8221; url=&#8221;https:\/\/builtwith.com\/ecommerce\/&#8221; target=&#8221;blank&#8221;]Em apenas tr\u00eas anos, o WooCommerce j\u00e1 movimenta 41% dos sites de e-commerce no mundo e em breve ultrapassar\u00e1 o Magento em seu pr\u00f3prio territ\u00f3rio, o das contas-chave de sites de e-commerce.[\/su_quote]<\/p>\n<p><img loading=\"lazy\" decoding=\"async\" src=\"https:\/\/wp-multilingual.com\/wp-content\/uploads\/sites\/18\/2017\/10\/woocommerce-multilingue-logo.jpg\" alt=\"\" width=\"150\" height=\"150\" class=\"alignleft size-full wp-image-137\" \/>N\u00e3o h\u00e1 cinco anos, acreditando que o WordPress seria capaz de fornecer todos os recursos oferecidos pelo CMS especializado no setor, como Magento ou Prestashop foi uma leve insanidade.<br \/>\nEm menos de 3 anos, o WordPress surgiu como a solu\u00e7\u00e3o essencial em termos de com\u00e9rcio eletr\u00f4nico, e isso gra\u00e7as ao plugin WooCommerce. Quem ele mesmo n\u00e3o teria nascido sem o projeto JigoShop que ele \u00e9 um garfo. Com o advento de uma vers\u00e3o 3.9 do WordPress capaz de extrema flexibilidade e um WooCommerce para a interface de administra\u00e7\u00e3o, o eCommerce do planeta literalmente mudou sua face em um piscar de olhos. O que foi improv\u00e1vel se tornou realidade, o eCommerce n\u00e3o pode mais ficar sem o WooCommerce. Um ecossistema completo surgiu em torno do WooCommerce. H\u00e1 tudo o que poderia estar faltando no WooCommerce. N\u00e3o que isso seja particularmente necess\u00e1rio, portanto, o WooCommerce oferece um impressionante n\u00edvel de funcionalidade para configurar um site de com\u00e9rcio eletr\u00f4nico em nenhum momento.<br \/>\n\u00danica desvantagem, a \u00fanica falta que faz WooCommerce continua a lutar com grandes contas: a falta de suporte nativo do multilingue. No entanto, existe um plugin que permitir\u00e1:<\/p>\n<ul>\n<li> Traduza todos os tipos de produtos (\u00fanicos ou vari\u00e1veis) <\/li>\n<li> Acesso a uma interface de gerenciamento de convers\u00e3o de produtos dedicada <\/li>\n<li> Traduza todos os tipos de produtos (\u00fanicos ou vari\u00e1veis) <\/li>\n<li> Traduza todo o processo do pedido (confira) <\/li>\n<li> Enviando e-mails transacionais no idioma do cliente <\/li>\n<li> Um estoque de produto unificado, n\u00e3o dividido por idioma <\/li>\n<li> Permite suporte a diferentes moedas em um site WooCommerce <\/li>\n<\/ul>\n<p>Adicionar recursos multil\u00edng\u00fces a um site WooCommerce parece essencial para todas as lojas, mesmo as mais modestas. Internet permite que voc\u00ea entregue em todo o mundo. Voc\u00ea sabia que quase todos os segundos compradores europeus nunca compraram em um site de com\u00e9rcio eletr\u00f4nico que n\u00e3o fala o idioma deles? O tempo necess\u00e1rio para implementar um site de com\u00e9rcio eletr\u00f4nico multil\u00edng\u00fce n\u00e3o deve ser subestimado. Escolher o plug-in WooCommerce multil\u00edngue correto \u00e9 optar por otimizar seu tempo de trabalho.<\/p>\n<p>[su_row]<br \/>\n[su_column size=&#8221;1\/6&#8243;]<img loading=\"lazy\" decoding=\"async\" src=\"https:\/\/wp-multilingual.com\/wp-content\/uploads\/sites\/18\/2017\/10\/wpml-wordpress-multilingue-traduction-square.jpg\" alt=\"\" width=\"220\" height=\"190\" class=\"aligncenter size-full wp-image-128\" \/>[\/su_column]<br \/>\n[su_column size=&#8221;2\/3&#8243;]<\/p>\n<h3>WPML: 100% Multilingual WooCommerce<\/h3>\n<p><strong>In Brief<\/strong>: O WPML oferece-nos um m\u00f3dulo para o seu famoso plugin WPML CMS para suportar 100% WooCommerce. Este plugin \u00e9 chamado WooCommerce Multilingual. Com um nome como esse, n\u00f3s dois suspeitamos do que ele far\u00e1, e estamos lidando com o primeiro plug-in multil\u00edng\u00fce do WooCommerce no mercado, e ainda operacional. O WPML vem se especializando em sites multil\u00edng\u00fces do WordPress h\u00e1 muitos anos.<\/p>\n<p><strong>Um site multil\u00edngue de WooCommerce? Esta \u00e9 a especialidade dele, n\u00e3o \u00e9 preciso procurar.<\/strong><\/p>\n<p>[\/su_column]<br \/>\n[su_column size=&#8221;1\/6&#8243;]<i>[su_spacer size=&#8221;20&#8243;]<\/i><\/p>\n<p style=\"text-align: center\"><i class=\"fa fa-star\"><\/i><i class=\"fa fa-star\"><\/i><i class=\"fa fa-star\"><\/i><i class=\"fa fa-star\"><\/i><i class=\"fa fa-star-half-o\"><\/i><br \/>\n<i>A partir de $ 29<\/i><\/p>\n<p>[su_button background=&#8221;#FF2F3B&#8221; size=&#8221;6&#8243; url=&#8221;https:\/\/wp-theme-plugin.com\/out-wpml&#8221; target=&#8221;blank&#8221;]<strong>Descobrir<\/strong> [\/su_button] [\/su_column]<br \/>\n[\/su_row]<\/p>\n<p>Mas a prop\u00f3sito &#8230; O que \u00e9 um site WooCommerce multil\u00edng\u00fce?<\/p>\n<h1>WooCommerce multilingue? Por qu\u00ea ? Como?<\/h1>\n<p>Basically, we are talking about allowing WooCommerce to be multilingual. But what are we talking about exactly? Let&#8217;s find out what we can expect from a very good translation and multilingual management plugin for WooCommerce.<\/p>\n<h2>Integra\u00e7\u00e3o WordPress<\/h2>\n<p>Eu gosto de empurrar as portas abertas:) Mas antes de ser um plugin para o WooCommerce, o plugin que voc\u00ea vai lembrar de fazer o seu site multil\u00edngue deve em primeiro lugar ser compat\u00edvel com o WordPress. Eu tinha avisado &#8230; porta aberta &#8230; Tosse &#8230; Dito assim, pode parecer um pouco bobo. Mas pense nisso por um segundo. Afinal, a instala\u00e7\u00e3o do WordPress pode n\u00e3o ser t\u00e3o cl\u00e1ssica quanto parece \u00e0 primeira vista. Um exemplo que encontramos com muita frequ\u00eancia: o suporte da vers\u00e3o multisite do WordPress. Ok, isso n\u00e3o preocupa a todos, mas mostra que antes de pensar no suporte do WooCommerce, devemos fazer a pergunta de suporte para o WordPress em si. Eu diria mesmo suporte para o seu WordPress. Outro plugin pode vir a causar problemas como plugins de seguran\u00e7a, por exemplo.<br \/>\nOu diga a prop\u00f3sito: todos os plugins que permitem que o WooCommerce tenha funcionalidades multil\u00edng\u00fces est\u00e3o muito longe de suportar o WordPress na vers\u00e3o multi-site. Tenha cuidado se voc\u00ea gosta dessa configura\u00e7\u00e3o do WordPress.<\/p>\n<h2>Integra\u00e7\u00e3o WooCommerce<\/h2>\n<p>Ok, neste ponto, estamos certos da nossa configura\u00e7\u00e3o do WordPress e seu suporte pelo plugin em que jogamos o nosso devolute. Agora vamos ver como ele se comporta com o WooCommerce. Por isso, v\u00e1rios pontos de vigil\u00e2ncia:<\/p>\n<ul>\n<li> Quantos idiomas podemos ter? <\/li>\n<li> Como a tradu\u00e7\u00e3o aparece no back office? <\/li>\n<li> O plug-in gerencia diferentes moedas por idioma? <\/li>\n<li> O plug-in fornece um acompanhamento preciso do que est\u00e1 sendo traduzido, traduzido e n\u00e3o traduzido? <\/li>\n<li> O t\u00fanel de compra estar\u00e1 localizado no idioma do usu\u00e1rio? <\/li>\n<li> Os emails transacionais chegam no idioma do usu\u00e1rio? <\/li>\n<\/ul>\n<p>Offering a multilingual plugin is much more than offering to translate product listings when it comes to WooCommerce. The support of multilingual WooCommerce requires a real integration pushed that very few plugins can claim to do well and 100%.<\/p>\n<h2>Gerenciamento de m\u00eddia<\/h2>\n<p>Pode parecer nada. Mas voc\u00ea j\u00e1 pensou que \u00e9 poss\u00edvel ser for\u00e7ado a baixar para cada vers\u00e3o do idioma de um produto, o conjunto de imagens associadas? Se temos dez produtos em nosso site, isso n\u00e3o \u00e9 grande coisa. Mas se tivermos 200 produtos e cada produto tiver entre tr\u00eas e cinco imagens, deixo voc\u00ea imaginar os pesadelos organizacionais que isso \u00e9. Ao melhor ? Escolha um plug-in multil\u00edng\u00fce do WooCommerce que gerencie de maneira inteligente a m\u00eddia associada aos seus produtos WooCommerce.<\/p>\n<h2>SEO e multilingue<\/h2>\n<p>Vamos fazer um ponto. Para que um plugin WooCommerce multil\u00edngue seja interessante, ele j\u00e1 deve preencher uma lista sagrada de condi\u00e7\u00f5es sem as quais \u00e9 melhor seguir o seu caminho:<\/p>\n<ul>\n<li> Seja compat\u00edvel com o WordPress <\/li>\n<li> S\u00e9rio segurado na parte WooCommerce (produto, check-out, e-mails transacionais &#8230;) <\/li>\n<li> Gerencia bem a m\u00eddia <\/li>\n<\/ul>\n<p>Agora vamos falar sobre o SEO natural da sua loja de com\u00e9rcio eletr\u00f4nico WooCommerce. \u00c9 uma aposta segura que, mesmo que este n\u00e3o seja o seu principal objetivo, a tradu\u00e7\u00e3o do seu site WooComerce ser\u00e1 feita com a ideia de aumentar o seu SEO; Pelo menos um pouco. E se usar um plug-in multil\u00edng\u00fce do WooCommerce n\u00e3o o ajudasse, mas destru\u00edsse seu trabalho de SEO?<br \/>\nGarantir que o SEO \u00e9 um foco importante para as equipes por tr\u00e1s do plug-in multil\u00edng\u00fce do WooCommerce que voc\u00ea escolhe \u00e9 definitivamente essencial.<br \/>\nO que nos leva ao pr\u00f3ximo assunto &#8230;<\/p>\n<h2>Suporta plugins de terceiros<\/h2>\n<p>Antes de ser um plugin WooCommerce, qualquer plugin \u00e9 um plugin do WordPress. Eu j\u00e1 disse isso. Mas vai al\u00e9m do que voc\u00ea pode ter pensado. Ser\u00e1 necess\u00e1rio que este plugin seja capaz de interagir com todos os plugins que ir\u00e3o interagir no seu WooCommerce e WordPress de forma mais ampla. Para retornar ao SEO, um bom plugin WooCommerce multilingue deve nos permitir continuar usando qualquer plugin SEO para o WordPress, e isso por idioma. este trabalho n\u00e3o pode ser feito pelas equipes respons\u00e1veis pelo plugin em quest\u00e3o. Cabe \u00e0 comunidade escolher quem eles v\u00e3o apoiar. Neste joguinho, apenas o WPML foge com os parab\u00e9ns do j\u00fari.<br \/>\nSe tivermos que contar todos os plugins que comp\u00f5em o universo WooCommerce em termos de interoperabilidade, devemos tamb\u00e9m considerar a sa\u00edda de texto criada pelos pr\u00f3prios plugins. \u00c9 essencial que o seu plugin WooCommerce permita que voc\u00ea venha e traduza estas strings sem abrir o c\u00f3digo fonte do plugin em quest\u00e3o.<\/p>\n<h2>Suporte a temas de terceiros<\/h2>\n<p>Voc\u00ea acha que finalmente encontrou o tema WordPress que correspondia ao que voc\u00ea procurava h\u00e1 tanto tempo. Voc\u00ea instala. Voc\u00ea tamb\u00e9m decide tornar sua loja uma loja multil\u00edngue da WooCommerce. E l\u00e1, desastre, seu plugin e seu tema n\u00e3o s\u00e3o compat\u00edveis. Por qu\u00ea ? Porque quanto aos plugins, \u00e9 o desenvolvedor do tema para garantir que o plugin seja 100% suportado. \u00c9 garantido que o suporte avan\u00e7ado para um plugin em particular tenha um recurso plug&#8217;n play. Olhe bem de perto, voc\u00ea ver\u00e1 que quase todos os temas de mercado s\u00e3o oficialmente compat\u00edveis com o WPML. \u00c9 isso para garantir o melhor plugin multil\u00edngue para o WordPress por anos.<\/p>\n<h2>Recursos avan\u00e7ados ++<\/h2>\n<p>E se o seu plug-in fez mais do que &#8220;apenas&#8221; para tornar o seu site WooCommerce multilingue? E se ele pudesse te oferecer mais.<br \/>\nSe todas as condi\u00e7\u00f5es forem cumpridas, sempre se divirta. Como tal, poder\u00edamos, por exemplo, ter:<\/p>\n<ul>\n<li> Um redirecionamento autom\u00e1tico de acordo com o idioma do usu\u00e1rio <\/li>\n<li> Gerenciamento de idiomas em subdom\u00ednios <\/li>\n<li> O gerenciamento de idiomas em TLDs separados (monsite.fr, mywebsite.com, meinewebsite.de &#8230;) <\/li>\n<li> A cria\u00e7\u00e3o de produtos vinculados ou n\u00e3o por idiomas <\/li>\n<li> Acesso a uma interface dedicada \u00e0 tradu\u00e7\u00e3o <\/li>\n<li> Criando um novo tipo de usu\u00e1rio para mais seguran\u00e7a e simplicidade: tradutores. <\/li>\n<\/ul>\n<p>[su_row]<br \/>\n[su_column size=&#8221;1\/3&#8243;]<img loading=\"lazy\" decoding=\"async\" src=\"https:\/\/wp-multilingual.com\/wp-content\/uploads\/sites\/18\/2017\/10\/wpml-wordpress-multilingue-traduction-square.jpg\" alt=\"\" width=\"220\" height=\"190\" class=\"aligncenter size-full wp-image-128\" \/><\/p>\n<p style=\"text-align: center\">\n[su_button background=&#8221;#FF2F3B&#8221; size=&#8221;6&#8243; url=&#8221;https:\/\/wp-theme-plugin.com\/out-wpml&#8221; target=&#8221;blank&#8221;]<strong>Descobrir<\/strong> [\/su_button]<\/p>\n<p>[\/su_column]<br \/>\n[su_column size=&#8221;2\/3&#8243;]<\/p>\n<h3>WPML: O melhor do WooCommerce multilingue<\/h3>\n<p><strong>Em resumo<\/strong>: O WPML levou anos de avan\u00e7os no gerenciamento multil\u00edng\u00fce sob o WooCommerce e ainda mais fortemente no WordPress em geral. Com isso em mente, o WPML oferece-nos com o WooCommerce Multilingual um plugin que garante tudo o que um bom plugin multil\u00edngue deve saber fazer bem. Al\u00e9m disso, nos oferece acesso a recursos avan\u00e7ados particularmente valiosos.<\/p>\n<p><strong>O WooCommerce Multilingual oferece uma interface de administra\u00e7\u00e3o multil\u00edng\u00fce real para o WooCommerce.<\/strong><\/p>\n<p>[\/su_column]<br \/>\n[\/su_row]<\/p>\n<p>[su_divider top=&#8221;no&#8221; style=&#8221;dotted&#8221; size=&#8221;2&#8243;]<\/p>\n<h1>Mais recursos no WooCommerce<\/h1>\n<p>WooCommerce \u00e9 um assunto vasto. Falando da vers\u00e3o multil\u00edngue da WooCommerce, abordamos apenas o WooCommerce em uma de suas muitas facetas. Sugerimos que voc\u00ea continue lendo sobre o WooCommerce nos seguintes t\u00f3picos:<\/p>\n<h3>Onde hospedar seu site WooCommerce?<\/h3>\n<p><strong>Hospedagem WooCommerce<\/strong> : Um site WooCommerce deve estar sempre no topo de seu desempenho e acessibilidade. Sua hospedagem na web \u00e9 o cora\u00e7\u00e3o dessas duas quest\u00f5es importantes. Escolher o host certo \u00e9 essencial. Voc\u00ea sabia que existem hosts totalmente planejados e seguros para o WooCommerce?<br \/>\n[su_row]<br \/>\n[su_column size=&#8221;2\/3&#8243;]<strong>Ajud\u00e1-lo a fazer a escolha de hospedagem WooCommerce que fornece.<\/strong>[\/su_column]<br \/>\n[su_column size=&#8221;1\/3&#8243;][su_button background=&#8221;#FF2F3B&#8221; size=&#8221;6&#8243; url=&#8221;https:\/\/woo-hosting.com&#8221; target=&#8221;blank&#8221;]<strong>Hospedagem WooCommerce<\/strong> [\/su_button] [\/su_column]<br \/>\n[\/su_row]<\/p>\n<h3>Quais plugins e temas para o WooCommerce?<\/h3>\n<p><strong>Temas e plugins do WooCommerce<\/strong>:Um site WooCommerce deve estar sempre no topo de seu desempenho e acessibilidade. Sua hospedagem na web \u00e9 o cora\u00e7\u00e3o dessas duas quest\u00f5es importantes. Escolher o host certo \u00e9 essencial. Voc\u00ea sabia que existem hosts totalmente planejados e seguros para o WooCommerce?<br \/>\n[su_row]<br \/>\n[su_column size=&#8221;2\/3&#8243;]<strong>Ajud\u00e1-lo a fazer a escolha de hospedagem WooCommerce que fornece.<\/strong>[\/su_column]<br \/>\n[su_column size=&#8221;1\/3&#8243;][su_button background=&#8221;#FF2F3B&#8221; size=&#8221;6&#8243; url=&#8221;https:\/\/woo-themes-plugins.com\/en&#8221; target=&#8221;blank&#8221;]<strong>Temas e Plugins do WooCommerce<\/strong> [\/su_button] [\/su_column]<br \/>\n[\/su_row]<br \/>\n[su_divider top=&#8221;no&#8221; style=&#8221;dotted&#8221; size=&#8221;2&#8243;]<\/p>\n","protected":false},"excerpt":{"rendered":"<p>[su_quote cite=&#8221;Built With&#8221; url=&#8221;https:\/\/builtwith.com\/ecommerce\/&#8221; target=&#8221;blank&#8221;]Em apenas tr\u00eas anos, o WooCommerce j\u00e1 movimenta 41% dos sites de e-commerce no mundo e em breve ultrapassar\u00e1 o Magento em seu pr\u00f3prio territ\u00f3rio, o das contas-chave de sites&#46;&#46;&#46;<\/p>\n","protected":false},"author":2,"featured_media":0,"parent":0,"menu_order":0,"comment_status":"closed","ping_status":"closed","template":"","meta":{"_monsterinsights_skip_tracking":false,"_monsterinsights_sitenote_active":false,"_monsterinsights_sitenote_note":"","_monsterinsights_sitenote_category":0,"footnotes":""},"class_list":["post-824","page","type-page","status-publish","hentry"],"yoast_head":"<!-- This site is optimized with the Yoast SEO plugin v23.1 - https:\/\/yoast.com\/wordpress\/plugins\/seo\/ -->\n<title>Plugin Multilingue WooCommerce \/ Traduza seu Site WP eCommerce<\/title>\n<meta name=\"description\" content=\"Precisa traduzir um site WooCommerce ou precisa criar verdadeiras lojas multil\u00edng\u00fces e internacionalizadas gra\u00e7as ao WooCommerce? Confira o WooCommerce Multilingual Plugin agora.\" \/>\n<meta name=\"robots\" content=\"index, follow, max-snippet:-1, max-image-preview:large, max-video-preview:-1\" \/>\n<link rel=\"canonical\" href=\"https:\/\/wp-multilingual.com\/pt-br\/plugin-multilingue-de-woocommerce\/\" \/>\n<meta property=\"og:locale\" content=\"pt_BR\" \/>\n<meta property=\"og:type\" content=\"article\" \/>\n<meta property=\"og:title\" content=\"Plugin Multilingue WooCommerce \/ Traduza seu Site WP eCommerce\" \/>\n<meta property=\"og:description\" content=\"Precisa traduzir um site WooCommerce ou precisa criar verdadeiras lojas multil\u00edng\u00fces e internacionalizadas gra\u00e7as ao WooCommerce? Confira o WooCommerce Multilingual Plugin agora.\" \/>\n<meta property=\"og:url\" content=\"https:\/\/wp-multilingual.com\/pt-br\/plugin-multilingue-de-woocommerce\/\" \/>\n<meta property=\"og:site_name\" content=\"wp-multlingual.com\" \/>\n<meta property=\"og:image\" content=\"https:\/\/wp-multilingual.com\/wp-content\/uploads\/sites\/18\/2017\/10\/woocommerce-multilingue-logo.jpg\" \/>\n<meta name=\"twitter:card\" content=\"summary_large_image\" \/>\n<meta name=\"twitter:label1\" content=\"Est. tempo de leitura\" \/>\n\t<meta name=\"twitter:data1\" content=\"10 minutos\" \/>\n<script type=\"application\/ld+json\" class=\"yoast-schema-graph\">{\"@context\":\"https:\/\/schema.org\",\"@graph\":[{\"@type\":\"WebPage\",\"@id\":\"https:\/\/wp-multilingual.com\/pt-br\/plugin-multilingue-de-woocommerce\/\",\"url\":\"https:\/\/wp-multilingual.com\/pt-br\/plugin-multilingue-de-woocommerce\/\",\"name\":\"Plugin Multilingue WooCommerce \/ Traduza seu Site WP eCommerce\",\"isPartOf\":{\"@id\":\"https:\/\/wp-multilingual.com\/el\/#website\"},\"primaryImageOfPage\":{\"@id\":\"https:\/\/wp-multilingual.com\/pt-br\/plugin-multilingue-de-woocommerce\/#primaryimage\"},\"image\":{\"@id\":\"https:\/\/wp-multilingual.com\/pt-br\/plugin-multilingue-de-woocommerce\/#primaryimage\"},\"thumbnailUrl\":\"https:\/\/wp-multilingual.com\/wp-content\/uploads\/sites\/18\/2017\/10\/woocommerce-multilingue-logo.jpg\",\"datePublished\":\"2018-04-05T16:05:05+00:00\",\"dateModified\":\"2018-04-05T16:05:05+00:00\",\"description\":\"Precisa traduzir um site WooCommerce ou precisa criar verdadeiras lojas multil\u00edng\u00fces e internacionalizadas gra\u00e7as ao WooCommerce? Confira o WooCommerce Multilingual Plugin agora.\",\"breadcrumb\":{\"@id\":\"https:\/\/wp-multilingual.com\/pt-br\/plugin-multilingue-de-woocommerce\/#breadcrumb\"},\"inLanguage\":\"pt-BR\",\"potentialAction\":[{\"@type\":\"ReadAction\",\"target\":[\"https:\/\/wp-multilingual.com\/pt-br\/plugin-multilingue-de-woocommerce\/\"]}]},{\"@type\":\"ImageObject\",\"inLanguage\":\"pt-BR\",\"@id\":\"https:\/\/wp-multilingual.com\/pt-br\/plugin-multilingue-de-woocommerce\/#primaryimage\",\"url\":\"https:\/\/wp-multilingual.com\/wp-content\/uploads\/sites\/18\/2017\/10\/woocommerce-multilingue-logo.jpg\",\"contentUrl\":\"https:\/\/wp-multilingual.com\/wp-content\/uploads\/sites\/18\/2017\/10\/woocommerce-multilingue-logo.jpg\"},{\"@type\":\"BreadcrumbList\",\"@id\":\"https:\/\/wp-multilingual.com\/pt-br\/plugin-multilingue-de-woocommerce\/#breadcrumb\",\"itemListElement\":[{\"@type\":\"ListItem\",\"position\":1,\"name\":\"Accueil\",\"item\":\"https:\/\/wp-multilingual.com\/\"},{\"@type\":\"ListItem\",\"position\":2,\"name\":\"Plugin Multilingue de WooCommerce\"}]},{\"@type\":\"WebSite\",\"@id\":\"https:\/\/wp-multilingual.com\/el\/#website\",\"url\":\"https:\/\/wp-multilingual.com\/el\/\",\"name\":\"wp-multlingual.com\",\"description\":\"Th\u00e8mes et Plugins Magento\",\"potentialAction\":[{\"@type\":\"SearchAction\",\"target\":{\"@type\":\"EntryPoint\",\"urlTemplate\":\"https:\/\/wp-multilingual.com\/el\/?s={search_term_string}\"},\"query-input\":\"required name=search_term_string\"}],\"inLanguage\":\"pt-BR\"}]}<\/script>\n<!-- \/ Yoast SEO plugin. -->","yoast_head_json":{"title":"Plugin Multilingue WooCommerce \/ Traduza seu Site WP eCommerce","description":"Precisa traduzir um site WooCommerce ou precisa criar verdadeiras lojas multil\u00edng\u00fces e internacionalizadas gra\u00e7as ao WooCommerce? Confira o WooCommerce Multilingual Plugin agora.","robots":{"index":"index","follow":"follow","max-snippet":"max-snippet:-1","max-image-preview":"max-image-preview:large","max-video-preview":"max-video-preview:-1"},"canonical":"https:\/\/wp-multilingual.com\/pt-br\/plugin-multilingue-de-woocommerce\/","og_locale":"pt_BR","og_type":"article","og_title":"Plugin Multilingue WooCommerce \/ Traduza seu Site WP eCommerce","og_description":"Precisa traduzir um site WooCommerce ou precisa criar verdadeiras lojas multil\u00edng\u00fces e internacionalizadas gra\u00e7as ao WooCommerce? Confira o WooCommerce Multilingual Plugin agora.","og_url":"https:\/\/wp-multilingual.com\/pt-br\/plugin-multilingue-de-woocommerce\/","og_site_name":"wp-multlingual.com","og_image":[{"url":"https:\/\/wp-multilingual.com\/wp-content\/uploads\/sites\/18\/2017\/10\/woocommerce-multilingue-logo.jpg"}],"twitter_card":"summary_large_image","twitter_misc":{"Est. tempo de leitura":"10 minutos"},"schema":{"@context":"https:\/\/schema.org","@graph":[{"@type":"WebPage","@id":"https:\/\/wp-multilingual.com\/pt-br\/plugin-multilingue-de-woocommerce\/","url":"https:\/\/wp-multilingual.com\/pt-br\/plugin-multilingue-de-woocommerce\/","name":"Plugin Multilingue WooCommerce \/ Traduza seu Site WP eCommerce","isPartOf":{"@id":"https:\/\/wp-multilingual.com\/el\/#website"},"primaryImageOfPage":{"@id":"https:\/\/wp-multilingual.com\/pt-br\/plugin-multilingue-de-woocommerce\/#primaryimage"},"image":{"@id":"https:\/\/wp-multilingual.com\/pt-br\/plugin-multilingue-de-woocommerce\/#primaryimage"},"thumbnailUrl":"https:\/\/wp-multilingual.com\/wp-content\/uploads\/sites\/18\/2017\/10\/woocommerce-multilingue-logo.jpg","datePublished":"2018-04-05T16:05:05+00:00","dateModified":"2018-04-05T16:05:05+00:00","description":"Precisa traduzir um site WooCommerce ou precisa criar verdadeiras lojas multil\u00edng\u00fces e internacionalizadas gra\u00e7as ao WooCommerce? Confira o WooCommerce Multilingual Plugin agora.","breadcrumb":{"@id":"https:\/\/wp-multilingual.com\/pt-br\/plugin-multilingue-de-woocommerce\/#breadcrumb"},"inLanguage":"pt-BR","potentialAction":[{"@type":"ReadAction","target":["https:\/\/wp-multilingual.com\/pt-br\/plugin-multilingue-de-woocommerce\/"]}]},{"@type":"ImageObject","inLanguage":"pt-BR","@id":"https:\/\/wp-multilingual.com\/pt-br\/plugin-multilingue-de-woocommerce\/#primaryimage","url":"https:\/\/wp-multilingual.com\/wp-content\/uploads\/sites\/18\/2017\/10\/woocommerce-multilingue-logo.jpg","contentUrl":"https:\/\/wp-multilingual.com\/wp-content\/uploads\/sites\/18\/2017\/10\/woocommerce-multilingue-logo.jpg"},{"@type":"BreadcrumbList","@id":"https:\/\/wp-multilingual.com\/pt-br\/plugin-multilingue-de-woocommerce\/#breadcrumb","itemListElement":[{"@type":"ListItem","position":1,"name":"Accueil","item":"https:\/\/wp-multilingual.com\/"},{"@type":"ListItem","position":2,"name":"Plugin Multilingue de WooCommerce"}]},{"@type":"WebSite","@id":"https:\/\/wp-multilingual.com\/el\/#website","url":"https:\/\/wp-multilingual.com\/el\/","name":"wp-multlingual.com","description":"Th\u00e8mes et Plugins Magento","potentialAction":[{"@type":"SearchAction","target":{"@type":"EntryPoint","urlTemplate":"https:\/\/wp-multilingual.com\/el\/?s={search_term_string}"},"query-input":"required name=search_term_string"}],"inLanguage":"pt-BR"}]}},"_links":{"self":[{"href":"https:\/\/wp-multilingual.com\/pt-br\/wp-json\/wp\/v2\/pages\/824","targetHints":{"allow":["GET"]}}],"collection":[{"href":"https:\/\/wp-multilingual.com\/pt-br\/wp-json\/wp\/v2\/pages"}],"about":[{"href":"https:\/\/wp-multilingual.com\/pt-br\/wp-json\/wp\/v2\/types\/page"}],"author":[{"embeddable":true,"href":"https:\/\/wp-multilingual.com\/pt-br\/wp-json\/wp\/v2\/users\/2"}],"replies":[{"embeddable":true,"href":"https:\/\/wp-multilingual.com\/pt-br\/wp-json\/wp\/v2\/comments?post=824"}],"version-history":[{"count":1,"href":"https:\/\/wp-multilingual.com\/pt-br\/wp-json\/wp\/v2\/pages\/824\/revisions"}],"predecessor-version":[{"id":831,"href":"https:\/\/wp-multilingual.com\/pt-br\/wp-json\/wp\/v2\/pages\/824\/revisions\/831"}],"wp:attachment":[{"href":"https:\/\/wp-multilingual.com\/pt-br\/wp-json\/wp\/v2\/media?parent=824"}],"curies":[{"name":"wp","href":"https:\/\/api.w.org\/{rel}","templated":true}]}}