{"id":863,"date":"2018-04-06T10:24:30","date_gmt":"2018-04-06T08:24:30","guid":{"rendered":"https:\/\/wp-multilingual.com\/?page_id=863"},"modified":"2018-04-06T10:24:30","modified_gmt":"2018-04-06T08:24:30","slug":"wtyczki-tlumaczenia-wordpress","status":"publish","type":"page","link":"https:\/\/wp-multilingual.com\/pl\/wtyczki-tlumaczenia-wordpress\/","title":{"rendered":"Wtyczki t\u0142umaczenia WordPress: Top 5 na 2018"},"content":{"rendered":"<h1>Lista wtyczek do t\u0142umaczenia WordPress<\/h1>\n<p>Szukasz wtyczki WordPress, kt\u00f3ra pozwoli Ci przet\u0142umaczy\u0107 ca\u0142\u0105 twoj\u0105 witryn\u0119 WordPress, \u017ceby z\u0142o\u017cy\u0107 zlokalizowane wersje twojej strony? Rzeczywi\u015bcie, WordPress nie pozwala bazie stworzy\u0107 wieloj\u0119zyczn\u0105 stron\u0119, co jest prawdziwym brakiem, kt\u00f3ry mo\u017cna szybko poczu\u0107. Ale jak zawsze spo\u0142eczno\u015b\u0107 za WordPress szybko dostarczy\u0142a nam zaawansowane rozwi\u0105zania i prost\u0105 obs\u0142ug\u0119. Niekt\u00f3re z wtyczek do t\u0142umaczenia WordPressa, kt\u00f3re b\u0119dziemy prezentowa\u0107, istniej\u0105 ju\u017c od lat, oferuj\u0105c najwy\u017cszej jako\u015bci us\u0142ugi, ale nowi u\u017cytkownicy planuj\u0105 przetasowanie kart dla naszej przyjemno\u015bci.<\/p>\n<p>Dzi\u0119ki tej zdrowej rywalizacji wieloj\u0119zyczne wtyczki do WordPressa ewoluowa\u0142y, stawa\u0142y si\u0119 coraz prostsze i zintegrowane z WordPress, a tak\u017ce coraz szybsze i bezpieczniejsze. Nasza lista wtyczek do t\u0142umaczenia dla WordPress pozwoli Ci odkry\u0107 najlepsze wieloj\u0119zyczne wtyczki.<\/p>\n<h1>Najpopularniejsze wtyczki t\u0142umaczenia WordPress<\/h1>\n<p>Ch\u0119\u0107 wieloj\u0119zycznej witryny WordPress jest skierowana do wszystkich typ\u00f3w witryn, kt\u00f3re mo\u017cna wykona\u0107 za pomoc\u0105 WordPressa, ale tak\u017ce w przypadku wszystkich rozmiar\u00f3w witryn. Nie musisz by\u0107 du\u017c\u0105 witryn\u0105, aby korzysta\u0107 z wieloj\u0119zyczno\u015bci z WordPress.<\/p>\n<p>[su_row]<br \/>\n[su_column size=&#8221;1\/6&#8243;]<img loading=\"lazy\" decoding=\"async\" class=\"aligncenter size-full wp-image-128\" src=\"https:\/\/wp-multilingual.com\/wp-content\/uploads\/sites\/18\/2017\/10\/wpml-wordpress-multilingue-traduction-square.jpg\" alt=\"\" width=\"220\" height=\"190\" \/>[\/su_column]<br \/>\n[su_column size=&#8221;2\/3&#8243;]<\/p>\n<h3>WPML CMS: Najlepsza wtyczka t\u0142umaczenia WordPress<\/h3>\n<p><strong>W skr\u00f3cie<\/strong>: Po latach u\u017cytkowania, WPML jest zdecydowanie wtyczk\u0105, kt\u00f3r\u0105 zalecamy wszystkim u\u017cytkownikom i u\u017cywamy jej we wszystkich naszych wieloj\u0119zycznych projektach. Jaka jest Twoja opinia na temat jej strony wieloj\u0119zycznej? Oczywi\u015bcie WPML! T\u0142umaczenie funkcjonalno\u015bci dla WordPress, kt\u00f3re s\u0105 nieproporcjonalne do wszystkiego, co dzieje si\u0119 na rynku wtyczek t\u0142umacze\u0144 WordPress.<\/p>\n<p><strong>Najlepszy ze wszystkich, obs\u0142uga WPML CMS za darmo <a href=\"https:\/\/wp-multilingue.fr\/plugins-wordpress-compatible-multilingual\/woocommerce-multilingue\/\"> WooCommerce Multilingual <\/a>.<\/strong><br \/>\n<a href=\"\/?page_id=766\">&gt; WPML CMS Plugin t\u0142umaczenia WordPress: pe\u0142ny przegl\u0105d<\/a><br \/>\n[\/su_column]<br \/>\n[su_column size=&#8221;1\/6&#8243;]<br \/>\n[su_spacer size=&#8221;10&#8243;]<br \/>\n<i class=\"fa fa-star\" style=\"font-size: 25px;color: #1f88a3\"><\/i><i class=\"fa fa-star\" style=\"font-size: 25px;color: #1f88a3\"><\/i><i class=\"fa fa-star\" style=\"font-size: 25px;color: #1f88a3\"><\/i><i class=\"fa fa-star\" style=\"font-size: 25px;color: #1f88a3\"><\/i><i class=\"fa fa-star-half-o\" style=\"font-size: 25px;color: #1f88a3\"><\/i><br \/>\n[su_spacer size=&#8221;40&#8243;]<\/p>\n<p style=\"text-align: center\">[su_button background=&#8221;#1F88A3&#8243; size=&#8221;6&#8243; url=&#8221;https:\/\/wp-theme-plugin.com\/out-wpml&#8221; target=&#8221;blank&#8221;] <strong>Odkry\u0107<\/strong> [\/su_button] [\/su_column]<br \/>\n[\/su_row]<\/p>\n<p>[su_row]<br \/>\n[su_column size=&#8221;1\/6&#8243;]<img loading=\"lazy\" decoding=\"async\" class=\"aligncenter size-full wp-image-129\" src=\"https:\/\/wp-multilingual.com\/wp-content\/uploads\/sites\/18\/2017\/10\/wpml-blog-wordpress-multilingue-traduction-square.jpg\" alt=\"\" width=\"220\" height=\"190\" \/>[\/su_column]<br \/>\n[su_column size=&#8221;2\/3&#8243;]<\/p>\n<h3>WPML Blog: Plugin dwuj\u0119zyczny WordPress<\/h3>\n<p><strong>W skr\u00f3cie<\/strong>: Niekt\u00f3rzy powiedz\u0105, \u017ce WPML jest &#8222;prawdziw\u0105 fabryk\u0105 gazu&#8221;. Pierwsze podej\u015bcie WPML mo\u017ce z pewno\u015bci\u0105 wydawa\u0107 si\u0119 nieco niepokoj\u0105ce. Czemu ? Poniewa\u017c ta wtyczka popycha wieloj\u0119zyczne zarz\u0105dzanie na profesjonalny poziom. Ale musimy nadal rozumie\u0107 wszystkie tajniki, aby wyj\u015b\u0107 \u0142atwo. Dla tych, kt\u00f3rzy chc\u0105 witryny wieloj\u0119zyczne, a to szybko i bez uczenia si\u0119, blog w wersji WPML sprawi, \u017ce b\u0119dziesz szcz\u0119\u015bliwy.<\/p>\n<p><strong>Kiedy WPML staje si\u0119 tak proste, jak klikni\u0119cie w jego biurze.<\/strong><br \/>\n<a href=\"\/?page_id=766\">&gt; WPML Blog Plugin t\u0142umaczenia WordPress: pe\u0142ny przegl\u0105d<\/a><br \/>\n[\/su_column]<br \/>\n[su_column size=&#8221;1\/6&#8243;]<br \/>\n[su_spacer size=&#8221;10&#8243;]<br \/>\n<i class=\"fa fa-star\" style=\"font-size: 25px;color: #1f88a3\"><\/i><i class=\"fa fa-star\" style=\"font-size: 25px;color: #1f88a3\"><\/i><i class=\"fa fa-star\" style=\"font-size: 25px;color: #1f88a3\"><\/i><i class=\"fa fa-star\" style=\"font-size: 25px;color: #1f88a3\"><\/i><i class=\"fa fa-star-o\" style=\"font-size: 25px;color: #1f88a3\"><\/i><\/p>\n<p>[su_spacer size=&#8221;40&#8243;]<\/p>\n<p style=\"text-align: center\">[su_button background=&#8221;#1F88A3&#8243; size=&#8221;6&#8243; url=&#8221;https:\/\/wp-theme-plugin.com\/out-wpml&#8221; target=&#8221;blank&#8221;] <strong>Odkry\u0107<\/strong> [\/su_button] [\/su_column]<\/p>\n<p>[\/su_row]<br \/>\n[su_row]<br \/>\n[su_column size=&#8221;1\/6&#8243;]<img loading=\"lazy\" decoding=\"async\" class=\"aligncenter size-full wp-image-132\" src=\"https:\/\/wp-multilingual.com\/wp-content\/uploads\/sites\/18\/2017\/10\/qtranslatex-wordpress-multilingue-traduction-square.jpg\" alt=\"\" width=\"220\" height=\"190\" \/>[\/su_column]<br \/>\n[su_column size=&#8221;2\/3&#8243;]<\/p>\n<h3>qTranslate X: T\u0142umaczenie wtyczka porzucona?<\/h3>\n<p><strong>W skr\u00f3cie<\/strong>: Z ponad 100 000 stron WordPress, kt\u00f3re zawsze ufaj\u0105 qTranslateX, aby zapewni\u0107 t\u0142umaczenie cz\u0119\u015bci swojej witryny WordPress, mogliby\u015bmy uwierzy\u0107, \u017ce ta znana wtyczka b\u0119dzie nadal obs\u0142ugiwana. Ale do czasu przeprowadzenia tego testu qTranslateX nie by\u0142 aktualizowany przez rok. Prosta i skuteczna wtyczka, kt\u00f3ra znika powoli.<\/p>\n<p><strong>Czy qTranslate zostanie zatrzymany lub po prostu stanie w gotowo\u015bci?<\/strong><br \/>\n<a href=\"\/?page_id=764\">&gt; qTranslateX Plugin t\u0142umaczenia WordPress: pe\u0142ny przegl\u0105d<\/a><br \/>\n[\/su_column]<br \/>\n[su_column size=&#8221;1\/6&#8243;]<br \/>\n[su_spacer size=&#8221;10&#8243;]<br \/>\n<i class=\"fa fa-star\" style=\"font-size: 25px;color: #1f88a3\"><\/i><i class=\"fa fa-star\" style=\"font-size: 25px;color: #1f88a3\"><\/i><i class=\"fa fa-star-half-o\" style=\"font-size: 25px;color: #1f88a3\"><\/i><i class=\"fa fa-star-o\" style=\"font-size: 25px;color: #1f88a3\"><\/i><i class=\"fa fa-star-o\" style=\"font-size: 25px;color: #1f88a3\"><\/i><br \/>\n[su_spacer size=&#8221;40&#8243;]<\/p>\n<p style=\"text-align: center\">[su_button background=&#8221;#1F88A3&#8243; size=&#8221;6&#8243; url=&#8221;https:\/\/wp-theme-plugin.com\/out-qtranslatex&#8221; target=&#8221;blank&#8221;] <strong>Odkry\u0107<\/strong> [\/su_button] [\/su_column]<\/p>\n<p>[\/su_row]<\/p>\n<p>[su_row]<br \/>\n[su_column size=&#8221;1\/6&#8243;]<img loading=\"lazy\" decoding=\"async\" class=\"aligncenter size-full wp-image-131\" src=\"https:\/\/wp-multilingual.com\/wp-content\/uploads\/sites\/18\/2017\/10\/multilingualpress-wordpress-multilingue-traduction-square.png\" alt=\"\" width=\"220\" height=\"190\" \/>[\/su_column]<br \/>\n[su_column size=&#8221;2\/3&#8243;]<\/p>\n<h3>MultilingualPress: Wtyczka t\u0142umacz\u0105ca, kt\u00f3ra zapewnia<\/h3>\n<p><strong>W skr\u00f3cie<\/strong>: Gdy jeste\u015b zespo\u0142em odpowiedzialnym za jedn\u0105 z najbardziej znanych wtyczek do tworzenia kopii zapasowych WordPress, wyobra\u017cam sobie, \u017ce ubezpieczenie jest jak druga natura. C\u00f3\u017c, opr\u00f3cz tej ma\u0142ej gry s\u0142ownych, MultilingualPress jest wtyczk\u0105 do t\u0142umaczenia dla WordPressa, kt\u00f3ra oferuje innowacyjn\u0105 wizj\u0119 w zakresie zarz\u0105dzania j\u0119zykiem, dzi\u0119ki czemu twoja strona WordPress zawsze pozostaje na szczycie swojej wydajno\u015bci.<\/p>\n<p><strong>Nowicjusz w \u015bwiecie t\u0142umacze\u0144 WordPress, kt\u00f3ry sprawi, \u017ce ludzie b\u0119d\u0105 rozmawia\u0107.<\/strong><br \/>\n<a href=\"\/?page_id=760\">&gt;MultilingualPress Plugin t\u0142umaczenia WordPress: pe\u0142ny przegl\u0105d<\/a><br \/>\n[\/su_column]<br \/>\n[su_column size=&#8221;1\/6&#8243;]<br \/>\n[su_spacer size=&#8221;10&#8243;]<br \/>\n<i class=\"fa fa-star\" style=\"font-size: 25px;color: #1f88a3\"><\/i><i class=\"fa fa-star\" style=\"font-size: 25px;color: #1f88a3\"><\/i><i class=\"fa fa-star\" style=\"font-size: 25px;color: #1f88a3\"><\/i><i class=\"fa fa-star\" style=\"font-size: 25px;color: #1f88a3\"><\/i><i class=\"fa fa-star-o\" style=\"font-size: 25px;color: #1f88a3\"><\/i><br \/>\n[su_spacer size=&#8221;40&#8243;]<\/p>\n<p style=\"text-align: center\">[su_button background=&#8221;#1F88A3&#8243; size=&#8221;6&#8243; url=&#8221;https:\/\/wp-theme-plugin.com\/out-multilingual-press&#8221; target=&#8221;blank&#8221;] <strong>Odkry\u0107<\/strong> [\/su_button] [\/su_column]<\/p>\n<p>[\/su_row]<\/p>\n<p>[su_row]<br \/>\n[su_column size=&#8221;1\/6&#8243;]<img loading=\"lazy\" decoding=\"async\" class=\"aligncenter size-full wp-image-130\" src=\"https:\/\/wp-multilingual.com\/wp-content\/uploads\/sites\/18\/2017\/10\/polylang-wordpress-multilingue-traduction-square.png\" alt=\"\" width=\"220\" height=\"190\" \/>[\/su_column]<br \/>\n[su_column size=&#8221;2\/3&#8243;]<\/p>\n<h3>Polylang: The translation plugin to discover<\/h3>\n<p><strong>W skr\u00f3cie<\/strong>: PolyLang to wtyczka do t\u0142umaczenia WordPress, kt\u00f3ra rozwija si\u0119 stopniowo i progresywnie od wielu lat. Ta wtyczka jest wreszcie w centrum uwagi i jako taka wie o wiele bardziej funkcjonalnych aktualizacjach. Polylang to zaawansowana wieloj\u0119zyczna wtyczka WordPress, kt\u00f3ra zas\u0142uguje na troch\u0119 czasu, aby odkry\u0107 swoj\u0105 wizj\u0119 t\u0142umaczenia WordPress.<\/p>\n<p><strong>Dzi\u0119ki tym wszystkim funkcjom Polylang znajduje si\u0119 w g\u00f3rnej cz\u0119\u015bci koszyka.<\/strong><br \/>\n<a href=\"\/?page_id=762\">&gt; polyLang Plugin t\u0142umaczenia WordPress: pe\u0142ny przegl\u0105d<\/a><br \/>\n[\/su_column]<br \/>\n[su_column size=&#8221;1\/6&#8243;]<br \/>\n[su_spacer size=&#8221;10&#8243;]<br \/>\n<i class=\"fa fa-star\" style=\"font-size: 25px;color: #1f88a3\"><\/i><i class=\"fa fa-star\" style=\"font-size: 25px;color: #1f88a3\"><\/i><i class=\"fa fa-star\" style=\"font-size: 25px;color: #1f88a3\"><\/i><i class=\"fa fa-star\" style=\"font-size: 25px;color: #1f88a3\"><\/i><i class=\"fa fa-star-o\" style=\"font-size: 25px;color: #1f88a3\"><\/i><br \/>\n[su_spacer size=&#8221;40&#8243;]<\/p>\n<p style=\"text-align: center\">[su_button background=&#8221;#1F88A3&#8243; size=&#8221;6&#8243; url=&#8221;https:\/\/wp-theme-plugin.com\/out-polylang&#8221; target=&#8221;blank&#8221;] <strong>Odkry\u0107 <\/strong> [\/su_button] [\/su_column]<\/p>\n<p>[\/su_row]<\/p>\n","protected":false},"excerpt":{"rendered":"<p>Lista wtyczek do t\u0142umaczenia WordPress Szukasz wtyczki WordPress, kt\u00f3ra pozwoli Ci przet\u0142umaczy\u0107 ca\u0142\u0105 twoj\u0105 witryn\u0119 WordPress, \u017ceby z\u0142o\u017cy\u0107 zlokalizowane wersje twojej strony? Rzeczywi\u015bcie, WordPress nie pozwala bazie stworzy\u0107 wieloj\u0119zyczn\u0105 stron\u0119, co jest prawdziwym brakiem,&#46;&#46;&#46;<\/p>\n","protected":false},"author":2,"featured_media":0,"parent":0,"menu_order":0,"comment_status":"closed","ping_status":"closed","template":"","meta":{"_monsterinsights_skip_tracking":false,"_monsterinsights_sitenote_active":false,"_monsterinsights_sitenote_note":"","_monsterinsights_sitenote_category":0,"footnotes":""},"class_list":["post-863","page","type-page","status-publish","hentry"],"yoast_head":"<!-- This site is optimized with the Yoast SEO plugin v23.1 - https:\/\/yoast.com\/wordpress\/plugins\/seo\/ -->\n<title>Wtyczki t\u0142umaczenia WordPress: TOP 5 wieloj\u0119zycznego WordPressa<\/title>\n<meta name=\"description\" content=\"Przet\u0142umaczy\u0107 swoj\u0105 witryn\u0119 WordPress? Jest to proste dzi\u0119ki odpowiedniej wtyczce do t\u0142umaczenia WordPress. Sprawd\u017a wyb\u00f3r najlepszych wtyczek do t\u0142umaczenia WordPress na 2018 od razu.\" \/>\n<meta name=\"robots\" content=\"index, follow, max-snippet:-1, max-image-preview:large, max-video-preview:-1\" \/>\n<link rel=\"canonical\" href=\"https:\/\/wp-multilingual.com\/pl\/wtyczki-tlumaczenia-wordpress\/\" \/>\n<meta property=\"og:locale\" content=\"pl_PL\" \/>\n<meta property=\"og:type\" content=\"article\" \/>\n<meta property=\"og:title\" content=\"Wtyczki t\u0142umaczenia WordPress: TOP 5 wieloj\u0119zycznego WordPressa\" \/>\n<meta property=\"og:description\" content=\"Przet\u0142umaczy\u0107 swoj\u0105 witryn\u0119 WordPress? Jest to proste dzi\u0119ki odpowiedniej wtyczce do t\u0142umaczenia WordPress. Sprawd\u017a wyb\u00f3r najlepszych wtyczek do t\u0142umaczenia WordPress na 2018 od razu.\" \/>\n<meta property=\"og:url\" content=\"https:\/\/wp-multilingual.com\/pl\/wtyczki-tlumaczenia-wordpress\/\" \/>\n<meta property=\"og:site_name\" content=\"wp-multlingual.com\" \/>\n<meta property=\"og:image\" content=\"https:\/\/wp-multilingual.com\/wp-content\/uploads\/sites\/18\/2017\/10\/wpml-wordpress-multilingue-traduction-square.jpg\" \/>\n<meta name=\"twitter:card\" content=\"summary_large_image\" \/>\n<meta name=\"twitter:label1\" content=\"Szacowany czas czytania\" \/>\n\t<meta name=\"twitter:data1\" content=\"4 minuty\" \/>\n<script type=\"application\/ld+json\" class=\"yoast-schema-graph\">{\"@context\":\"https:\/\/schema.org\",\"@graph\":[{\"@type\":\"WebPage\",\"@id\":\"https:\/\/wp-multilingual.com\/pl\/wtyczki-tlumaczenia-wordpress\/\",\"url\":\"https:\/\/wp-multilingual.com\/pl\/wtyczki-tlumaczenia-wordpress\/\",\"name\":\"Wtyczki t\u0142umaczenia WordPress: TOP 5 wieloj\u0119zycznego WordPressa\",\"isPartOf\":{\"@id\":\"https:\/\/wp-multilingual.com\/el\/#website\"},\"primaryImageOfPage\":{\"@id\":\"https:\/\/wp-multilingual.com\/pl\/wtyczki-tlumaczenia-wordpress\/#primaryimage\"},\"image\":{\"@id\":\"https:\/\/wp-multilingual.com\/pl\/wtyczki-tlumaczenia-wordpress\/#primaryimage\"},\"thumbnailUrl\":\"https:\/\/wp-multilingual.com\/wp-content\/uploads\/sites\/18\/2017\/10\/wpml-wordpress-multilingue-traduction-square.jpg\",\"datePublished\":\"2018-04-06T08:24:30+00:00\",\"dateModified\":\"2018-04-06T08:24:30+00:00\",\"description\":\"Przet\u0142umaczy\u0107 swoj\u0105 witryn\u0119 WordPress? Jest to proste dzi\u0119ki odpowiedniej wtyczce do t\u0142umaczenia WordPress. Sprawd\u017a wyb\u00f3r najlepszych wtyczek do t\u0142umaczenia WordPress na 2018 od razu.\",\"breadcrumb\":{\"@id\":\"https:\/\/wp-multilingual.com\/pl\/wtyczki-tlumaczenia-wordpress\/#breadcrumb\"},\"inLanguage\":\"pl-PL\",\"potentialAction\":[{\"@type\":\"ReadAction\",\"target\":[\"https:\/\/wp-multilingual.com\/pl\/wtyczki-tlumaczenia-wordpress\/\"]}]},{\"@type\":\"ImageObject\",\"inLanguage\":\"pl-PL\",\"@id\":\"https:\/\/wp-multilingual.com\/pl\/wtyczki-tlumaczenia-wordpress\/#primaryimage\",\"url\":\"https:\/\/wp-multilingual.com\/wp-content\/uploads\/sites\/18\/2017\/10\/wpml-wordpress-multilingue-traduction-square.jpg\",\"contentUrl\":\"https:\/\/wp-multilingual.com\/wp-content\/uploads\/sites\/18\/2017\/10\/wpml-wordpress-multilingue-traduction-square.jpg\"},{\"@type\":\"BreadcrumbList\",\"@id\":\"https:\/\/wp-multilingual.com\/pl\/wtyczki-tlumaczenia-wordpress\/#breadcrumb\",\"itemListElement\":[{\"@type\":\"ListItem\",\"position\":1,\"name\":\"Accueil\",\"item\":\"https:\/\/wp-multilingual.com\/\"},{\"@type\":\"ListItem\",\"position\":2,\"name\":\"Wtyczki t\u0142umaczenia WordPress: Top 5 na 2018\"}]},{\"@type\":\"WebSite\",\"@id\":\"https:\/\/wp-multilingual.com\/el\/#website\",\"url\":\"https:\/\/wp-multilingual.com\/el\/\",\"name\":\"wp-multlingual.com\",\"description\":\"Th\u00e8mes et Plugins Magento\",\"potentialAction\":[{\"@type\":\"SearchAction\",\"target\":{\"@type\":\"EntryPoint\",\"urlTemplate\":\"https:\/\/wp-multilingual.com\/el\/?s={search_term_string}\"},\"query-input\":\"required name=search_term_string\"}],\"inLanguage\":\"pl-PL\"}]}<\/script>\n<!-- \/ Yoast SEO plugin. -->","yoast_head_json":{"title":"Wtyczki t\u0142umaczenia WordPress: TOP 5 wieloj\u0119zycznego WordPressa","description":"Przet\u0142umaczy\u0107 swoj\u0105 witryn\u0119 WordPress? Jest to proste dzi\u0119ki odpowiedniej wtyczce do t\u0142umaczenia WordPress. Sprawd\u017a wyb\u00f3r najlepszych wtyczek do t\u0142umaczenia WordPress na 2018 od razu.","robots":{"index":"index","follow":"follow","max-snippet":"max-snippet:-1","max-image-preview":"max-image-preview:large","max-video-preview":"max-video-preview:-1"},"canonical":"https:\/\/wp-multilingual.com\/pl\/wtyczki-tlumaczenia-wordpress\/","og_locale":"pl_PL","og_type":"article","og_title":"Wtyczki t\u0142umaczenia WordPress: TOP 5 wieloj\u0119zycznego WordPressa","og_description":"Przet\u0142umaczy\u0107 swoj\u0105 witryn\u0119 WordPress? Jest to proste dzi\u0119ki odpowiedniej wtyczce do t\u0142umaczenia WordPress. Sprawd\u017a wyb\u00f3r najlepszych wtyczek do t\u0142umaczenia WordPress na 2018 od razu.","og_url":"https:\/\/wp-multilingual.com\/pl\/wtyczki-tlumaczenia-wordpress\/","og_site_name":"wp-multlingual.com","og_image":[{"url":"https:\/\/wp-multilingual.com\/wp-content\/uploads\/sites\/18\/2017\/10\/wpml-wordpress-multilingue-traduction-square.jpg"}],"twitter_card":"summary_large_image","twitter_misc":{"Szacowany czas czytania":"4 minuty"},"schema":{"@context":"https:\/\/schema.org","@graph":[{"@type":"WebPage","@id":"https:\/\/wp-multilingual.com\/pl\/wtyczki-tlumaczenia-wordpress\/","url":"https:\/\/wp-multilingual.com\/pl\/wtyczki-tlumaczenia-wordpress\/","name":"Wtyczki t\u0142umaczenia WordPress: TOP 5 wieloj\u0119zycznego WordPressa","isPartOf":{"@id":"https:\/\/wp-multilingual.com\/el\/#website"},"primaryImageOfPage":{"@id":"https:\/\/wp-multilingual.com\/pl\/wtyczki-tlumaczenia-wordpress\/#primaryimage"},"image":{"@id":"https:\/\/wp-multilingual.com\/pl\/wtyczki-tlumaczenia-wordpress\/#primaryimage"},"thumbnailUrl":"https:\/\/wp-multilingual.com\/wp-content\/uploads\/sites\/18\/2017\/10\/wpml-wordpress-multilingue-traduction-square.jpg","datePublished":"2018-04-06T08:24:30+00:00","dateModified":"2018-04-06T08:24:30+00:00","description":"Przet\u0142umaczy\u0107 swoj\u0105 witryn\u0119 WordPress? Jest to proste dzi\u0119ki odpowiedniej wtyczce do t\u0142umaczenia WordPress. Sprawd\u017a wyb\u00f3r najlepszych wtyczek do t\u0142umaczenia WordPress na 2018 od razu.","breadcrumb":{"@id":"https:\/\/wp-multilingual.com\/pl\/wtyczki-tlumaczenia-wordpress\/#breadcrumb"},"inLanguage":"pl-PL","potentialAction":[{"@type":"ReadAction","target":["https:\/\/wp-multilingual.com\/pl\/wtyczki-tlumaczenia-wordpress\/"]}]},{"@type":"ImageObject","inLanguage":"pl-PL","@id":"https:\/\/wp-multilingual.com\/pl\/wtyczki-tlumaczenia-wordpress\/#primaryimage","url":"https:\/\/wp-multilingual.com\/wp-content\/uploads\/sites\/18\/2017\/10\/wpml-wordpress-multilingue-traduction-square.jpg","contentUrl":"https:\/\/wp-multilingual.com\/wp-content\/uploads\/sites\/18\/2017\/10\/wpml-wordpress-multilingue-traduction-square.jpg"},{"@type":"BreadcrumbList","@id":"https:\/\/wp-multilingual.com\/pl\/wtyczki-tlumaczenia-wordpress\/#breadcrumb","itemListElement":[{"@type":"ListItem","position":1,"name":"Accueil","item":"https:\/\/wp-multilingual.com\/"},{"@type":"ListItem","position":2,"name":"Wtyczki t\u0142umaczenia WordPress: Top 5 na 2018"}]},{"@type":"WebSite","@id":"https:\/\/wp-multilingual.com\/el\/#website","url":"https:\/\/wp-multilingual.com\/el\/","name":"wp-multlingual.com","description":"Th\u00e8mes et Plugins Magento","potentialAction":[{"@type":"SearchAction","target":{"@type":"EntryPoint","urlTemplate":"https:\/\/wp-multilingual.com\/el\/?s={search_term_string}"},"query-input":"required name=search_term_string"}],"inLanguage":"pl-PL"}]}},"_links":{"self":[{"href":"https:\/\/wp-multilingual.com\/pl\/wp-json\/wp\/v2\/pages\/863","targetHints":{"allow":["GET"]}}],"collection":[{"href":"https:\/\/wp-multilingual.com\/pl\/wp-json\/wp\/v2\/pages"}],"about":[{"href":"https:\/\/wp-multilingual.com\/pl\/wp-json\/wp\/v2\/types\/page"}],"author":[{"embeddable":true,"href":"https:\/\/wp-multilingual.com\/pl\/wp-json\/wp\/v2\/users\/2"}],"replies":[{"embeddable":true,"href":"https:\/\/wp-multilingual.com\/pl\/wp-json\/wp\/v2\/comments?post=863"}],"version-history":[{"count":1,"href":"https:\/\/wp-multilingual.com\/pl\/wp-json\/wp\/v2\/pages\/863\/revisions"}],"predecessor-version":[{"id":867,"href":"https:\/\/wp-multilingual.com\/pl\/wp-json\/wp\/v2\/pages\/863\/revisions\/867"}],"wp:attachment":[{"href":"https:\/\/wp-multilingual.com\/pl\/wp-json\/wp\/v2\/media?parent=863"}],"curies":[{"name":"wp","href":"https:\/\/api.w.org\/{rel}","templated":true}]}}