{"id":823,"date":"2018-04-05T16:40:16","date_gmt":"2018-04-05T14:40:16","guid":{"rendered":"https:\/\/wp-multilingual.com\/?page_id=823"},"modified":"2018-04-05T16:40:16","modified_gmt":"2018-04-05T14:40:16","slug":"multilingual-woocommerce-plugin","status":"publish","type":"page","link":"https:\/\/wp-multilingual.com\/pl\/multilingual-woocommerce-plugin\/","title":{"rendered":"Multilingual WooCommerce Plugin"},"content":{"rendered":"<p>[su_quote cite=&#8221;Built With&#8221; url=&#8221;https:\/\/builtwith.com\/ecommerce\/&#8221; target=&#8221;blank&#8221;]In just three years, WooCommerce already drives 41% of eCommerce sites in the world and will soon exceed Magento on its own ground, that of eCommerce sites key accounts.[\/su_quote]<\/p>\n<p><img loading=\"lazy\" decoding=\"async\" src=\"https:\/\/wp-multilingual.com\/wp-content\/uploads\/sites\/18\/2017\/10\/woocommerce-multilingue-logo.jpg\" alt=\"\" width=\"150\" height=\"150\" class=\"alignleft size-full wp-image-137\" \/>Not five years ago, believing that WordPress would be able to provide all the features offered by CMS specializing in the sector such as Magento or Prestashop was a mild insanity.<br \/>\nIn not even 3 years, WordPress has emerged as the essential solution in terms of eCommerce, and this thanks to the plugin WooCommerce. Who himself would not have been born without the project JigoShop which he is a fork. With the advent of a WordPress version 3.9 capable of extreme flexibility and a WooCommerce to the neat administration interface, the planet eCommerce has literally changed its face in the blink of an eye. What was improbable has come true, eCommerce can no longer do without WooCommerce. A fully fledged ecosystem has emerged around WooCommerce. There are all that could be missing at WooCommerce. Not that this is particularly necessary so WooCommerce offers an impressive level of functionality to set up an eCommerce site in no time.<br \/>\nOnly downside, the only lack that makes WooCommerce continues to struggle with major accounts: the lack of native support of the multilingual. However, there is a plugin that will allow you to:<\/p>\n<ul>\n<li> Przet\u0142umacz wszystkie typy produkt\u00f3w (pojedyncze lub zmienne) <\/li>\n<li> Dost\u0119p do dedykowanego interfejsu zarz\u0105dzania t\u0142umaczeniem produktu <\/li>\n<li> Przet\u0142umacz wszystkie typy produkt\u00f3w (pojedyncze lub zmienne) <\/li>\n<li> Przet\u0142umacz ca\u0142y proces zam\u00f3wienia (sprawd\u017a) <\/li>\n<li> Wysy\u0142anie e-maili transakcyjnych w j\u0119zyku klienta <\/li>\n<li> Jednolity produkt, bez podzia\u0142u na j\u0119zyki <\/li>\n<li> Umo\u017cliwia obs\u0142ug\u0119 r\u00f3\u017cnych walut w witrynie WooCommerce <\/li>\n<\/ul>\n<p>Dodanie funkcji wieloj\u0119zycznych do witryny WooCommerce wydaje si\u0119 kluczowe dla wszystkich sklep\u00f3w, nawet tych najbardziej skromnych. Internet umo\u017cliwia dostarczanie na ca\u0142y \u015bwiat. Czy wiesz, \u017ce prawie co drugi europejski nabywca nigdy nie kupi\u0142 w witrynie eCommerce, kt\u00f3ra nie m\u00f3wi w ich j\u0119zyku? Nie nale\u017cy lekcewa\u017cy\u0107 czasu potrzebnego do wdro\u017cenia wieloj\u0119zycznej witryny eCommerce. Wyb\u00f3r odpowiedniej wieloj\u0119zycznej wtyczki WooCommerce wybiera optymalizacj\u0119 czasu pracy.<\/p>\n<p>[su_row]<br \/>\n[su_column size=&#8221;1\/6&#8243;]<img loading=\"lazy\" decoding=\"async\" src=\"https:\/\/wp-multilingual.com\/wp-content\/uploads\/sites\/18\/2017\/10\/wpml-wordpress-multilingue-traduction-square.jpg\" alt=\"\" width=\"220\" height=\"190\" class=\"aligncenter size-full wp-image-128\" \/>[\/su_column]<br \/>\n[su_column size=&#8221;2\/3&#8243;]<\/p>\n<h3>WPML: 100% wieloj\u0119zyczny WooCommerce<\/h3>\n<p><strong>W skr\u00f3cie<\/strong>:WPML oferuje modu\u0142 do bardzo znanej wtyczki WPML CMS, aby wesprze\u0107 100% WooCommerce. Ta wtyczka nazywa si\u0119 WooCommerce Multilingual. Z tak\u0105 nazw\u0105 oboje podejrzewamy, co zamierza zrobi\u0107, i mamy do czynienia z pierwsz\u0105 wieloj\u0119zyczn\u0105 wtyczk\u0105 WooCommerce na rynku i wci\u0105\u017c dzia\u0142aj\u0105c\u0105. WPML specjalizuje si\u0119 w wieloj\u0119zycznych witrynach WordPress od wielu lat.<\/p>\n<p><strong>A multilingual WooCommerce site? This is his specialty, no need to search.<\/strong><\/p>\n<p>[\/su_column]<br \/>\n[su_column size=&#8221;1\/6&#8243;]<i>[su_spacer size=&#8221;20&#8243;]<\/i><\/p>\n<p style=\"text-align: center\"><i class=\"fa fa-star\"><\/i><i class=\"fa fa-star\"><\/i><i class=\"fa fa-star\"><\/i><i class=\"fa fa-star\"><\/i><i class=\"fa fa-star-half-o\"><\/i><br \/>\n<i>From $29<\/i><\/p>\n<p>[su_button background=&#8221;#FF2F3B&#8221; size=&#8221;6&#8243; url=&#8221;https:\/\/wp-theme-plugin.com\/out-wpml&#8221; target=&#8221;blank&#8221;]<strong>Odkry\u0107<\/strong> [\/su_button] [\/su_column]<br \/>\n[\/su_row]<\/p>\n<p>But by the way &#8230; What is a multilingual WooCommerce site?<\/p>\n<h1>Wieloj\u0119zyczny WooCommerce? Czemu ? W jaki spos\u00f3b?<\/h1>\n<p>Basically, we are talking about allowing WooCommerce to be multilingual. But what are we talking about exactly? Let&#8217;s find out what we can expect from a very good translation and multilingual management plugin for WooCommerce.<\/p>\n<h2>Integracja WordPress<\/h2>\n<p>Lubi\u0119 otwiera\u0107 otwarte drzwi:) Ale zanim b\u0119dzie wtyczk\u0105 do WooCommerce, wtyczka, kt\u00f3r\u0105 zapami\u0119tasz, aby twoja strona wieloj\u0119zyczna musia\u0142a by\u0107 przede wszystkim kompatybilna z WordPress. Ostrzega\u0142em &#8230; otwarte drzwi &#8230; Kaszel &#8230; Powiedzenie w ten spos\u00f3b mo\u017ce zabrzmie\u0107 troch\u0119 g\u0142upio. Ale pomy\u015bl o tym przez chwil\u0119. W ko\u0144cu twoja instalacja WordPressa mo\u017ce nie by\u0107 tak klasyczna, jak mog\u0142oby si\u0119 wydawa\u0107 na pierwszy rzut oka. Przyk\u0142ad, kt\u00f3ry spotykamy bardzo cz\u0119sto: obs\u0142uga wersji wieloj\u0119zycznej WordPress. Ok, nie dotyczy to wszystkich, ale pokazuje, \u017ce zanim zastanowimy si\u0119 nad wsparciem WooCommerce, musimy zada\u0107 pytanie o wsparcie dla samego WordPressa. Powiedzia\u0142bym nawet wsparcie dla twojego WordPressa. Inna wtyczka mo\u017ce wywo\u0142ywa\u0107 k\u0142opoty, na przyk\u0142ad wtyczki bezpiecze\u0144stwa.<br \/>\nAlbo przy okazji: wszystkie wtyczki pozwalaj\u0105ce WooCommerce na posiadanie wieloj\u0119zycznych funkcjonalno\u015bci s\u0105 bardzo dalekie od wspierania WordPressa w wersji wielostanowiskowej. B\u0105d\u017a ostro\u017cny, je\u015bli lubisz nas, lubisz t\u0119 konfiguracj\u0119 WordPressa.<\/p>\n<h2>Integracja WooCommerce<\/h2>\n<p>Ok, w tym momencie jeste\u015bmy pewni naszej konfiguracji WordPressa i jej wsparcia przez wtyczk\u0119, na kt\u00f3r\u0105 wyrzucili\u015bmy nasz devolute. Teraz sp\u00f3jrzmy, jak zachowuje si\u0119 w WooCommerce. W tym celu kilka punkt\u00f3w czujno\u015bci:<\/p>\n<ul>\n<li> Ile j\u0119zyk\u00f3w mo\u017cemy mie\u0107? <\/li>\n<li> W jaki spos\u00f3b t\u0142umaczenie pojawia si\u0119 na zapleczu? <\/li>\n<li> Czy wtyczka zarz\u0105dza r\u00f3\u017cnymi walutami wed\u0142ug j\u0119zyka? <\/li>\n<li> Czy wtyczka zapewnia dok\u0142adne \u015bledzenie t\u0142umaczonego i t\u0142umaczonego t\u0142umaczenia? <\/li>\n<li> Czy tunel zakupu b\u0119dzie zlokalizowany w j\u0119zyku u\u017cytkownika? <\/li>\n<li> Czy e-maile transakcyjne s\u0105 dostarczane w j\u0119zyku u\u017cytkownika? <\/li>\n<\/ul>\n<p>Oferowanie wtyczki wieloj\u0119zycznej to znacznie wi\u0119cej ni\u017c oferowanie t\u0142umaczenia ofert produkt\u00f3w, je\u015bli chodzi o WooCommerce. Obs\u0142uga wieloj\u0119zycznego WooCommerce wymaga prawdziwej integracji, kt\u00f3rej bardzo niewiele wtyczek mo\u017ce twierdzi\u0107, \u017ce dobrze i w 100%.<\/p>\n<h2>Zarz\u0105dzanie mediami<\/h2>\n<p>Mo\u017ce wydawa\u0107 si\u0119 niczym. Ale czy kiedykolwiek pomy\u015bla\u0142e\u015b, \u017ce mo\u017cliwe jest zmuszanie do pobrania dla ka\u017cdej wersji j\u0119zyka produktu, zestawu powi\u0105zanych obraz\u00f3w? Je\u015bli mamy dziesi\u0119\u0107 produkt\u00f3w na naszej stronie, to nie jest wielka sprawa. Ale je\u015bli mamy 200 produkt\u00f3w, a ka\u017cdy produkt ma od trzech do pi\u0119ciu obraz\u00f3w, pozwol\u0119 sobie wyobrazi\u0107 sobie koszmary organizacyjne, kt\u00f3re to s\u0105. Najlepszy? Wybierz wieloj\u0119zykow\u0105 wtyczk\u0119 WooCommerce, kt\u00f3ra inteligentnie zarz\u0105dza mediami zwi\u0105zanymi z Twoimi produktami WooCommerce.<\/p>\n<h2>SEO i wieloj\u0119zyczno\u015b\u0107<\/h2>\n<p>Zr\u00f3bmy punkt. Aby wieloj\u0119zyczna wtyczka WooCommerce by\u0142a interesuj\u0105ca, musi ju\u017c wype\u0142ni\u0107 \u015bwi\u0119t\u0105 list\u0119 warunk\u00f3w, bez kt\u00f3rych lepiej p\u00f3j\u015b\u0107 swoj\u0105 drog\u0105:<\/p>\n<ul>\n<li> B\u0105d\u017a kompatybilny z WordPress <\/li>\n<li> Powa\u017cne ubezpieczenie ze strony WooCommerce (produkt, zam\u00f3wienie, maile transakcyjne &#8230;) <\/li>\n<li> Dobrze zarz\u0105dzaj mediami <\/li>\n<\/ul>\n<p>Porozmawiajmy teraz o naturalnym SEO Twojego sklepu e-commerce WooCommerce. Jest to bezpieczny zak\u0142ad, \u017ce nawet je\u015bli nie jest to twoim g\u0142\u00f3wnym celem, t\u0142umaczenie Twojej witryny WooComerce zostanie wykonane z my\u015bl\u0105 o zwi\u0119kszeniu twojego SEO; przynajmniej troch\u0119. Co je\u015bli korzystanie z wieloj\u0119zycznej wtyczki WooCommerce nie pomo\u017ce, ale spustoszy twoje dzia\u0142ania SEO?<br \/>\nZapewnienie, \u017ce SEO jest g\u0142\u00f3wnym celem zespo\u0142\u00f3w wieloj\u0119zycznej wtyczki WooCommerce, kt\u00f3re wybierzesz, jest zdecydowanie niezb\u0119dne.<br \/>\nCo prowadzi nas do nast\u0119pnego tematu &#8230;<\/p>\n<h2>Wspieraj wtyczki innych firm<\/h2>\n<p>Przed u\u017cyciem wtyczki WooCommerce, ka\u017cda wtyczka jest wtyczk\u0105 do WordPressa. Ju\u017c to powiedzia\u0142em. Ale wykracza poza to, co mog\u0142e\u015b pomy\u015ble\u0107. Konieczne b\u0119dzie, aby ta wtyczka mog\u0142a wchodzi\u0107 w interakcje ze wszystkimi wtyczkami, kt\u00f3re b\u0119d\u0105 oddzia\u0142ywa\u0107 na WooCommerce i WordPress szerzej. Aby powr\u00f3ci\u0107 do SEO, dobra wieloj\u0119zyczna wtyczka WooCommerce powinna pozwoli\u0107 nam na dalsze u\u017cywanie wtyczek SEO dla WordPress, a to za pomoc\u0105 j\u0119zyka. tej pracy nie mog\u0105 wykona\u0107 zespo\u0142y odpowiedzialne za t\u0119 wtyczk\u0119. To spo\u0142eczno\u015b\u0107 musi wybra\u0107, kogo b\u0119d\u0105 wspiera\u0107. W tej grze tylko WPML dostaje gratulacje dla jury.<br \/>\nJe\u015bli musimy liczy\u0107 wszystkie wtyczki, kt\u00f3re tworz\u0105 wszech\u015bwiat WooCommerce pod wzgl\u0119dem interoperacyjno\u015bci, musimy r\u00f3wnie\u017c wzi\u0105\u0107 pod uwag\u0119 wynik tekstowy tworzony przez same wtyczki. Istotne jest, aby wtyczka WooCommerce pozwala\u0142a ci na przet\u0142umaczenie tych napis\u00f3w bez otwierania kodu \u017ar\u00f3d\u0142owego danej wtyczki.<\/p>\n<h2>Obs\u0142uga motyw\u00f3w innych firm<\/h2>\n<p>My\u015blisz, \u017ce w ko\u0144cu znalaz\u0142e\u015b motyw WordPress, kt\u00f3ry pasowa\u0142 do tego, czego szuka\u0142e\u015b przez tak d\u0142ugi czas. Instalujesz to. Ty r\u00f3wnie\u017c decydujesz si\u0119 zrobi\u0107 ze swojego sklepu wieloj\u0119zyczny sklep WooCommerce. I tam, katastrofa, twoja wtyczka i tw\u00f3j motyw nie s\u0105 kompatybilne. Czemu ? Poniewa\u017c, tak jak w przypadku wtyczek, jest to tw\u00f3rca motywu, kt\u00f3ry zapewnia, \u017ce wtyczka jest w 100% obs\u0142ugiwana. Zaawansowana obs\u0142uga konkretnej wtyczki ma funkcj\u0119 plug&#8217;n play. Przyjrzyj si\u0119 uwa\u017cnie, przekonasz si\u0119, \u017ce prawie wszystkie motywy rynkowe s\u0105 oficjalnie kompatybilne z WPML. To wszystko zapewnia najlepsz\u0105 wieloj\u0119zyczn\u0105 wtyczk\u0119 dla WordPressa od lat.<\/p>\n<h2>Zaawansowane funkcje ++<\/h2>\n<p>Co zrobi\u0107, je\u015bli Twoja wtyczka zrobi\u0142a co\u015b wi\u0119cej ni\u017c &#8222;tylko&#8221;, aby Twoja strona internetowa WooCommerce by\u0142a wieloj\u0119zyczna? A je\u015bli m\u00f3g\u0142by zaoferowa\u0107 ci wi\u0119cej.<br \/>\nJe\u015bli wszystkie warunki s\u0105 spe\u0142nione, zawsze dobrze si\u0119 baw. Jako takie, mogliby\u015bmy na przyk\u0142ad:<\/p>\n<ul>\n<li> Automatyczne przekierowanie zgodnie z j\u0119zykiem u\u017cytkownika <\/li>\n<li> Zarz\u0105dzanie j\u0119zykiem w subdomenach <\/li>\n<li> Zarz\u0105dzanie j\u0119zykami w r\u00f3\u017cnych domenach TLD (monsite.fr, mywebsite.com, meinewebsite.de &#8230;) <\/li>\n<li> Tworzenie produkt\u00f3w po\u0142\u0105czonych lub nie wed\u0142ug j\u0119zyk\u00f3w <\/li>\n<li> Dost\u0119p do interfejsu po\u015bwi\u0119conego t\u0142umaczeniu <\/li>\n<li> Tworzenie nowego typu u\u017cytkownika dla wi\u0119kszego bezpiecze\u0144stwa i prostoty: t\u0142umacze. <\/li>\n<\/ul>\n<p>[su_row]<br \/>\n[su_column size=&#8221;1\/3&#8243;]<img loading=\"lazy\" decoding=\"async\" src=\"https:\/\/wp-multilingual.com\/wp-content\/uploads\/sites\/18\/2017\/10\/wpml-wordpress-multilingue-traduction-square.jpg\" alt=\"\" width=\"220\" height=\"190\" class=\"aligncenter size-full wp-image-128\" \/><\/p>\n<p style=\"text-align: center\">\n[su_button background=&#8221;#FF2F3B&#8221; size=&#8221;6&#8243; url=&#8221;https:\/\/wp-theme-plugin.com\/out-wpml&#8221; target=&#8221;blank&#8221;]<strong>Odkry\u0107<\/strong> [\/su_button]<\/p>\n<p>[\/su_column]<br \/>\n[su_column size=&#8221;2\/3&#8243;]<\/p>\n<h3>WPML: To, co najlepsze w wieloj\u0119zycznym WooCommerce<\/h3>\n<p><strong>W skr\u00f3cie<\/strong>: WPML od lat rozwija\u0142 wieloj\u0119zyczne zarz\u0105dzanie w ramach WooCommerce, a jeszcze bardziej og\u00f3lnie w WordPress. Maj\u0105c to na uwadze, WPML oferuje nam WooCommerce Multilingual wtyczk\u0119, kt\u00f3ra zapewnia wszystko, co dobra wieloj\u0119zyczna wtyczka powinna wiedzie\u0107, jak dobrze si\u0119 spisywa\u0107. Opr\u00f3cz tego oferuje nam dost\u0119p do zaawansowanych funkcji, szczeg\u00f3lnie cennych.<\/p>\n<p><strong>WooCommerce Multilingual oferuje prawdziwy wieloj\u0119zyczny interfejs administracyjny do WooCommerce.<\/strong><\/p>\n<p>[\/su_column]<br \/>\n[\/su_row]<\/p>\n<p>[su_divider top=&#8221;no&#8221; style=&#8221;dotted&#8221; size=&#8221;2&#8243;]<\/p>\n<h1>More resources on WooCommerce<\/h1>\n<p>WooCommerce to szeroki temat. M\u00f3wi\u0105c o wieloj\u0119zycznej wersji WooCommerce, podchodzimy do WooCommerce tylko pod jednym z wielu aspekt\u00f3w. Zalecamy dalsze czytanie o WooCommerce na nast\u0119puj\u0105ce tematy:<\/p>\n<h3>Gdzie hostowa\u0107 swoj\u0105 witryn\u0119 WooCommerce?<\/h3>\n<p><strong>Hosting WooCommerce<\/strong> : Witryna WooCommerce zawsze musi by\u0107 na szczycie swojej wydajno\u015bci i dost\u0119pno\u015bci. Tw\u00f3j hosting jest w centrum tych dw\u00f3ch wa\u017cnych kwestii. Wyb\u00f3r w\u0142a\u015bciwego gospodarza jest niezb\u0119dny. Czy wiesz, \u017ce istniej\u0105 w pe\u0142ni przemy\u015blane i bezpieczne hosty dla WooCommerce?<br \/>\n[su_row]<br \/>\n[su_column size=&#8221;2\/3&#8243;]<strong>Pom\u00f3\u017c dokona\u0107 wyboru hostingu WooCommerce, kt\u00f3ry zapewnia.<\/strong>[\/su_column]<br \/>\n[su_column size=&#8221;1\/3&#8243;][su_button background=&#8221;#FF2F3B&#8221; size=&#8221;6&#8243; url=&#8221;https:\/\/woo-hosting.com&#8221; target=&#8221;blank&#8221;]<strong>WooCommerce Hosting<\/strong> [\/su_button] [\/su_column]<br \/>\n[\/su_row]<\/p>\n<h3>Jakie wtyczki i motywy dla WooCommerce?<\/h3>\n<p><strong>Motywy i wtyczki WooCommerce<\/strong>: Witryna WooCommerce zawsze musi by\u0107 na szczycie swojej wydajno\u015bci i dost\u0119pno\u015bci. Tw\u00f3j hosting jest w centrum tych dw\u00f3ch wa\u017cnych kwestii. Wyb\u00f3r w\u0142a\u015bciwego gospodarza jest niezb\u0119dny. Czy wiesz, \u017ce istniej\u0105 w pe\u0142ni przemy\u015blane i bezpieczne hosty dla WooCommerce?<br \/>\n[su_row]<br \/>\n[su_column size=&#8221;2\/3&#8243;]<strong>Pom\u00f3\u017c dokona\u0107 wyboru hostingu WooCommerce, kt\u00f3ry zapewnia.<\/strong>[\/su_column]<br \/>\n[su_column size=&#8221;1\/3&#8243;][su_button background=&#8221;#FF2F3B&#8221; size=&#8221;6&#8243; url=&#8221;https:\/\/woo-themes-plugins.com\/en&#8221; target=&#8221;blank&#8221;]<strong>Motywy i wtyczki WooCommerce<\/strong> [\/su_button] [\/su_column]<br \/>\n[\/su_row]<br \/>\n[su_divider top=&#8221;no&#8221; style=&#8221;dotted&#8221; size=&#8221;2&#8243;]<\/p>\n<h1><\/h1>\n","protected":false},"excerpt":{"rendered":"<p>[su_quote cite=&#8221;Built With&#8221; url=&#8221;https:\/\/builtwith.com\/ecommerce\/&#8221; target=&#8221;blank&#8221;]In just three years, WooCommerce already drives 41% of eCommerce sites in the world and will soon exceed Magento on its own ground, that of eCommerce sites key accounts.[\/su_quote] Not&#46;&#46;&#46;<\/p>\n","protected":false},"author":2,"featured_media":0,"parent":0,"menu_order":0,"comment_status":"closed","ping_status":"closed","template":"","meta":{"_monsterinsights_skip_tracking":false,"_monsterinsights_sitenote_active":false,"_monsterinsights_sitenote_note":"","_monsterinsights_sitenote_category":0,"footnotes":""},"class_list":["post-823","page","type-page","status-publish","hentry"],"yoast_head":"<!-- This site is optimized with the Yoast SEO plugin v23.1 - https:\/\/yoast.com\/wordpress\/plugins\/seo\/ -->\n<title>Wtyczka wieloj\u0119zyczna WooCommerce \/ Przet\u0142umacz swoj\u0105 witryn\u0119 WP eCommerce<\/title>\n<meta name=\"description\" content=\"Chcesz przet\u0142umaczy\u0107 stron\u0119 WooCommerce lub chcesz stworzy\u0107 prawdziwe wieloj\u0119zyczne i umi\u0119dzynarodowione sklepy dzi\u0119ki WooCommerce? Sprawd\u017a wtyczk\u0119 WooCommerce Multilingual ju\u017c teraz.\" \/>\n<meta name=\"robots\" content=\"index, follow, max-snippet:-1, max-image-preview:large, max-video-preview:-1\" \/>\n<link rel=\"canonical\" href=\"https:\/\/wp-multilingual.com\/pl\/multilingual-woocommerce-plugin\/\" \/>\n<meta property=\"og:locale\" content=\"pl_PL\" \/>\n<meta property=\"og:type\" content=\"article\" \/>\n<meta property=\"og:title\" content=\"Wtyczka wieloj\u0119zyczna WooCommerce \/ Przet\u0142umacz swoj\u0105 witryn\u0119 WP eCommerce\" \/>\n<meta property=\"og:description\" content=\"Chcesz przet\u0142umaczy\u0107 stron\u0119 WooCommerce lub chcesz stworzy\u0107 prawdziwe wieloj\u0119zyczne i umi\u0119dzynarodowione sklepy dzi\u0119ki WooCommerce? Sprawd\u017a wtyczk\u0119 WooCommerce Multilingual ju\u017c teraz.\" \/>\n<meta property=\"og:url\" content=\"https:\/\/wp-multilingual.com\/pl\/multilingual-woocommerce-plugin\/\" \/>\n<meta property=\"og:site_name\" content=\"wp-multlingual.com\" \/>\n<meta property=\"og:image\" content=\"https:\/\/wp-multilingual.com\/wp-content\/uploads\/sites\/18\/2017\/10\/woocommerce-multilingue-logo.jpg\" \/>\n<meta name=\"twitter:card\" content=\"summary_large_image\" \/>\n<meta name=\"twitter:label1\" content=\"Szacowany czas czytania\" \/>\n\t<meta name=\"twitter:data1\" content=\"9 minut\" \/>\n<script type=\"application\/ld+json\" class=\"yoast-schema-graph\">{\"@context\":\"https:\/\/schema.org\",\"@graph\":[{\"@type\":\"WebPage\",\"@id\":\"https:\/\/wp-multilingual.com\/pl\/multilingual-woocommerce-plugin\/\",\"url\":\"https:\/\/wp-multilingual.com\/pl\/multilingual-woocommerce-plugin\/\",\"name\":\"Wtyczka wieloj\u0119zyczna WooCommerce \/ Przet\u0142umacz swoj\u0105 witryn\u0119 WP eCommerce\",\"isPartOf\":{\"@id\":\"https:\/\/wp-multilingual.com\/el\/#website\"},\"primaryImageOfPage\":{\"@id\":\"https:\/\/wp-multilingual.com\/pl\/multilingual-woocommerce-plugin\/#primaryimage\"},\"image\":{\"@id\":\"https:\/\/wp-multilingual.com\/pl\/multilingual-woocommerce-plugin\/#primaryimage\"},\"thumbnailUrl\":\"https:\/\/wp-multilingual.com\/wp-content\/uploads\/sites\/18\/2017\/10\/woocommerce-multilingue-logo.jpg\",\"datePublished\":\"2018-04-05T14:40:16+00:00\",\"dateModified\":\"2018-04-05T14:40:16+00:00\",\"description\":\"Chcesz przet\u0142umaczy\u0107 stron\u0119 WooCommerce lub chcesz stworzy\u0107 prawdziwe wieloj\u0119zyczne i umi\u0119dzynarodowione sklepy dzi\u0119ki WooCommerce? Sprawd\u017a wtyczk\u0119 WooCommerce Multilingual ju\u017c teraz.\",\"breadcrumb\":{\"@id\":\"https:\/\/wp-multilingual.com\/pl\/multilingual-woocommerce-plugin\/#breadcrumb\"},\"inLanguage\":\"pl-PL\",\"potentialAction\":[{\"@type\":\"ReadAction\",\"target\":[\"https:\/\/wp-multilingual.com\/pl\/multilingual-woocommerce-plugin\/\"]}]},{\"@type\":\"ImageObject\",\"inLanguage\":\"pl-PL\",\"@id\":\"https:\/\/wp-multilingual.com\/pl\/multilingual-woocommerce-plugin\/#primaryimage\",\"url\":\"https:\/\/wp-multilingual.com\/wp-content\/uploads\/sites\/18\/2017\/10\/woocommerce-multilingue-logo.jpg\",\"contentUrl\":\"https:\/\/wp-multilingual.com\/wp-content\/uploads\/sites\/18\/2017\/10\/woocommerce-multilingue-logo.jpg\"},{\"@type\":\"BreadcrumbList\",\"@id\":\"https:\/\/wp-multilingual.com\/pl\/multilingual-woocommerce-plugin\/#breadcrumb\",\"itemListElement\":[{\"@type\":\"ListItem\",\"position\":1,\"name\":\"Accueil\",\"item\":\"https:\/\/wp-multilingual.com\/\"},{\"@type\":\"ListItem\",\"position\":2,\"name\":\"Multilingual WooCommerce Plugin\"}]},{\"@type\":\"WebSite\",\"@id\":\"https:\/\/wp-multilingual.com\/el\/#website\",\"url\":\"https:\/\/wp-multilingual.com\/el\/\",\"name\":\"wp-multlingual.com\",\"description\":\"Th\u00e8mes et Plugins Magento\",\"potentialAction\":[{\"@type\":\"SearchAction\",\"target\":{\"@type\":\"EntryPoint\",\"urlTemplate\":\"https:\/\/wp-multilingual.com\/el\/?s={search_term_string}\"},\"query-input\":\"required name=search_term_string\"}],\"inLanguage\":\"pl-PL\"}]}<\/script>\n<!-- \/ Yoast SEO plugin. -->","yoast_head_json":{"title":"Wtyczka wieloj\u0119zyczna WooCommerce \/ Przet\u0142umacz swoj\u0105 witryn\u0119 WP eCommerce","description":"Chcesz przet\u0142umaczy\u0107 stron\u0119 WooCommerce lub chcesz stworzy\u0107 prawdziwe wieloj\u0119zyczne i umi\u0119dzynarodowione sklepy dzi\u0119ki WooCommerce? Sprawd\u017a wtyczk\u0119 WooCommerce Multilingual ju\u017c teraz.","robots":{"index":"index","follow":"follow","max-snippet":"max-snippet:-1","max-image-preview":"max-image-preview:large","max-video-preview":"max-video-preview:-1"},"canonical":"https:\/\/wp-multilingual.com\/pl\/multilingual-woocommerce-plugin\/","og_locale":"pl_PL","og_type":"article","og_title":"Wtyczka wieloj\u0119zyczna WooCommerce \/ Przet\u0142umacz swoj\u0105 witryn\u0119 WP eCommerce","og_description":"Chcesz przet\u0142umaczy\u0107 stron\u0119 WooCommerce lub chcesz stworzy\u0107 prawdziwe wieloj\u0119zyczne i umi\u0119dzynarodowione sklepy dzi\u0119ki WooCommerce? Sprawd\u017a wtyczk\u0119 WooCommerce Multilingual ju\u017c teraz.","og_url":"https:\/\/wp-multilingual.com\/pl\/multilingual-woocommerce-plugin\/","og_site_name":"wp-multlingual.com","og_image":[{"url":"https:\/\/wp-multilingual.com\/wp-content\/uploads\/sites\/18\/2017\/10\/woocommerce-multilingue-logo.jpg"}],"twitter_card":"summary_large_image","twitter_misc":{"Szacowany czas czytania":"9 minut"},"schema":{"@context":"https:\/\/schema.org","@graph":[{"@type":"WebPage","@id":"https:\/\/wp-multilingual.com\/pl\/multilingual-woocommerce-plugin\/","url":"https:\/\/wp-multilingual.com\/pl\/multilingual-woocommerce-plugin\/","name":"Wtyczka wieloj\u0119zyczna WooCommerce \/ Przet\u0142umacz swoj\u0105 witryn\u0119 WP eCommerce","isPartOf":{"@id":"https:\/\/wp-multilingual.com\/el\/#website"},"primaryImageOfPage":{"@id":"https:\/\/wp-multilingual.com\/pl\/multilingual-woocommerce-plugin\/#primaryimage"},"image":{"@id":"https:\/\/wp-multilingual.com\/pl\/multilingual-woocommerce-plugin\/#primaryimage"},"thumbnailUrl":"https:\/\/wp-multilingual.com\/wp-content\/uploads\/sites\/18\/2017\/10\/woocommerce-multilingue-logo.jpg","datePublished":"2018-04-05T14:40:16+00:00","dateModified":"2018-04-05T14:40:16+00:00","description":"Chcesz przet\u0142umaczy\u0107 stron\u0119 WooCommerce lub chcesz stworzy\u0107 prawdziwe wieloj\u0119zyczne i umi\u0119dzynarodowione sklepy dzi\u0119ki WooCommerce? Sprawd\u017a wtyczk\u0119 WooCommerce Multilingual ju\u017c teraz.","breadcrumb":{"@id":"https:\/\/wp-multilingual.com\/pl\/multilingual-woocommerce-plugin\/#breadcrumb"},"inLanguage":"pl-PL","potentialAction":[{"@type":"ReadAction","target":["https:\/\/wp-multilingual.com\/pl\/multilingual-woocommerce-plugin\/"]}]},{"@type":"ImageObject","inLanguage":"pl-PL","@id":"https:\/\/wp-multilingual.com\/pl\/multilingual-woocommerce-plugin\/#primaryimage","url":"https:\/\/wp-multilingual.com\/wp-content\/uploads\/sites\/18\/2017\/10\/woocommerce-multilingue-logo.jpg","contentUrl":"https:\/\/wp-multilingual.com\/wp-content\/uploads\/sites\/18\/2017\/10\/woocommerce-multilingue-logo.jpg"},{"@type":"BreadcrumbList","@id":"https:\/\/wp-multilingual.com\/pl\/multilingual-woocommerce-plugin\/#breadcrumb","itemListElement":[{"@type":"ListItem","position":1,"name":"Accueil","item":"https:\/\/wp-multilingual.com\/"},{"@type":"ListItem","position":2,"name":"Multilingual WooCommerce Plugin"}]},{"@type":"WebSite","@id":"https:\/\/wp-multilingual.com\/el\/#website","url":"https:\/\/wp-multilingual.com\/el\/","name":"wp-multlingual.com","description":"Th\u00e8mes et Plugins Magento","potentialAction":[{"@type":"SearchAction","target":{"@type":"EntryPoint","urlTemplate":"https:\/\/wp-multilingual.com\/el\/?s={search_term_string}"},"query-input":"required name=search_term_string"}],"inLanguage":"pl-PL"}]}},"_links":{"self":[{"href":"https:\/\/wp-multilingual.com\/pl\/wp-json\/wp\/v2\/pages\/823","targetHints":{"allow":["GET"]}}],"collection":[{"href":"https:\/\/wp-multilingual.com\/pl\/wp-json\/wp\/v2\/pages"}],"about":[{"href":"https:\/\/wp-multilingual.com\/pl\/wp-json\/wp\/v2\/types\/page"}],"author":[{"embeddable":true,"href":"https:\/\/wp-multilingual.com\/pl\/wp-json\/wp\/v2\/users\/2"}],"replies":[{"embeddable":true,"href":"https:\/\/wp-multilingual.com\/pl\/wp-json\/wp\/v2\/comments?post=823"}],"version-history":[{"count":1,"href":"https:\/\/wp-multilingual.com\/pl\/wp-json\/wp\/v2\/pages\/823\/revisions"}],"predecessor-version":[{"id":830,"href":"https:\/\/wp-multilingual.com\/pl\/wp-json\/wp\/v2\/pages\/823\/revisions\/830"}],"wp:attachment":[{"href":"https:\/\/wp-multilingual.com\/pl\/wp-json\/wp\/v2\/media?parent=823"}],"curies":[{"name":"wp","href":"https:\/\/api.w.org\/{rel}","templated":true}]}}