{"id":856,"date":"2018-04-06T10:11:02","date_gmt":"2018-04-06T08:11:02","guid":{"rendered":"https:\/\/wp-multilingual.com\/?page_id=856"},"modified":"2018-04-06T10:11:02","modified_gmt":"2018-04-06T08:11:02","slug":"wordpress-tulkosanas-spraudni","status":"publish","type":"page","link":"https:\/\/wp-multilingual.com\/lv\/wordpress-tulkosanas-spraudni\/","title":{"rendered":"WordPress tulko\u0161anas spraud\u0146i: Top 5 uz 2018"},"content":{"rendered":"<h1>WordPress tulko\u0161anas spraud\u0146u saraksts<\/h1>\n<p>Vai mekl\u0113jat WordPress spraudni, kas \u013caus jums tulkot visu j\u016bsu WordPress vietni, ir apkopot lokaliz\u0113tas vietnes versijas? Patie\u0161\u0101m, WordPress ne\u013cauj b\u0101zei izveidot daudzvalodu vietni, kas ir \u012bstais tr\u016bkums, kuru var \u0101tri saprast. Bet, k\u0101 vienm\u0113r, kopiena aiz WordPress ir \u0101tri nodro\u0161in\u0101jusi m\u016bs ar progres\u012bviem risin\u0101jumiem un vienk\u0101r\u0161u apstr\u0101di. Da\u017ei WordPress tulko\u0161anas spraud\u0146i, kurus m\u0113s gatavojamies iesniegt, ir biju\u0161i apm\u0113ram gadiem, nodro\u0161inot izcilu pakalpojumu, ta\u010du jaunpien\u0101c\u0113ji n\u0101k par kar\u0161u p\u0101rveido\u0161anu m\u016bsu priek\u0101.<\/p>\n<p>Pateicoties \u0161ai vesel\u012bgai konkurencei, daudzvalodu spraud\u0146i WordPress ir k\u013cuvu\u0161i arvien vienk\u0101r\u0161\u0101ki un integr\u0113ti WordPress, k\u0101 ar\u012b arvien \u0101tr\u0101k un dro\u0161\u0101k. M\u016bsu WordPress tulko\u0161anas spraud\u0146u saraksts \u013cauj jums atrast lab\u0101kos daudzvalodu spraud\u0146us.<\/p>\n<h1>Top WordPress tulko\u0161anas spraud\u0146i<\/h1>\n<p>V\u0113laties, lai daudzvalodu WordPress vietne b\u016btu paredz\u0113ta visiem viet\u0146u veidiem, kurus var izdar\u012bt ar WordPress, k\u0101 ar\u012b visos viet\u0146u izm\u0113ros. Nevajag b\u016bt lielai vietnei, lai izmantotu daudzvalodu lietojumu ar WordPress.<\/p>\n<p>[su_row]<br \/>\n[su_column size=&#8221;1\/6&#8243;]<img loading=\"lazy\" decoding=\"async\" class=\"aligncenter size-full wp-image-128\" src=\"https:\/\/wp-multilingual.com\/wp-content\/uploads\/sites\/18\/2017\/10\/wpml-wordpress-multilingue-traduction-square.jpg\" alt=\"\" width=\"220\" height=\"190\" \/>[\/su_column]<br \/>\n[su_column size=&#8221;2\/3&#8243;]<\/p>\n<h3>WPML CMS: Lab\u0101kais WordPress tulko\u0161anas spraudnis<\/h3>\n<p><strong>\u012asum\u0101<\/strong>: P\u0113c vair\u0101ku gadu lieto\u0161anas WPML noteikti ir spraudnis, kuru m\u0113s iesak\u0101m ikvienam izmantot, un ko m\u0113s izmantojam visos m\u016bsu daudzvalod\u012bgos projektos. P\u0113c j\u016bsu dom\u0101m, ko \u0161\u012b vietne izmanto daudzvalodu da\u013cai? Protams, WPML! WordPress tulko\u0161anas funkcionalit\u0101te, kas nav proporcion\u0101la visam, kas tiek dar\u012bts WordPress tulko\u0161anas spraud\u0146u tirg\u016b.<\/p>\n<p><strong>Vislab\u0101kais ir WPML CMS atbalsts bez maksas <a href=\"https:\/\/wp-multilingue.fr\/plugins-wordpress-compatible-multilingual\/woocommerce-multilingue\/\"> WooCommerce daudzvalodu <\/a>.<\/strong><br \/>\n<a href=\"\/?page_id=766\">&gt; WPML CMS WordPress tulko\u0161anas spraudnis: piln\u012bga p\u0101rskat\u012b\u0161ana<\/a><br \/>\n[\/su_column]<br \/>\n[su_column size=&#8221;1\/6&#8243;]<br \/>\n[su_spacer size=&#8221;10&#8243;]<br \/>\n<i class=\"fa fa-star\" style=\"font-size: 25px;color: #1f88a3\"><\/i><i class=\"fa fa-star\" style=\"font-size: 25px;color: #1f88a3\"><\/i><i class=\"fa fa-star\" style=\"font-size: 25px;color: #1f88a3\"><\/i><i class=\"fa fa-star\" style=\"font-size: 25px;color: #1f88a3\"><\/i><i class=\"fa fa-star-half-o\" style=\"font-size: 25px;color: #1f88a3\"><\/i><br \/>\n[su_spacer size=&#8221;40&#8243;]<\/p>\n<p style=\"text-align: center\">[su_button background=&#8221;#1F88A3&#8243; size=&#8221;6&#8243; url=&#8221;https:\/\/wp-theme-plugin.com\/out-wpml&#8221; target=&#8221;blank&#8221;] <strong>Atkl\u0101jiet<\/strong> [\/su_button] [\/su_column]<br \/>\n[\/su_row]<\/p>\n<p>[su_row]<br \/>\n[su_column size=&#8221;1\/6&#8243;]<img loading=\"lazy\" decoding=\"async\" class=\"aligncenter size-full wp-image-129\" src=\"https:\/\/wp-multilingual.com\/wp-content\/uploads\/sites\/18\/2017\/10\/wpml-blog-wordpress-multilingue-traduction-square.jpg\" alt=\"\" width=\"220\" height=\"190\" \/>[\/su_column]<br \/>\n[su_column size=&#8221;2\/3&#8243;]<\/p>\n<h3>WPML Blog: WordPress divvalodu spraudnis<\/h3>\n<p><strong>\u012asum\u0101<\/strong>: Da\u017ei apgalvo, ka WPML ir &#8220;re\u0101l\u0101 g\u0101zes r\u016bpn\u012bca&#8221;. Pirm\u0101 WPML pieeja noteikti var \u0161\u0137ist nedaudz satrauco\u0161a. K\u0101p\u0113c T\u0101 k\u0101 \u0161is spraudnis virza daudzvalodu p\u0101rvald\u012bbu uz profesion\u0101lu l\u012bmeni. Bet vai mums joproj\u0101m ir j\u0101saprot visi ins un outs viegli izk\u013c\u016bt. Tiem, kuri v\u0113las daudzvalodu vietni, un tas \u0101tri un bez m\u0101c\u012b\u0161an\u0101s, WPML versijas emu\u0101rs dos jums prieks.<br \/>\n<strong>Kad WPML k\u013c\u016bst tik vienk\u0101r\u0161i k\u0101 klik\u0161\u0137is t\u0101 aizmugures biroj\u0101.<\/strong><br \/>\n<a href=\"\/?page_id=766\">&gt; WPML Blog WordPress tulko\u0161anas spraudnis: piln\u012bga p\u0101rskat\u012b\u0161ana<\/a><br \/>\n[\/su_column]<br \/>\n[su_column size=&#8221;1\/6&#8243;]<br \/>\n[su_spacer size=&#8221;10&#8243;]<br \/>\n<i class=\"fa fa-star\" style=\"font-size: 25px;color: #1f88a3\"><\/i><i class=\"fa fa-star\" style=\"font-size: 25px;color: #1f88a3\"><\/i><i class=\"fa fa-star\" style=\"font-size: 25px;color: #1f88a3\"><\/i><i class=\"fa fa-star\" style=\"font-size: 25px;color: #1f88a3\"><\/i><i class=\"fa fa-star-o\" style=\"font-size: 25px;color: #1f88a3\"><\/i><\/p>\n<p>[su_spacer size=&#8221;40&#8243;]<\/p>\n<p style=\"text-align: center\">[su_button background=&#8221;#1F88A3&#8243; size=&#8221;6&#8243; url=&#8221;https:\/\/wp-theme-plugin.com\/out-wpml&#8221; target=&#8221;blank&#8221;] <strong>Atkl\u0101jiet<\/strong> [\/su_button] [\/su_column]<\/p>\n<p>[\/su_row]<br \/>\n[su_row]<br \/>\n[su_column size=&#8221;1\/6&#8243;]<img loading=\"lazy\" decoding=\"async\" class=\"aligncenter size-full wp-image-132\" src=\"https:\/\/wp-multilingual.com\/wp-content\/uploads\/sites\/18\/2017\/10\/qtranslatex-wordpress-multilingue-traduction-square.jpg\" alt=\"\" width=\"220\" height=\"190\" \/>[\/su_column]<br \/>\n[su_column size=&#8221;2\/3&#8243;]<\/p>\n<h3>qTranslate X: Atblo\u0137\u0113ts tulko\u0161anas spraudnis?<\/h3>\n<p><strong>\u012asum\u0101<\/strong>: Ar vair\u0101k nek\u0101 100 000 WordPress vietn\u0113m, kas vienm\u0113r uzticas qTranslateX, lai nodro\u0161in\u0101tu WordPress vietnes tulko\u0161anas da\u013cu, m\u0113s var\u0113tu tic\u0113t, ka \u0161is labi zin\u0101ms spraudnis joproj\u0101m tiks saglab\u0101ts. Bet l\u012bdz tam laikam, kad \u0161is tests ir izdar\u012bts, qTranslateX nav atjaunin\u0101ts uz gadu. Vienk\u0101r\u0161s un efekt\u012bvs spraudnis, kas, \u0161\u0137iet, pamaz\u0101m paz\u016bd.<\/p>\n<p><strong>Vai qTranslate b\u016btu apst\u0101jies vai vienk\u0101r\u0161i gaid\u012b\u0161anas re\u017e\u012bm\u0101?<\/strong><br \/>\n<a href=\"\/?page_id=764\">&gt; qTranslateX WordPress tulko\u0161anas spraudnis: piln\u012bga p\u0101rskat\u012b\u0161ana<\/a><br \/>\n[\/su_column]<br \/>\n[su_column size=&#8221;1\/6&#8243;]<br \/>\n[su_spacer size=&#8221;10&#8243;]<br \/>\n<i class=\"fa fa-star\" style=\"font-size: 25px;color: #1f88a3\"><\/i><i class=\"fa fa-star\" style=\"font-size: 25px;color: #1f88a3\"><\/i><i class=\"fa fa-star-half-o\" style=\"font-size: 25px;color: #1f88a3\"><\/i><i class=\"fa fa-star-o\" style=\"font-size: 25px;color: #1f88a3\"><\/i><i class=\"fa fa-star-o\" style=\"font-size: 25px;color: #1f88a3\"><\/i><br \/>\n[su_spacer size=&#8221;40&#8243;]<\/p>\n<p style=\"text-align: center\">[su_button background=&#8221;#1F88A3&#8243; size=&#8221;6&#8243; url=&#8221;https:\/\/wp-theme-plugin.com\/out-qtranslatex&#8221; target=&#8221;blank&#8221;] <strong>Atkl\u0101jiet<\/strong> [\/su_button] [\/su_column]<\/p>\n<p>[\/su_row]<\/p>\n<p>[su_row]<br \/>\n[su_column size=&#8221;1\/6&#8243;]<img loading=\"lazy\" decoding=\"async\" class=\"aligncenter size-full wp-image-131\" src=\"https:\/\/wp-multilingual.com\/wp-content\/uploads\/sites\/18\/2017\/10\/multilingualpress-wordpress-multilingue-traduction-square.png\" alt=\"\" width=\"220\" height=\"190\" \/>[\/su_column]<br \/>\n[su_column size=&#8221;2\/3&#8243;]<\/p>\n<h3>MultilingualPress: Tulko\u0161anas spraudnis, kas nodro\u0161ina<\/h3>\n<p><strong>\u012asum\u0101<\/strong>: Kad esat viens no slaven\u0101kajiem WordPress rezerves spraud\u0146iem, es dom\u0101ju, ka apdro\u0161in\u0101\u0161ana ir k\u0101 otr\u0101 daba. Nu, iz\u0146emot \u0161o maz v\u0101rdu sp\u0113li, MultilingualPress ir WordPress tulko\u0161anas spraudnis, kas pied\u0101v\u0101 novatorisku v\u012bziju valodas p\u0101rvald\u012bbas zi\u0146\u0101, lai j\u016bsu WordPress vietne vienm\u0113r paliktu aug\u0161pus\u0113.<\/p>\n<p><strong>Jaunpien\u0101c\u0113js WordPress tulko\u0161anas pasaul\u0113, kas \u013caus cilv\u0113kiem run\u0101t.<\/strong><br \/>\n<a href=\"\/?page_id=760\">&gt;MultilingualPress WordPress tulko\u0161anas spraudnis: piln\u012bga p\u0101rskat\u012b\u0161ana<\/a><br \/>\n[\/su_column]<br \/>\n[su_column size=&#8221;1\/6&#8243;]<br \/>\n[su_spacer size=&#8221;10&#8243;]<br \/>\n<i class=\"fa fa-star\" style=\"font-size: 25px;color: #1f88a3\"><\/i><i class=\"fa fa-star\" style=\"font-size: 25px;color: #1f88a3\"><\/i><i class=\"fa fa-star\" style=\"font-size: 25px;color: #1f88a3\"><\/i><i class=\"fa fa-star\" style=\"font-size: 25px;color: #1f88a3\"><\/i><i class=\"fa fa-star-o\" style=\"font-size: 25px;color: #1f88a3\"><\/i><br \/>\n[su_spacer size=&#8221;40&#8243;]<\/p>\n<p style=\"text-align: center\">[su_button background=&#8221;#1F88A3&#8243; size=&#8221;6&#8243; url=&#8221;https:\/\/wp-theme-plugin.com\/out-multilingual-press&#8221; target=&#8221;blank&#8221;] <strong>Atkl\u0101jiet<\/strong> [\/su_button] [\/su_column]<\/p>\n<p>[\/su_row]<\/p>\n<p>[su_row]<br \/>\n[su_column size=&#8221;1\/6&#8243;]<img loading=\"lazy\" decoding=\"async\" class=\"aligncenter size-full wp-image-130\" src=\"https:\/\/wp-multilingual.com\/wp-content\/uploads\/sites\/18\/2017\/10\/polylang-wordpress-multilingue-traduction-square.png\" alt=\"\" width=\"220\" height=\"190\" \/>[\/su_column]<br \/>\n[su_column size=&#8221;2\/3&#8243;]<\/p>\n<h3>Polylang: Tulko\u0161anas spraudnis, lai atkl\u0101tu<\/h3>\n<p><strong>\u012asum\u0101<\/strong>: PolyLang ir WordPress tulkojuma spraudnis, kas gadiem ilgi ir nep\u0101rtraukti un pak\u0101peniski att\u012bst\u012bjies. \u0160is spraudnis beidzot atrodas uzman\u012bbas centr\u0101, un t\u0101d\u0113\u013c paz\u012bst daudz daudz funkcion\u0101l\u0101ku atjaunin\u0101jumu. Polylang ir moderns daudzvalodu WordPress spraudnis, kas ir peln\u012bjis laiku, lai atkl\u0101tu savu WordPress tulko\u0161anas redz\u0113jumu.<br \/>\n<strong>Ar vis\u0101m \u0161\u012bm funkcij\u0101m Polylang atrodas groza aug\u0161pus\u0113.<\/strong><br \/>\n<a href=\"\/?page_id=762\">&gt; polyLang WordPress tulko\u0161anas spraudnis: piln\u012bga p\u0101rskat\u012b\u0161ana<\/a><br \/>\n[\/su_column]<br \/>\n[su_column size=&#8221;1\/6&#8243;]<br \/>\n[su_spacer size=&#8221;10&#8243;]<br \/>\n<i class=\"fa fa-star\" style=\"font-size: 25px;color: #1f88a3\"><\/i><i class=\"fa fa-star\" style=\"font-size: 25px;color: #1f88a3\"><\/i><i class=\"fa fa-star\" style=\"font-size: 25px;color: #1f88a3\"><\/i><i class=\"fa fa-star\" style=\"font-size: 25px;color: #1f88a3\"><\/i><i class=\"fa fa-star-o\" style=\"font-size: 25px;color: #1f88a3\"><\/i><br \/>\n[su_spacer size=&#8221;40&#8243;]<\/p>\n<p style=\"text-align: center\">[su_button background=&#8221;#1F88A3&#8243; size=&#8221;6&#8243; url=&#8221;https:\/\/wp-theme-plugin.com\/out-polylang&#8221; target=&#8221;blank&#8221;] <strong>Atkl\u0101jiet <\/strong> [\/su_button] [\/su_column]<\/p>\n<p>[\/su_row]<\/p>\n","protected":false},"excerpt":{"rendered":"<p>WordPress tulko\u0161anas spraud\u0146u saraksts Vai mekl\u0113jat WordPress spraudni, kas \u013caus jums tulkot visu j\u016bsu WordPress vietni, ir apkopot lokaliz\u0113tas vietnes versijas? Patie\u0161\u0101m, WordPress ne\u013cauj b\u0101zei izveidot daudzvalodu vietni, kas ir \u012bstais tr\u016bkums, kuru var&#46;&#46;&#46;<\/p>\n","protected":false},"author":2,"featured_media":0,"parent":0,"menu_order":0,"comment_status":"closed","ping_status":"closed","template":"","meta":{"_monsterinsights_skip_tracking":false,"_monsterinsights_sitenote_active":false,"_monsterinsights_sitenote_note":"","_monsterinsights_sitenote_category":0,"footnotes":""},"class_list":["post-856","page","type-page","status-publish","hentry"],"yoast_head":"<!-- This site is optimized with the Yoast SEO plugin v23.1 - https:\/\/yoast.com\/wordpress\/plugins\/seo\/ -->\n<title>WordPress tulko\u0161anas spraud\u0146i: daudzvalodu WordPress TOP 5<\/title>\n<meta name=\"description\" content=\"Tulkot savu WordPress vietni? Tas ir vienk\u0101r\u0161i ar pareizo WordPress tulko\u0161anas spraudni. Uzziniet, k\u0101 uzreiz atlas\u012bt lab\u0101ko WordPress tulkojumu spraud\u0146us 2018. gadam.\" \/>\n<meta name=\"robots\" content=\"index, follow, max-snippet:-1, max-image-preview:large, max-video-preview:-1\" \/>\n<link rel=\"canonical\" href=\"https:\/\/wp-multilingual.com\/lv\/wordpress-tulkosanas-spraudni\/\" \/>\n<meta property=\"og:locale\" content=\"lv_LV\" \/>\n<meta property=\"og:type\" content=\"article\" \/>\n<meta property=\"og:title\" content=\"WordPress tulko\u0161anas spraud\u0146i: daudzvalodu WordPress TOP 5\" \/>\n<meta property=\"og:description\" content=\"Tulkot savu WordPress vietni? Tas ir vienk\u0101r\u0161i ar pareizo WordPress tulko\u0161anas spraudni. Uzziniet, k\u0101 uzreiz atlas\u012bt lab\u0101ko WordPress tulkojumu spraud\u0146us 2018. gadam.\" \/>\n<meta property=\"og:url\" content=\"https:\/\/wp-multilingual.com\/lv\/wordpress-tulkosanas-spraudni\/\" \/>\n<meta property=\"og:site_name\" content=\"wp-multlingual.com\" \/>\n<meta property=\"og:image\" content=\"https:\/\/wp-multilingual.com\/wp-content\/uploads\/sites\/18\/2017\/10\/wpml-wordpress-multilingue-traduction-square.jpg\" \/>\n<meta name=\"twitter:card\" content=\"summary_large_image\" \/>\n<meta name=\"twitter:label1\" content=\"Est. reading time\" \/>\n\t<meta name=\"twitter:data1\" content=\"4 minutes\" \/>\n<script type=\"application\/ld+json\" class=\"yoast-schema-graph\">{\"@context\":\"https:\/\/schema.org\",\"@graph\":[{\"@type\":\"WebPage\",\"@id\":\"https:\/\/wp-multilingual.com\/lv\/wordpress-tulkosanas-spraudni\/\",\"url\":\"https:\/\/wp-multilingual.com\/lv\/wordpress-tulkosanas-spraudni\/\",\"name\":\"WordPress tulko\u0161anas spraud\u0146i: daudzvalodu WordPress TOP 5\",\"isPartOf\":{\"@id\":\"https:\/\/wp-multilingual.com\/el\/#website\"},\"primaryImageOfPage\":{\"@id\":\"https:\/\/wp-multilingual.com\/lv\/wordpress-tulkosanas-spraudni\/#primaryimage\"},\"image\":{\"@id\":\"https:\/\/wp-multilingual.com\/lv\/wordpress-tulkosanas-spraudni\/#primaryimage\"},\"thumbnailUrl\":\"https:\/\/wp-multilingual.com\/wp-content\/uploads\/sites\/18\/2017\/10\/wpml-wordpress-multilingue-traduction-square.jpg\",\"datePublished\":\"2018-04-06T08:11:02+00:00\",\"dateModified\":\"2018-04-06T08:11:02+00:00\",\"description\":\"Tulkot savu WordPress vietni? Tas ir vienk\u0101r\u0161i ar pareizo WordPress tulko\u0161anas spraudni. Uzziniet, k\u0101 uzreiz atlas\u012bt lab\u0101ko WordPress tulkojumu spraud\u0146us 2018. gadam.\",\"breadcrumb\":{\"@id\":\"https:\/\/wp-multilingual.com\/lv\/wordpress-tulkosanas-spraudni\/#breadcrumb\"},\"inLanguage\":\"lv-LV\",\"potentialAction\":[{\"@type\":\"ReadAction\",\"target\":[\"https:\/\/wp-multilingual.com\/lv\/wordpress-tulkosanas-spraudni\/\"]}]},{\"@type\":\"ImageObject\",\"inLanguage\":\"lv-LV\",\"@id\":\"https:\/\/wp-multilingual.com\/lv\/wordpress-tulkosanas-spraudni\/#primaryimage\",\"url\":\"https:\/\/wp-multilingual.com\/wp-content\/uploads\/sites\/18\/2017\/10\/wpml-wordpress-multilingue-traduction-square.jpg\",\"contentUrl\":\"https:\/\/wp-multilingual.com\/wp-content\/uploads\/sites\/18\/2017\/10\/wpml-wordpress-multilingue-traduction-square.jpg\"},{\"@type\":\"BreadcrumbList\",\"@id\":\"https:\/\/wp-multilingual.com\/lv\/wordpress-tulkosanas-spraudni\/#breadcrumb\",\"itemListElement\":[{\"@type\":\"ListItem\",\"position\":1,\"name\":\"Accueil\",\"item\":\"https:\/\/wp-multilingual.com\/\"},{\"@type\":\"ListItem\",\"position\":2,\"name\":\"WordPress tulko\u0161anas spraud\u0146i: Top 5 uz 2018\"}]},{\"@type\":\"WebSite\",\"@id\":\"https:\/\/wp-multilingual.com\/el\/#website\",\"url\":\"https:\/\/wp-multilingual.com\/el\/\",\"name\":\"wp-multlingual.com\",\"description\":\"Th\u00e8mes et Plugins Magento\",\"potentialAction\":[{\"@type\":\"SearchAction\",\"target\":{\"@type\":\"EntryPoint\",\"urlTemplate\":\"https:\/\/wp-multilingual.com\/el\/?s={search_term_string}\"},\"query-input\":\"required name=search_term_string\"}],\"inLanguage\":\"lv-LV\"}]}<\/script>\n<!-- \/ Yoast SEO plugin. -->","yoast_head_json":{"title":"WordPress tulko\u0161anas spraud\u0146i: daudzvalodu WordPress TOP 5","description":"Tulkot savu WordPress vietni? Tas ir vienk\u0101r\u0161i ar pareizo WordPress tulko\u0161anas spraudni. Uzziniet, k\u0101 uzreiz atlas\u012bt lab\u0101ko WordPress tulkojumu spraud\u0146us 2018. gadam.","robots":{"index":"index","follow":"follow","max-snippet":"max-snippet:-1","max-image-preview":"max-image-preview:large","max-video-preview":"max-video-preview:-1"},"canonical":"https:\/\/wp-multilingual.com\/lv\/wordpress-tulkosanas-spraudni\/","og_locale":"lv_LV","og_type":"article","og_title":"WordPress tulko\u0161anas spraud\u0146i: daudzvalodu WordPress TOP 5","og_description":"Tulkot savu WordPress vietni? Tas ir vienk\u0101r\u0161i ar pareizo WordPress tulko\u0161anas spraudni. Uzziniet, k\u0101 uzreiz atlas\u012bt lab\u0101ko WordPress tulkojumu spraud\u0146us 2018. gadam.","og_url":"https:\/\/wp-multilingual.com\/lv\/wordpress-tulkosanas-spraudni\/","og_site_name":"wp-multlingual.com","og_image":[{"url":"https:\/\/wp-multilingual.com\/wp-content\/uploads\/sites\/18\/2017\/10\/wpml-wordpress-multilingue-traduction-square.jpg"}],"twitter_card":"summary_large_image","twitter_misc":{"Est. reading time":"4 minutes"},"schema":{"@context":"https:\/\/schema.org","@graph":[{"@type":"WebPage","@id":"https:\/\/wp-multilingual.com\/lv\/wordpress-tulkosanas-spraudni\/","url":"https:\/\/wp-multilingual.com\/lv\/wordpress-tulkosanas-spraudni\/","name":"WordPress tulko\u0161anas spraud\u0146i: daudzvalodu WordPress TOP 5","isPartOf":{"@id":"https:\/\/wp-multilingual.com\/el\/#website"},"primaryImageOfPage":{"@id":"https:\/\/wp-multilingual.com\/lv\/wordpress-tulkosanas-spraudni\/#primaryimage"},"image":{"@id":"https:\/\/wp-multilingual.com\/lv\/wordpress-tulkosanas-spraudni\/#primaryimage"},"thumbnailUrl":"https:\/\/wp-multilingual.com\/wp-content\/uploads\/sites\/18\/2017\/10\/wpml-wordpress-multilingue-traduction-square.jpg","datePublished":"2018-04-06T08:11:02+00:00","dateModified":"2018-04-06T08:11:02+00:00","description":"Tulkot savu WordPress vietni? Tas ir vienk\u0101r\u0161i ar pareizo WordPress tulko\u0161anas spraudni. Uzziniet, k\u0101 uzreiz atlas\u012bt lab\u0101ko WordPress tulkojumu spraud\u0146us 2018. gadam.","breadcrumb":{"@id":"https:\/\/wp-multilingual.com\/lv\/wordpress-tulkosanas-spraudni\/#breadcrumb"},"inLanguage":"lv-LV","potentialAction":[{"@type":"ReadAction","target":["https:\/\/wp-multilingual.com\/lv\/wordpress-tulkosanas-spraudni\/"]}]},{"@type":"ImageObject","inLanguage":"lv-LV","@id":"https:\/\/wp-multilingual.com\/lv\/wordpress-tulkosanas-spraudni\/#primaryimage","url":"https:\/\/wp-multilingual.com\/wp-content\/uploads\/sites\/18\/2017\/10\/wpml-wordpress-multilingue-traduction-square.jpg","contentUrl":"https:\/\/wp-multilingual.com\/wp-content\/uploads\/sites\/18\/2017\/10\/wpml-wordpress-multilingue-traduction-square.jpg"},{"@type":"BreadcrumbList","@id":"https:\/\/wp-multilingual.com\/lv\/wordpress-tulkosanas-spraudni\/#breadcrumb","itemListElement":[{"@type":"ListItem","position":1,"name":"Accueil","item":"https:\/\/wp-multilingual.com\/"},{"@type":"ListItem","position":2,"name":"WordPress tulko\u0161anas spraud\u0146i: Top 5 uz 2018"}]},{"@type":"WebSite","@id":"https:\/\/wp-multilingual.com\/el\/#website","url":"https:\/\/wp-multilingual.com\/el\/","name":"wp-multlingual.com","description":"Th\u00e8mes et Plugins Magento","potentialAction":[{"@type":"SearchAction","target":{"@type":"EntryPoint","urlTemplate":"https:\/\/wp-multilingual.com\/el\/?s={search_term_string}"},"query-input":"required name=search_term_string"}],"inLanguage":"lv-LV"}]}},"_links":{"self":[{"href":"https:\/\/wp-multilingual.com\/lv\/wp-json\/wp\/v2\/pages\/856","targetHints":{"allow":["GET"]}}],"collection":[{"href":"https:\/\/wp-multilingual.com\/lv\/wp-json\/wp\/v2\/pages"}],"about":[{"href":"https:\/\/wp-multilingual.com\/lv\/wp-json\/wp\/v2\/types\/page"}],"author":[{"embeddable":true,"href":"https:\/\/wp-multilingual.com\/lv\/wp-json\/wp\/v2\/users\/2"}],"replies":[{"embeddable":true,"href":"https:\/\/wp-multilingual.com\/lv\/wp-json\/wp\/v2\/comments?post=856"}],"version-history":[{"count":1,"href":"https:\/\/wp-multilingual.com\/lv\/wp-json\/wp\/v2\/pages\/856\/revisions"}],"predecessor-version":[{"id":861,"href":"https:\/\/wp-multilingual.com\/lv\/wp-json\/wp\/v2\/pages\/856\/revisions\/861"}],"wp:attachment":[{"href":"https:\/\/wp-multilingual.com\/lv\/wp-json\/wp\/v2\/media?parent=856"}],"curies":[{"name":"wp","href":"https:\/\/api.w.org\/{rel}","templated":true}]}}