{"id":818,"date":"2018-04-05T16:03:16","date_gmt":"2018-04-05T14:03:16","guid":{"rendered":"https:\/\/wp-multilingual.com\/?page_id=818"},"modified":"2018-04-05T16:03:38","modified_gmt":"2018-04-05T14:03:38","slug":"daudzvalodu-woocommerce-spraudnis","status":"publish","type":"page","link":"https:\/\/wp-multilingual.com\/lv\/daudzvalodu-woocommerce-spraudnis\/","title":{"rendered":"Daudzvalodu WooCommerce spraudnis"},"content":{"rendered":"<p>[su_quote cite=&#8221;Built With&#8221; url=&#8221;https:\/\/builtwith.com\/ecommerce\/&#8221; target=&#8221;blank&#8221;]Tikai tr\u012bs gados WooCommerce jau virza 41% no e-komercijas vietn\u0113m pasaul\u0113 un dr\u012bzum\u0101 p\u0101rsniegs Magento uz sava r\u0113\u0137ina, k\u0101 ar\u012b e-komercijas viet\u0146u galveno kontu.[\/su_quote]<\/p>\n<p><img loading=\"lazy\" decoding=\"async\" src=\"https:\/\/wp-multilingual.com\/wp-content\/uploads\/sites\/18\/2017\/10\/woocommerce-multilingue-logo.jpg\" alt=\"\" width=\"150\" height=\"150\" class=\"alignleft size-full wp-image-137\" \/>Pirms pieciem gadiem, uzskatot, ka WordPress var\u0113tu nodro\u0161in\u0101t visas CMS funkcijas, kas specializ\u0113jas t\u0101d\u0101s nozar\u0113s k\u0101 Magento vai Prestashop, bija viegla \u0101rpr\u0101ts.<br \/>\nPat p\u0113c 3 gadiem WordPress ir k\u013cuvis par b\u016btisku risin\u0101jumu e-komercijas jom\u0101, un tas ir pateicoties spraudnim WooCommerce. Kur\u0161 pats neb\u016btu dzimis bez projekta JigoShop, kuram vi\u0146\u0161 ir dak\u0161a. L\u012bdz ar WordPress versijas 3.9 par\u0101d\u012b\u0161anos, kas sp\u0113j nodro\u0161in\u0101t \u0101rk\u0101rt\u012bgu elast\u012bbu un WooCommerce l\u012bdz pat\u012bkamai administr\u0113\u0161anas saskarnei, plan\u0113tas e-komercija tie\u0161\u0101m ir main\u012bjusi savu seju uz mirk\u013ca. Kas bija maz ticams, ir piepild\u012bjies, e-komerciju vairs nevar iztikt bez WooCommerce. Par WooCommerce ir izveidojusies pilnv\u0113rt\u012bga ekosist\u0113ma. Viss, kas var b\u016bt pazudis WooCommerce. Ne tas, ka tas ir \u012bpa\u0161i nepiecie\u0161ams, t\u0101p\u0113c WooCommerce pied\u0101v\u0101 iespaid\u012bgu funkcionalit\u0101ti, lai izveidotu e-komercijas vietni.<br \/>\nTikai negat\u012bvie pan\u0101kumi, vien\u012bgais tr\u016bkums, kas padara WooCommerce turpina c\u012bn\u012bties ar galvenajiem kontiem: daudzvalodu viet\u0113j\u0101 atbalsta tr\u016bkums. Tom\u0113r ir spraudnis, kas \u013caus jums:<\/p>\n<ul>\n<li> P\u0101rdod visus produktu veidus (atsevi\u0161\u0137i vai main\u012bgi) <\/li>\n<li> Piek\u013cuve \u012bpa\u0161a produktu tulko\u0161anas vad\u012bbas saskarnei <\/li>\n<li> P\u0101rdod visus produktu veidus (atsevi\u0161\u0137i vai main\u012bgi) <\/li>\n<li> P\u0101rskait\u012bt visu pas\u016bt\u012bjuma procesu (izbrauk\u0161ana) <\/li>\n<li> Dar\u012bjumu e-pasta zi\u0146ojumu s\u016bt\u012b\u0161ana klienta valod\u0101 <\/li>\n<li> Vienots produktu kr\u0101jums, kas nav sadal\u012bts pa valod\u0101m <\/li>\n<li> \u013bauj atbalst\u012bt da\u017e\u0101das val\u016btas WooCommerce vietn\u0113 <\/li>\n<\/ul>\n<p>Daudzu valodu funkciju pievieno\u0161ana WooCommerce vietnei \u0161\u0137iet b\u016btiska visiem veikaliem, pat visnozares. Internets \u013cauj jums pieg\u0101d\u0101t vis\u0101 pasaul\u0113. Vai zin\u0101j\u0101t, ka gandr\u012bz katrs otrais Eiropas pirc\u0113js nekad nav nopircis e-komercijas vietni, kas nerun\u0101 sav\u0101 valod\u0101? Nevajadz\u0113tu p\u0101r\u0101k zemu nov\u0113rt\u0113t laiku, kas nepiecie\u0161ams daudzvalodu e-komercijas vietnes ievie\u0161anai. Izv\u0113loties pareizo daudzvalodu WooCommerce spraudni, izv\u0113laties optimiz\u0113t savu darba laiku.<\/p>\n<p>[su_row]<br \/>\n[su_column size=&#8221;1\/6&#8243;]<img loading=\"lazy\" decoding=\"async\" src=\"https:\/\/wp-multilingual.com\/wp-content\/uploads\/sites\/18\/2017\/10\/wpml-wordpress-multilingue-traduction-square.jpg\" alt=\"\" width=\"220\" height=\"190\" class=\"aligncenter size-full wp-image-128\" \/>[\/su_column]<br \/>\n[su_column size=&#8221;2\/3&#8243;]<\/p>\n<h3>WPML: 100% daudzvalodu WooCommerce<\/h3>\n<p><strong>\u012asum\u0101<\/strong>: WPML pied\u0101v\u0101 moduli t\u0101 \u013coti slaven\u0101 WPML CMS spraud\u0146\u0101, lai atbalst\u012btu 100% WooCommerce. \u0160o spraudni sauc par WooCommerce daudzvalodu versiju. Ar \u0161\u0101du nosaukumu m\u0113s abi dom\u0101jam par to, ko vi\u0146\u0161 dar\u012bs, un mums ir dar\u012b\u0161ana ar pa\u0161u pirmo daudzvalodu WooCommerce spraudni tirg\u016b, un t\u0101 joproj\u0101m darbojas. Daudzus gadus WPML specializ\u0113jas daudzvalodu WordPress vietn\u0113s.<\/p>\n<p><strong>Daudzvalodu WooCommerce vietne? \u0160\u012b ir vi\u0146a \u012bpa\u0161\u012bba, nav j\u0101mekl\u0113.<\/strong><\/p>\n<p>[\/su_column]<br \/>\n[su_column size=&#8221;1\/6&#8243;]<i>[su_spacer size=&#8221;20&#8243;]<\/i><\/p>\n<p style=\"text-align: center\"><i class=\"fa fa-star\"><\/i><i class=\"fa fa-star\"><\/i><i class=\"fa fa-star\"><\/i><i class=\"fa fa-star\"><\/i><i class=\"fa fa-star-half-o\"><\/i><br \/>\n<i>No $ 29<\/i><\/p>\n<p>[su_button background=&#8221;#FF2F3B&#8221; size=&#8221;6&#8243; url=&#8221;https:\/\/wp-theme-plugin.com\/out-wpml&#8221; target=&#8221;blank&#8221;]<strong>Atkl\u0101jiet<\/strong> [\/su_button] [\/su_column]<br \/>\n[\/su_row]<\/p>\n<p>Bet, starp citu &#8230; Kas ir daudzvalodu WooCommerce vietne?<\/p>\n<h1>Daudzvalodu WooCommerce? K\u0101p\u0113c K\u0101?<\/h1>\n<p>B\u016bt\u012bb\u0101 m\u0113s run\u0101jam par iesp\u0113ju padar\u012bt WooCommerce daudzvalodu. Bet ko tie\u0161i m\u0113s run\u0101jam? Noskaidrosim to, ko m\u0113s varam sagaid\u012bt no WooCommerce \u013coti labas tulko\u0161anas un daudzvalodu vad\u012bbas spraud\u0146a.<\/p>\n<h2>WordPress integr\u0101cija<\/h2>\n<p>Man pat\u012bk atv\u0113rt durvis:) Bet pirms WooCommerce spraud\u0146a, spraudnis, kuru j\u016bs atceraties, lai padar\u012btu j\u016bsu daudzvalodu vietni visupirms sader\u012bgu ar WordPress. Es biju br\u012bdin\u0101jis &#8230; atv\u0113rtas durvis &#8230; Klepus &#8230; \u0160\u0137iet, ka tas var izklaus\u012bties nedaudz dumj\u0161. Bet padom\u0101jiet par to otro reizi. Galu gal\u0101 j\u016bsu WordPress instal\u0113\u0161ana var neb\u016bt tik klasiska, k\u0101 tas var\u0113tu \u0161\u0137ist no pirm\u0101 acu uzmetiena. Piem\u0113ram, m\u0113s \u013coti bie\u017ei satiekamies: WordPress multisite versijas atbalsts. Labi, tas neattiecas uz visiem, bet tas par\u0101da, ka pirms dom\u0101\u0161anas par WooCommerce atbalstu mums ir j\u0101l\u016bdz jaut\u0101jums par atbalstu WordPress. Es pat teiktu atbalstu j\u016bsu WordPress. Cits spraudnis var\u0113tu izlikt probl\u0113mas, piem\u0113ram, dro\u0161\u012bbas spraud\u0146i.<br \/>\nVai nu teikt, ka \u0161\u0101di: visi spraud\u0146i, kas \u013cauj WooCommerce izmantot daudzvalodu funkcijas, ir \u013coti t\u0101lu no WordPress atbalsta multisite versij\u0101. Esiet uzman\u012bgi, ja jums pat\u012bk tas, ka jums patika \u0161\u012b WordPress konfigur\u0101cija.<\/p>\n<h2>WooCommerce integr\u0101cija<\/h2>\n<p>Labi, \u0161aj\u0101 br\u012bd\u012b m\u0113s esam p\u0101rliecin\u0101ti par m\u016bsu WordPress konfigur\u0101ciju un t\u0101 atbalstu ar spraudni, uz kura m\u0113s izmet\u0101m m\u016bsu devolute. Tagad apskat\u012bsim, k\u0101 t\u0101 uzvedas ar WooCommerce. \u0160im, vair\u0101ki modr\u012bbas punkti:<\/p>\n<ul>\n<li> Cik valod\u0101s m\u0113s varam b\u016bt? <\/li>\n<li> K\u0101 tulkojums par\u0101d\u0101s aizmugur\u0113? <\/li>\n<li> Vai spraudnis valda da\u017e\u0101d\u0101s val\u016bt\u0101s p\u0113c valodas? <\/li>\n<li> Vai spraudnis prec\u012bzi uzskaita to, kas tiek tulkots, tiek tulkots un nav tulkots? <\/li>\n<li> Vai pirk\u0161anas tunelis tiks izvietots lietot\u0101ja valod\u0101? <\/li>\n<li> Vai transakcijas e-pasta v\u0113stules tiek ierakst\u012btas lietot\u0101ja valod\u0101? <\/li>\n<\/ul>\n<p>Offering a multilingual plugin is much more than offering to translate product listings when it comes to WooCommerce. The support of multilingual WooCommerce requires a real integration pushed that very few plugins can claim to do well and 100%.<\/p>\n<h2>Mediju vad\u012bba<\/h2>\n<p>Tas var \u0161\u0137ist nekas nekas. Bet vai j\u016bs k\u0101dreiz esat dom\u0101ju\u0161i, ka ir iesp\u0113jams piespiest lejupiel\u0101d\u0113t par katru produkta valodas versiju, saist\u012bto att\u0113lu komplektu? Ja m\u016bsu vietn\u0113 ir desmit produkti, tas nav liels pied\u0101v\u0101jums. Bet, ja mums ir 200 produktu un katram produktam ir tr\u012bs l\u012bdz pieci att\u0113li, es \u013cauj jums iedom\u0101ties organizatoriskus murgus, ka tas ir. Vislab\u0101kais ? Izv\u0113lieties daudzvalodu WooCommerce spraudni, kas gudri p\u0101rvalda pla\u0161sazi\u0146as l\u012bdzek\u013cus, kas saist\u012bti ar j\u016bsu WooCommerce produktiem.<\/p>\n<h2>SEO un daudzvalodu<\/h2>\n<p>Pie\u0146emsim punktu. Lai daudzvalodu WooCommerce spraudnis b\u016btu interesants, tam jau ir j\u0101aizpilda sv\u0113ts nosac\u012bjumu saraksts, bez kuriem lab\u0101k ir iet pa ce\u013cam:<\/p>\n<ul>\n<li> Esiet sader\u012bgs ar WordPress <\/li>\n<li> Nopietns apdro\u0161in\u0101ts no WooCommerce puses (produkts, izrakst\u012b\u0161an\u0101s, dar\u012bjumu e-pasts &#8230;) <\/li>\n<li> Labi p\u0101rvaldiet multividi <\/li>\n<\/ul>\n<p>Tagad parun\u0101sim par j\u016bsu WooCommerce e-komercijas veikala dabisko SEO. T\u0101 ir dro\u0161a likme, ka, pat ja tas nav j\u016bsu galvenais m\u0113r\u0137is, j\u016bsu WooComerce vietnes tulko\u0161ana tiks veikta ar ideju palielin\u0101t j\u016bsu SEO; vismaz mazliet. K\u0101 r\u012bkoties, ja, izmantojot daudzvalodu WooCommerce spraudni, jums nepal\u012bdz\u0113tu, bet tiktu izpost\u012bts j\u016bsu SEO darbs?<br \/>\nNoteikti svar\u012bgi ir nodro\u0161in\u0101t, ka SEO ir liela uzman\u012bba komand\u0101m, kuras atrodas daudzvalodu WooCommerce spraud\u0146\u0101, ko j\u016bs izv\u0113laties.<br \/>\nKas ved uz n\u0101kamo t\u0113mu &#8230;<\/p>\n<h2>Support third-party plugins<\/h2>\n<p>Pirms ir spraudnis WooCommerce, jebkur\u0161 spraudnis ir WordPress spraudnis. Es to jau teicu. Bet tas p\u0101rsniedz to, kas jums var\u0113tu b\u016bt dom\u0101jis. B\u016bs nepiecie\u0161ams, lai \u0161is spraudnis sp\u0113tu mijiedarboties ar visiem spraud\u0146iem, kuri pa\u0161i mijiedarbosies j\u016bsu WooCommerce un WordPress pla\u0161\u0101k. Lai atgrieztos SEO, labs daudzvalodu WooCommerce spraudnis mums \u013cauj mums turpin\u0101t izmantot jebk\u0101dus WordPress SEO spraud\u0146us, k\u0101 ar\u012b to p\u0113c valodas. \u0161o darbu nevar veikt grupas, kas atbild par attiec\u012bgo spraudni. Kopienai ir j\u0101izv\u0113las, kam vi\u0146i atbalst\u012bs. \u0160aj\u0101 mazaj\u0101 sp\u0113l\u0113 \u017e\u016brijas apsveikumi sa\u0146em tikai WPML.<br \/>\nJa mums ir j\u0101uzskaita visi spraud\u0146i, kas veido WooCommerce visumu sadarbsp\u0113jas zi\u0146\u0101, mums j\u0101\u0146em v\u0113r\u0101 ar\u012b teksta izlaide, ko rada pa\u0161i spraud\u0146i. Ir svar\u012bgi, lai j\u016bsu WooCommerce spraudnis \u013cautu jums n\u0101kt un p\u0101rtulkot \u0161\u012bs virknes, neatverot attiec\u012bg\u0101 sprieguma avota kodu.<\/p>\n<h2>Third-party themes support<\/h2>\n<p>J\u016bs dom\u0101jat, ka j\u016bs beidzot esat atradis WordPress t\u0113mu, kas atbilst tik daudz, ko mekl\u0113j\u0101t. J\u016bs to instal\u0113jat. J\u016bs ar\u012b nolemjat padar\u012bt savu veikalu par daudzvalodu WooCommerce veikalu. Un tur, katastrofa, j\u016bsu spraudnis un t\u0113ma nav savietojami. K\u0101p\u0113c T\u0101 k\u0101 par spraud\u0146iem tas ir t\u0113mas att\u012bst\u012bt\u0101js, lai nodro\u0161in\u0101tu, ka spraudnis ir 100% atbalst\u012bts. Detaliz\u0113ts atbalsts konkr\u0113tam spraudim garant\u0113 plug&#8217;n atska\u0146o\u0161anas funkciju. Apskatot cie\u0161i, j\u016bs atrad\u012bsiet, ka gandr\u012bz visas tirgus t\u0113mas ir ofici\u0101li sader\u012bgas ar WPML. Tas ir tas, ka gadiem ilgi tiek nodro\u0161in\u0101ts lab\u0101kais daudzvalodu spraudnis WordPress.<\/p>\n<h2>Papildu funkcijas ++<\/h2>\n<p>What if your plugin did more than &#8220;just&#8221; to make your site WooCommerce multilingual? And if he could offer you more.<br \/>\nIf all the conditions are met, then always have fun. As such, we could for example have:<\/p>\n<ul>\n<li> Autom\u0101tiska novirz\u012b\u0161ana p\u0113c lietot\u0101ja valodas <\/li>\n<li> Valodas p\u0101rvald\u012bba apak\u0161dom\u0113nos <\/li>\n<li> Valodu p\u0101rvald\u012bba atsevi\u0161\u0137os TLD (monsite.fr, mywebsite.com, meinewebsite.de &#8230;) <\/li>\n<li> t\u0101du produktu izveide, kas ir saist\u012bti ar valod\u0101m <\/li>\n<li> Piek\u013cuve tulko\u0161anai paredz\u0113tajam interfeisam <\/li>\n<li> jauna veida lietot\u0101ja izveido\u0161ana, lai nodro\u0161in\u0101tu liel\u0101ku dro\u0161\u012bbu un vienk\u0101r\u0161\u012bbu: tulkot\u0101ji. <\/li>\n<\/ul>\n<p>[su_row]<br \/>\n[su_column size=&#8221;1\/3&#8243;]<img loading=\"lazy\" decoding=\"async\" src=\"https:\/\/wp-multilingual.com\/wp-content\/uploads\/sites\/18\/2017\/10\/wpml-wordpress-multilingue-traduction-square.jpg\" alt=\"\" width=\"220\" height=\"190\" class=\"aligncenter size-full wp-image-128\" \/><\/p>\n<p style=\"text-align: center\">\n[su_button background=&#8221;#FF2F3B&#8221; size=&#8221;6&#8243; url=&#8221;https:\/\/wp-theme-plugin.com\/out-wpml&#8221; target=&#8221;blank&#8221;]<strong>Atkl\u0101jiet<\/strong> [\/su_button]<\/p>\n<p>[\/su_column]<br \/>\n[su_column size=&#8221;2\/3&#8243;]<\/p>\n<h3>WPML: lab\u0101k\u0101 daudzvalodu WooCommerce versija<\/h3>\n<p><strong>\u012asum\u0101<\/strong>: WPML ie\u0146\u0113ma vair\u0101kus gadus daudzvalodu p\u0101rvald\u012bb\u0101 WooCommerce ietvaros un v\u0113l vair\u0101k &#8211; WordPress kopum\u0101. Paturot to pr\u0101t\u0101, WPML pied\u0101v\u0101 mums WooCommerce daudzvalodu spraudni, kas nodro\u0161ina visu, kas labam daudzvalodu spraud\u0146am b\u016btu j\u0101zina, k\u0101 to izdar\u012bt labi. Papildus tam, t\u0101 pied\u0101v\u0101 mums piek\u013cuvi progres\u012bv\u0101m funkcij\u0101m, kas ir \u012bpa\u0161i v\u0113rt\u012bgas.<\/p>\n<p><strong>WooCommerce Multilingual pied\u0101v\u0101 WooCommerce \u012bstu daudzvalodu administr\u0113\u0161anas saskarni.<\/strong><\/p>\n<p>[\/su_column]<br \/>\n[\/su_row]<\/p>\n<p>[su_divider top=&#8221;no&#8221; style=&#8221;dotted&#8221; size=&#8221;2&#8243;]<\/p>\n<h1>Vair\u0101k resursu WooCommerce<\/h1>\n<p>WooCommerce ir pla\u0161s temats. Run\u0101jot par WooCommerce daudzvalodu versiju, m\u0113s tikai pieeja WooCommerce saska\u0146\u0101 ar vienu no t\u0101 daudzajiem aspektiem. M\u0113s iesak\u0101m turpin\u0101t las\u012bt par WooCommerce \u0161\u0101d\u0101s t\u0113m\u0101s:<\/p>\n<h3>Kur uz\u0146emt j\u016bsu WooCommerce vietni?<\/h3>\n<p><strong>WooCommerce Hosting<\/strong> : WooCommerce vietnei vienm\u0113r j\u0101b\u016bt t\u0101s veiktsp\u0113jas un pieejam\u012bbas aug\u0161gal\u0101. J\u016bsu t\u012bmek\u013ca mitin\u0101\u0161ana ir \u0161o divu svar\u012bgu jaut\u0101jumu pamat\u0101. B\u016btiska ir pareiz\u0101 uz\u0146\u0113m\u0113ja izv\u0113le. Vai j\u016bs zin\u0101j\u0101t, ka WooCommerce ir piln\u012bb\u0101 p\u0101rdom\u0101tas un dro\u0161as saimniekiem?<br \/>\n[su_row]<br \/>\n[su_column size=&#8221;2\/3&#8243;]<strong>Pal\u012bdziet jums izv\u0113l\u0113ties izv\u0113l\u0113to hosting WooCommerce, kas nodro\u0161ina.<\/strong>[\/su_column]<br \/>\n[su_column size=&#8221;1\/3&#8243;][su_button background=&#8221;#FF2F3B&#8221; size=&#8221;6&#8243; url=&#8221;https:\/\/woo-hosting.com&#8221; target=&#8221;blank&#8221;]<strong>WooCommerce Hosting<\/strong> [\/su_button] [\/su_column]<br \/>\n[\/su_row]<\/p>\n<h3>K\u0101di plugins un t\u0113mas WooCommerce?<\/h3>\n<p><strong>WooCommerce mot\u012bvi un spraud\u0146i<\/strong>: WooCommerce vietnei vienm\u0113r j\u0101b\u016bt t\u0101s veiktsp\u0113jas un pieejam\u012bbas aug\u0161gal\u0101. J\u016bsu t\u012bmek\u013ca mitin\u0101\u0161ana ir \u0161o divu svar\u012bgu jaut\u0101jumu pamat\u0101. B\u016btiska ir pareiz\u0101 uz\u0146\u0113m\u0113ja izv\u0113le. Vai j\u016bs zin\u0101j\u0101t, ka WooCommerce ir piln\u012bb\u0101 p\u0101rdom\u0101tas un dro\u0161as saimniekiem?<br \/>\n[su_row]<br \/>\n[su_column size=&#8221;2\/3&#8243;]<strong>Pal\u012bdziet jums izv\u0113l\u0113ties izv\u0113l\u0113to hosting WooCommerce, kas nodro\u0161ina.<\/strong>[\/su_column]<br \/>\n[su_column size=&#8221;1\/3&#8243;][su_button background=&#8221;#FF2F3B&#8221; size=&#8221;6&#8243; url=&#8221;https:\/\/woo-themes-plugins.com\/en&#8221; target=&#8221;blank&#8221;]<strong>WooCommerce t\u0113mas un spraud\u0146i<\/strong> [\/su_button] [\/su_column]<br \/>\n[\/su_row]<br \/>\n[su_divider top=&#8221;no&#8221; style=&#8221;dotted&#8221; size=&#8221;2&#8243;]<\/p>\n","protected":false},"excerpt":{"rendered":"<p>[su_quote cite=&#8221;Built With&#8221; url=&#8221;https:\/\/builtwith.com\/ecommerce\/&#8221; target=&#8221;blank&#8221;]Tikai tr\u012bs gados WooCommerce jau virza 41% no e-komercijas vietn\u0113m pasaul\u0113 un dr\u012bzum\u0101 p\u0101rsniegs Magento uz sava r\u0113\u0137ina, k\u0101 ar\u012b e-komercijas viet\u0146u galveno kontu.[\/su_quote] Pirms pieciem gadiem, uzskatot, ka WordPress&#46;&#46;&#46;<\/p>\n","protected":false},"author":2,"featured_media":0,"parent":0,"menu_order":0,"comment_status":"closed","ping_status":"closed","template":"","meta":{"_monsterinsights_skip_tracking":false,"_monsterinsights_sitenote_active":false,"_monsterinsights_sitenote_note":"","_monsterinsights_sitenote_category":0,"footnotes":""},"class_list":["post-818","page","type-page","status-publish","hentry"],"yoast_head":"<!-- This site is optimized with the Yoast SEO plugin v23.1 - https:\/\/yoast.com\/wordpress\/plugins\/seo\/ -->\n<title>Daudzvalodu spraudnis WooCommerce \/ P\u0101rdod savu WP e-komercijas vietni<\/title>\n<meta name=\"description\" content=\"Vai jums ir nepiecie\u0161ams tulkot WooCommerce vietni vai ar\u012b, lai izveidotu re\u0101lus daudzvalodu un internacionaliz\u0113tus veikalus, pateicoties WooCommerce? Apskatiet WooCommerce daudzvalodu spraudni tie\u0161i tagad.\" \/>\n<meta name=\"robots\" content=\"index, follow, max-snippet:-1, max-image-preview:large, max-video-preview:-1\" \/>\n<link rel=\"canonical\" href=\"https:\/\/wp-multilingual.com\/lv\/daudzvalodu-woocommerce-spraudnis\/\" \/>\n<meta property=\"og:locale\" content=\"lv_LV\" \/>\n<meta property=\"og:type\" content=\"article\" \/>\n<meta property=\"og:title\" content=\"Daudzvalodu spraudnis WooCommerce \/ P\u0101rdod savu WP e-komercijas vietni\" \/>\n<meta property=\"og:description\" content=\"Vai jums ir nepiecie\u0161ams tulkot WooCommerce vietni vai ar\u012b, lai izveidotu re\u0101lus daudzvalodu un internacionaliz\u0113tus veikalus, pateicoties WooCommerce? Apskatiet WooCommerce daudzvalodu spraudni tie\u0161i tagad.\" \/>\n<meta property=\"og:url\" content=\"https:\/\/wp-multilingual.com\/lv\/daudzvalodu-woocommerce-spraudnis\/\" \/>\n<meta property=\"og:site_name\" content=\"wp-multlingual.com\" \/>\n<meta property=\"article:modified_time\" content=\"2018-04-05T14:03:38+00:00\" \/>\n<meta property=\"og:image\" content=\"https:\/\/wp-multilingual.com\/wp-content\/uploads\/sites\/18\/2017\/10\/woocommerce-multilingue-logo.jpg\" \/>\n<meta name=\"twitter:card\" content=\"summary_large_image\" \/>\n<meta name=\"twitter:label1\" content=\"Est. reading time\" \/>\n\t<meta name=\"twitter:data1\" content=\"10 minutes\" \/>\n<script type=\"application\/ld+json\" class=\"yoast-schema-graph\">{\"@context\":\"https:\/\/schema.org\",\"@graph\":[{\"@type\":\"WebPage\",\"@id\":\"https:\/\/wp-multilingual.com\/lv\/daudzvalodu-woocommerce-spraudnis\/\",\"url\":\"https:\/\/wp-multilingual.com\/lv\/daudzvalodu-woocommerce-spraudnis\/\",\"name\":\"Daudzvalodu spraudnis WooCommerce \/ P\u0101rdod savu WP e-komercijas vietni\",\"isPartOf\":{\"@id\":\"https:\/\/wp-multilingual.com\/el\/#website\"},\"primaryImageOfPage\":{\"@id\":\"https:\/\/wp-multilingual.com\/lv\/daudzvalodu-woocommerce-spraudnis\/#primaryimage\"},\"image\":{\"@id\":\"https:\/\/wp-multilingual.com\/lv\/daudzvalodu-woocommerce-spraudnis\/#primaryimage\"},\"thumbnailUrl\":\"https:\/\/wp-multilingual.com\/wp-content\/uploads\/sites\/18\/2017\/10\/woocommerce-multilingue-logo.jpg\",\"datePublished\":\"2018-04-05T14:03:16+00:00\",\"dateModified\":\"2018-04-05T14:03:38+00:00\",\"description\":\"Vai jums ir nepiecie\u0161ams tulkot WooCommerce vietni vai ar\u012b, lai izveidotu re\u0101lus daudzvalodu un internacionaliz\u0113tus veikalus, pateicoties WooCommerce? Apskatiet WooCommerce daudzvalodu spraudni tie\u0161i tagad.\",\"breadcrumb\":{\"@id\":\"https:\/\/wp-multilingual.com\/lv\/daudzvalodu-woocommerce-spraudnis\/#breadcrumb\"},\"inLanguage\":\"lv-LV\",\"potentialAction\":[{\"@type\":\"ReadAction\",\"target\":[\"https:\/\/wp-multilingual.com\/lv\/daudzvalodu-woocommerce-spraudnis\/\"]}]},{\"@type\":\"ImageObject\",\"inLanguage\":\"lv-LV\",\"@id\":\"https:\/\/wp-multilingual.com\/lv\/daudzvalodu-woocommerce-spraudnis\/#primaryimage\",\"url\":\"https:\/\/wp-multilingual.com\/wp-content\/uploads\/sites\/18\/2017\/10\/woocommerce-multilingue-logo.jpg\",\"contentUrl\":\"https:\/\/wp-multilingual.com\/wp-content\/uploads\/sites\/18\/2017\/10\/woocommerce-multilingue-logo.jpg\"},{\"@type\":\"BreadcrumbList\",\"@id\":\"https:\/\/wp-multilingual.com\/lv\/daudzvalodu-woocommerce-spraudnis\/#breadcrumb\",\"itemListElement\":[{\"@type\":\"ListItem\",\"position\":1,\"name\":\"Accueil\",\"item\":\"https:\/\/wp-multilingual.com\/\"},{\"@type\":\"ListItem\",\"position\":2,\"name\":\"Daudzvalodu WooCommerce spraudnis\"}]},{\"@type\":\"WebSite\",\"@id\":\"https:\/\/wp-multilingual.com\/el\/#website\",\"url\":\"https:\/\/wp-multilingual.com\/el\/\",\"name\":\"wp-multlingual.com\",\"description\":\"Th\u00e8mes et Plugins Magento\",\"potentialAction\":[{\"@type\":\"SearchAction\",\"target\":{\"@type\":\"EntryPoint\",\"urlTemplate\":\"https:\/\/wp-multilingual.com\/el\/?s={search_term_string}\"},\"query-input\":\"required name=search_term_string\"}],\"inLanguage\":\"lv-LV\"}]}<\/script>\n<!-- \/ Yoast SEO plugin. -->","yoast_head_json":{"title":"Daudzvalodu spraudnis WooCommerce \/ P\u0101rdod savu WP e-komercijas vietni","description":"Vai jums ir nepiecie\u0161ams tulkot WooCommerce vietni vai ar\u012b, lai izveidotu re\u0101lus daudzvalodu un internacionaliz\u0113tus veikalus, pateicoties WooCommerce? Apskatiet WooCommerce daudzvalodu spraudni tie\u0161i tagad.","robots":{"index":"index","follow":"follow","max-snippet":"max-snippet:-1","max-image-preview":"max-image-preview:large","max-video-preview":"max-video-preview:-1"},"canonical":"https:\/\/wp-multilingual.com\/lv\/daudzvalodu-woocommerce-spraudnis\/","og_locale":"lv_LV","og_type":"article","og_title":"Daudzvalodu spraudnis WooCommerce \/ P\u0101rdod savu WP e-komercijas vietni","og_description":"Vai jums ir nepiecie\u0161ams tulkot WooCommerce vietni vai ar\u012b, lai izveidotu re\u0101lus daudzvalodu un internacionaliz\u0113tus veikalus, pateicoties WooCommerce? Apskatiet WooCommerce daudzvalodu spraudni tie\u0161i tagad.","og_url":"https:\/\/wp-multilingual.com\/lv\/daudzvalodu-woocommerce-spraudnis\/","og_site_name":"wp-multlingual.com","article_modified_time":"2018-04-05T14:03:38+00:00","og_image":[{"url":"https:\/\/wp-multilingual.com\/wp-content\/uploads\/sites\/18\/2017\/10\/woocommerce-multilingue-logo.jpg"}],"twitter_card":"summary_large_image","twitter_misc":{"Est. reading time":"10 minutes"},"schema":{"@context":"https:\/\/schema.org","@graph":[{"@type":"WebPage","@id":"https:\/\/wp-multilingual.com\/lv\/daudzvalodu-woocommerce-spraudnis\/","url":"https:\/\/wp-multilingual.com\/lv\/daudzvalodu-woocommerce-spraudnis\/","name":"Daudzvalodu spraudnis WooCommerce \/ P\u0101rdod savu WP e-komercijas vietni","isPartOf":{"@id":"https:\/\/wp-multilingual.com\/el\/#website"},"primaryImageOfPage":{"@id":"https:\/\/wp-multilingual.com\/lv\/daudzvalodu-woocommerce-spraudnis\/#primaryimage"},"image":{"@id":"https:\/\/wp-multilingual.com\/lv\/daudzvalodu-woocommerce-spraudnis\/#primaryimage"},"thumbnailUrl":"https:\/\/wp-multilingual.com\/wp-content\/uploads\/sites\/18\/2017\/10\/woocommerce-multilingue-logo.jpg","datePublished":"2018-04-05T14:03:16+00:00","dateModified":"2018-04-05T14:03:38+00:00","description":"Vai jums ir nepiecie\u0161ams tulkot WooCommerce vietni vai ar\u012b, lai izveidotu re\u0101lus daudzvalodu un internacionaliz\u0113tus veikalus, pateicoties WooCommerce? Apskatiet WooCommerce daudzvalodu spraudni tie\u0161i tagad.","breadcrumb":{"@id":"https:\/\/wp-multilingual.com\/lv\/daudzvalodu-woocommerce-spraudnis\/#breadcrumb"},"inLanguage":"lv-LV","potentialAction":[{"@type":"ReadAction","target":["https:\/\/wp-multilingual.com\/lv\/daudzvalodu-woocommerce-spraudnis\/"]}]},{"@type":"ImageObject","inLanguage":"lv-LV","@id":"https:\/\/wp-multilingual.com\/lv\/daudzvalodu-woocommerce-spraudnis\/#primaryimage","url":"https:\/\/wp-multilingual.com\/wp-content\/uploads\/sites\/18\/2017\/10\/woocommerce-multilingue-logo.jpg","contentUrl":"https:\/\/wp-multilingual.com\/wp-content\/uploads\/sites\/18\/2017\/10\/woocommerce-multilingue-logo.jpg"},{"@type":"BreadcrumbList","@id":"https:\/\/wp-multilingual.com\/lv\/daudzvalodu-woocommerce-spraudnis\/#breadcrumb","itemListElement":[{"@type":"ListItem","position":1,"name":"Accueil","item":"https:\/\/wp-multilingual.com\/"},{"@type":"ListItem","position":2,"name":"Daudzvalodu WooCommerce spraudnis"}]},{"@type":"WebSite","@id":"https:\/\/wp-multilingual.com\/el\/#website","url":"https:\/\/wp-multilingual.com\/el\/","name":"wp-multlingual.com","description":"Th\u00e8mes et Plugins Magento","potentialAction":[{"@type":"SearchAction","target":{"@type":"EntryPoint","urlTemplate":"https:\/\/wp-multilingual.com\/el\/?s={search_term_string}"},"query-input":"required name=search_term_string"}],"inLanguage":"lv-LV"}]}},"_links":{"self":[{"href":"https:\/\/wp-multilingual.com\/lv\/wp-json\/wp\/v2\/pages\/818","targetHints":{"allow":["GET"]}}],"collection":[{"href":"https:\/\/wp-multilingual.com\/lv\/wp-json\/wp\/v2\/pages"}],"about":[{"href":"https:\/\/wp-multilingual.com\/lv\/wp-json\/wp\/v2\/types\/page"}],"author":[{"embeddable":true,"href":"https:\/\/wp-multilingual.com\/lv\/wp-json\/wp\/v2\/users\/2"}],"replies":[{"embeddable":true,"href":"https:\/\/wp-multilingual.com\/lv\/wp-json\/wp\/v2\/comments?post=818"}],"version-history":[{"count":2,"href":"https:\/\/wp-multilingual.com\/lv\/wp-json\/wp\/v2\/pages\/818\/revisions"}],"predecessor-version":[{"id":820,"href":"https:\/\/wp-multilingual.com\/lv\/wp-json\/wp\/v2\/pages\/818\/revisions\/820"}],"wp:attachment":[{"href":"https:\/\/wp-multilingual.com\/lv\/wp-json\/wp\/v2\/media?parent=818"}],"curies":[{"name":"wp","href":"https:\/\/api.w.org\/{rel}","templated":true}]}}