{"id":862,"date":"2018-04-06T10:17:59","date_gmt":"2018-04-06T08:17:59","guid":{"rendered":"https:\/\/wp-multilingual.com\/?page_id=862"},"modified":"2018-04-06T10:17:59","modified_gmt":"2018-04-06T08:17:59","slug":"wordpress-vertimo-papildiniai","status":"publish","type":"page","link":"https:\/\/wp-multilingual.com\/lt\/wordpress-vertimo-papildiniai\/","title":{"rendered":"&#8222;WordPress&#8221; vertimo \u012fskiepiai: &#8222;Top 5&#8221; &#8211; 2018 m"},"content":{"rendered":"<h1>&#8222;WordPress&#8221; vertimo \u012fskiepi\u0173 s\u0105ra\u0161as<\/h1>\n<p>Ie\u0161kote &#8222;WordPress&#8221; \u012fskiepio, kuris leis jums i\u0161versti vis\u0105 savo &#8222;WordPress&#8221; svetain\u0119, yra sutelkti lokalizuotas svetain\u0117s versijas? I\u0161 tikr\u0173j\u0173 &#8222;WordPress&#8221; neleid\u017eia bazei kurti daugiakalb\u0117s svetain\u0117s, o tai yra tikras tr\u016bkumas, kur\u012f greitai galima jausti. Ta\u010diau kaip visada, u\u017e &#8222;WordPress&#8221; esanti bendruomen\u0117 greitai pateik\u0117 mums pa\u017eangius sprendimus ir paprast\u0105 tvarkym\u0105. Kai kurie &#8222;WordPress&#8221; vertimo \u012fskiepiai, kuriuos ketiname pristatyti, buvo ma\u017edaug met\u0173, teikiant auk\u0161\u010diausios kokyb\u0117s paslaugas, ta\u010diau naujokai atvyksta keisti korteles m\u016bs\u0173 malonumui.<\/p>\n<p>D\u0117l \u0161ios sveika konkurencija, &#8222;WordPress&#8221; daugiakalbio tipo papildiniai tampa vis lengvesni, integruojami su &#8222;WordPress&#8221;, taip pat vis grei\u010diau ir saugiau. M\u016bs\u0173 &#8222;WordPress&#8221; vertimo \u012fskiepi\u0173 s\u0105ra\u0161as leis jums atrasti geriausius daugiakalbius papildinius.<\/p>\n<h1>Populiariausi &#8222;WordPress&#8221; vertimo \u012fskiepiai<\/h1>\n<p>Norite, kad daugiakalb\u0117 &#8222;WordPress&#8221; svetain\u0117 b\u016bt\u0173 skirta vis\u0173 tip\u0173 svetain\u0117ms, kurias galima padaryti naudojant &#8222;WordPress&#8221;, bet ir visais svetaini\u0173 dyd\u017eiais. Neb\u016btina b\u016bti did\u017eiausia svetain\u0117, kad b\u016bt\u0173 galima pasinaudoti daugiakalbiu WordPress.<\/p>\n<p>[su_row]<br \/>\n[su_column size=&#8221;1\/6&#8243;]<img loading=\"lazy\" decoding=\"async\" class=\"aligncenter size-full wp-image-128\" src=\"https:\/\/wp-multilingual.com\/wp-content\/uploads\/sites\/18\/2017\/10\/wpml-wordpress-multilingue-traduction-square.jpg\" alt=\"\" width=\"220\" height=\"190\" \/>[\/su_column]<br \/>\n[su_column size=&#8221;2\/3&#8243;]<\/p>\n<h3>WPML CMS: Geriausias &#8222;WordPress&#8221; vertimo \u012fskiepis<\/h3>\n<p><strong>Trumpai<\/strong>: Po daugelio met\u0173 naudojimo WPML tikrai yra papildinys, kur\u012f rekomenduojame visiems naudoti ir kur\u012f mes naudojame visais m\u016bs\u0173 daugiakalbiais projektais. J\u016bs\u0173 manymu, k\u0105 \u0161i svetain\u0117 naudoja daugiakalb\u0117je dalyje? \u017dinoma, WPML! &#8222;WordPress&#8221; vertimo funkcijos, kurios n\u0117ra proporcingos viskam, kas padaryta WordPress vertimo \u012fskiepi\u0173 rinkoje.<\/p>\n<p><strong>Geriausia, nemokama WPML CMS parama <a href=\"https:\/\/wp-multilingue.fr\/plugins-wordpress-compatible-multilingual\/woocommerce-multilingue\/\"> &#8222;WooCommerce&#8221; daugiakalb\u0117 versija <\/a>.<\/strong><br \/>\n<a href=\"\/?page_id=766\">&gt; WPML CMS WordPress vertimo \u012fskiepis: pilna ap\u017evalga<\/a><br \/>\n[\/su_column]<br \/>\n[su_column size=&#8221;1\/6&#8243;]<br \/>\n[su_spacer size=&#8221;10&#8243;]<br \/>\n<i class=\"fa fa-star\" style=\"font-size: 25px;color: #1f88a3\"><\/i><i class=\"fa fa-star\" style=\"font-size: 25px;color: #1f88a3\"><\/i><i class=\"fa fa-star\" style=\"font-size: 25px;color: #1f88a3\"><\/i><i class=\"fa fa-star\" style=\"font-size: 25px;color: #1f88a3\"><\/i><i class=\"fa fa-star-half-o\" style=\"font-size: 25px;color: #1f88a3\"><\/i><br \/>\n[su_spacer size=&#8221;40&#8243;]<\/p>\n<p style=\"text-align: center\">[su_button background=&#8221;#1F88A3&#8243; size=&#8221;6&#8243; url=&#8221;https:\/\/wp-theme-plugin.com\/out-wpml&#8221; target=&#8221;blank&#8221;] <strong>Atrasti<\/strong> [\/su_button] [\/su_column]<br \/>\n[\/su_row]<\/p>\n<p>[su_row]<br \/>\n[su_column size=&#8221;1\/6&#8243;]<img loading=\"lazy\" decoding=\"async\" class=\"aligncenter size-full wp-image-129\" src=\"https:\/\/wp-multilingual.com\/wp-content\/uploads\/sites\/18\/2017\/10\/wpml-blog-wordpress-multilingue-traduction-square.jpg\" alt=\"\" width=\"220\" height=\"190\" \/>[\/su_column]<br \/>\n[su_column size=&#8221;2\/3&#8243;]<\/p>\n<h3>WPML Blog: WordPress dvikalbis \u012fskiepis<\/h3>\n<p><strong>Trumpai<\/strong>: Some will say that WPML is a &#8222;real gas plant&#8221;. The first approach of WPML can certainly seem a little disconcerting. Why ? Because this plugin pushes the multilingual management to a professional level. But must we still understand all the ins and outs to get out easily. For those who want a multilingual site, and this quickly and without learning, WPML version blog will make you happy.<\/p>\n<p><strong>Kai WPML tampa toks paprastas, kaip paspaudimas jo gale.<\/strong><br \/>\n<a href=\"\/?page_id=766\">&gt; WPML Blog WordPress vertimo \u012fskiepis: pilna ap\u017evalga<\/a><br \/>\n[\/su_column]<br \/>\n[su_column size=&#8221;1\/6&#8243;]<br \/>\n[su_spacer size=&#8221;10&#8243;]<br \/>\n<i class=\"fa fa-star\" style=\"font-size: 25px;color: #1f88a3\"><\/i><i class=\"fa fa-star\" style=\"font-size: 25px;color: #1f88a3\"><\/i><i class=\"fa fa-star\" style=\"font-size: 25px;color: #1f88a3\"><\/i><i class=\"fa fa-star\" style=\"font-size: 25px;color: #1f88a3\"><\/i><i class=\"fa fa-star-o\" style=\"font-size: 25px;color: #1f88a3\"><\/i><\/p>\n<p>[su_spacer size=&#8221;40&#8243;]<\/p>\n<p style=\"text-align: center\">[su_button background=&#8221;#1F88A3&#8243; size=&#8221;6&#8243; url=&#8221;https:\/\/wp-theme-plugin.com\/out-wpml&#8221; target=&#8221;blank&#8221;] <strong>Atrasti<\/strong> [\/su_button] [\/su_column]<\/p>\n<p>[\/su_row]<br \/>\n[su_row]<br \/>\n[su_column size=&#8221;1\/6&#8243;]<img loading=\"lazy\" decoding=\"async\" class=\"aligncenter size-full wp-image-132\" src=\"https:\/\/wp-multilingual.com\/wp-content\/uploads\/sites\/18\/2017\/10\/qtranslatex-wordpress-multilingue-traduction-square.jpg\" alt=\"\" width=\"220\" height=\"190\" \/>[\/su_column]<br \/>\n[su_column size=&#8221;2\/3&#8243;]<\/p>\n<h3>qTranslate X: Vertimo papildinys paliktas?<\/h3>\n<p><strong>Trumpai<\/strong>: Su daugiau nei 100 000 &#8222;WordPress&#8221; svetaini\u0173, visada pasitiki &#8222;qTranslateX&#8221;, kad b\u016bt\u0173 u\u017etikrinta &#8222;WordPress&#8221; svetain\u0117s vertimo dalis, gal\u0117tume tik\u0117ti, kad \u0161is gerai \u017einomas papildinys vis tiek bus i\u0161laikytas. Ta\u010diau iki to laiko, kai \u0161is bandymas atliktas, qTranslateX nebuvo atnaujintas vienerius metus. Paprastas ir efektyvus papildinys, kuris, atrodo, i\u0161nyksta ma\u017eai.<\/p>\n<p><strong>Ar &#8222;qTranslate&#8221; b\u016bt\u0173 sustabdytas ar tiesiog bud\u0117jimo re\u017eimas?<\/strong><br \/>\n<a href=\"\/?page_id=764\">&gt; qTranslateX WordPress vertimo \u012fskiepis: pilna ap\u017evalga<\/a><br \/>\n[\/su_column]<br \/>\n[su_column size=&#8221;1\/6&#8243;]<br \/>\n[su_spacer size=&#8221;10&#8243;]<br \/>\n<i class=\"fa fa-star\" style=\"font-size: 25px;color: #1f88a3\"><\/i><i class=\"fa fa-star\" style=\"font-size: 25px;color: #1f88a3\"><\/i><i class=\"fa fa-star-half-o\" style=\"font-size: 25px;color: #1f88a3\"><\/i><i class=\"fa fa-star-o\" style=\"font-size: 25px;color: #1f88a3\"><\/i><i class=\"fa fa-star-o\" style=\"font-size: 25px;color: #1f88a3\"><\/i><br \/>\n[su_spacer size=&#8221;40&#8243;]<\/p>\n<p style=\"text-align: center\">[su_button background=&#8221;#1F88A3&#8243; size=&#8221;6&#8243; url=&#8221;https:\/\/wp-theme-plugin.com\/out-qtranslatex&#8221; target=&#8221;blank&#8221;] <strong>Atrasti<\/strong> [\/su_button] [\/su_column]<\/p>\n<p>[\/su_row]<\/p>\n<p>[su_row]<br \/>\n[su_column size=&#8221;1\/6&#8243;]<img loading=\"lazy\" decoding=\"async\" class=\"aligncenter size-full wp-image-131\" src=\"https:\/\/wp-multilingual.com\/wp-content\/uploads\/sites\/18\/2017\/10\/multilingualpress-wordpress-multilingue-traduction-square.png\" alt=\"\" width=\"220\" height=\"190\" \/>[\/su_column]<br \/>\n[su_column size=&#8221;2\/3&#8243;]<\/p>\n<h3>MultilingualPress: Vertimo papildinys, kuris u\u017etikrina<\/h3>\n<p><strong>Trumpai<\/strong>: Kai esate u\u017e garsiausi\u0173 &#8222;WordPress&#8221; atsargini\u0173 papildini\u0173 komand\u0173, \u012fsivaizduoju, kad draudimas yra kaip antroji prigimtis. Na, i\u0161skyrus \u0161\u012f ma\u017eai \u017eodin\u012f \u017eaidim\u0105, &#8222;MultilingualPress&#8221; yra &#8222;WordPress&#8221; vertimo \u012fskiepis, kuris si\u016blo novatori\u0161k\u0105 kalb\u0173 valdymo po\u017ei\u016br\u012f, kad j\u016bs\u0173 &#8222;WordPress&#8221; svetain\u0117 visada i\u0161likt\u0173 svarbiausia.<\/p>\n<p><strong>WordPress vertimo naujokas, d\u0117l kurio \u017emon\u0117s kalb\u0117s.<\/strong><br \/>\n<a href=\"\/?page_id=760\">&gt;MultilingualPress WordPress vertimo \u012fskiepis: pilna ap\u017evalga<\/a><br \/>\n[\/su_column]<br \/>\n[su_column size=&#8221;1\/6&#8243;]<br \/>\n[su_spacer size=&#8221;10&#8243;]<br \/>\n<i class=\"fa fa-star\" style=\"font-size: 25px;color: #1f88a3\"><\/i><i class=\"fa fa-star\" style=\"font-size: 25px;color: #1f88a3\"><\/i><i class=\"fa fa-star\" style=\"font-size: 25px;color: #1f88a3\"><\/i><i class=\"fa fa-star\" style=\"font-size: 25px;color: #1f88a3\"><\/i><i class=\"fa fa-star-o\" style=\"font-size: 25px;color: #1f88a3\"><\/i><br \/>\n[su_spacer size=&#8221;40&#8243;]<\/p>\n<p style=\"text-align: center\">[su_button background=&#8221;#1F88A3&#8243; size=&#8221;6&#8243; url=&#8221;https:\/\/wp-theme-plugin.com\/out-multilingual-press&#8221; target=&#8221;blank&#8221;] <strong>Atrasti<\/strong> [\/su_button] [\/su_column]<\/p>\n<p>[\/su_row]<\/p>\n<p>[su_row]<br \/>\n[su_column size=&#8221;1\/6&#8243;]<img loading=\"lazy\" decoding=\"async\" class=\"aligncenter size-full wp-image-130\" src=\"https:\/\/wp-multilingual.com\/wp-content\/uploads\/sites\/18\/2017\/10\/polylang-wordpress-multilingue-traduction-square.png\" alt=\"\" width=\"220\" height=\"190\" \/>[\/su_column]<br \/>\n[su_column size=&#8221;2\/3&#8243;]<\/p>\n<h3>Polylang: Vertimo \u012fskiepis atrasti<\/h3>\n<p><strong>Trumpai<\/strong>: PolyLang yra &#8222;WordPress&#8221; vertimo \u012fskiepis, kuris nuolat ir laipsni\u0161kai vystosi daugel\u012f met\u0173. \u0160is \u012fskiepis yra pagaliau d\u0117mesio centre ir, kaip \u017einoma, \u017eino daug daugiau funkcini\u0173 atnaujinim\u0173. &#8222;Polylang&#8221; yra pa\u017eangus daugiakalbis WordPress \u012fskiepis, kuris nusipelno laiko atrasti savo &#8222;WordPress&#8221; vertimo vizij\u0105.<\/p>\n<p><strong>Su visomis \u0161iomis savyb\u0117mis &#8222;Polylang&#8221; yra krep\u0161elio vir\u0161uje.<\/strong><br \/>\n<a href=\"\/?page_id=762\">&gt; polyLang WordPress vertimo \u012fskiepis: pilna ap\u017evalga<\/a><br \/>\n[\/su_column]<br \/>\n[su_column size=&#8221;1\/6&#8243;]<br \/>\n[su_spacer size=&#8221;10&#8243;]<br \/>\n<i class=\"fa fa-star\" style=\"font-size: 25px;color: #1f88a3\"><\/i><i class=\"fa fa-star\" style=\"font-size: 25px;color: #1f88a3\"><\/i><i class=\"fa fa-star\" style=\"font-size: 25px;color: #1f88a3\"><\/i><i class=\"fa fa-star\" style=\"font-size: 25px;color: #1f88a3\"><\/i><i class=\"fa fa-star-o\" style=\"font-size: 25px;color: #1f88a3\"><\/i><br \/>\n[su_spacer size=&#8221;40&#8243;]<\/p>\n<p style=\"text-align: center\">[su_button background=&#8221;#1F88A3&#8243; size=&#8221;6&#8243; url=&#8221;https:\/\/wp-theme-plugin.com\/out-polylang&#8221; target=&#8221;blank&#8221;] <strong>Atrasti <\/strong> [\/su_button] [\/su_column]<\/p>\n<p>[\/su_row]<\/p>\n","protected":false},"excerpt":{"rendered":"<p>&#8222;WordPress&#8221; vertimo \u012fskiepi\u0173 s\u0105ra\u0161as Ie\u0161kote &#8222;WordPress&#8221; \u012fskiepio, kuris leis jums i\u0161versti vis\u0105 savo &#8222;WordPress&#8221; svetain\u0119, yra sutelkti lokalizuotas svetain\u0117s versijas? I\u0161 tikr\u0173j\u0173 &#8222;WordPress&#8221; neleid\u017eia bazei kurti daugiakalb\u0117s svetain\u0117s, o tai yra tikras tr\u016bkumas, kur\u012f&#46;&#46;&#46;<\/p>\n","protected":false},"author":2,"featured_media":0,"parent":0,"menu_order":0,"comment_status":"closed","ping_status":"closed","template":"","meta":{"_monsterinsights_skip_tracking":false,"_monsterinsights_sitenote_active":false,"_monsterinsights_sitenote_note":"","_monsterinsights_sitenote_category":0,"footnotes":""},"class_list":["post-862","page","type-page","status-publish","hentry"],"yoast_head":"<!-- This site is optimized with the Yoast SEO plugin v23.1 - https:\/\/yoast.com\/wordpress\/plugins\/seo\/ -->\n<title>&quot;WordPress&quot; vertimo \u012fskiepiai: &quot;Multilingual WordPress&quot; TOP 5<\/title>\n<meta name=\"description\" content=\"Versti savo &quot;WordPress&quot; svetain\u0119? Tai paprasta, naudojant tinkam\u0105 WordPress vertimo \u012fskiep\u012f. Per\u017ei\u016br\u0117kite geriausi\u0173 WordPress vertimo \u012fskiepi\u0173 pasirinkim\u0105 2018 m. I\u0161 karto.\" \/>\n<meta name=\"robots\" content=\"index, follow, max-snippet:-1, max-image-preview:large, max-video-preview:-1\" \/>\n<link rel=\"canonical\" href=\"https:\/\/wp-multilingual.com\/lt\/wordpress-vertimo-papildiniai\/\" \/>\n<meta property=\"og:locale\" content=\"lt_LT\" \/>\n<meta property=\"og:type\" content=\"article\" \/>\n<meta property=\"og:title\" content=\"&quot;WordPress&quot; vertimo \u012fskiepiai: &quot;Multilingual WordPress&quot; TOP 5\" \/>\n<meta property=\"og:description\" content=\"Versti savo &quot;WordPress&quot; svetain\u0119? Tai paprasta, naudojant tinkam\u0105 WordPress vertimo \u012fskiep\u012f. Per\u017ei\u016br\u0117kite geriausi\u0173 WordPress vertimo \u012fskiepi\u0173 pasirinkim\u0105 2018 m. I\u0161 karto.\" \/>\n<meta property=\"og:url\" content=\"https:\/\/wp-multilingual.com\/lt\/wordpress-vertimo-papildiniai\/\" \/>\n<meta property=\"og:site_name\" content=\"wp-multlingual.com\" \/>\n<meta property=\"og:image\" content=\"https:\/\/wp-multilingual.com\/wp-content\/uploads\/sites\/18\/2017\/10\/wpml-wordpress-multilingue-traduction-square.jpg\" \/>\n<meta name=\"twitter:card\" content=\"summary_large_image\" \/>\n<meta name=\"twitter:label1\" content=\"Est. reading time\" \/>\n\t<meta name=\"twitter:data1\" content=\"4 minut\u0117s\" \/>\n<script type=\"application\/ld+json\" class=\"yoast-schema-graph\">{\"@context\":\"https:\/\/schema.org\",\"@graph\":[{\"@type\":\"WebPage\",\"@id\":\"https:\/\/wp-multilingual.com\/lt\/wordpress-vertimo-papildiniai\/\",\"url\":\"https:\/\/wp-multilingual.com\/lt\/wordpress-vertimo-papildiniai\/\",\"name\":\"\\\"WordPress\\\" vertimo \u012fskiepiai: \\\"Multilingual WordPress\\\" TOP 5\",\"isPartOf\":{\"@id\":\"https:\/\/wp-multilingual.com\/el\/#website\"},\"primaryImageOfPage\":{\"@id\":\"https:\/\/wp-multilingual.com\/lt\/wordpress-vertimo-papildiniai\/#primaryimage\"},\"image\":{\"@id\":\"https:\/\/wp-multilingual.com\/lt\/wordpress-vertimo-papildiniai\/#primaryimage\"},\"thumbnailUrl\":\"https:\/\/wp-multilingual.com\/wp-content\/uploads\/sites\/18\/2017\/10\/wpml-wordpress-multilingue-traduction-square.jpg\",\"datePublished\":\"2018-04-06T08:17:59+00:00\",\"dateModified\":\"2018-04-06T08:17:59+00:00\",\"description\":\"Versti savo \\\"WordPress\\\" svetain\u0119? Tai paprasta, naudojant tinkam\u0105 WordPress vertimo \u012fskiep\u012f. Per\u017ei\u016br\u0117kite geriausi\u0173 WordPress vertimo \u012fskiepi\u0173 pasirinkim\u0105 2018 m. I\u0161 karto.\",\"breadcrumb\":{\"@id\":\"https:\/\/wp-multilingual.com\/lt\/wordpress-vertimo-papildiniai\/#breadcrumb\"},\"inLanguage\":\"lt-LT\",\"potentialAction\":[{\"@type\":\"ReadAction\",\"target\":[\"https:\/\/wp-multilingual.com\/lt\/wordpress-vertimo-papildiniai\/\"]}]},{\"@type\":\"ImageObject\",\"inLanguage\":\"lt-LT\",\"@id\":\"https:\/\/wp-multilingual.com\/lt\/wordpress-vertimo-papildiniai\/#primaryimage\",\"url\":\"https:\/\/wp-multilingual.com\/wp-content\/uploads\/sites\/18\/2017\/10\/wpml-wordpress-multilingue-traduction-square.jpg\",\"contentUrl\":\"https:\/\/wp-multilingual.com\/wp-content\/uploads\/sites\/18\/2017\/10\/wpml-wordpress-multilingue-traduction-square.jpg\"},{\"@type\":\"BreadcrumbList\",\"@id\":\"https:\/\/wp-multilingual.com\/lt\/wordpress-vertimo-papildiniai\/#breadcrumb\",\"itemListElement\":[{\"@type\":\"ListItem\",\"position\":1,\"name\":\"Accueil\",\"item\":\"https:\/\/wp-multilingual.com\/\"},{\"@type\":\"ListItem\",\"position\":2,\"name\":\"\u201eWordPress\u201c vertimo \u012fskiepiai: \u201eTop 5\u201c &#8211; 2018 m\"}]},{\"@type\":\"WebSite\",\"@id\":\"https:\/\/wp-multilingual.com\/el\/#website\",\"url\":\"https:\/\/wp-multilingual.com\/el\/\",\"name\":\"wp-multlingual.com\",\"description\":\"Th\u00e8mes et Plugins Magento\",\"potentialAction\":[{\"@type\":\"SearchAction\",\"target\":{\"@type\":\"EntryPoint\",\"urlTemplate\":\"https:\/\/wp-multilingual.com\/el\/?s={search_term_string}\"},\"query-input\":\"required name=search_term_string\"}],\"inLanguage\":\"lt-LT\"}]}<\/script>\n<!-- \/ Yoast SEO plugin. -->","yoast_head_json":{"title":"\"WordPress\" vertimo \u012fskiepiai: \"Multilingual WordPress\" TOP 5","description":"Versti savo \"WordPress\" svetain\u0119? Tai paprasta, naudojant tinkam\u0105 WordPress vertimo \u012fskiep\u012f. Per\u017ei\u016br\u0117kite geriausi\u0173 WordPress vertimo \u012fskiepi\u0173 pasirinkim\u0105 2018 m. I\u0161 karto.","robots":{"index":"index","follow":"follow","max-snippet":"max-snippet:-1","max-image-preview":"max-image-preview:large","max-video-preview":"max-video-preview:-1"},"canonical":"https:\/\/wp-multilingual.com\/lt\/wordpress-vertimo-papildiniai\/","og_locale":"lt_LT","og_type":"article","og_title":"\"WordPress\" vertimo \u012fskiepiai: \"Multilingual WordPress\" TOP 5","og_description":"Versti savo \"WordPress\" svetain\u0119? Tai paprasta, naudojant tinkam\u0105 WordPress vertimo \u012fskiep\u012f. Per\u017ei\u016br\u0117kite geriausi\u0173 WordPress vertimo \u012fskiepi\u0173 pasirinkim\u0105 2018 m. I\u0161 karto.","og_url":"https:\/\/wp-multilingual.com\/lt\/wordpress-vertimo-papildiniai\/","og_site_name":"wp-multlingual.com","og_image":[{"url":"https:\/\/wp-multilingual.com\/wp-content\/uploads\/sites\/18\/2017\/10\/wpml-wordpress-multilingue-traduction-square.jpg"}],"twitter_card":"summary_large_image","twitter_misc":{"Est. reading time":"4 minut\u0117s"},"schema":{"@context":"https:\/\/schema.org","@graph":[{"@type":"WebPage","@id":"https:\/\/wp-multilingual.com\/lt\/wordpress-vertimo-papildiniai\/","url":"https:\/\/wp-multilingual.com\/lt\/wordpress-vertimo-papildiniai\/","name":"\"WordPress\" vertimo \u012fskiepiai: \"Multilingual WordPress\" TOP 5","isPartOf":{"@id":"https:\/\/wp-multilingual.com\/el\/#website"},"primaryImageOfPage":{"@id":"https:\/\/wp-multilingual.com\/lt\/wordpress-vertimo-papildiniai\/#primaryimage"},"image":{"@id":"https:\/\/wp-multilingual.com\/lt\/wordpress-vertimo-papildiniai\/#primaryimage"},"thumbnailUrl":"https:\/\/wp-multilingual.com\/wp-content\/uploads\/sites\/18\/2017\/10\/wpml-wordpress-multilingue-traduction-square.jpg","datePublished":"2018-04-06T08:17:59+00:00","dateModified":"2018-04-06T08:17:59+00:00","description":"Versti savo \"WordPress\" svetain\u0119? Tai paprasta, naudojant tinkam\u0105 WordPress vertimo \u012fskiep\u012f. Per\u017ei\u016br\u0117kite geriausi\u0173 WordPress vertimo \u012fskiepi\u0173 pasirinkim\u0105 2018 m. I\u0161 karto.","breadcrumb":{"@id":"https:\/\/wp-multilingual.com\/lt\/wordpress-vertimo-papildiniai\/#breadcrumb"},"inLanguage":"lt-LT","potentialAction":[{"@type":"ReadAction","target":["https:\/\/wp-multilingual.com\/lt\/wordpress-vertimo-papildiniai\/"]}]},{"@type":"ImageObject","inLanguage":"lt-LT","@id":"https:\/\/wp-multilingual.com\/lt\/wordpress-vertimo-papildiniai\/#primaryimage","url":"https:\/\/wp-multilingual.com\/wp-content\/uploads\/sites\/18\/2017\/10\/wpml-wordpress-multilingue-traduction-square.jpg","contentUrl":"https:\/\/wp-multilingual.com\/wp-content\/uploads\/sites\/18\/2017\/10\/wpml-wordpress-multilingue-traduction-square.jpg"},{"@type":"BreadcrumbList","@id":"https:\/\/wp-multilingual.com\/lt\/wordpress-vertimo-papildiniai\/#breadcrumb","itemListElement":[{"@type":"ListItem","position":1,"name":"Accueil","item":"https:\/\/wp-multilingual.com\/"},{"@type":"ListItem","position":2,"name":"\u201eWordPress\u201c vertimo \u012fskiepiai: \u201eTop 5\u201c &#8211; 2018 m"}]},{"@type":"WebSite","@id":"https:\/\/wp-multilingual.com\/el\/#website","url":"https:\/\/wp-multilingual.com\/el\/","name":"wp-multlingual.com","description":"Th\u00e8mes et Plugins Magento","potentialAction":[{"@type":"SearchAction","target":{"@type":"EntryPoint","urlTemplate":"https:\/\/wp-multilingual.com\/el\/?s={search_term_string}"},"query-input":"required name=search_term_string"}],"inLanguage":"lt-LT"}]}},"_links":{"self":[{"href":"https:\/\/wp-multilingual.com\/lt\/wp-json\/wp\/v2\/pages\/862","targetHints":{"allow":["GET"]}}],"collection":[{"href":"https:\/\/wp-multilingual.com\/lt\/wp-json\/wp\/v2\/pages"}],"about":[{"href":"https:\/\/wp-multilingual.com\/lt\/wp-json\/wp\/v2\/types\/page"}],"author":[{"embeddable":true,"href":"https:\/\/wp-multilingual.com\/lt\/wp-json\/wp\/v2\/users\/2"}],"replies":[{"embeddable":true,"href":"https:\/\/wp-multilingual.com\/lt\/wp-json\/wp\/v2\/comments?post=862"}],"version-history":[{"count":1,"href":"https:\/\/wp-multilingual.com\/lt\/wp-json\/wp\/v2\/pages\/862\/revisions"}],"predecessor-version":[{"id":866,"href":"https:\/\/wp-multilingual.com\/lt\/wp-json\/wp\/v2\/pages\/862\/revisions\/866"}],"wp:attachment":[{"href":"https:\/\/wp-multilingual.com\/lt\/wp-json\/wp\/v2\/media?parent=862"}],"curies":[{"name":"wp","href":"https:\/\/api.w.org\/{rel}","templated":true}]}}