{"id":821,"date":"2018-04-05T16:14:29","date_gmt":"2018-04-05T14:14:29","guid":{"rendered":"https:\/\/wp-multilingual.com\/?page_id=821"},"modified":"2018-04-05T16:14:29","modified_gmt":"2018-04-05T14:14:29","slug":"daugiakalbis-woocommerce-iskiepis","status":"publish","type":"page","link":"https:\/\/wp-multilingual.com\/lt\/daugiakalbis-woocommerce-iskiepis\/","title":{"rendered":"Daugiakalbis WooCommerce \u012fskiepis"},"content":{"rendered":"<p>[su_quote cite=&#8221;Built With&#8221; url=&#8221;https:\/\/builtwith.com\/ecommerce\/&#8221; target=&#8221;blank&#8221;]Vos trejus metus &#8222;WooCommerce&#8221; jau valdo 41 proc. E-komercijos svetaini\u0173 pasaulyje ir netrukus vir\u0161ys &#8222;Magento&#8221; savo pagrindu, taip pat e-commerce svetaini\u0173 pagrindines s\u0105skaitas.[\/su_quote]<\/p>\n<p><img loading=\"lazy\" decoding=\"async\" src=\"https:\/\/wp-multilingual.com\/wp-content\/uploads\/sites\/18\/2017\/10\/woocommerce-multilingue-logo.jpg\" alt=\"\" width=\"150\" height=\"150\" class=\"alignleft size-full wp-image-137\" \/>Ne prie\u0161 penkerius metus, manydama, kad &#8222;WordPress&#8221; gal\u0117t\u0173 pateikti visas &#8222;CMS&#8221; funkcijas, tokias kaip &#8222;Magento&#8221; ar &#8222;Prestashop&#8221;, buvo silpnas beprotyb\u0117.<br \/>\nPer net 3 metus &#8222;WordPress&#8221; pasirod\u0117 esminiu elektronin\u0117s komercijos sprendimu, o tai prisidedama prie WooCommerce \u012fskiepio. Kas pats neb\u016bt\u0173 gim\u0119s be &#8222;JigoShop&#8221; projekto, kuris yra \u0161akut\u0117. Su WordPress versija 3.9, galinti ypatingo lankstumo ir WooCommerce \u012f tvarkingas administravimo s\u0105saja, atsiradus planeta elektronin\u0117s komercijos pa\u017eod\u017eiui pakeit\u0117 savo veid\u0105 akimoju. Tai, kas buvo ne\u012ftik\u0117tina, i\u0161sipild\u0117, elektronin\u0117 prekyba nebegali b\u016bti be &#8222;WooCommerce&#8221;. &#8222;WooCommerce&#8221; suk\u016br\u0117 visapusi\u0161k\u0105 ekosistem\u0105. Yra visi, kuri\u0173 gali b\u016bti tr\u016bksta &#8222;WooCommerce&#8221;. Ne tod\u0117l, kad tai yra ypa\u010d reikalinga, tod\u0117l &#8222;WooCommerce&#8221; si\u016blo \u012fsp\u016bding\u0105 funkcionalumo lyg\u012f, kad netrukus suk\u016br\u0117me elektronin\u0117s komercijos svetain\u0119.<br \/>\nVienintelis tr\u016bkumas, vienintelis tr\u016bkumas, d\u0117l kurio &#8222;WooCommerce&#8221; ir toliau kovoja su pagrindin\u0117mis s\u0105skaitomis: vietin\u0117s daugiakalb\u0117s palaikymo stoka. Ta\u010diau yra papildinys, kuris leis jums:<\/p>\n<ul>\n<li> I\u0161verskite visus produkt\u0173 tipus (vieni ar kintamieji) <\/li>\n<li> Prieiga prie specialios produkto vertimo valdymo s\u0105sajos <\/li>\n<li> I\u0161verskite visus produkt\u0173 tipus (vieni ar kintamieji) <\/li>\n<li> I\u0161verskite vis\u0105 u\u017esakym\u0173 proces\u0105 (patikrinkite) <\/li>\n<li> Operacij\u0173 el. lai\u0161k\u0173 siuntimas kliento kalba <\/li>\n<li> Vieningos produkt\u0173 atsargos, nesutvarkytos pagal kalb\u0105 <\/li>\n<li> Leid\u017eia palaikyti skirtingas valiutas &#8222;WooCommerce&#8221; svetain\u0117je <\/li>\n<\/ul>\n<p>\u012evairi\u0173 kalb\u0173 funkcij\u0173 \u012ftraukimas \u012f &#8222;WooCommerce&#8221; svetain\u0119 atrodo itin svarbus visoms parduotuv\u0117ms, net labiausiai kuklioms. Internetas leid\u017eia jums pristatyti visame pasaulyje. Ar \u017einojote, kad beveik kas antrasis Europos pirk\u0117jas niekada neperkame elektronin\u0117s komercijos svetain\u0117s, kuri kalba j\u0173 kalba? Negalima nepakankamai \u012fvertinti laiko, reikalingo daugiakalb\u0117s elektronin\u0117s komercijos svetain\u0117s diegimui. Pasirinkus tinkam\u0105 daugiakalb\u012f &#8222;WooCommerce&#8221; papildin\u012f pasirinksite optimizuoti savo darbo laik\u0105.<\/p>\n<p>[su_row]<br \/>\n[su_column size=&#8221;1\/6&#8243;]<img loading=\"lazy\" decoding=\"async\" src=\"https:\/\/wp-multilingual.com\/wp-content\/uploads\/sites\/18\/2017\/10\/wpml-wordpress-multilingue-traduction-square.jpg\" alt=\"\" width=\"220\" height=\"190\" class=\"aligncenter size-full wp-image-128\" \/>[\/su_column]<br \/>\n[su_column size=&#8221;2\/3&#8243;]<\/p>\n<h3>WPML: 100% daugiakalb\u0117 WooCommerce<\/h3>\n<p><strong>Trumpai<\/strong>: WPML si\u016blo modul\u012f savo labai gerai \u017einomam WPML CMS \u012fskiepiui, kad b\u016bt\u0173 galima palaikyti 100% &#8222;WooCommerce&#8221;. \u0160is papildinys vadinamas daugiakalbiu &#8222;WooCommerce&#8221;. Su tokiu pavadinimu mes abu \u012ftariame, k\u0105 jis ketina daryti, ir mes susiduriame su pirmuoju daugiakalbiu &#8222;WooCommerce&#8221; \u012fskiepiu rinkoje ir vis dar veikia. Daugel\u012f met\u0173 WPML specializuojasi daugiakalb\u0117se &#8222;WordPress&#8221; svetain\u0117se.<\/p>\n<p><strong>Daugiakalb\u0117 &#8222;WooCommerce&#8221; svetain\u0117? Tai jo specialyb\u0117, nereikia ie\u0161koti.<\/strong><\/p>\n<p>[\/su_column]<br \/>\n[su_column size=&#8221;1\/6&#8243;]<i>[su_spacer size=&#8221;20&#8243;]<\/i><\/p>\n<p style=\"text-align: center\"><i class=\"fa fa-star\"><\/i><i class=\"fa fa-star\"><\/i><i class=\"fa fa-star\"><\/i><i class=\"fa fa-star\"><\/i><i class=\"fa fa-star-half-o\"><\/i><br \/>\n<i>Nuo 29 USD<\/i><\/p>\n<p>[su_button background=&#8221;#FF2F3B&#8221; size=&#8221;6&#8243; url=&#8221;https:\/\/wp-theme-plugin.com\/out-wpml&#8221; target=&#8221;blank&#8221;]<strong>Atrasti<\/strong> [\/su_button] [\/su_column]<br \/>\n[\/su_row]<\/p>\n<p>Bet kitu b\u016bdu &#8230; Kas yra daugiakalb\u0117 &#8222;WooCommerce&#8221; svetain\u0117?<\/p>\n<h1>Daugiakalb\u0117 WooCommerce? Kod\u0117l? Kaip?<\/h1>\n<p>I\u0161 esm\u0117s kalbame apie tai, kad &#8222;WooCommerce&#8221; gali b\u016bti daugiakalb\u0117. Bet k\u0105 mes kalbame tiksliai? Leiskite su\u017einoti, k\u0105 galime tik\u0117tis i\u0161 labai gero WooCommerce vertimo ir daugiakalbio valdymo \u012fskiepio.<\/p>\n<h2>&#8222;WordPress&#8221; integracija<\/h2>\n<p>Man patinka stumti atviras duris:) Ta\u010diau prie\u0161 pradedant &#8222;WooCommerce&#8221; \u012fskiep\u012f, papildinys, kur\u012f prisiminsite, kad j\u016bs\u0173 daugiakalb\u0117 svetain\u0117 vis\u0173 pirma tur\u0117t\u0173 b\u016bti suderinama su &#8222;WordPress&#8221;. A\u0161 \u012fsp\u0117jau &#8230; atviras duris &#8230; kosulys &#8230; Pasak\u0117, kad tai gali skamb\u0117ti \u0161iek tiek kvailai. Bet pagalvokite apie tai antr\u0105 kart\u0105. Gal\u0173 gale j\u016bs\u0173 &#8222;WordPress&#8221; diegimas gali b\u016bti ne toks klasikinis, kaip gali atrodyti i\u0161 pirmo \u017evilgsnio. Pavyzdys, apie kur\u012f mes da\u017enai susitinkame: &#8222;WordPress&#8221; daugelio versij\u0173 versija. Gerai, tai nesusij\u0119 su kiekvienu, ta\u010diau tai rodo, kad prie\u0161 prad\u0117dami galvoti apie &#8222;WooCommerce&#8221; palaikym\u0105, turime u\u017eduoti klausim\u0105 d\u0117l &#8222;WordPress&#8221; palaikymo. A\u0161 netgi saky\u010diau param\u0105 j\u016bs\u0173 &#8222;WordPress&#8221;. Kitas \u012fskiepis gali sukelti problem\u0173, pavyzd\u017eiui, saugumo papildini\u0173.<br \/>\nArba sakykite taip: visi papildiniai, leid\u017eiantys &#8222;WooCommerce&#8221; tur\u0117ti daugiakalbes funkcijas, yra labai toli nuo &#8222;WordPress&#8221; palaikymo daugelio versij\u0173 versijoje. B\u016bkite atsarg\u016bs, jei mums patinka tavo &#8222;WordPress&#8221; konfig\u016bracija.<\/p>\n<h2>WooCommerce integracija<\/h2>\n<p>Gerai, \u0161iuo metu mes esame \u012fsitikin\u0119, kad m\u016bs\u0173 &#8222;WordPress&#8221; konfig\u016bracija ir jos palaikymas yra papildinys, kuriame mes i\u0161met\u0117me savo &#8222;devolute&#8221;. Dabar pa\u017evelkime, kaip ji elgiasi su &#8222;WooCommerce&#8221;. D\u0117l \u0161ios prie\u017easties kelios budrumo vietos:<\/p>\n<ul>\n<li> Kiek kalb\u0173 galime tur\u0117ti? <\/li>\n<li> Kaip vertimas atsiranda gale? <\/li>\n<li> Ar \u012fskiepis valdo skirtingomis valiutomis pagal kalb\u0105? <\/li>\n<li> Ar \u012fskiepis tiksliai nustato, kas ver\u010diamas, ver\u010diamas, o ne ver\u010diamas? <\/li>\n<li> Ar pirkimo tunelis bus pateikiamas vartotojo kalba? <\/li>\n<li> Ar transakciniai el. pa\u0161to prane\u0161imai pasiekiami vartotojo kalba? <\/li>\n<\/ul>\n<p>Si\u016blomas daugiakalbis \u012fskiepis yra kur kas daugiau nei si\u016blanti versti produkt\u0173 s\u0105ra\u0161us, kai kalbama apie &#8222;WooCommerce&#8221;. Daugiakalb\u0117s &#8222;WooCommerce&#8221; palaikymas reikalauja realios integracijos, kad labai nedaug papildini\u0173 gali teigti, kad jie gerai ir 100%.<\/p>\n<h2>\u017diniasklaidos valdymas<\/h2>\n<p>Tai gali atrodyti nieko. Bet ar j\u016bs kada nors man\u0117te, kad gali b\u016bti priverstas atsisi\u0173sti kiekvien\u0105 produkto kalbos versij\u0105, susijusi\u0173 vaizd\u0173 rinkin\u012f? Jei m\u016bs\u0173 svetain\u0117je yra de\u0161imt produkt\u0173, tai n\u0117ra didelis pasi\u016blymas. Bet jei mes turime 200 produkt\u0173 ir kiekvienas produktas yra nuo trij\u0173 iki penki\u0173 paveiksl\u0173, a\u0161 galiu \u012fsivaizduoti, kad tai yra organizaciniai ko\u0161marai. Geriausias ? Pasirinkite daugiakalb\u012f &#8222;WooCommerce&#8221; papildin\u012f, kuris protingai valdys \u017einiatinkl\u012f, susijusi\u0105 su j\u016bs\u0173 &#8222;WooCommerce&#8221; produktais.<\/p>\n<h2>SEO ir daugiakalbis<\/h2>\n<p>Paimkime ta\u0161k\u0105. Kad daugiakalbis &#8222;WooCommerce&#8221; \u012fskiepis b\u016bt\u0173 \u012fdomus, jis jau turi u\u017epildyti \u0161vent\u0105 s\u0105ra\u0161\u0105 s\u0105lyg\u0173, be kuri\u0173 b\u016bt\u0173 geriau eiti savo keli\u0105:<\/p>\n<ul>\n<li> B\u016bkite suderinamos su &#8222;WordPress&#8221; <\/li>\n<li> &#8222;WooCommerce&#8221; (produktas, atsiskaitymas, sandorio el. lai\u0161kai &#8230;) yra rimtas draudimas <\/li>\n<li> Tvarkykite laikmenas gerai <\/li>\n<\/ul>\n<p>Dabar pakalb\u0117kime apie j\u016bs\u0173 &#8222;WooCommerce&#8221; el. Prekybos parduotuv\u0117s nat\u016bral\u0173j\u012f SEO. Tai yra saugus statymas, kad net jei tai n\u0117ra j\u016bs\u0173 pagrindinis tikslas, j\u016bs\u0173 &#8222;WooComerce&#8221; svetain\u0117s vertimas bus atliekamas su id\u0117ja padidinti savo SEO; bent \u0161iek tiek. K\u0105 daryti, jei naudojant daugiakalb\u012f &#8222;WooCommerce&#8221; papildin\u012f jums nepad\u0117s, bet sugadins j\u016bs\u0173 SEO darb\u0105?<br \/>\nU\u017etikrinti, kad &#8222;SEO&#8221; yra pagrindinis d\u0117mesys komandoms, kurioms pasirinktas daugiakalbis WooCommerce papildinys, yra tikrai svarbu.<br \/>\nKuris atveda mus \u012f kit\u0105 tem\u0105 &#8230;<\/p>\n<h2>Remti tre\u010di\u0173j\u0173 \u0161ali\u0173 papildinius<\/h2>\n<p>Prie\u0161 pradedant &#8222;WooCommerce&#8221; papildin\u012f, bet koks papildinys yra &#8222;WordPress&#8221; \u012fskiepis. A\u0161 jau tai pasakiau. Bet tai vir\u0161ija tai, k\u0105 j\u016bs gal\u0117jote galvoti. B\u016btina, kad \u0161is \u012fskiepis gal\u0117t\u0173 bendrauti su visais \u012fskiepiais, kurie labiau bendraus su WooCommerce ir WordPress. Nor\u0117dami gr\u012f\u017eti \u012f SEO, geras daugiakalbis &#8222;WooCommerce&#8221; \u012fskiepis, tur\u0117tume leisti mums ir toliau naudoti bet kokius &#8222;WordPress&#8221; papildinius &#8222;plugins&#8221; ir tai pagal kalb\u0105. u\u017e \u0161\u012f \u012fskiep\u012f atsakingos komandos negali atlikti \u0161io darbo. Bendruomen\u0117 turi pasirinkti, kam jos bus remiamos. \u0160io ma\u017eo \u017eaidimo metu \u017eiuri sveikina tik WPML.<br \/>\nJei turime suskai\u010diuoti visus papildinius, kurie sudaro &#8222;WooCommerce&#8221; visum\u0105 suderinamumo po\u017ei\u016briu, turime taip pat atsi\u017evelgti \u012f teksto i\u0161vest\u012f, kur\u012f suk\u016br\u0117 patys \u012ftaisai. Labai svarbu, kad j\u016bs\u0173 WooCommerce \u012fskiepis leist\u0173 jums ateiti ir i\u0161versti \u0161ias eilutes neatskleidus atitinkamo papildinio \u0161altinio kodo.<\/p>\n<h2>Tre\u010di\u0173j\u0173 \u0161ali\u0173 temos palaikomos<\/h2>\n<p>Manote, kad pagaliau radote &#8222;WordPress&#8221; tem\u0105, kuri atitikt\u0173 tai, ko ie\u0161kojote, taip ilgai. J\u016bs j\u012f \u012fdiegiate. J\u016bs taip pat nuspr\u0119site, kad j\u016bs\u0173 parduotuv\u0117 b\u016bt\u0173 daugiakalb\u0117 &#8222;WooCommerce&#8221; parduotuv\u0117. Ir ten, nelaim\u0117, j\u016bs\u0173 \u012fskiepis ir j\u016bs\u0173 tema nesuderinami. Kod\u0117l? Kadangi d\u0117l papildini\u0173, tai yra temos k\u016br\u0117jas, nor\u0117damas u\u017etikrinti, kad papildinys b\u016bt\u0173 100% palaikomas. Patobulinta parama konkre\u010diam \u012fskiepiui garantuoja, kad turi &#8222;plug&#8217;n&#8221; grojimo funkcij\u0105. Atkreipkite d\u0117mes\u012f, j\u016bs pasteb\u0117site, kad beveik visos rinkos temos oficialiai suderinamos su WPML. Tai yra tai, kad daugel\u012f met\u0173 b\u016bt\u0173 u\u017etikrintas geriausias daugiakalbis &#8222;WordPress&#8221; \u012fskiepis.<\/p>\n<h2>I\u0161pl\u0117stin\u0117s savyb\u0117s ++<\/h2>\n<p>K\u0105 daryti, jei j\u016bs\u0173 papildinys padar\u0117 daugiau nei &#8222;tiesiog&#8221;, kad j\u016bs\u0173 svetain\u0117 &#8222;WooCommerce&#8221; b\u016bt\u0173 daugiakalb\u0117? Ir jei jis gal\u0117t\u0173 jums pasi\u016blyti daugiau.<br \/>\nJei \u012fvykdytos visos s\u0105lygos, visada linksminkit\u0117s. Pavyzd\u017eiui, mes galime:<\/p>\n<ul>\n<li> Automatinis nukreipimas pagal vartotojo kalb\u0105 <\/li>\n<li> Kalbos valdymas pogrupiuose <\/li>\n<li> Kalb\u0173 valdymas atskiruose TLD (monsite.fr, mywebsite.com, meinewebsite.de &#8230;) <\/li>\n<li> Produkt\u0173, susiet\u0173 ar ne pagal kalbas, k\u016brimas <\/li>\n<li> Prieiga prie vertimo vertimo s\u0105saja <\/li>\n<li> Naujo tipo naudotojo k\u016brimas siekiant u\u017etikrinti didesn\u012f saugum\u0105 ir paprastum\u0105: vert\u0117jai. <\/li>\n<\/ul>\n<p>[su_row]<br \/>\n[su_column size=&#8221;1\/3&#8243;]<img loading=\"lazy\" decoding=\"async\" src=\"https:\/\/wp-multilingual.com\/wp-content\/uploads\/sites\/18\/2017\/10\/wpml-wordpress-multilingue-traduction-square.jpg\" alt=\"\" width=\"220\" height=\"190\" class=\"aligncenter size-full wp-image-128\" \/><\/p>\n<p style=\"text-align: center\">\n[su_button background=&#8221;#FF2F3B&#8221; size=&#8221;6&#8243; url=&#8221;https:\/\/wp-theme-plugin.com\/out-wpml&#8221; target=&#8221;blank&#8221;]<strong>Discover<\/strong> [\/su_button]<\/p>\n<p>[\/su_column]<br \/>\n[su_column size=&#8221;2\/3&#8243;]<\/p>\n<h3>WPML: geriausias daugiakalbis WooCommerce<\/h3>\n<p><strong>Trumpai<\/strong>: WPML per daugel\u012f met\u0173 pa\u017eeng\u0117 daugiakalbis valdymas pagal &#8222;WooCommerce&#8221;, o dar labiau &#8211; &#8222;WordPress&#8221; apskritai. Atsi\u017evelgdami \u012f tai, WPML si\u016blo mums &#8222;WooCommerce&#8221; daugiakalb\u012f papildin\u012f, kuris u\u017etikrina visk\u0105, k\u0105 geras daugiakalbis \u012fskiepis tur\u0117t\u0173 \u017einoti, kaip tai padaryti. Be to, tai suteikia mums prieig\u0105 prie pa\u017eangi\u0173 ypatybi\u0173, ypa\u010d verting\u0173.<\/p>\n<p><strong>&#8222;WooCommerce Multilingual&#8221; si\u016blo reali\u0105 daugiakalb\u0119 &#8222;WooCommerce&#8221; administravimo s\u0105saj\u0105.<\/strong><\/p>\n<p>[\/su_column]<br \/>\n[\/su_row]<\/p>\n<p>[su_divider top=&#8221;no&#8221; style=&#8221;dotted&#8221; size=&#8221;2&#8243;]<\/p>\n<h1>Daugiau i\u0161tekli\u0173 WooCommerce<\/h1>\n<p>&#8222;WooCommerce&#8221; yra did\u017eiul\u0117 tema. Kalb\u0117damas apie daugiakalb\u0119 &#8222;WooCommerce&#8221; versij\u0105, &#8222;WooCommerce&#8221; naudojame tik vien\u0105 i\u0161 daugyb\u0117s aspekt\u0173. Si\u016blome toliau skaityti apie &#8222;WooCommerce&#8221; \u0161iomis temomis:<\/p>\n<h3>Kur surengti savo &#8222;WooCommerce&#8221; site?<\/h3>\n<p><strong>WooCommerce Hostingas<\/strong> : &#8222;WooCommerce&#8221; svetain\u0117 visada turi b\u016bti jos na\u0161umo ir prieinamumo vir\u0161uje. J\u016bs\u0173 interneto priegloba yra \u0161i\u0173 dviej\u0173 svarbi\u0173 klausim\u0173 pagrindas. B\u016btinas tinkamo priiman\u010diosios pasirinkimas. Ar \u017einote, kad WooCommerce yra visi\u0161kai apgalvotos ir saugios kompiuteri\u0173?<br \/>\n[su_row]<br \/>\n[su_column size=&#8221;2\/3&#8243;]<strong>Pad\u0117kite jums pasirinkti WooCommerce prieglobst\u012f.<\/strong>[\/su_column]<br \/>\n[su_column size=&#8221;1\/3&#8243;][su_button background=&#8221;#FF2F3B&#8221; size=&#8221;6&#8243; url=&#8221;https:\/\/woo-hosting.com&#8221; target=&#8221;blank&#8221;]<strong>WooCommerce Hostingas<\/strong> [\/su_button] [\/su_column]<br \/>\n[\/su_row]<\/p>\n<h3>Kokie WooCommerce papildiniai ir temos?<\/h3>\n<p><strong>WooCommerce temos ir papildiniai<\/strong>: &#8222;WooCommerce&#8221; svetain\u0117 visada turi b\u016bti jos na\u0161umo ir prieinamumo vir\u0161uje. J\u016bs\u0173 interneto priegloba yra \u0161i\u0173 dviej\u0173 svarbi\u0173 klausim\u0173 pagrindas. B\u016btinas tinkamo priiman\u010diosios pasirinkimas. Ar \u017einote, kad WooCommerce yra visi\u0161kai apgalvotos ir saugios kompiuteri\u0173?<br \/>\n[su_row]<br \/>\n[su_column size=&#8221;2\/3&#8243;]<strong>Pad\u0117kite jums pasirinkti prieglob\u0105, kuri\u0105 teikia &#8222;WooCommerce&#8221;.<\/strong>[\/su_column]<br \/>\n[su_column size=&#8221;1\/3&#8243;][su_button background=&#8221;#FF2F3B&#8221; size=&#8221;6&#8243; url=&#8221;https:\/\/woo-themes-plugins.com\/en&#8221; target=&#8221;blank&#8221;]<strong>WooCommerce temos ir \u012fskiepiai<\/strong> [\/su_button] [\/su_column]<br \/>\n[\/su_row]<br \/>\n[su_divider top=&#8221;no&#8221; style=&#8221;dotted&#8221; size=&#8221;2&#8243;]<\/p>\n<h1><\/h1>\n","protected":false},"excerpt":{"rendered":"<p>[su_quote cite=&#8221;Built With&#8221; url=&#8221;https:\/\/builtwith.com\/ecommerce\/&#8221; target=&#8221;blank&#8221;]Vos trejus metus &#8222;WooCommerce&#8221; jau valdo 41 proc. E-komercijos svetaini\u0173 pasaulyje ir netrukus vir\u0161ys &#8222;Magento&#8221; savo pagrindu, taip pat e-commerce svetaini\u0173 pagrindines s\u0105skaitas.[\/su_quote] Ne prie\u0161 penkerius metus, manydama, kad &#8222;WordPress&#8221;&#46;&#46;&#46;<\/p>\n","protected":false},"author":2,"featured_media":0,"parent":0,"menu_order":0,"comment_status":"closed","ping_status":"closed","template":"","meta":{"_monsterinsights_skip_tracking":false,"_monsterinsights_sitenote_active":false,"_monsterinsights_sitenote_note":"","_monsterinsights_sitenote_category":0,"footnotes":""},"class_list":["post-821","page","type-page","status-publish","hentry"],"yoast_head":"<!-- This site is optimized with the Yoast SEO plugin v23.1 - https:\/\/yoast.com\/wordpress\/plugins\/seo\/ -->\n<title>Daugiakalbis \u012fskiepis WooCommerce \/ Versti savo WP e-komercijos svetain\u0119<\/title>\n<meta name=\"description\" content=\"&quot;WooCommerce&quot; reikia i\u0161versti &quot;WooCommerce&quot; svetain\u0119 ar sukurti realias daugiakalbes ir internacionalizuotas parduotuves? Patikrinkite &quot;WooCommerce&quot; daugiakalb\u012f papildin\u012f dabar.\" \/>\n<meta name=\"robots\" content=\"index, follow, max-snippet:-1, max-image-preview:large, max-video-preview:-1\" \/>\n<link rel=\"canonical\" href=\"https:\/\/wp-multilingual.com\/lt\/daugiakalbis-woocommerce-iskiepis\/\" \/>\n<meta property=\"og:locale\" content=\"lt_LT\" \/>\n<meta property=\"og:type\" content=\"article\" \/>\n<meta property=\"og:title\" content=\"Daugiakalbis \u012fskiepis WooCommerce \/ Versti savo WP e-komercijos svetain\u0119\" \/>\n<meta property=\"og:description\" content=\"&quot;WooCommerce&quot; reikia i\u0161versti &quot;WooCommerce&quot; svetain\u0119 ar sukurti realias daugiakalbes ir internacionalizuotas parduotuves? Patikrinkite &quot;WooCommerce&quot; daugiakalb\u012f papildin\u012f dabar.\" \/>\n<meta property=\"og:url\" content=\"https:\/\/wp-multilingual.com\/lt\/daugiakalbis-woocommerce-iskiepis\/\" \/>\n<meta property=\"og:site_name\" content=\"wp-multlingual.com\" \/>\n<meta property=\"og:image\" content=\"https:\/\/wp-multilingual.com\/wp-content\/uploads\/sites\/18\/2017\/10\/woocommerce-multilingue-logo.jpg\" \/>\n<meta name=\"twitter:card\" content=\"summary_large_image\" \/>\n<meta name=\"twitter:label1\" content=\"Est. reading time\" \/>\n\t<meta name=\"twitter:data1\" content=\"8 minut\u0117s\" \/>\n<script type=\"application\/ld+json\" class=\"yoast-schema-graph\">{\"@context\":\"https:\/\/schema.org\",\"@graph\":[{\"@type\":\"WebPage\",\"@id\":\"https:\/\/wp-multilingual.com\/lt\/daugiakalbis-woocommerce-iskiepis\/\",\"url\":\"https:\/\/wp-multilingual.com\/lt\/daugiakalbis-woocommerce-iskiepis\/\",\"name\":\"Daugiakalbis \u012fskiepis WooCommerce \/ Versti savo WP e-komercijos svetain\u0119\",\"isPartOf\":{\"@id\":\"https:\/\/wp-multilingual.com\/el\/#website\"},\"primaryImageOfPage\":{\"@id\":\"https:\/\/wp-multilingual.com\/lt\/daugiakalbis-woocommerce-iskiepis\/#primaryimage\"},\"image\":{\"@id\":\"https:\/\/wp-multilingual.com\/lt\/daugiakalbis-woocommerce-iskiepis\/#primaryimage\"},\"thumbnailUrl\":\"https:\/\/wp-multilingual.com\/wp-content\/uploads\/sites\/18\/2017\/10\/woocommerce-multilingue-logo.jpg\",\"datePublished\":\"2018-04-05T14:14:29+00:00\",\"dateModified\":\"2018-04-05T14:14:29+00:00\",\"description\":\"\\\"WooCommerce\\\" reikia i\u0161versti \\\"WooCommerce\\\" svetain\u0119 ar sukurti realias daugiakalbes ir internacionalizuotas parduotuves? Patikrinkite \\\"WooCommerce\\\" daugiakalb\u012f papildin\u012f dabar.\",\"breadcrumb\":{\"@id\":\"https:\/\/wp-multilingual.com\/lt\/daugiakalbis-woocommerce-iskiepis\/#breadcrumb\"},\"inLanguage\":\"lt-LT\",\"potentialAction\":[{\"@type\":\"ReadAction\",\"target\":[\"https:\/\/wp-multilingual.com\/lt\/daugiakalbis-woocommerce-iskiepis\/\"]}]},{\"@type\":\"ImageObject\",\"inLanguage\":\"lt-LT\",\"@id\":\"https:\/\/wp-multilingual.com\/lt\/daugiakalbis-woocommerce-iskiepis\/#primaryimage\",\"url\":\"https:\/\/wp-multilingual.com\/wp-content\/uploads\/sites\/18\/2017\/10\/woocommerce-multilingue-logo.jpg\",\"contentUrl\":\"https:\/\/wp-multilingual.com\/wp-content\/uploads\/sites\/18\/2017\/10\/woocommerce-multilingue-logo.jpg\"},{\"@type\":\"BreadcrumbList\",\"@id\":\"https:\/\/wp-multilingual.com\/lt\/daugiakalbis-woocommerce-iskiepis\/#breadcrumb\",\"itemListElement\":[{\"@type\":\"ListItem\",\"position\":1,\"name\":\"Accueil\",\"item\":\"https:\/\/wp-multilingual.com\/\"},{\"@type\":\"ListItem\",\"position\":2,\"name\":\"Daugiakalbis WooCommerce \u012fskiepis\"}]},{\"@type\":\"WebSite\",\"@id\":\"https:\/\/wp-multilingual.com\/el\/#website\",\"url\":\"https:\/\/wp-multilingual.com\/el\/\",\"name\":\"wp-multlingual.com\",\"description\":\"Th\u00e8mes et Plugins Magento\",\"potentialAction\":[{\"@type\":\"SearchAction\",\"target\":{\"@type\":\"EntryPoint\",\"urlTemplate\":\"https:\/\/wp-multilingual.com\/el\/?s={search_term_string}\"},\"query-input\":\"required name=search_term_string\"}],\"inLanguage\":\"lt-LT\"}]}<\/script>\n<!-- \/ Yoast SEO plugin. -->","yoast_head_json":{"title":"Daugiakalbis \u012fskiepis WooCommerce \/ Versti savo WP e-komercijos svetain\u0119","description":"\"WooCommerce\" reikia i\u0161versti \"WooCommerce\" svetain\u0119 ar sukurti realias daugiakalbes ir internacionalizuotas parduotuves? Patikrinkite \"WooCommerce\" daugiakalb\u012f papildin\u012f dabar.","robots":{"index":"index","follow":"follow","max-snippet":"max-snippet:-1","max-image-preview":"max-image-preview:large","max-video-preview":"max-video-preview:-1"},"canonical":"https:\/\/wp-multilingual.com\/lt\/daugiakalbis-woocommerce-iskiepis\/","og_locale":"lt_LT","og_type":"article","og_title":"Daugiakalbis \u012fskiepis WooCommerce \/ Versti savo WP e-komercijos svetain\u0119","og_description":"\"WooCommerce\" reikia i\u0161versti \"WooCommerce\" svetain\u0119 ar sukurti realias daugiakalbes ir internacionalizuotas parduotuves? Patikrinkite \"WooCommerce\" daugiakalb\u012f papildin\u012f dabar.","og_url":"https:\/\/wp-multilingual.com\/lt\/daugiakalbis-woocommerce-iskiepis\/","og_site_name":"wp-multlingual.com","og_image":[{"url":"https:\/\/wp-multilingual.com\/wp-content\/uploads\/sites\/18\/2017\/10\/woocommerce-multilingue-logo.jpg"}],"twitter_card":"summary_large_image","twitter_misc":{"Est. reading time":"8 minut\u0117s"},"schema":{"@context":"https:\/\/schema.org","@graph":[{"@type":"WebPage","@id":"https:\/\/wp-multilingual.com\/lt\/daugiakalbis-woocommerce-iskiepis\/","url":"https:\/\/wp-multilingual.com\/lt\/daugiakalbis-woocommerce-iskiepis\/","name":"Daugiakalbis \u012fskiepis WooCommerce \/ Versti savo WP e-komercijos svetain\u0119","isPartOf":{"@id":"https:\/\/wp-multilingual.com\/el\/#website"},"primaryImageOfPage":{"@id":"https:\/\/wp-multilingual.com\/lt\/daugiakalbis-woocommerce-iskiepis\/#primaryimage"},"image":{"@id":"https:\/\/wp-multilingual.com\/lt\/daugiakalbis-woocommerce-iskiepis\/#primaryimage"},"thumbnailUrl":"https:\/\/wp-multilingual.com\/wp-content\/uploads\/sites\/18\/2017\/10\/woocommerce-multilingue-logo.jpg","datePublished":"2018-04-05T14:14:29+00:00","dateModified":"2018-04-05T14:14:29+00:00","description":"\"WooCommerce\" reikia i\u0161versti \"WooCommerce\" svetain\u0119 ar sukurti realias daugiakalbes ir internacionalizuotas parduotuves? Patikrinkite \"WooCommerce\" daugiakalb\u012f papildin\u012f dabar.","breadcrumb":{"@id":"https:\/\/wp-multilingual.com\/lt\/daugiakalbis-woocommerce-iskiepis\/#breadcrumb"},"inLanguage":"lt-LT","potentialAction":[{"@type":"ReadAction","target":["https:\/\/wp-multilingual.com\/lt\/daugiakalbis-woocommerce-iskiepis\/"]}]},{"@type":"ImageObject","inLanguage":"lt-LT","@id":"https:\/\/wp-multilingual.com\/lt\/daugiakalbis-woocommerce-iskiepis\/#primaryimage","url":"https:\/\/wp-multilingual.com\/wp-content\/uploads\/sites\/18\/2017\/10\/woocommerce-multilingue-logo.jpg","contentUrl":"https:\/\/wp-multilingual.com\/wp-content\/uploads\/sites\/18\/2017\/10\/woocommerce-multilingue-logo.jpg"},{"@type":"BreadcrumbList","@id":"https:\/\/wp-multilingual.com\/lt\/daugiakalbis-woocommerce-iskiepis\/#breadcrumb","itemListElement":[{"@type":"ListItem","position":1,"name":"Accueil","item":"https:\/\/wp-multilingual.com\/"},{"@type":"ListItem","position":2,"name":"Daugiakalbis WooCommerce \u012fskiepis"}]},{"@type":"WebSite","@id":"https:\/\/wp-multilingual.com\/el\/#website","url":"https:\/\/wp-multilingual.com\/el\/","name":"wp-multlingual.com","description":"Th\u00e8mes et Plugins Magento","potentialAction":[{"@type":"SearchAction","target":{"@type":"EntryPoint","urlTemplate":"https:\/\/wp-multilingual.com\/el\/?s={search_term_string}"},"query-input":"required name=search_term_string"}],"inLanguage":"lt-LT"}]}},"_links":{"self":[{"href":"https:\/\/wp-multilingual.com\/lt\/wp-json\/wp\/v2\/pages\/821","targetHints":{"allow":["GET"]}}],"collection":[{"href":"https:\/\/wp-multilingual.com\/lt\/wp-json\/wp\/v2\/pages"}],"about":[{"href":"https:\/\/wp-multilingual.com\/lt\/wp-json\/wp\/v2\/types\/page"}],"author":[{"embeddable":true,"href":"https:\/\/wp-multilingual.com\/lt\/wp-json\/wp\/v2\/users\/2"}],"replies":[{"embeddable":true,"href":"https:\/\/wp-multilingual.com\/lt\/wp-json\/wp\/v2\/comments?post=821"}],"version-history":[{"count":1,"href":"https:\/\/wp-multilingual.com\/lt\/wp-json\/wp\/v2\/pages\/821\/revisions"}],"predecessor-version":[{"id":822,"href":"https:\/\/wp-multilingual.com\/lt\/wp-json\/wp\/v2\/pages\/821\/revisions\/822"}],"wp:attachment":[{"href":"https:\/\/wp-multilingual.com\/lt\/wp-json\/wp\/v2\/media?parent=821"}],"curies":[{"name":"wp","href":"https:\/\/api.w.org\/{rel}","templated":true}]}}