{"id":853,"date":"2018-04-06T09:50:39","date_gmt":"2018-04-06T07:50:39","guid":{"rendered":"https:\/\/wp-multilingual.com\/?page_id=853"},"modified":"2018-04-06T09:50:39","modified_gmt":"2018-04-06T07:50:39","slug":"plugin-traduzione-wordpress","status":"publish","type":"page","link":"https:\/\/wp-multilingual.com\/it\/plugin-traduzione-wordpress\/","title":{"rendered":"Top 5 plugin di traduzione WordPress 2018"},"content":{"rendered":"<h1>Elenco dei plugin di traduzione di WordPress<\/h1>\n<p>Cerchi un plugin per WordPress che ti permetta di tradurre tutto il tuo sito WordPress per mettere insieme versioni localizzate del tuo sito? Infatti, WordPress non consente a una base di creare un sito multilingue, che \u00e8 una vera mancanza che pu\u00f2 essere percepita rapidamente. Ma come sempre, la community di WordPress ci ha rapidamente fornito soluzioni avanzate e una gestione semplice. Alcuni dei plug-in di traduzione di WordPress che presenteremo sono in circolazione da anni, fornendo un servizio premium, ma i nuovi arrivati stanno venendo a rimescolare le carte per il nostro divertimento.<\/p>\n<p>Grazie a questa sana competizione, i plugin multilingue per WordPress si sono evoluti, diventando sempre pi\u00f9 semplici e integrati con WordPress e sempre pi\u00f9 velocemente e in sicurezza. La nostra lista di plugin di traduzione per WordPress ti permetter\u00e0 di scoprire i migliori plugin multilingue.<\/p>\n<h1>Principali plugin di traduzione WordPress<\/h1>\n<p>Il desiderio di un sito WordPress multilingue \u00e8 rivolto a tutti i tipi di sito che possono essere eseguiti con WordPress, ma anche su tutte le dimensioni del sito. Non c&#8217;\u00e8 bisogno di essere un grande sito per sfruttare il multilinguismo con WordPress.<\/p>\n<p>[su_row]<br \/>\n[su_column size=&#8221;1\/6&#8243;]<img loading=\"lazy\" decoding=\"async\" class=\"aligncenter size-full wp-image-128\" src=\"https:\/\/wp-multilingual.com\/wp-content\/uploads\/sites\/18\/2017\/10\/wpml-wordpress-multilingue-traduction-square.jpg\" alt=\"\" width=\"220\" height=\"190\" \/>[\/su_column]<br \/>\n[su_column size=&#8221;2\/3&#8243;]<\/p>\n<h3>WPML CMS: Miglior plugin di traduzione WordPress<\/h3>\n<p><strong>In breve<\/strong>: Dopo anni di utilizzo, WPML \u00e8 sicuramente IL plugin che consigliamo a tutti di utilizzare e che utilizziamo in tutti i nostri progetti multilingue. Secondo te, che cosa usa questo sito per la sua parte multilingue? WPML ovviamente! Funzionalit\u00e0 di traduzione per WordPress sproporzionate rispetto a tutto ci\u00f2 che viene fatto sul mercato dei plugin di traduzione di WordPress.<\/p>\n<p><strong>Best of all, WPML CMS support for free <a href=\"https:\/\/wp-multilingue.fr\/plugins-wordpress-compatible-multilingual\/woocommerce-multilingue\/\"> WooCommerce Multilingual <\/a>.<\/strong><br \/>\n<a href=\"\/?page_id=766\">&gt; WPML CMS WordPress Translation Plugin: la recensione completa<\/a><br \/>\n[\/su_column]<br \/>\n[su_column size=&#8221;1\/6&#8243;]<br \/>\n[su_spacer size=&#8221;10&#8243;]<br \/>\n<i class=\"fa fa-star\" style=\"font-size: 25px;color: #1f88a3\"><\/i><i class=\"fa fa-star\" style=\"font-size: 25px;color: #1f88a3\"><\/i><i class=\"fa fa-star\" style=\"font-size: 25px;color: #1f88a3\"><\/i><i class=\"fa fa-star\" style=\"font-size: 25px;color: #1f88a3\"><\/i><i class=\"fa fa-star-half-o\" style=\"font-size: 25px;color: #1f88a3\"><\/i><br \/>\n[su_spacer size=&#8221;40&#8243;]<\/p>\n<p style=\"text-align: center\">[su_button background=&#8221;#1F88A3&#8243; size=&#8221;6&#8243; url=&#8221;https:\/\/wp-theme-plugin.com\/out-wpml&#8221; target=&#8221;blank&#8221;] <strong>Scoprire<\/strong> [\/su_button] [\/su_column]<br \/>\n[\/su_row]<\/p>\n<p>[su_row]<br \/>\n[su_column size=&#8221;1\/6&#8243;]<img loading=\"lazy\" decoding=\"async\" class=\"aligncenter size-full wp-image-129\" src=\"https:\/\/wp-multilingual.com\/wp-content\/uploads\/sites\/18\/2017\/10\/wpml-blog-wordpress-multilingue-traduction-square.jpg\" alt=\"\" width=\"220\" height=\"190\" \/>[\/su_column]<br \/>\n[su_column size=&#8221;2\/3&#8243;]<\/p>\n<h3>WPML Blog: WordPress Bilingual Plugin<\/h3>\n<p><strong>In breve<\/strong>: Alcuni diranno che WPML \u00e8 una &#8220;vera centrale a gas&#8221;. Il primo approccio di WPML pu\u00f2 certamente sembrare un po &#8216;sconcertante. Perch\u00e9 ? Perch\u00e9 questo plugin spinge la gestione multilingue a un livello professionale. Ma dobbiamo ancora capire tutti i dettagli per uscire facilmente. Per coloro che desiderano un sito multilingue e questo in modo rapido e senza apprendimento, il blog della versione WPML ti render\u00e0 felice.<\/p>\n<p><strong>Quando WPML diventa semplice come un clic nel suo back office.<\/strong><br \/>\n<a href=\"\/?page_id=766\">&gt; WPML Blog WordPress Translation Plugin: la recensione completa<\/a><br \/>\n[\/su_column]<br \/>\n[su_column size=&#8221;1\/6&#8243;]<br \/>\n[su_spacer size=&#8221;10&#8243;]<br \/>\n<i class=\"fa fa-star\" style=\"font-size: 25px;color: #1f88a3\"><\/i><i class=\"fa fa-star\" style=\"font-size: 25px;color: #1f88a3\"><\/i><i class=\"fa fa-star\" style=\"font-size: 25px;color: #1f88a3\"><\/i><i class=\"fa fa-star\" style=\"font-size: 25px;color: #1f88a3\"><\/i><i class=\"fa fa-star-o\" style=\"font-size: 25px;color: #1f88a3\"><\/i><\/p>\n<p>[su_spacer size=&#8221;40&#8243;]<\/p>\n<p style=\"text-align: center\">[su_button background=&#8221;#1F88A3&#8243; size=&#8221;6&#8243; url=&#8221;https:\/\/wp-theme-plugin.com\/out-wpml&#8221; target=&#8221;blank&#8221;] <strong>Scoprire<\/strong> [\/su_button] [\/su_column]<\/p>\n<p>[\/su_row]<br \/>\n[su_row]<br \/>\n[su_column size=&#8221;1\/6&#8243;]<img loading=\"lazy\" decoding=\"async\" class=\"aligncenter size-full wp-image-132\" src=\"https:\/\/wp-multilingual.com\/wp-content\/uploads\/sites\/18\/2017\/10\/qtranslatex-wordpress-multilingue-traduction-square.jpg\" alt=\"\" width=\"220\" height=\"190\" \/>[\/su_column]<br \/>\n[su_column size=&#8221;2\/3&#8243;]<\/p>\n<h3>qTranslate X: Plugin di traduzione abbandonato?<\/h3>\n<p><strong>In breve<\/strong>: Con oltre 100.000 siti WordPress che si affidano sempre a qTranslateX per garantire la parte di traduzione del loro sito WordPress, potremmo credere che questo noto plug-in sia mantenuto. Ma al termine di questo test, qTranslateX non \u00e8 stato aggiornato per un anno. Un plugin semplice ed efficace che sembra scomparire a poco a poco.<br \/>\n<strong>QTranslate sarebbe in stallo o solo in stand-by?<\/strong><br \/>\n<a href=\"\/?page_id=764\">&gt; qTranslateX WordPress Translation Plugin: la recensione completa<\/a><br \/>\n[\/su_column]<br \/>\n[su_column size=&#8221;1\/6&#8243;]<br \/>\n[su_spacer size=&#8221;10&#8243;]<br \/>\n<i class=\"fa fa-star\" style=\"font-size: 25px;color: #1f88a3\"><\/i><i class=\"fa fa-star\" style=\"font-size: 25px;color: #1f88a3\"><\/i><i class=\"fa fa-star-half-o\" style=\"font-size: 25px;color: #1f88a3\"><\/i><i class=\"fa fa-star-o\" style=\"font-size: 25px;color: #1f88a3\"><\/i><i class=\"fa fa-star-o\" style=\"font-size: 25px;color: #1f88a3\"><\/i><br \/>\n[su_spacer size=&#8221;40&#8243;]<\/p>\n<p style=\"text-align: center\">[su_button background=&#8221;#1F88A3&#8243; size=&#8221;6&#8243; url=&#8221;https:\/\/wp-theme-plugin.com\/out-qtranslatex&#8221; target=&#8221;blank&#8221;] <strong>Scoprire<\/strong> [\/su_button] [\/su_column]<\/p>\n<p>[\/su_row]<\/p>\n<p>[su_row]<br \/>\n[su_column size=&#8221;1\/6&#8243;]<img loading=\"lazy\" decoding=\"async\" class=\"aligncenter size-full wp-image-131\" src=\"https:\/\/wp-multilingual.com\/wp-content\/uploads\/sites\/18\/2017\/10\/multilingualpress-wordpress-multilingue-traduction-square.png\" alt=\"\" width=\"220\" height=\"190\" \/>[\/su_column]<br \/>\n[su_column size=&#8221;2\/3&#8243;]<\/p>\n<h3>MultilingualPress: Il plugin di traduzione che garantisce<\/h3>\n<p><strong>In breve<\/strong>: Quando sei il team dietro uno dei pi\u00f9 famosi plugin di backup di WordPress, immagino che l&#8217;assicurazione sia come una seconda natura. Bene, tranne questo piccolo gioco di parole, MultilingualPress \u00e8 un plugin di traduzione per WordPress che offre una visione innovativa in termini di gestione della lingua, in modo che il tuo sito WordPress rimanga sempre al top delle sue prestazioni.<br \/>\n<strong>Un nuovo arrivato nel mondo della traduzione di WordPress che far\u00e0 parlare la gente.<\/strong><br \/>\n<a href=\"\/?page_id=760\">&gt;MultilingualPress WordPress Translation Plugin: la recensione completa<\/a><br \/>\n[\/su_column]<br \/>\n[su_column size=&#8221;1\/6&#8243;]<br \/>\n[su_spacer size=&#8221;10&#8243;]<br \/>\n<i class=\"fa fa-star\" style=\"font-size: 25px;color: #1f88a3\"><\/i><i class=\"fa fa-star\" style=\"font-size: 25px;color: #1f88a3\"><\/i><i class=\"fa fa-star\" style=\"font-size: 25px;color: #1f88a3\"><\/i><i class=\"fa fa-star\" style=\"font-size: 25px;color: #1f88a3\"><\/i><i class=\"fa fa-star-o\" style=\"font-size: 25px;color: #1f88a3\"><\/i><br \/>\n[su_spacer size=&#8221;40&#8243;]<\/p>\n<p style=\"text-align: center\">[su_button background=&#8221;#1F88A3&#8243; size=&#8221;6&#8243; url=&#8221;https:\/\/wp-theme-plugin.com\/out-multilingual-press&#8221; target=&#8221;blank&#8221;] <strong>Scoprire<\/strong> [\/su_button] [\/su_column]<\/p>\n<p>[\/su_row]<\/p>\n<p>[su_row]<br \/>\n[su_column size=&#8221;1\/6&#8243;]<img loading=\"lazy\" decoding=\"async\" class=\"aligncenter size-full wp-image-130\" src=\"https:\/\/wp-multilingual.com\/wp-content\/uploads\/sites\/18\/2017\/10\/polylang-wordpress-multilingue-traduction-square.png\" alt=\"\" width=\"220\" height=\"190\" \/>[\/su_column]<br \/>\n[su_column size=&#8221;2\/3&#8243;]<\/p>\n<h3>Polylang: Il plugin di traduzione da scoprire<\/h3>\n<p><strong>In breve<\/strong>: PolyLang \u00e8 un plugin di traduzione di WordPress che \u00e8 stato sviluppato costantemente e progressivamente per anni. Questo plugin \u00e8 finalmente sotto i riflettori e come tale conosce molti pi\u00f9 aggiornamenti funzionali. Polylang \u00e8 un plugin WordPress avanzato multilingue che merita di prendersi il tempo per scoprire la sua visione della traduzione di WordPress.<br \/>\n<strong>Con tutte queste caratteristiche, Polylang \u00e8 nella parte superiore del carrello.<\/strong><br \/>\n<a href=\"\/?page_id=762\">&gt; polyLang WordPress Translation Plugin: la recensione completa<\/a><br \/>\n[\/su_column]<br \/>\n[su_column size=&#8221;1\/6&#8243;]<br \/>\n[su_spacer size=&#8221;10&#8243;]<br \/>\n<i class=\"fa fa-star\" style=\"font-size: 25px;color: #1f88a3\"><\/i><i class=\"fa fa-star\" style=\"font-size: 25px;color: #1f88a3\"><\/i><i class=\"fa fa-star\" style=\"font-size: 25px;color: #1f88a3\"><\/i><i class=\"fa fa-star\" style=\"font-size: 25px;color: #1f88a3\"><\/i><i class=\"fa fa-star-o\" style=\"font-size: 25px;color: #1f88a3\"><\/i><br \/>\n[su_spacer size=&#8221;40&#8243;]<\/p>\n<p style=\"text-align: center\">[su_button background=&#8221;#1F88A3&#8243; size=&#8221;6&#8243; url=&#8221;https:\/\/wp-theme-plugin.com\/out-polylang&#8221; target=&#8221;blank&#8221;] <strong>Scoprire <\/strong> [\/su_button] [\/su_column]<\/p>\n<p>[\/su_row]<\/p>\n","protected":false},"excerpt":{"rendered":"<p>Elenco dei plugin di traduzione di WordPress Cerchi un plugin per WordPress che ti permetta di tradurre tutto il tuo sito WordPress per mettere insieme versioni localizzate del tuo sito? Infatti, WordPress non consente&#46;&#46;&#46;<\/p>\n","protected":false},"author":2,"featured_media":0,"parent":0,"menu_order":0,"comment_status":"closed","ping_status":"closed","template":"","meta":{"_monsterinsights_skip_tracking":false,"_monsterinsights_sitenote_active":false,"_monsterinsights_sitenote_note":"","_monsterinsights_sitenote_category":0,"footnotes":""},"class_list":["post-853","page","type-page","status-publish","hentry"],"yoast_head":"<!-- This site is optimized with the Yoast SEO plugin v23.1 - https:\/\/yoast.com\/wordpress\/plugins\/seo\/ -->\n<title>Plugin di traduzione WordPress: il TOP 5 di WordPress multilingue<\/title>\n<meta name=\"description\" content=\"Traduci il tuo sito WordPress? Questo \u00e8 semplice con il giusto plugin di traduzione di WordPress. Scopri la selezione dei migliori plugin di traduzione di WordPress per il 2018 subito.\" \/>\n<meta name=\"robots\" content=\"index, follow, max-snippet:-1, max-image-preview:large, max-video-preview:-1\" \/>\n<link rel=\"canonical\" href=\"https:\/\/wp-multilingual.com\/it\/plugin-traduzione-wordpress\/\" \/>\n<meta property=\"og:locale\" content=\"it_IT\" \/>\n<meta property=\"og:type\" content=\"article\" \/>\n<meta property=\"og:title\" content=\"Plugin di traduzione WordPress: il TOP 5 di WordPress multilingue\" \/>\n<meta property=\"og:description\" content=\"Traduci il tuo sito WordPress? Questo \u00e8 semplice con il giusto plugin di traduzione di WordPress. Scopri la selezione dei migliori plugin di traduzione di WordPress per il 2018 subito.\" \/>\n<meta property=\"og:url\" content=\"https:\/\/wp-multilingual.com\/it\/plugin-traduzione-wordpress\/\" \/>\n<meta property=\"og:site_name\" content=\"wp-multlingual.com\" \/>\n<meta property=\"og:image\" content=\"https:\/\/wp-multilingual.com\/wp-content\/uploads\/sites\/18\/2017\/10\/wpml-wordpress-multilingue-traduction-square.jpg\" \/>\n<meta name=\"twitter:card\" content=\"summary_large_image\" \/>\n<meta name=\"twitter:label1\" content=\"Tempo di lettura stimato\" \/>\n\t<meta name=\"twitter:data1\" content=\"4 minuti\" \/>\n<script type=\"application\/ld+json\" class=\"yoast-schema-graph\">{\"@context\":\"https:\/\/schema.org\",\"@graph\":[{\"@type\":\"WebPage\",\"@id\":\"https:\/\/wp-multilingual.com\/it\/plugin-traduzione-wordpress\/\",\"url\":\"https:\/\/wp-multilingual.com\/it\/plugin-traduzione-wordpress\/\",\"name\":\"Plugin di traduzione WordPress: il TOP 5 di WordPress multilingue\",\"isPartOf\":{\"@id\":\"https:\/\/wp-multilingual.com\/el\/#website\"},\"primaryImageOfPage\":{\"@id\":\"https:\/\/wp-multilingual.com\/it\/plugin-traduzione-wordpress\/#primaryimage\"},\"image\":{\"@id\":\"https:\/\/wp-multilingual.com\/it\/plugin-traduzione-wordpress\/#primaryimage\"},\"thumbnailUrl\":\"https:\/\/wp-multilingual.com\/wp-content\/uploads\/sites\/18\/2017\/10\/wpml-wordpress-multilingue-traduction-square.jpg\",\"datePublished\":\"2018-04-06T07:50:39+00:00\",\"dateModified\":\"2018-04-06T07:50:39+00:00\",\"description\":\"Traduci il tuo sito WordPress? Questo \u00e8 semplice con il giusto plugin di traduzione di WordPress. Scopri la selezione dei migliori plugin di traduzione di WordPress per il 2018 subito.\",\"breadcrumb\":{\"@id\":\"https:\/\/wp-multilingual.com\/it\/plugin-traduzione-wordpress\/#breadcrumb\"},\"inLanguage\":\"it-IT\",\"potentialAction\":[{\"@type\":\"ReadAction\",\"target\":[\"https:\/\/wp-multilingual.com\/it\/plugin-traduzione-wordpress\/\"]}]},{\"@type\":\"ImageObject\",\"inLanguage\":\"it-IT\",\"@id\":\"https:\/\/wp-multilingual.com\/it\/plugin-traduzione-wordpress\/#primaryimage\",\"url\":\"https:\/\/wp-multilingual.com\/wp-content\/uploads\/sites\/18\/2017\/10\/wpml-wordpress-multilingue-traduction-square.jpg\",\"contentUrl\":\"https:\/\/wp-multilingual.com\/wp-content\/uploads\/sites\/18\/2017\/10\/wpml-wordpress-multilingue-traduction-square.jpg\"},{\"@type\":\"BreadcrumbList\",\"@id\":\"https:\/\/wp-multilingual.com\/it\/plugin-traduzione-wordpress\/#breadcrumb\",\"itemListElement\":[{\"@type\":\"ListItem\",\"position\":1,\"name\":\"Accueil\",\"item\":\"https:\/\/wp-multilingual.com\/\"},{\"@type\":\"ListItem\",\"position\":2,\"name\":\"Top 5 plugin di traduzione WordPress 2018\"}]},{\"@type\":\"WebSite\",\"@id\":\"https:\/\/wp-multilingual.com\/el\/#website\",\"url\":\"https:\/\/wp-multilingual.com\/el\/\",\"name\":\"wp-multlingual.com\",\"description\":\"Th\u00e8mes et Plugins Magento\",\"potentialAction\":[{\"@type\":\"SearchAction\",\"target\":{\"@type\":\"EntryPoint\",\"urlTemplate\":\"https:\/\/wp-multilingual.com\/el\/?s={search_term_string}\"},\"query-input\":\"required name=search_term_string\"}],\"inLanguage\":\"it-IT\"}]}<\/script>\n<!-- \/ Yoast SEO plugin. -->","yoast_head_json":{"title":"Plugin di traduzione WordPress: il TOP 5 di WordPress multilingue","description":"Traduci il tuo sito WordPress? Questo \u00e8 semplice con il giusto plugin di traduzione di WordPress. Scopri la selezione dei migliori plugin di traduzione di WordPress per il 2018 subito.","robots":{"index":"index","follow":"follow","max-snippet":"max-snippet:-1","max-image-preview":"max-image-preview:large","max-video-preview":"max-video-preview:-1"},"canonical":"https:\/\/wp-multilingual.com\/it\/plugin-traduzione-wordpress\/","og_locale":"it_IT","og_type":"article","og_title":"Plugin di traduzione WordPress: il TOP 5 di WordPress multilingue","og_description":"Traduci il tuo sito WordPress? Questo \u00e8 semplice con il giusto plugin di traduzione di WordPress. Scopri la selezione dei migliori plugin di traduzione di WordPress per il 2018 subito.","og_url":"https:\/\/wp-multilingual.com\/it\/plugin-traduzione-wordpress\/","og_site_name":"wp-multlingual.com","og_image":[{"url":"https:\/\/wp-multilingual.com\/wp-content\/uploads\/sites\/18\/2017\/10\/wpml-wordpress-multilingue-traduction-square.jpg"}],"twitter_card":"summary_large_image","twitter_misc":{"Tempo di lettura stimato":"4 minuti"},"schema":{"@context":"https:\/\/schema.org","@graph":[{"@type":"WebPage","@id":"https:\/\/wp-multilingual.com\/it\/plugin-traduzione-wordpress\/","url":"https:\/\/wp-multilingual.com\/it\/plugin-traduzione-wordpress\/","name":"Plugin di traduzione WordPress: il TOP 5 di WordPress multilingue","isPartOf":{"@id":"https:\/\/wp-multilingual.com\/el\/#website"},"primaryImageOfPage":{"@id":"https:\/\/wp-multilingual.com\/it\/plugin-traduzione-wordpress\/#primaryimage"},"image":{"@id":"https:\/\/wp-multilingual.com\/it\/plugin-traduzione-wordpress\/#primaryimage"},"thumbnailUrl":"https:\/\/wp-multilingual.com\/wp-content\/uploads\/sites\/18\/2017\/10\/wpml-wordpress-multilingue-traduction-square.jpg","datePublished":"2018-04-06T07:50:39+00:00","dateModified":"2018-04-06T07:50:39+00:00","description":"Traduci il tuo sito WordPress? Questo \u00e8 semplice con il giusto plugin di traduzione di WordPress. Scopri la selezione dei migliori plugin di traduzione di WordPress per il 2018 subito.","breadcrumb":{"@id":"https:\/\/wp-multilingual.com\/it\/plugin-traduzione-wordpress\/#breadcrumb"},"inLanguage":"it-IT","potentialAction":[{"@type":"ReadAction","target":["https:\/\/wp-multilingual.com\/it\/plugin-traduzione-wordpress\/"]}]},{"@type":"ImageObject","inLanguage":"it-IT","@id":"https:\/\/wp-multilingual.com\/it\/plugin-traduzione-wordpress\/#primaryimage","url":"https:\/\/wp-multilingual.com\/wp-content\/uploads\/sites\/18\/2017\/10\/wpml-wordpress-multilingue-traduction-square.jpg","contentUrl":"https:\/\/wp-multilingual.com\/wp-content\/uploads\/sites\/18\/2017\/10\/wpml-wordpress-multilingue-traduction-square.jpg"},{"@type":"BreadcrumbList","@id":"https:\/\/wp-multilingual.com\/it\/plugin-traduzione-wordpress\/#breadcrumb","itemListElement":[{"@type":"ListItem","position":1,"name":"Accueil","item":"https:\/\/wp-multilingual.com\/"},{"@type":"ListItem","position":2,"name":"Top 5 plugin di traduzione WordPress 2018"}]},{"@type":"WebSite","@id":"https:\/\/wp-multilingual.com\/el\/#website","url":"https:\/\/wp-multilingual.com\/el\/","name":"wp-multlingual.com","description":"Th\u00e8mes et Plugins Magento","potentialAction":[{"@type":"SearchAction","target":{"@type":"EntryPoint","urlTemplate":"https:\/\/wp-multilingual.com\/el\/?s={search_term_string}"},"query-input":"required name=search_term_string"}],"inLanguage":"it-IT"}]}},"_links":{"self":[{"href":"https:\/\/wp-multilingual.com\/it\/wp-json\/wp\/v2\/pages\/853","targetHints":{"allow":["GET"]}}],"collection":[{"href":"https:\/\/wp-multilingual.com\/it\/wp-json\/wp\/v2\/pages"}],"about":[{"href":"https:\/\/wp-multilingual.com\/it\/wp-json\/wp\/v2\/types\/page"}],"author":[{"embeddable":true,"href":"https:\/\/wp-multilingual.com\/it\/wp-json\/wp\/v2\/users\/2"}],"replies":[{"embeddable":true,"href":"https:\/\/wp-multilingual.com\/it\/wp-json\/wp\/v2\/comments?post=853"}],"version-history":[{"count":1,"href":"https:\/\/wp-multilingual.com\/it\/wp-json\/wp\/v2\/pages\/853\/revisions"}],"predecessor-version":[{"id":858,"href":"https:\/\/wp-multilingual.com\/it\/wp-json\/wp\/v2\/pages\/853\/revisions\/858"}],"wp:attachment":[{"href":"https:\/\/wp-multilingual.com\/it\/wp-json\/wp\/v2\/media?parent=853"}],"curies":[{"name":"wp","href":"https:\/\/api.w.org\/{rel}","templated":true}]}}