{"id":852,"date":"2018-04-06T09:44:35","date_gmt":"2018-04-06T07:44:35","guid":{"rendered":"https:\/\/wp-multilingual.com\/?page_id=852"},"modified":"2018-04-06T09:44:35","modified_gmt":"2018-04-06T07:44:35","slug":"wordpress-tobbnyelvu-plugin","status":"publish","type":"page","link":"https:\/\/wp-multilingual.com\/hu\/wordpress-tobbnyelvu-plugin\/","title":{"rendered":"Top 5 WordPress ford\u00edt\u00f3 b\u0151v\u00edtm\u00e9ny 2018"},"content":{"rendered":"<h1>WordPress ford\u00edt\u00f3i b\u0151v\u00edtm\u00e9nyek list\u00e1ja<\/h1>\n<p>A WordPress-b\u0151v\u00edtm\u00e9nyt keresve, amely lehet\u0151v\u00e9 teszi, hogy leford\u00edtsa az \u00f6sszes WordPress webhelyet, \u00f6ssze\u00e1ll\u00edtja webhely\u00e9nek lokaliz\u00e1lt verzi\u00f3it? S\u0151t, a WordPress nem teszi lehet\u0151v\u00e9 a b\u00e1zis sz\u00e1m\u00e1ra, hogy t\u00f6bbnyelv\u0171 webhelyet hozzon l\u00e9tre, ami val\u00f3ban hi\u00e1nyzik, \u00e9s gyorsan \u00e9szrevehet\u0151. De mint mindig, a WordPress m\u00f6g\u00f6tt \u00e1ll\u00f3 k\u00f6z\u00f6ss\u00e9g gyorsan fejlett megold\u00e1sokkal \u00e9s egyszer\u0171 kezel\u00e9ssel szolg\u00e1ltatott minket. N\u00e9h\u00e1ny WordPress ford\u00edt\u00f3 plugin, amelyet bemutatni fogunk m\u00e1r \u00e9vek \u00f3ta, amely pr\u00e9mium szolg\u00e1ltat\u00e1st ny\u00fajt, de az \u00fajonnan \u00e9rkez\u00f5k j\u00f6nnek, hogy \u00e1tform\u00e1lj\u00e1k a k\u00e1rty\u00e1kat \u00e9lvezet\u00fcnk\u00e9rt.<\/p>\n<p>Az eg\u00e9szs\u00e9ges versenynek k\u00f6sz\u00f6nhet\u0151en a WordPress t\u00f6bbnyelv\u0171 pluginjei fejl\u0151dtek, egyre egyszer\u0171bbek \u00e9s integr\u00e1l\u00f3dtak a WordPress programmal, valamint egyre gyorsabban \u00e9s biztons\u00e1gosabb\u00e1 v\u00e1ltak. A WordPress ford\u00edt\u00f3i pluginjeinek list\u00e1ja lehet\u0151v\u00e9 teszi, hogy felfedezz\u00e9k a legjobb t\u00f6bbnyelv\u0171 plugineket.<\/p>\n<h1>A legn\u00e9pszer\u0171bb WordPress ford\u00edt\u00e1s b\u0151v\u00edtm\u00e9nyek<\/h1>\n<p>Wanting a multilingual WordPress site is aimed at all types of site that can be done with WordPress, but also at all site sizes. No need to be a big site to take advantage of multilingual with WordPress.<\/p>\n<p>[su_row]<br \/>\n[su_column size=&#8221;1\/6&#8243;]<img loading=\"lazy\" decoding=\"async\" class=\"aligncenter size-full wp-image-128\" src=\"https:\/\/wp-multilingual.com\/wp-content\/uploads\/sites\/18\/2017\/10\/wpml-wordpress-multilingue-traduction-square.jpg\" alt=\"\" width=\"220\" height=\"190\" \/>[\/su_column]<br \/>\n[su_column size=&#8221;2\/3&#8243;]<\/p>\n<h3>WPML CMS: Legjobb WordPress Ford\u00edt\u00f3 Plugin<\/h3>\n<p><strong>R\u00f6viden<\/strong>: \u00c9ves haszn\u00e1lat ut\u00e1n a WPML minden bizonnyal a plugin, amelyet mindenkinek javasolunk haszn\u00e1lni, \u00e9s amelyet minden t\u00f6bbnyelv\u0171 projekt\u00fcnkben haszn\u00e1lunk. V\u00e9lem\u00e9nye szerint mit haszn\u00e1l ez az oldal t\u00f6bbnyelv\u0171 r\u00e9sz\u00e9hez? Term\u00e9szetesen a WPML! Ford\u00edt\u00e1si funkci\u00f3k a WordPress sz\u00e1m\u00e1ra, amelyek ar\u00e1nytalanok a WordPress ford\u00edt\u00f3i plugin piac\u00e1n.<\/p>\n<p><strong>A legjobb a WPML CMS t\u00e1mogat\u00e1sa ingyenes <a href=\"https:\/\/wp-multilingue.fr\/plugins-wordpress-compatible-multilingual\/woocommerce-multilingue\/\"> WooCommerce T\u00f6bbnyelv\u0171 <\/a>.<\/strong><br \/>\n<a href=\"\/?page_id=766\">&gt; WPML CMS WordPress ford\u00edt\u00e1s plugin: A teljes fel\u00fclvizsg\u00e1lat<\/a><br \/>\n[\/su_column]<br \/>\n[su_column size=&#8221;1\/6&#8243;]<br \/>\n[su_spacer size=&#8221;10&#8243;]<br \/>\n<i class=\"fa fa-star\" style=\"font-size: 25px;color: #1f88a3\"><\/i><i class=\"fa fa-star\" style=\"font-size: 25px;color: #1f88a3\"><\/i><i class=\"fa fa-star\" style=\"font-size: 25px;color: #1f88a3\"><\/i><i class=\"fa fa-star\" style=\"font-size: 25px;color: #1f88a3\"><\/i><i class=\"fa fa-star-half-o\" style=\"font-size: 25px;color: #1f88a3\"><\/i><br \/>\n[su_spacer size=&#8221;40&#8243;]<\/p>\n<p style=\"text-align: center\">[su_button background=&#8221;#1F88A3&#8243; size=&#8221;6&#8243; url=&#8221;https:\/\/wp-theme-plugin.com\/out-wpml&#8221; target=&#8221;blank&#8221;] <strong>Felfedez<\/strong> [\/su_button] [\/su_column]<br \/>\n[\/su_row]<\/p>\n<p>[su_row]<br \/>\n[su_column size=&#8221;1\/6&#8243;]<img loading=\"lazy\" decoding=\"async\" class=\"aligncenter size-full wp-image-129\" src=\"https:\/\/wp-multilingual.com\/wp-content\/uploads\/sites\/18\/2017\/10\/wpml-blog-wordpress-multilingue-traduction-square.jpg\" alt=\"\" width=\"220\" height=\"190\" \/>[\/su_column]<br \/>\n[su_column size=&#8221;2\/3&#8243;]<\/p>\n<h3>WPML Blog: WordPress k\u00e9tnyelv\u0171 plugin<\/h3>\n<p><strong>R\u00f6viden<\/strong>: Egyesek azt mondj\u00e1k, hogy a WPML egy &#8222;igazi g\u00e1z\u00fczem&#8221;. A WPML els\u0151 megk\u00f6zel\u00edt\u00e9se bizonyosan kiss\u00e9 zavar\u00f3nak t\u0171nik. Mi\u00e9rt ? Mert ez a plugin a t\u00f6bbnyelv\u0171 menedzsment professzion\u00e1lis szintre tolja. De m\u00e9g mindig meg kell \u00e9rten\u00fcnk az \u00f6sszes be- \u00e9s kimenetet, hogy k\u00f6nnyen kijussunk. Azok sz\u00e1m\u00e1ra, akik t\u00f6bbnyelv\u0171 webhelyet szeretnek, \u00e9s ez gyorsan \u00e9s a tanul\u00e1s n\u00e9lk\u00fcl, a WPML verzi\u00f3 blog boldogg\u00e1 tesz.<\/p>\n<p><strong>Amikor a WPML olyan egyszer\u0171, mint egy kattan\u00e1s a h\u00e1ts\u00f3 irod\u00e1j\u00e1ban.<\/strong><br \/>\n<a href=\"\/?page_id=766\">&gt; WPML Blog WordPress ford\u00edt\u00e1s plugin: A teljes fel\u00fclvizsg\u00e1lat<\/a><br \/>\n[\/su_column]<br \/>\n[su_column size=&#8221;1\/6&#8243;]<br \/>\n[su_spacer size=&#8221;10&#8243;]<br \/>\n<i class=\"fa fa-star\" style=\"font-size: 25px;color: #1f88a3\"><\/i><i class=\"fa fa-star\" style=\"font-size: 25px;color: #1f88a3\"><\/i><i class=\"fa fa-star\" style=\"font-size: 25px;color: #1f88a3\"><\/i><i class=\"fa fa-star\" style=\"font-size: 25px;color: #1f88a3\"><\/i><i class=\"fa fa-star-o\" style=\"font-size: 25px;color: #1f88a3\"><\/i><\/p>\n<p>[su_spacer size=&#8221;40&#8243;]<\/p>\n<p style=\"text-align: center\">[su_button background=&#8221;#1F88A3&#8243; size=&#8221;6&#8243; url=&#8221;https:\/\/wp-theme-plugin.com\/out-wpml&#8221; target=&#8221;blank&#8221;] <strong>Felfedez<\/strong> [\/su_button] [\/su_column]<\/p>\n<p>[\/su_row]<br \/>\n[su_row]<br \/>\n[su_column size=&#8221;1\/6&#8243;]<img loading=\"lazy\" decoding=\"async\" class=\"aligncenter size-full wp-image-132\" src=\"https:\/\/wp-multilingual.com\/wp-content\/uploads\/sites\/18\/2017\/10\/qtranslatex-wordpress-multilingue-traduction-square.jpg\" alt=\"\" width=\"220\" height=\"190\" \/>[\/su_column]<br \/>\n[su_column size=&#8221;2\/3&#8243;]<\/p>\n<h3>qTranslate X: Elhagyott ford\u00edt\u00f3 plugin?<\/h3>\n<p><strong>R\u00f6viden<\/strong>: T\u00f6bb mint 100.000 WordPress webhelyen, amelyek mindig megb\u00edznak a qTranslateX-en, hogy biztos\u00edts\u00e1k a WordPress webhely\u00e9nek ford\u00edt\u00e1si r\u00e9sz\u00e9t, el tudtuk hinni, hogy ez a j\u00f3l ismert plugin tov\u00e1bbra is fennmarad. De mire ez a teszt megt\u00f6rt\u00e9nt, a qTranslateX nem friss\u00fcl egy \u00e9vig. Egyszer\u0171 \u00e9s hat\u00e9kony plugin, amely \u00fagy t\u0171nik, hogy apr\u00e1nk\u00e9nt elt\u0171nik.<\/p>\n<p><strong>A qTranslate meg\u00e1llt vagy csak stand-by?<\/strong><br \/>\n<a href=\"\/?page_id=764\">&gt; qTranslateX WordPress ford\u00edt\u00e1s plugin: A teljes fel\u00fclvizsg\u00e1lat<\/a><br \/>\n[\/su_column]<br \/>\n[su_column size=&#8221;1\/6&#8243;]<br \/>\n[su_spacer size=&#8221;10&#8243;]<br \/>\n<i class=\"fa fa-star\" style=\"font-size: 25px;color: #1f88a3\"><\/i><i class=\"fa fa-star\" style=\"font-size: 25px;color: #1f88a3\"><\/i><i class=\"fa fa-star-half-o\" style=\"font-size: 25px;color: #1f88a3\"><\/i><i class=\"fa fa-star-o\" style=\"font-size: 25px;color: #1f88a3\"><\/i><i class=\"fa fa-star-o\" style=\"font-size: 25px;color: #1f88a3\"><\/i><br \/>\n[su_spacer size=&#8221;40&#8243;]<\/p>\n<p style=\"text-align: center\">[su_button background=&#8221;#1F88A3&#8243; size=&#8221;6&#8243; url=&#8221;https:\/\/wp-theme-plugin.com\/out-qtranslatex&#8221; target=&#8221;blank&#8221;] <strong>Felfedez<\/strong> [\/su_button] [\/su_column]<\/p>\n<p>[\/su_row]<\/p>\n<p>[su_row]<br \/>\n[su_column size=&#8221;1\/6&#8243;]<img loading=\"lazy\" decoding=\"async\" class=\"aligncenter size-full wp-image-131\" src=\"https:\/\/wp-multilingual.com\/wp-content\/uploads\/sites\/18\/2017\/10\/multilingualpress-wordpress-multilingue-traduction-square.png\" alt=\"\" width=\"220\" height=\"190\" \/>[\/su_column]<br \/>\n[su_column size=&#8221;2\/3&#8243;]<\/p>\n<h3>MultilingualPress: A ford\u00edt\u00f3 plugin, amely biztos\u00edtja<\/h3>\n<p><strong>R\u00f6viden<\/strong>: Ha \u00d6n a csapat az egyik legh\u00edresebb WordPress biztons\u00e1gi b\u0151v\u00edtm\u00e9ny m\u00f6g\u00f6tt van, azt hiszem, a biztos\u00edt\u00e1s a m\u00e1sodik term\u00e9szet. H\u00e1t, kiv\u00e9ve a kis sz\u00f3t j\u00e1t\u00e9kot, a MultilingualPress a WordPress ford\u00edt\u00f3 pluginje, amely innovat\u00edv l\u00e1t\u00e1st k\u00edn\u00e1l a nyelvi menedzsment szempontj\u00e1b\u00f3l, \u00edgy a WordPress webhely mindig a legjobb teljes\u00edtm\u00e9ny\u00e9ig marad.<\/p>\n<p><strong>Egy \u00faj felhaszn\u00e1l\u00f3 a WordPress ford\u00edt\u00e1s\u00e1nak vil\u00e1g\u00e1ba, amely az embereket besz\u00e9lni fogja.<\/strong><br \/>\n<a href=\"\/?page_id=760\">&gt;MultilingualPress WordPress ford\u00edt\u00e1s plugin: A teljes fel\u00fclvizsg\u00e1lat<\/a><br \/>\n[\/su_column]<br \/>\n[su_column size=&#8221;1\/6&#8243;]<br \/>\n[su_spacer size=&#8221;10&#8243;]<br \/>\n<i class=\"fa fa-star\" style=\"font-size: 25px;color: #1f88a3\"><\/i><i class=\"fa fa-star\" style=\"font-size: 25px;color: #1f88a3\"><\/i><i class=\"fa fa-star\" style=\"font-size: 25px;color: #1f88a3\"><\/i><i class=\"fa fa-star\" style=\"font-size: 25px;color: #1f88a3\"><\/i><i class=\"fa fa-star-o\" style=\"font-size: 25px;color: #1f88a3\"><\/i><br \/>\n[su_spacer size=&#8221;40&#8243;]<\/p>\n<p style=\"text-align: center\">[su_button background=&#8221;#1F88A3&#8243; size=&#8221;6&#8243; url=&#8221;https:\/\/wp-theme-plugin.com\/out-multilingual-press&#8221; target=&#8221;blank&#8221;] <strong>Felfedez<\/strong> [\/su_button] [\/su_column]<\/p>\n<p>[\/su_row]<\/p>\n<p>[su_row]<br \/>\n[su_column size=&#8221;1\/6&#8243;]<img loading=\"lazy\" decoding=\"async\" class=\"aligncenter size-full wp-image-130\" src=\"https:\/\/wp-multilingual.com\/wp-content\/uploads\/sites\/18\/2017\/10\/polylang-wordpress-multilingue-traduction-square.png\" alt=\"\" width=\"220\" height=\"190\" \/>[\/su_column]<br \/>\n[su_column size=&#8221;2\/3&#8243;]<\/p>\n<h3>Polylang: A ford\u00edt\u00e1st plugin felfedezni<\/h3>\n<p><strong>R\u00f6viden<\/strong>: A PolyLang egy olyan WordPress ford\u00edt\u00f3 plugin, amely \u00e9vek \u00f3ta folyamatosan fejl\u0151dik. Ez a plugin v\u00e9g\u00fcl a reflektorf\u00e9nyben van, \u00e9s mint ilyen, sokkal t\u00f6bb funkcion\u00e1lis friss\u00edt\u00e9st ismer. A Polylang egy fejlett, t\u00f6bbnyelv\u0171 WordPress plugin, amely meg\u00e9rdemli, hogy id\u0151t ford\u00edtson a WordPress ford\u00edt\u00e1s\u00e1nak felfedez\u00e9s\u00e9re.<\/p>\n<p><strong>Mindezek mellett a Polylang a kos\u00e1r tetej\u00e9n van.<\/strong><br \/>\n<a href=\"\/?page_id=762\">&gt; polyLang WordPress ford\u00edt\u00e1s plugin: A teljes fel\u00fclvizsg\u00e1lat<\/a><br \/>\n[\/su_column]<br \/>\n[su_column size=&#8221;1\/6&#8243;]<br \/>\n[su_spacer size=&#8221;10&#8243;]<br \/>\n<i class=\"fa fa-star\" style=\"font-size: 25px;color: #1f88a3\"><\/i><i class=\"fa fa-star\" style=\"font-size: 25px;color: #1f88a3\"><\/i><i class=\"fa fa-star\" style=\"font-size: 25px;color: #1f88a3\"><\/i><i class=\"fa fa-star\" style=\"font-size: 25px;color: #1f88a3\"><\/i><i class=\"fa fa-star-o\" style=\"font-size: 25px;color: #1f88a3\"><\/i><br \/>\n[su_spacer size=&#8221;40&#8243;]<\/p>\n<p style=\"text-align: center\">[su_button background=&#8221;#1F88A3&#8243; size=&#8221;6&#8243; url=&#8221;https:\/\/wp-theme-plugin.com\/out-polylang&#8221; target=&#8221;blank&#8221;] <strong>Felfedez <\/strong> [\/su_button] [\/su_column]<\/p>\n<p>[\/su_row]<\/p>\n","protected":false},"excerpt":{"rendered":"<p>WordPress ford\u00edt\u00f3i b\u0151v\u00edtm\u00e9nyek list\u00e1ja A WordPress-b\u0151v\u00edtm\u00e9nyt keresve, amely lehet\u0151v\u00e9 teszi, hogy leford\u00edtsa az \u00f6sszes WordPress webhelyet, \u00f6ssze\u00e1ll\u00edtja webhely\u00e9nek lokaliz\u00e1lt verzi\u00f3it? S\u0151t, a WordPress nem teszi lehet\u0151v\u00e9 a b\u00e1zis sz\u00e1m\u00e1ra, hogy t\u00f6bbnyelv\u0171 webhelyet hozzon l\u00e9tre,&#46;&#46;&#46;<\/p>\n","protected":false},"author":2,"featured_media":0,"parent":0,"menu_order":0,"comment_status":"closed","ping_status":"closed","template":"","meta":{"_monsterinsights_skip_tracking":false,"_monsterinsights_sitenote_active":false,"_monsterinsights_sitenote_note":"","_monsterinsights_sitenote_category":0,"footnotes":""},"class_list":["post-852","page","type-page","status-publish","hentry"],"yoast_head":"<!-- This site is optimized with the Yoast SEO plugin v23.1 - https:\/\/yoast.com\/wordpress\/plugins\/seo\/ -->\n<title>WordPress ford\u00edt\u00e1s b\u0151v\u00edtm\u00e9nyek: A TOP 5 a t\u00f6bbnyelv\u0171 WordPress<\/title>\n<meta name=\"description\" content=\"A WordPress webhely\u00e9nek ford\u00edt\u00e1sa? Ez egyszer\u0171 a megfelel\u0151 WordPress ford\u00edt\u00e1s plugin. N\u00e9zze meg a legjobb WordPress ford\u00edt\u00f3 plugineket 2018-ra.\" \/>\n<meta name=\"robots\" content=\"index, follow, max-snippet:-1, max-image-preview:large, max-video-preview:-1\" \/>\n<link rel=\"canonical\" href=\"https:\/\/wp-multilingual.com\/hu\/wordpress-tobbnyelvu-plugin\/\" \/>\n<meta property=\"og:locale\" content=\"hu_HU\" \/>\n<meta property=\"og:type\" content=\"article\" \/>\n<meta property=\"og:title\" content=\"WordPress ford\u00edt\u00e1s b\u0151v\u00edtm\u00e9nyek: A TOP 5 a t\u00f6bbnyelv\u0171 WordPress\" \/>\n<meta property=\"og:description\" content=\"A WordPress webhely\u00e9nek ford\u00edt\u00e1sa? Ez egyszer\u0171 a megfelel\u0151 WordPress ford\u00edt\u00e1s plugin. N\u00e9zze meg a legjobb WordPress ford\u00edt\u00f3 plugineket 2018-ra.\" \/>\n<meta property=\"og:url\" content=\"https:\/\/wp-multilingual.com\/hu\/wordpress-tobbnyelvu-plugin\/\" \/>\n<meta property=\"og:site_name\" content=\"wp-multlingual.com\" \/>\n<meta property=\"og:image\" content=\"https:\/\/wp-multilingual.com\/wp-content\/uploads\/sites\/18\/2017\/10\/wpml-wordpress-multilingue-traduction-square.jpg\" \/>\n<meta name=\"twitter:card\" content=\"summary_large_image\" \/>\n<meta name=\"twitter:label1\" content=\"Becs\u00fclt olvas\u00e1si id\u0151\" \/>\n\t<meta name=\"twitter:data1\" content=\"5 perc\" \/>\n<script type=\"application\/ld+json\" class=\"yoast-schema-graph\">{\"@context\":\"https:\/\/schema.org\",\"@graph\":[{\"@type\":\"WebPage\",\"@id\":\"https:\/\/wp-multilingual.com\/hu\/wordpress-tobbnyelvu-plugin\/\",\"url\":\"https:\/\/wp-multilingual.com\/hu\/wordpress-tobbnyelvu-plugin\/\",\"name\":\"WordPress ford\u00edt\u00e1s b\u0151v\u00edtm\u00e9nyek: A TOP 5 a t\u00f6bbnyelv\u0171 WordPress\",\"isPartOf\":{\"@id\":\"https:\/\/wp-multilingual.com\/el\/#website\"},\"primaryImageOfPage\":{\"@id\":\"https:\/\/wp-multilingual.com\/hu\/wordpress-tobbnyelvu-plugin\/#primaryimage\"},\"image\":{\"@id\":\"https:\/\/wp-multilingual.com\/hu\/wordpress-tobbnyelvu-plugin\/#primaryimage\"},\"thumbnailUrl\":\"https:\/\/wp-multilingual.com\/wp-content\/uploads\/sites\/18\/2017\/10\/wpml-wordpress-multilingue-traduction-square.jpg\",\"datePublished\":\"2018-04-06T07:44:35+00:00\",\"dateModified\":\"2018-04-06T07:44:35+00:00\",\"description\":\"A WordPress webhely\u00e9nek ford\u00edt\u00e1sa? Ez egyszer\u0171 a megfelel\u0151 WordPress ford\u00edt\u00e1s plugin. N\u00e9zze meg a legjobb WordPress ford\u00edt\u00f3 plugineket 2018-ra.\",\"breadcrumb\":{\"@id\":\"https:\/\/wp-multilingual.com\/hu\/wordpress-tobbnyelvu-plugin\/#breadcrumb\"},\"inLanguage\":\"hu\",\"potentialAction\":[{\"@type\":\"ReadAction\",\"target\":[\"https:\/\/wp-multilingual.com\/hu\/wordpress-tobbnyelvu-plugin\/\"]}]},{\"@type\":\"ImageObject\",\"inLanguage\":\"hu\",\"@id\":\"https:\/\/wp-multilingual.com\/hu\/wordpress-tobbnyelvu-plugin\/#primaryimage\",\"url\":\"https:\/\/wp-multilingual.com\/wp-content\/uploads\/sites\/18\/2017\/10\/wpml-wordpress-multilingue-traduction-square.jpg\",\"contentUrl\":\"https:\/\/wp-multilingual.com\/wp-content\/uploads\/sites\/18\/2017\/10\/wpml-wordpress-multilingue-traduction-square.jpg\"},{\"@type\":\"BreadcrumbList\",\"@id\":\"https:\/\/wp-multilingual.com\/hu\/wordpress-tobbnyelvu-plugin\/#breadcrumb\",\"itemListElement\":[{\"@type\":\"ListItem\",\"position\":1,\"name\":\"Accueil\",\"item\":\"https:\/\/wp-multilingual.com\/\"},{\"@type\":\"ListItem\",\"position\":2,\"name\":\"Top 5 WordPress ford\u00edt\u00f3 b\u0151v\u00edtm\u00e9ny 2018\"}]},{\"@type\":\"WebSite\",\"@id\":\"https:\/\/wp-multilingual.com\/el\/#website\",\"url\":\"https:\/\/wp-multilingual.com\/el\/\",\"name\":\"wp-multlingual.com\",\"description\":\"Th\u00e8mes et Plugins Magento\",\"potentialAction\":[{\"@type\":\"SearchAction\",\"target\":{\"@type\":\"EntryPoint\",\"urlTemplate\":\"https:\/\/wp-multilingual.com\/el\/?s={search_term_string}\"},\"query-input\":\"required name=search_term_string\"}],\"inLanguage\":\"hu\"}]}<\/script>\n<!-- \/ Yoast SEO plugin. -->","yoast_head_json":{"title":"WordPress ford\u00edt\u00e1s b\u0151v\u00edtm\u00e9nyek: A TOP 5 a t\u00f6bbnyelv\u0171 WordPress","description":"A WordPress webhely\u00e9nek ford\u00edt\u00e1sa? Ez egyszer\u0171 a megfelel\u0151 WordPress ford\u00edt\u00e1s plugin. N\u00e9zze meg a legjobb WordPress ford\u00edt\u00f3 plugineket 2018-ra.","robots":{"index":"index","follow":"follow","max-snippet":"max-snippet:-1","max-image-preview":"max-image-preview:large","max-video-preview":"max-video-preview:-1"},"canonical":"https:\/\/wp-multilingual.com\/hu\/wordpress-tobbnyelvu-plugin\/","og_locale":"hu_HU","og_type":"article","og_title":"WordPress ford\u00edt\u00e1s b\u0151v\u00edtm\u00e9nyek: A TOP 5 a t\u00f6bbnyelv\u0171 WordPress","og_description":"A WordPress webhely\u00e9nek ford\u00edt\u00e1sa? Ez egyszer\u0171 a megfelel\u0151 WordPress ford\u00edt\u00e1s plugin. N\u00e9zze meg a legjobb WordPress ford\u00edt\u00f3 plugineket 2018-ra.","og_url":"https:\/\/wp-multilingual.com\/hu\/wordpress-tobbnyelvu-plugin\/","og_site_name":"wp-multlingual.com","og_image":[{"url":"https:\/\/wp-multilingual.com\/wp-content\/uploads\/sites\/18\/2017\/10\/wpml-wordpress-multilingue-traduction-square.jpg"}],"twitter_card":"summary_large_image","twitter_misc":{"Becs\u00fclt olvas\u00e1si id\u0151":"5 perc"},"schema":{"@context":"https:\/\/schema.org","@graph":[{"@type":"WebPage","@id":"https:\/\/wp-multilingual.com\/hu\/wordpress-tobbnyelvu-plugin\/","url":"https:\/\/wp-multilingual.com\/hu\/wordpress-tobbnyelvu-plugin\/","name":"WordPress ford\u00edt\u00e1s b\u0151v\u00edtm\u00e9nyek: A TOP 5 a t\u00f6bbnyelv\u0171 WordPress","isPartOf":{"@id":"https:\/\/wp-multilingual.com\/el\/#website"},"primaryImageOfPage":{"@id":"https:\/\/wp-multilingual.com\/hu\/wordpress-tobbnyelvu-plugin\/#primaryimage"},"image":{"@id":"https:\/\/wp-multilingual.com\/hu\/wordpress-tobbnyelvu-plugin\/#primaryimage"},"thumbnailUrl":"https:\/\/wp-multilingual.com\/wp-content\/uploads\/sites\/18\/2017\/10\/wpml-wordpress-multilingue-traduction-square.jpg","datePublished":"2018-04-06T07:44:35+00:00","dateModified":"2018-04-06T07:44:35+00:00","description":"A WordPress webhely\u00e9nek ford\u00edt\u00e1sa? Ez egyszer\u0171 a megfelel\u0151 WordPress ford\u00edt\u00e1s plugin. N\u00e9zze meg a legjobb WordPress ford\u00edt\u00f3 plugineket 2018-ra.","breadcrumb":{"@id":"https:\/\/wp-multilingual.com\/hu\/wordpress-tobbnyelvu-plugin\/#breadcrumb"},"inLanguage":"hu","potentialAction":[{"@type":"ReadAction","target":["https:\/\/wp-multilingual.com\/hu\/wordpress-tobbnyelvu-plugin\/"]}]},{"@type":"ImageObject","inLanguage":"hu","@id":"https:\/\/wp-multilingual.com\/hu\/wordpress-tobbnyelvu-plugin\/#primaryimage","url":"https:\/\/wp-multilingual.com\/wp-content\/uploads\/sites\/18\/2017\/10\/wpml-wordpress-multilingue-traduction-square.jpg","contentUrl":"https:\/\/wp-multilingual.com\/wp-content\/uploads\/sites\/18\/2017\/10\/wpml-wordpress-multilingue-traduction-square.jpg"},{"@type":"BreadcrumbList","@id":"https:\/\/wp-multilingual.com\/hu\/wordpress-tobbnyelvu-plugin\/#breadcrumb","itemListElement":[{"@type":"ListItem","position":1,"name":"Accueil","item":"https:\/\/wp-multilingual.com\/"},{"@type":"ListItem","position":2,"name":"Top 5 WordPress ford\u00edt\u00f3 b\u0151v\u00edtm\u00e9ny 2018"}]},{"@type":"WebSite","@id":"https:\/\/wp-multilingual.com\/el\/#website","url":"https:\/\/wp-multilingual.com\/el\/","name":"wp-multlingual.com","description":"Th\u00e8mes et Plugins Magento","potentialAction":[{"@type":"SearchAction","target":{"@type":"EntryPoint","urlTemplate":"https:\/\/wp-multilingual.com\/el\/?s={search_term_string}"},"query-input":"required name=search_term_string"}],"inLanguage":"hu"}]}},"_links":{"self":[{"href":"https:\/\/wp-multilingual.com\/hu\/wp-json\/wp\/v2\/pages\/852","targetHints":{"allow":["GET"]}}],"collection":[{"href":"https:\/\/wp-multilingual.com\/hu\/wp-json\/wp\/v2\/pages"}],"about":[{"href":"https:\/\/wp-multilingual.com\/hu\/wp-json\/wp\/v2\/types\/page"}],"author":[{"embeddable":true,"href":"https:\/\/wp-multilingual.com\/hu\/wp-json\/wp\/v2\/users\/2"}],"replies":[{"embeddable":true,"href":"https:\/\/wp-multilingual.com\/hu\/wp-json\/wp\/v2\/comments?post=852"}],"version-history":[{"count":1,"href":"https:\/\/wp-multilingual.com\/hu\/wp-json\/wp\/v2\/pages\/852\/revisions"}],"predecessor-version":[{"id":857,"href":"https:\/\/wp-multilingual.com\/hu\/wp-json\/wp\/v2\/pages\/852\/revisions\/857"}],"wp:attachment":[{"href":"https:\/\/wp-multilingual.com\/hu\/wp-json\/wp\/v2\/media?parent=852"}],"curies":[{"name":"wp","href":"https:\/\/api.w.org\/{rel}","templated":true}]}}