{"id":846,"date":"2018-04-06T06:38:30","date_gmt":"2018-04-06T04:38:30","guid":{"rendered":"https:\/\/wp-multilingual.com\/?page_id=846"},"modified":"2018-04-06T06:38:30","modified_gmt":"2018-04-06T04:38:30","slug":"wordpress-kaannos-laajennukset","status":"publish","type":"page","link":"https:\/\/wp-multilingual.com\/fi\/wordpress-kaannos-laajennukset\/","title":{"rendered":"Top 5 WordPress-k\u00e4\u00e4nn\u00f6symp\u00e4rist\u00f6\u00e4 2018"},"content":{"rendered":"<h1>Luettelo WordPress-k\u00e4\u00e4nn\u00f6skansioista<\/h1>\n<p>Etsitk\u00f6 WordPress-laajennusta, jonka avulla voit k\u00e4\u00e4nt\u00e4\u00e4 kaikki WordPress-sivustosi, koota sivustosi lokalisoidut versiot? Itse asiassa WordPress ei salli perustaa luoda monikielist\u00e4 sivustoa, joka on todellinen puute, joka voi nopeasti tuntua. Mutta kuten aina, WordPress-yhteis\u00f6 takaa meille nopeasti kehittyneet ratkaisut ja yksinkertaisen k\u00e4sittelyn. Jotkut WordPress-k\u00e4\u00e4nn\u00f6sty\u00f6kaluista, jotka aiomme esitell\u00e4, ovat olleet jo vuosien ajan tarjoten huippuluokan palvelua, mutta tulokkaat tulevat muuttamaan kortteja nautinnollistamme.<\/p>\n<p>T\u00e4m\u00e4n terveen kilpailun ansiosta WordPressin monikieliset laajennukset ovat kehittyneet, yh\u00e4 yksinkertaisempia ja integroituja WordPressiin sek\u00e4 yh\u00e4 nopeampia ja turvallisempia. Luettelo WordPressin k\u00e4\u00e4nn\u00f6sk\u00e4yt\u00e4nt\u00f6jen laajennuksista auttaa sinua l\u00f6yt\u00e4m\u00e4\u00e4n parhaat monikieliset laajennukset.<\/p>\n<h1>Paras WordPress-k\u00e4\u00e4nn\u00f6s-laajennukset<\/h1>\n<p>Haluavat monikielisen WordPress-sivuston, joka on tarkoitettu kaikentyyppisille sivustoille, jotka voidaan tehd\u00e4 WordPressin avulla, mutta my\u00f6s kaikilla sivuston kooilla. Ei tarvitse olla suuri sivusto, joka hy\u00f6dytt\u00e4\u00e4 monikielist\u00e4 WordPressin kanssa.<\/p>\n<p>[su_row]<br \/>\n[su_column size=&#8221;1\/6&#8243;]<img loading=\"lazy\" decoding=\"async\" class=\"aligncenter size-full wp-image-128\" src=\"https:\/\/wp-multilingual.com\/wp-content\/uploads\/sites\/18\/2017\/10\/wpml-wordpress-multilingue-traduction-square.jpg\" alt=\"\" width=\"220\" height=\"190\" \/>[\/su_column]<br \/>\n[su_column size=&#8221;2\/3&#8243;]<\/p>\n<h3>WPML CMS: Paras WordPress-k\u00e4\u00e4nn\u00f6slaajennus<\/h3>\n<p><strong>Lyhyesti<\/strong>: Vuosien k\u00e4yt\u00f6n j\u00e4lkeen WPML on ehdottomasti plugin, jota suosittelemme kaikille k\u00e4ytett\u00e4v\u00e4ksi ja jota k\u00e4yt\u00e4mme kaikissa monikielisiss\u00e4 projekteissamme. Mielipiteesi, mit\u00e4 t\u00e4m\u00e4 sivusto k\u00e4ytt\u00e4\u00e4 sen monikielisess\u00e4 osassa? WPML tietenkin! WordPressin k\u00e4\u00e4nn\u00f6stoiminnot, jotka eiv\u00e4t ole suhteessa kaikkiin WordPress-k\u00e4\u00e4nn\u00f6sk\u00e4yt\u00e4nt\u00f6jen markkinoihin.<\/p>\n<p><strong>Mik\u00e4 parasta, WPML CMS tukee ilmaiseksi <a href=\"https:\/\/wp-multilingue.fr\/plugins-wordpress-compatible-multilingual\/woocommerce-multilingue\/\"> WooCommerce Monikielinen <\/a>.<\/strong><br \/>\n<a href=\"\/?page_id=766\">&gt; WPML CMS WordPress-k\u00e4\u00e4nn\u00f6slaajennus: T\u00e4ydellinen arvostelu<\/a><br \/>\n[\/su_column]<br \/>\n[su_column size=&#8221;1\/6&#8243;]<br \/>\n[su_spacer size=&#8221;10&#8243;]<br \/>\n<i class=\"fa fa-star\" style=\"font-size: 25px;color: #1f88a3\"><\/i><i class=\"fa fa-star\" style=\"font-size: 25px;color: #1f88a3\"><\/i><i class=\"fa fa-star\" style=\"font-size: 25px;color: #1f88a3\"><\/i><i class=\"fa fa-star\" style=\"font-size: 25px;color: #1f88a3\"><\/i><i class=\"fa fa-star-half-o\" style=\"font-size: 25px;color: #1f88a3\"><\/i><br \/>\n[su_spacer size=&#8221;40&#8243;]<\/p>\n<p style=\"text-align: center\">[su_button background=&#8221;#1F88A3&#8243; size=&#8221;6&#8243; url=&#8221;https:\/\/wp-theme-plugin.com\/out-wpml&#8221; target=&#8221;blank&#8221;] <strong>Tutustu<\/strong> [\/su_button] [\/su_column]<br \/>\n[\/su_row]<\/p>\n<p>[su_row]<br \/>\n[su_column size=&#8221;1\/6&#8243;]<img loading=\"lazy\" decoding=\"async\" class=\"aligncenter size-full wp-image-129\" src=\"https:\/\/wp-multilingual.com\/wp-content\/uploads\/sites\/18\/2017\/10\/wpml-blog-wordpress-multilingue-traduction-square.jpg\" alt=\"\" width=\"220\" height=\"190\" \/>[\/su_column]<br \/>\n[su_column size=&#8221;2\/3&#8243;]<\/p>\n<h3>WPML Blog: WordPress kaksikielinen laajennus<\/h3>\n<p><strong>Lyhyesti<\/strong>: Jotkut sanovat, ett\u00e4 WPML on &#8221;todellinen kaasuvoimalaitos&#8221;. WPML: n ensimm\u00e4inen l\u00e4hestymistapa voi varmasti tuntua hieman h\u00e4mment\u00e4v\u00e4lt\u00e4. Miksi ? Koska t\u00e4m\u00e4 laajennus ty\u00f6nt\u00e4\u00e4 monikielisen hallinnan ammatilliselle tasolle. Mutta meid\u00e4n on silti ymm\u00e4rrett\u00e4v\u00e4 kaikki sis\u00e4\u00e4nk\u00e4ynnit ja ulosotot helposti ulos. Niille, jotka haluavat monikielisen sivuston, ja t\u00e4m\u00e4 nopeasti ja ilman oppimista, WPML-version blogi tekee sinut onnelliseksi.<\/p>\n<p><strong>Kun WPML on niin yksinkertainen kuin selain sen takapalvelussa.<\/strong><br \/>\n<a href=\"\/?page_id=766\">&gt; WPML Blog WordPress-k\u00e4\u00e4nn\u00f6slaajennus: T\u00e4ydellinen arvostelu<\/a><br \/>\n[\/su_column]<br \/>\n[su_column size=&#8221;1\/6&#8243;]<br \/>\n[su_spacer size=&#8221;10&#8243;]<br \/>\n<i class=\"fa fa-star\" style=\"font-size: 25px;color: #1f88a3\"><\/i><i class=\"fa fa-star\" style=\"font-size: 25px;color: #1f88a3\"><\/i><i class=\"fa fa-star\" style=\"font-size: 25px;color: #1f88a3\"><\/i><i class=\"fa fa-star\" style=\"font-size: 25px;color: #1f88a3\"><\/i><i class=\"fa fa-star-o\" style=\"font-size: 25px;color: #1f88a3\"><\/i><\/p>\n<p>[su_spacer size=&#8221;40&#8243;]<\/p>\n<p style=\"text-align: center\">[su_button background=&#8221;#1F88A3&#8243; size=&#8221;6&#8243; url=&#8221;https:\/\/wp-theme-plugin.com\/out-wpml&#8221; target=&#8221;blank&#8221;] <strong>Tutustu<\/strong> [\/su_button] [\/su_column]<\/p>\n<p>[\/su_row]<br \/>\n[su_row]<br \/>\n[su_column size=&#8221;1\/6&#8243;]<img loading=\"lazy\" decoding=\"async\" class=\"aligncenter size-full wp-image-132\" src=\"https:\/\/wp-multilingual.com\/wp-content\/uploads\/sites\/18\/2017\/10\/qtranslatex-wordpress-multilingue-traduction-square.jpg\" alt=\"\" width=\"220\" height=\"190\" \/>[\/su_column]<br \/>\n[su_column size=&#8221;2\/3&#8243;]<\/p>\n<h3>qTranslate X: K\u00e4\u00e4nn\u00f6stoiminnon hyl\u00e4tty?<\/h3>\n<p><strong>Lyhyesti<\/strong>: Yli 100 000 WordPress-sivustolla, jotka aina luotavat qTranslateX: n varmistaakseen WordPress-sivustonsa k\u00e4\u00e4nn\u00f6sosan, voisimme uskoa, ett\u00e4 t\u00e4m\u00e4 tunnettu lis\u00e4osa s\u00e4ilytet\u00e4\u00e4n edelleen. Mutta kun t\u00e4m\u00e4 testi on tehty, qTranslateX: t\u00e4 ei ole p\u00e4ivitetty vuodeksi. Yksinkertainen ja tehokas plugin, joka n\u00e4ytt\u00e4\u00e4 katoavan v\u00e4hitellen.<\/p>\n<p><strong>Voisiko qTranslate olla pys\u00e4htynyt vai vain valmiustilassa?<\/strong><br \/>\n<a href=\"\/?page_id=764\">&gt; qTranslateX WordPress-k\u00e4\u00e4nn\u00f6slaajennus: T\u00e4ydellinen arvostelu<\/a><br \/>\n[\/su_column]<br \/>\n[su_column size=&#8221;1\/6&#8243;]<br \/>\n[su_spacer size=&#8221;10&#8243;]<br \/>\n<i class=\"fa fa-star\" style=\"font-size: 25px;color: #1f88a3\"><\/i><i class=\"fa fa-star\" style=\"font-size: 25px;color: #1f88a3\"><\/i><i class=\"fa fa-star-half-o\" style=\"font-size: 25px;color: #1f88a3\"><\/i><i class=\"fa fa-star-o\" style=\"font-size: 25px;color: #1f88a3\"><\/i><i class=\"fa fa-star-o\" style=\"font-size: 25px;color: #1f88a3\"><\/i><br \/>\n[su_spacer size=&#8221;40&#8243;]<\/p>\n<p style=\"text-align: center\">[su_button background=&#8221;#1F88A3&#8243; size=&#8221;6&#8243; url=&#8221;https:\/\/wp-theme-plugin.com\/out-qtranslatex&#8221; target=&#8221;blank&#8221;] <strong>Tutustu<\/strong> [\/su_button] [\/su_column]<\/p>\n<p>[\/su_row]<\/p>\n<p>[su_row]<br \/>\n[su_column size=&#8221;1\/6&#8243;]<img loading=\"lazy\" decoding=\"async\" class=\"aligncenter size-full wp-image-131\" src=\"https:\/\/wp-multilingual.com\/wp-content\/uploads\/sites\/18\/2017\/10\/multilingualpress-wordpress-multilingue-traduction-square.png\" alt=\"\" width=\"220\" height=\"190\" \/>[\/su_column]<br \/>\n[su_column size=&#8221;2\/3&#8243;]<\/p>\n<h3>MultilingualPress: The translation plugin that ensures<\/h3>\n<p><strong>Lyhyesti<\/strong>: When you&#8217;re the team behind one of the most famous WordPress backup plugins, I imagine that insuring is like second nature. Well, except this little word game, MultilingualPress is a translation plugin for WordPress that offers you an innovative vision in terms of language management, so that your WordPress site always remains at the top of its performance.<\/p>\n<p><strong>A newcomer to the world of WordPress translation that will make people talk.<\/strong><br \/>\n<a href=\"\/?page_id=760\">&gt;MultilingualPress WordPress-k\u00e4\u00e4nn\u00f6slaajennus: T\u00e4ydellinen arvostelu<\/a><br \/>\n[\/su_column]<br \/>\n[su_column size=&#8221;1\/6&#8243;]<br \/>\n[su_spacer size=&#8221;10&#8243;]<br \/>\n<i class=\"fa fa-star\" style=\"font-size: 25px;color: #1f88a3\"><\/i><i class=\"fa fa-star\" style=\"font-size: 25px;color: #1f88a3\"><\/i><i class=\"fa fa-star\" style=\"font-size: 25px;color: #1f88a3\"><\/i><i class=\"fa fa-star\" style=\"font-size: 25px;color: #1f88a3\"><\/i><i class=\"fa fa-star-o\" style=\"font-size: 25px;color: #1f88a3\"><\/i><br \/>\n[su_spacer size=&#8221;40&#8243;]<\/p>\n<p style=\"text-align: center\">[su_button background=&#8221;#1F88A3&#8243; size=&#8221;6&#8243; url=&#8221;https:\/\/wp-theme-plugin.com\/out-multilingual-press&#8221; target=&#8221;blank&#8221;] <strong>Tutustu<\/strong> [\/su_button] [\/su_column]<\/p>\n<p>[\/su_row]<\/p>\n<p>[su_row]<br \/>\n[su_column size=&#8221;1\/6&#8243;]<img loading=\"lazy\" decoding=\"async\" class=\"aligncenter size-full wp-image-130\" src=\"https:\/\/wp-multilingual.com\/wp-content\/uploads\/sites\/18\/2017\/10\/polylang-wordpress-multilingue-traduction-square.png\" alt=\"\" width=\"220\" height=\"190\" \/>[\/su_column]<br \/>\n[su_column size=&#8221;2\/3&#8243;]<\/p>\n<h3>Polylang: The translation plugin to discover<\/h3>\n<p><strong>Lyhyesti<\/strong>: PolyLang is a WordPress translation plugin that has been developing steadily and progressively for years. This plugin is finally under the spotlight, and as such knows much more functional updates. Polylang is an advanced multilingual WordPress plugin that deserves to take the time to discover its vision of WordPress translation.<\/p>\n<p><strong>With all these features, Polylang is in the top of the basket.<\/strong><br \/>\n<a href=\"\/?page_id=762\">&gt; polyLang WordPress-k\u00e4\u00e4nn\u00f6slaajennus: T\u00e4ydellinen arvostelu<\/a><br \/>\n[\/su_column]<br \/>\n[su_column size=&#8221;1\/6&#8243;]<br \/>\n[su_spacer size=&#8221;10&#8243;]<br \/>\n<i class=\"fa fa-star\" style=\"font-size: 25px;color: #1f88a3\"><\/i><i class=\"fa fa-star\" style=\"font-size: 25px;color: #1f88a3\"><\/i><i class=\"fa fa-star\" style=\"font-size: 25px;color: #1f88a3\"><\/i><i class=\"fa fa-star\" style=\"font-size: 25px;color: #1f88a3\"><\/i><i class=\"fa fa-star-o\" style=\"font-size: 25px;color: #1f88a3\"><\/i><br \/>\n[su_spacer size=&#8221;40&#8243;]<\/p>\n<p style=\"text-align: center\">[su_button background=&#8221;#1F88A3&#8243; size=&#8221;6&#8243; url=&#8221;https:\/\/wp-theme-plugin.com\/out-polylang&#8221; target=&#8221;blank&#8221;] <strong>Tutustu <\/strong> [\/su_button] [\/su_column]<\/p>\n<p>[\/su_row]<\/p>\n","protected":false},"excerpt":{"rendered":"<p>Luettelo WordPress-k\u00e4\u00e4nn\u00f6skansioista Etsitk\u00f6 WordPress-laajennusta, jonka avulla voit k\u00e4\u00e4nt\u00e4\u00e4 kaikki WordPress-sivustosi, koota sivustosi lokalisoidut versiot? Itse asiassa WordPress ei salli perustaa luoda monikielist\u00e4 sivustoa, joka on todellinen puute, joka voi nopeasti tuntua. Mutta kuten aina,&#46;&#46;&#46;<\/p>\n","protected":false},"author":2,"featured_media":0,"parent":0,"menu_order":0,"comment_status":"closed","ping_status":"closed","template":"","meta":{"_monsterinsights_skip_tracking":false,"_monsterinsights_sitenote_active":false,"_monsterinsights_sitenote_note":"","_monsterinsights_sitenote_category":0,"footnotes":""},"class_list":["post-846","page","type-page","status-publish","hentry"],"yoast_head":"<!-- This site is optimized with the Yoast SEO plugin v23.1 - https:\/\/yoast.com\/wordpress\/plugins\/seo\/ -->\n<title>WordPress-k\u00e4\u00e4nn\u00f6slaajennukset: TOP 5 monikielisest\u00e4 WordPressist\u00e4<\/title>\n<meta name=\"description\" content=\"K\u00e4\u00e4nn\u00e4 WordPress-sivustosi? T\u00e4m\u00e4 on yksinkertainen oikealla WordPress-k\u00e4\u00e4nn\u00f6skansion avulla. Tutustu valintaan parhaista WordPress-k\u00e4\u00e4nn\u00f6sty\u00f6kaluista heti 2018.\" \/>\n<meta name=\"robots\" content=\"index, follow, max-snippet:-1, max-image-preview:large, max-video-preview:-1\" \/>\n<link rel=\"canonical\" href=\"https:\/\/wp-multilingual.com\/fi\/wordpress-kaannos-laajennukset\/\" \/>\n<meta property=\"og:locale\" content=\"fi_FI\" \/>\n<meta property=\"og:type\" content=\"article\" \/>\n<meta property=\"og:title\" content=\"WordPress-k\u00e4\u00e4nn\u00f6slaajennukset: TOP 5 monikielisest\u00e4 WordPressist\u00e4\" \/>\n<meta property=\"og:description\" content=\"K\u00e4\u00e4nn\u00e4 WordPress-sivustosi? T\u00e4m\u00e4 on yksinkertainen oikealla WordPress-k\u00e4\u00e4nn\u00f6skansion avulla. Tutustu valintaan parhaista WordPress-k\u00e4\u00e4nn\u00f6sty\u00f6kaluista heti 2018.\" \/>\n<meta property=\"og:url\" content=\"https:\/\/wp-multilingual.com\/fi\/wordpress-kaannos-laajennukset\/\" \/>\n<meta property=\"og:site_name\" content=\"wp-multlingual.com\" \/>\n<meta property=\"og:image\" content=\"https:\/\/wp-multilingual.com\/wp-content\/uploads\/sites\/18\/2017\/10\/wpml-wordpress-multilingue-traduction-square.jpg\" \/>\n<meta name=\"twitter:card\" content=\"summary_large_image\" \/>\n<meta name=\"twitter:label1\" content=\"Arvioitu lukuaika\" \/>\n\t<meta name=\"twitter:data1\" content=\"4 minuuttia\" \/>\n<script type=\"application\/ld+json\" class=\"yoast-schema-graph\">{\"@context\":\"https:\/\/schema.org\",\"@graph\":[{\"@type\":\"WebPage\",\"@id\":\"https:\/\/wp-multilingual.com\/fi\/wordpress-kaannos-laajennukset\/\",\"url\":\"https:\/\/wp-multilingual.com\/fi\/wordpress-kaannos-laajennukset\/\",\"name\":\"WordPress-k\u00e4\u00e4nn\u00f6slaajennukset: TOP 5 monikielisest\u00e4 WordPressist\u00e4\",\"isPartOf\":{\"@id\":\"https:\/\/wp-multilingual.com\/el\/#website\"},\"primaryImageOfPage\":{\"@id\":\"https:\/\/wp-multilingual.com\/fi\/wordpress-kaannos-laajennukset\/#primaryimage\"},\"image\":{\"@id\":\"https:\/\/wp-multilingual.com\/fi\/wordpress-kaannos-laajennukset\/#primaryimage\"},\"thumbnailUrl\":\"https:\/\/wp-multilingual.com\/wp-content\/uploads\/sites\/18\/2017\/10\/wpml-wordpress-multilingue-traduction-square.jpg\",\"datePublished\":\"2018-04-06T04:38:30+00:00\",\"dateModified\":\"2018-04-06T04:38:30+00:00\",\"description\":\"K\u00e4\u00e4nn\u00e4 WordPress-sivustosi? T\u00e4m\u00e4 on yksinkertainen oikealla WordPress-k\u00e4\u00e4nn\u00f6skansion avulla. Tutustu valintaan parhaista WordPress-k\u00e4\u00e4nn\u00f6sty\u00f6kaluista heti 2018.\",\"breadcrumb\":{\"@id\":\"https:\/\/wp-multilingual.com\/fi\/wordpress-kaannos-laajennukset\/#breadcrumb\"},\"inLanguage\":\"fi\",\"potentialAction\":[{\"@type\":\"ReadAction\",\"target\":[\"https:\/\/wp-multilingual.com\/fi\/wordpress-kaannos-laajennukset\/\"]}]},{\"@type\":\"ImageObject\",\"inLanguage\":\"fi\",\"@id\":\"https:\/\/wp-multilingual.com\/fi\/wordpress-kaannos-laajennukset\/#primaryimage\",\"url\":\"https:\/\/wp-multilingual.com\/wp-content\/uploads\/sites\/18\/2017\/10\/wpml-wordpress-multilingue-traduction-square.jpg\",\"contentUrl\":\"https:\/\/wp-multilingual.com\/wp-content\/uploads\/sites\/18\/2017\/10\/wpml-wordpress-multilingue-traduction-square.jpg\"},{\"@type\":\"BreadcrumbList\",\"@id\":\"https:\/\/wp-multilingual.com\/fi\/wordpress-kaannos-laajennukset\/#breadcrumb\",\"itemListElement\":[{\"@type\":\"ListItem\",\"position\":1,\"name\":\"Accueil\",\"item\":\"https:\/\/wp-multilingual.com\/\"},{\"@type\":\"ListItem\",\"position\":2,\"name\":\"Top 5 WordPress-k\u00e4\u00e4nn\u00f6symp\u00e4rist\u00f6\u00e4 2018\"}]},{\"@type\":\"WebSite\",\"@id\":\"https:\/\/wp-multilingual.com\/el\/#website\",\"url\":\"https:\/\/wp-multilingual.com\/el\/\",\"name\":\"wp-multlingual.com\",\"description\":\"Th\u00e8mes et Plugins Magento\",\"potentialAction\":[{\"@type\":\"SearchAction\",\"target\":{\"@type\":\"EntryPoint\",\"urlTemplate\":\"https:\/\/wp-multilingual.com\/el\/?s={search_term_string}\"},\"query-input\":\"required name=search_term_string\"}],\"inLanguage\":\"fi\"}]}<\/script>\n<!-- \/ Yoast SEO plugin. -->","yoast_head_json":{"title":"WordPress-k\u00e4\u00e4nn\u00f6slaajennukset: TOP 5 monikielisest\u00e4 WordPressist\u00e4","description":"K\u00e4\u00e4nn\u00e4 WordPress-sivustosi? T\u00e4m\u00e4 on yksinkertainen oikealla WordPress-k\u00e4\u00e4nn\u00f6skansion avulla. Tutustu valintaan parhaista WordPress-k\u00e4\u00e4nn\u00f6sty\u00f6kaluista heti 2018.","robots":{"index":"index","follow":"follow","max-snippet":"max-snippet:-1","max-image-preview":"max-image-preview:large","max-video-preview":"max-video-preview:-1"},"canonical":"https:\/\/wp-multilingual.com\/fi\/wordpress-kaannos-laajennukset\/","og_locale":"fi_FI","og_type":"article","og_title":"WordPress-k\u00e4\u00e4nn\u00f6slaajennukset: TOP 5 monikielisest\u00e4 WordPressist\u00e4","og_description":"K\u00e4\u00e4nn\u00e4 WordPress-sivustosi? T\u00e4m\u00e4 on yksinkertainen oikealla WordPress-k\u00e4\u00e4nn\u00f6skansion avulla. Tutustu valintaan parhaista WordPress-k\u00e4\u00e4nn\u00f6sty\u00f6kaluista heti 2018.","og_url":"https:\/\/wp-multilingual.com\/fi\/wordpress-kaannos-laajennukset\/","og_site_name":"wp-multlingual.com","og_image":[{"url":"https:\/\/wp-multilingual.com\/wp-content\/uploads\/sites\/18\/2017\/10\/wpml-wordpress-multilingue-traduction-square.jpg"}],"twitter_card":"summary_large_image","twitter_misc":{"Arvioitu lukuaika":"4 minuuttia"},"schema":{"@context":"https:\/\/schema.org","@graph":[{"@type":"WebPage","@id":"https:\/\/wp-multilingual.com\/fi\/wordpress-kaannos-laajennukset\/","url":"https:\/\/wp-multilingual.com\/fi\/wordpress-kaannos-laajennukset\/","name":"WordPress-k\u00e4\u00e4nn\u00f6slaajennukset: TOP 5 monikielisest\u00e4 WordPressist\u00e4","isPartOf":{"@id":"https:\/\/wp-multilingual.com\/el\/#website"},"primaryImageOfPage":{"@id":"https:\/\/wp-multilingual.com\/fi\/wordpress-kaannos-laajennukset\/#primaryimage"},"image":{"@id":"https:\/\/wp-multilingual.com\/fi\/wordpress-kaannos-laajennukset\/#primaryimage"},"thumbnailUrl":"https:\/\/wp-multilingual.com\/wp-content\/uploads\/sites\/18\/2017\/10\/wpml-wordpress-multilingue-traduction-square.jpg","datePublished":"2018-04-06T04:38:30+00:00","dateModified":"2018-04-06T04:38:30+00:00","description":"K\u00e4\u00e4nn\u00e4 WordPress-sivustosi? T\u00e4m\u00e4 on yksinkertainen oikealla WordPress-k\u00e4\u00e4nn\u00f6skansion avulla. Tutustu valintaan parhaista WordPress-k\u00e4\u00e4nn\u00f6sty\u00f6kaluista heti 2018.","breadcrumb":{"@id":"https:\/\/wp-multilingual.com\/fi\/wordpress-kaannos-laajennukset\/#breadcrumb"},"inLanguage":"fi","potentialAction":[{"@type":"ReadAction","target":["https:\/\/wp-multilingual.com\/fi\/wordpress-kaannos-laajennukset\/"]}]},{"@type":"ImageObject","inLanguage":"fi","@id":"https:\/\/wp-multilingual.com\/fi\/wordpress-kaannos-laajennukset\/#primaryimage","url":"https:\/\/wp-multilingual.com\/wp-content\/uploads\/sites\/18\/2017\/10\/wpml-wordpress-multilingue-traduction-square.jpg","contentUrl":"https:\/\/wp-multilingual.com\/wp-content\/uploads\/sites\/18\/2017\/10\/wpml-wordpress-multilingue-traduction-square.jpg"},{"@type":"BreadcrumbList","@id":"https:\/\/wp-multilingual.com\/fi\/wordpress-kaannos-laajennukset\/#breadcrumb","itemListElement":[{"@type":"ListItem","position":1,"name":"Accueil","item":"https:\/\/wp-multilingual.com\/"},{"@type":"ListItem","position":2,"name":"Top 5 WordPress-k\u00e4\u00e4nn\u00f6symp\u00e4rist\u00f6\u00e4 2018"}]},{"@type":"WebSite","@id":"https:\/\/wp-multilingual.com\/el\/#website","url":"https:\/\/wp-multilingual.com\/el\/","name":"wp-multlingual.com","description":"Th\u00e8mes et Plugins Magento","potentialAction":[{"@type":"SearchAction","target":{"@type":"EntryPoint","urlTemplate":"https:\/\/wp-multilingual.com\/el\/?s={search_term_string}"},"query-input":"required name=search_term_string"}],"inLanguage":"fi"}]}},"_links":{"self":[{"href":"https:\/\/wp-multilingual.com\/fi\/wp-json\/wp\/v2\/pages\/846","targetHints":{"allow":["GET"]}}],"collection":[{"href":"https:\/\/wp-multilingual.com\/fi\/wp-json\/wp\/v2\/pages"}],"about":[{"href":"https:\/\/wp-multilingual.com\/fi\/wp-json\/wp\/v2\/types\/page"}],"author":[{"embeddable":true,"href":"https:\/\/wp-multilingual.com\/fi\/wp-json\/wp\/v2\/users\/2"}],"replies":[{"embeddable":true,"href":"https:\/\/wp-multilingual.com\/fi\/wp-json\/wp\/v2\/comments?post=846"}],"version-history":[{"count":1,"href":"https:\/\/wp-multilingual.com\/fi\/wp-json\/wp\/v2\/pages\/846\/revisions"}],"predecessor-version":[{"id":847,"href":"https:\/\/wp-multilingual.com\/fi\/wp-json\/wp\/v2\/pages\/846\/revisions\/847"}],"wp:attachment":[{"href":"https:\/\/wp-multilingual.com\/fi\/wp-json\/wp\/v2\/media?parent=846"}],"curies":[{"name":"wp","href":"https:\/\/api.w.org\/{rel}","templated":true}]}}