{"id":799,"date":"2018-04-05T14:00:29","date_gmt":"2018-04-05T12:00:29","guid":{"rendered":"https:\/\/wp-multilingual.com\/?page_id=799"},"modified":"2018-04-05T14:00:29","modified_gmt":"2018-04-05T12:00:29","slug":"multilingual-woocommerce-plugin","status":"publish","type":"page","link":"https:\/\/wp-multilingual.com\/fi\/multilingual-woocommerce-plugin\/","title":{"rendered":"Multilingual WooCommerce Plugin"},"content":{"rendered":"<p>[su_quote cite=&#8221;Built With&#8221; url=&#8221;https:\/\/builtwith.com\/ecommerce\/&#8221; target=&#8221;blank&#8221;]Kolmen vuoden aikana WooCommerce k\u00e4ytt\u00e4\u00e4 jo 41% verkkokauppasivustoista maailmassa ja l\u00e4p\u00e4isee pian Magenton omalla maallaan, ecommerce-sivustojen avaintitileill\u00e4.[\/su_quote]<\/p>\n<p><img loading=\"lazy\" decoding=\"async\" src=\"https:\/\/wp-multilingual.com\/wp-content\/uploads\/sites\/18\/2017\/10\/woocommerce-multilingue-logo.jpg\" alt=\"\" width=\"150\" height=\"150\" class=\"alignleft size-full wp-image-137\" \/>Viel\u00e4 viisi vuotta sitten uskoen, ett\u00e4 WordPress pystyy tarjoamaan kaikki Magento tai Prestashop-alan erikoistuneiden CMS: n tarjoamat ominaisuudet, oli liev\u00e4 \u00e4rtymys.<br \/>\nEi edes 3 vuotta, WordPress on tullut keskeiseksi ratkaisuksi eCommerce, ja t\u00e4m\u00e4 kiitos plugin WooCommerce. Kuka itse ei olisi syntynyt ilman JigoShop-projektia, jota h\u00e4n on haarukka. Kun WordPress versio 3.9, joka kykenee \u00e4\u00e4rimm\u00e4iseen joustavuuteen ja WooCommerceon toimivaa hallintarajoitusta varten, eCommerce-planeetta on kirjaimellisesti muuttanut kasvonsa silm\u00e4nr\u00e4p\u00e4yksess\u00e4. Mik\u00e4 oli ep\u00e4todenn\u00e4k\u00f6inen, verkkokauppa ei en\u00e4\u00e4 voi tehd\u00e4 ilman WooCommercea. T\u00e4ydellinen ekosysteemi on syntynyt WooCommercen ymp\u00e4rille. WooCommerceissa saattaa olla kaikki puuttuvat. Ei, ett\u00e4 t\u00e4m\u00e4 on erityisen tarpeellista, joten WooCommerce tarjoaa vaikuttavan funktionaalisuuden ecommerce-sivuston perustamiseksi.<br \/>\nAinoa haittapuoli, ainoa puute, joka tekee WooCommercea, jatkuu isojen tilien kanssa: monikielisen \u00e4idinkielen tuen puute. On kuitenkin plugin, jonka avulla voit:<\/p>\n<ul>\n<li> K\u00e4\u00e4nn\u00e4 kaikki tuotetyypit (yksitt\u00e4iset tai muuttuvat) <\/li>\n<li> P\u00e4\u00e4sy omistettu tuotekehityksen hallintak\u00e4ytt\u00f6liittym\u00e4 <\/li>\n<li> K\u00e4\u00e4nn\u00e4 kaikki tuotetyypit (yksitt\u00e4iset tai muuttuvat) <\/li>\n<li> K\u00e4\u00e4nn\u00e4 koko tilausprosessi (tarkista) <\/li>\n<li> Kaupallisten s\u00e4hk\u00f6postiviestien l\u00e4hett\u00e4minen asiakkaan kielell\u00e4 <\/li>\n<li> Yhdistetty tuotevalikoima, ei eritelty kielell\u00e4 <\/li>\n<li> Mahdollistaa erilaisten valuuttojen tukemisen WooCommerce -sivustossa <\/li>\n<\/ul>\n<p>Monikielisten ominaisuuksien lis\u00e4\u00e4minen WooCommerce-sivustoon vaikuttaa v\u00e4ltt\u00e4m\u00e4tt\u00f6m\u00e4lt\u00e4 kaikissa kaupoissa, jopa kaikkein vaatimattomimmista. Internet antaa sinulle mahdollisuuden toimittaa maailmanlaajuisesti. Tiesitk\u00f6, ett\u00e4 l\u00e4hes joka toinen eurooppalainen ostaja ei ole koskaan ostanut eCommerce-sivustolla, joka ei puhu kielt\u00e4? Ei pid\u00e4 aliarvioida aikaa, joka tarvitaan monikielisen s\u00e4hk\u00f6isen kaupank\u00e4ynnin sivuston toteuttamiseen. Oikean monikielisen WooCommerce-lis\u00e4osan valitseminen optimoi ty\u00f6ajanne.<\/p>\n<p>[su_row]<br \/>\n[su_column size=&#8221;1\/6&#8243;]<img loading=\"lazy\" decoding=\"async\" src=\"https:\/\/wp-multilingual.com\/wp-content\/uploads\/sites\/18\/2017\/10\/wpml-wordpress-multilingue-traduction-square.jpg\" alt=\"\" width=\"220\" height=\"190\" class=\"aligncenter size-full wp-image-128\" \/>[\/su_column]<br \/>\n[su_column size=&#8221;2\/3&#8243;]<\/p>\n<h3>WPML: 100% monikielinen WooCommerce<\/h3>\n<p><strong>Lyhyesti<\/strong>: WPML tarjoaa moduulin sen kuuluisalle WPML CMS-pluginille tukemaan 100% WooCommercea. T\u00e4t\u00e4 laajennusta kutsutaan nimell\u00e4 WooCommerce Multilingual. T\u00e4llaisella nimell\u00e4 me molemmat ep\u00e4ilemme, mit\u00e4 h\u00e4n aikoo tehd\u00e4, ja k\u00e4sittelemme markkinoiden ensimm\u00e4ist\u00e4 monikielist\u00e4 WooCommerce-laajennusta ja toimimme edelleen. WPML on erikoistunut monikielisiin WordPress-sivustoihin monien vuosien ajan.<\/p>\n<p><strong>Monikielinen WooCommerce-sivusto? T\u00e4m\u00e4 on h\u00e4nen erikoisuutensa, ei tarvitse etsi\u00e4.<\/strong><\/p>\n<p>[\/su_column]<br \/>\n[su_column size=&#8221;1\/6&#8243;]<i>[su_spacer size=&#8221;20&#8243;]<\/i><\/p>\n<p style=\"text-align: center\"><i class=\"fa fa-star\"><\/i><i class=\"fa fa-star\"><\/i><i class=\"fa fa-star\"><\/i><i class=\"fa fa-star\"><\/i><i class=\"fa fa-star-half-o\"><\/i><br \/>\n<i>Alkaen 29 dollaria<\/i><\/p>\n<p>[su_button background=&#8221;#FF2F3B&#8221; size=&#8221;6&#8243; url=&#8221;https:\/\/wp-theme-plugin.com\/out-wpml&#8221; target=&#8221;blank&#8221;]<strong>Tutustu<\/strong> [\/su_button] [\/su_column]<br \/>\n[\/su_row]<\/p>\n<p>Mutta muuten &#8230; Mik\u00e4 on monikielinen WooCommerce-sivusto?<\/p>\n<h1>Monikielinen WooCommerce? Miksi ? Mill\u00e4 tavalla?<\/h1>\n<p>Pohjimmiltaan puhumme WooCommercen mahdollisuudesta olla monikielisi\u00e4. Mutta mist\u00e4 puhumme tarkalleen? Selvitet\u00e4\u00e4n, mit\u00e4 voimme odottaa WooCommercen eritt\u00e4in hyv\u00e4st\u00e4 k\u00e4\u00e4nn\u00f6ksest\u00e4 ja monikielisest\u00e4 hallintaratkaisusta.<\/p>\n<h2>WordPress-integraatio<\/h2>\n<p>Tykk\u00e4\u00e4n avaa ovet:) Mutta ennen kuin olet WooCommercen plugin, plugin, jonka muistaa tehd\u00e4 monikielinen sivusto on ennen kaikkea yhteensopiva WordPressin kanssa. Olin varoittanut &#8230; avoin ovi &#8230; Ysk\u00e4 &#8230; Sanoi n\u00e4in, se saattaa kuulostaa hieman typer\u00e4lt\u00e4. Mutta ajattele sit\u00e4 hetken. Loppujen lopuksi WordPress-asennus ei v\u00e4ltt\u00e4m\u00e4tt\u00e4 ole yht\u00e4 klassinen kuin milt\u00e4 se n\u00e4ytt\u00e4\u00e4 ensimm\u00e4isell\u00e4 silm\u00e4yksell\u00e4. Esimerkki, jota kohtaamme usein: WordPress-moniselitteisen version tuki. Ok, t\u00e4m\u00e4 ei koske kaikkia, mutta se osoittaa, ett\u00e4 ennen WooCommercen tukemista meid\u00e4n on kysytt\u00e4v\u00e4 WordPress-tuen tueksi. Haluaisin jopa sanoa tukea <strong>WordPresssi<\/strong>. Toinen plugin voisi aiheuttaa ongelmia, kuten esimerkiksi tietoturva-laajennuksia.<br \/>\nJoko sanoa muuten: kaikki laajennukset, joiden avulla WooCommerce voi olla monikielisi\u00e4 toimintoja, ovat hyvin kaukana WordPressin tukemisesta monisite-versiossa. Ole varovainen, jos haluat, ett\u00e4 pid\u00e4t t\u00e4st\u00e4 WordPress-kokoonpanosta.<\/p>\n<h2>WooCommerce-integraatio<\/h2>\n<p>Ok, t\u00e4ss\u00e4 vaiheessa olemme varmoja WordPress-kokoonpanomme ja sen tukemasta pluginilla, jolla heitimme devoluutiimme. Katsotaan nyt, miten se k\u00e4ytt\u00e4ytyy WooCommercen kanssa. T\u00e4t\u00e4 varten useat valppaat:<\/p>\n<ul>\n<li> Kuinka monta kielt\u00e4 meill\u00e4 on? <\/li>\n<li> Miten k\u00e4\u00e4nn\u00f6s tulee n\u00e4kyviin takaisin toimistossa? <\/li>\n<li> Liitt\u00e4\u00e4k\u00f6 plugin eri valuutat kieleen? <\/li>\n<li> Liittyyk\u00f6 plugin tarkka seuranta siit\u00e4, mit\u00e4 k\u00e4\u00e4nnet\u00e4\u00e4n, k\u00e4\u00e4nnet\u00e4\u00e4n ja k\u00e4\u00e4nnet\u00e4\u00e4n? <\/li>\n<li> Ostoksetunneli sijaitsee k\u00e4ytt\u00e4j\u00e4n kielen\u00e4? <\/li>\n<li> Onko transaktios\u00e4hk\u00f6posti saapunut k\u00e4ytt\u00e4j\u00e4n kielelle? <\/li>\n<\/ul>\n<p>Monikielisen laajennuksen tarjoaminen on paljon muutakin kuin WooCommercen tuotteiden luetteloiden k\u00e4\u00e4nt\u00e4mist\u00e4. Monikielisen WooCommercen tuki vaatii todellista integraatiota, ett\u00e4 hyvin harvat plugit voivat v\u00e4itt\u00e4\u00e4 toimivan hyvin ja 100%.<\/p>\n<h2>Media Management<\/h2>\n<p>It may seem like nothing. But have you ever thought that it is possible to be forced to download for each version of the language of a product, the set of associated images? If we have ten products on our site, that&#8217;s not a big deal. But if we have 200 products and each product has between three and five images, I let you imagine the organizational nightmares that this is. The best ? Choose a multilingual WooCommerce plugin that intelligently manages the media associated with your WooCommerce products.<\/p>\n<h2>SEO ja monikielinen<\/h2>\n<p>Tehd\u00e4\u00e4n asiasta. Jotta monikielinen WooCommerce-laajennus olisi mielenkiintoinen, sen on t\u00e4ytett\u00e4v\u00e4 jo pyh\u00e4 luettelo olosuhteista, joita ilman on parempi menn\u00e4:<\/p>\n<ul>\n<li> Ole WordPress-yhteensopiva <\/li>\n<li> Vakuutettu WooCommerce-osapuoli (tuote, kassalle, transaktio-s\u00e4hk\u00f6postit &#8230;) <\/li>\n<li> Hallitse tiedotusv\u00e4lineit\u00e4 hyvin <\/li>\n<\/ul>\n<p>Puhutaan nyt WooCommerce-verkkokaupan luonnollisesta SEO-palvelusta. Se on turvallinen veto, ett\u00e4 vaikka t\u00e4m\u00e4 ei ole sinun t\u00e4rkein tavoite, k\u00e4\u00e4nt\u00e4minen WooComerce sivustosi tehd\u00e4\u00e4n ajatus lis\u00e4t\u00e4 SEO, ainakin v\u00e4h\u00e4n. Ent\u00e4 jos k\u00e4yt\u00e4t monikielist\u00e4 WooCommerce-laajennusta, se ei auttaisi sinua, vaan tuhoa SEO-ty\u00f6si?<br \/>\nVarmistamalla, ett\u00e4 SEO on t\u00e4rke\u00e4 painopiste monille kielille valitulle WooCommerce-pluginille, on ehdottomasti v\u00e4ltt\u00e4m\u00e4t\u00f6nt\u00e4.<br \/>\nMik\u00e4 johtaa meid\u00e4t seuraavaan aiheeseen &#8230;<\/p>\n<h2>Tuetaan kolmannen osapuolen laajennuksia<\/h2>\n<p>Before being a WooCommerce plugin, any plugin is a WordPress plugin. I already said it. But it goes beyond what you may have thought. It will be necessary that this plugin is able to interact with all the plugins which will themselves interact on your WooCommerce and WordPress more broadly. To return to SEO, a good multilingual WooCommerce plugin should allow us to continue using any SEO plugins for WordPress, and this by language. this work can not be done by the teams responsible for the plugin in question. It is up to the community to choose who they will support. In this little game, only WPML gets away with the congratulations of the jury.<br \/>\nIf we have to count all the plugins that make up the WooCommerce universe in terms of interoperability, we must also consider the text output created by the plugins themselves. It is essential that your WooCommerce plugin allow you to come and translate these strings without opening the source code of the plugin in question.<\/p>\n<h2>Kolmannen osapuolen teemat tukevat<\/h2>\n<p>Luulet, ett\u00e4 olet vihdoin l\u00f6yt\u00e4nyt WordPress-teeman, joka sopii siihen, mit\u00e4 olet etsinyt niin kauan. Asennat sen. Voit my\u00f6s tehd\u00e4 kaupasta monikielisen WooCommerce-myym\u00e4l\u00e4n. Ja siell\u00e4, katastrofi, plugin ja teema eiv\u00e4t ole yhteensopivia. Miksi ? Koska laajennusten lis\u00e4ksi teeman kehitt\u00e4j\u00e4 varmistaa, ett\u00e4 plugin on 100% tuettu. Laajennetun tuen tietyll\u00e4 pluginilla on taattu plug&#8217;n-toistoominaisuus. Katso tarkasti, huomaat, ett\u00e4 l\u00e4hes kaikki markkina-aiheet ovat virallisesti yhteensopivia WPML: n kanssa. N\u00e4in varmistetaan WordPressin paras monikielinen plugin vuosia.<\/p>\n<h2>Lis\u00e4toiminnot ++<\/h2>\n<p>Ent\u00e4 jos laajennuksesi teki enemm\u00e4n kuin &#8221;vain&#8221;, jotta sivustosi WooCommerce olisi monikielinen? Ja jos h\u00e4n voisi tarjota sinulle enemm\u00e4n.<br \/>\nJos kaikki ehdot t\u00e4yttyv\u00e4t, pid\u00e4 hauskaa. Sellaisena voisi esimerkiksi olla:<\/p>\n<ul>\n<li> Automaattinen uudelleenohjaus k\u00e4ytt\u00e4j\u00e4n kielen mukaan <\/li>\n<li> Kielten hallinta aliverkkotunnuksissa <\/li>\n<li> Kielten hallinta erillisiss\u00e4 aluetunnuksissa (monsite.fr, mywebsite.com, meinewebsite.de &#8230;) <\/li>\n<li> Kielten linkitt\u00e4mien tuotteiden luominen <\/li>\n<li> K\u00e4\u00e4nn\u00f6sversioon p\u00e4\u00e4sy <\/li>\n<li> Uuden k\u00e4ytt\u00e4j\u00e4tyypin luominen lis\u00e4\u00e4 turvallisuutta ja yksinkertaisuutta: k\u00e4\u00e4nt\u00e4ji\u00e4. <\/li>\n<\/ul>\n<p>[su_row]<br \/>\n[su_column size=&#8221;1\/3&#8243;]<img loading=\"lazy\" decoding=\"async\" src=\"https:\/\/wp-multilingual.com\/wp-content\/uploads\/sites\/18\/2017\/10\/wpml-wordpress-multilingue-traduction-square.jpg\" alt=\"\" width=\"220\" height=\"190\" class=\"aligncenter size-full wp-image-128\" \/><\/p>\n<p style=\"text-align: center\">\n[su_button background=&#8221;#FF2F3B&#8221; size=&#8221;6&#8243; url=&#8221;https:\/\/wp-theme-plugin.com\/out-wpml&#8221; target=&#8221;blank&#8221;]<strong>Tutustu<\/strong> [\/su_button]<\/p>\n<p>[\/su_column]<br \/>\n[su_column size=&#8221;2\/3&#8243;]<\/p>\n<h3>WPML: paras monikielinen WooCommerce<\/h3>\n<p><strong>Lyhyesti<\/strong>: WPML kesti useita vuosia monikielisen hallinnan WooCommerce-ohjelmassa ja viel\u00e4 voimakkaammin WordPressiss\u00e4. T\u00e4ss\u00e4 mieless\u00e4 WPML tarjoaa meille WooCommerce Multilingualin plugin, joka takaa kaiken, ett\u00e4 hyv\u00e4 monikielinen plugin pit\u00e4isi tiet\u00e4\u00e4 miten tehd\u00e4 hyvin. Lis\u00e4ksi se tarjoaa meille p\u00e4\u00e4syn edistyneisiin ominaisuuksiin, jotka ovat erityisen arvokkaita.<\/p>\n<p><strong>WooCommerce Multilingual tarjoaa todellisen monikielisen hallintaliittym\u00e4n WooCommerceen.<\/strong><\/p>\n<p>[\/su_column]<br \/>\n[\/su_row]<\/p>\n<p>[su_divider top=&#8221;no&#8221; style=&#8221;dotted&#8221; size=&#8221;2&#8243;]<\/p>\n<h1>Lis\u00e4\u00e4 resursseja WooCommerce<\/h1>\n<p>WooCommerce on valtava aihe. Kun puhumme WooCommercen monikielisest\u00e4 versiosta, l\u00e4hestymme WooCommercea vain sen monien eri puolien alla. Suosittelemme, ett\u00e4 lukekaa WooCommercea seuraavista aiheista:<\/p>\n<h3>Miss\u00e4 is\u00e4nn\u00f6id\u00e4 WooCommerce-sivustoasi?<\/h3>\n<p><strong>WooCommerce Hosting<\/strong> : WooCommerce-sivuston on aina oltava suorituskyvyn ja saavutettavuuden k\u00e4rjess\u00e4. Web-hosting on n\u00e4iden kahden t\u00e4rke\u00e4n ongelman ydin. Oikean hosting-palvelun valinta on v\u00e4ltt\u00e4m\u00e4t\u00f6nt\u00e4. Tiesitk\u00f6, ett\u00e4 WooCommerce on t\u00e4ysin harkittu ja turvallinen hosting?<br \/>\n[su_row]<br \/>\n[su_column size=&#8221;2\/3&#8243;]<strong>Help you make the choice of hosting WooCommerce that provides.<\/strong>[\/su_column]<br \/>\n[su_column size=&#8221;1\/3&#8243;][su_button background=&#8221;#FF2F3B&#8221; size=&#8221;6&#8243; url=&#8221;https:\/\/woo-hosting.com&#8221; target=&#8221;blank&#8221;]<strong>WooCommerce Hosting<\/strong> [\/su_button] [\/su_column]<br \/>\n[\/su_row]<\/p>\n<h3>Mitk\u00e4 laajennukset ja teemat WooCommerceen?<\/h3>\n<p><strong>WooCommerce-teemoja ja laajennuksia<\/strong>: WooCommerce-sivuston on aina oltava suorituskyvyn ja saavutettavuuden k\u00e4rjess\u00e4. Web-hosting on n\u00e4iden kahden t\u00e4rke\u00e4n ongelman ydin. Oikean majoituksen valinta on v\u00e4ltt\u00e4m\u00e4t\u00f6nt\u00e4. Tiesitk\u00f6, ett\u00e4 WooCommerceissa on t\u00e4ysin harkittuja ja turvallisia majoitusvaihtoehtoja?<br \/>\n[su_row]<br \/>\n[su_column size=&#8221;2\/3&#8243;]<strong>Auttaa sinua tekem\u00e4\u00e4n WooCommercen hosting-palvelun valinnan.<\/strong>[\/su_column]<br \/>\n[su_column size=&#8221;1\/3&#8243;][su_button background=&#8221;#FF2F3B&#8221; size=&#8221;6&#8243; url=&#8221;https:\/\/woo-themes-plugins.com\/en&#8221; target=&#8221;blank&#8221;]<strong>WooCommerce-teemat ja laajennukset<\/strong> [\/su_button] [\/su_column]<br \/>\n[\/su_row]<br \/>\n[su_divider top=&#8221;no&#8221; style=&#8221;dotted&#8221; size=&#8221;2&#8243;]<\/p>\n","protected":false},"excerpt":{"rendered":"<p>[su_quote cite=&#8221;Built With&#8221; url=&#8221;https:\/\/builtwith.com\/ecommerce\/&#8221; target=&#8221;blank&#8221;]Kolmen vuoden aikana WooCommerce k\u00e4ytt\u00e4\u00e4 jo 41% verkkokauppasivustoista maailmassa ja l\u00e4p\u00e4isee pian Magenton omalla maallaan, ecommerce-sivustojen avaintitileill\u00e4.[\/su_quote] Viel\u00e4 viisi vuotta sitten uskoen, ett\u00e4 WordPress pystyy tarjoamaan kaikki Magento tai Prestashop-alan&#46;&#46;&#46;<\/p>\n","protected":false},"author":2,"featured_media":0,"parent":0,"menu_order":0,"comment_status":"closed","ping_status":"closed","template":"","meta":{"_monsterinsights_skip_tracking":false,"_monsterinsights_sitenote_active":false,"_monsterinsights_sitenote_note":"","_monsterinsights_sitenote_category":0,"footnotes":""},"class_list":["post-799","page","type-page","status-publish","hentry"],"yoast_head":"<!-- This site is optimized with the Yoast SEO plugin v23.1 - https:\/\/yoast.com\/wordpress\/plugins\/seo\/ -->\n<title>Monikielinen laajennus WooCommerce \/ K\u00e4\u00e4nn\u00e4 WP eCommerce -sivusto<\/title>\n<meta name=\"description\" content=\"Haluatko k\u00e4\u00e4nt\u00e4\u00e4 WooCommerce-sivuston tai luoda todelliset monikieliset ja kansainv\u00e4listetyt kaupat WooCommercen ansiosta? Tutustu WooCommerce-monikieliseen laajennukseen t\u00e4ll\u00e4 hetkell\u00e4.\" \/>\n<meta name=\"robots\" content=\"index, follow, max-snippet:-1, max-image-preview:large, max-video-preview:-1\" \/>\n<link rel=\"canonical\" href=\"https:\/\/wp-multilingual.com\/fi\/multilingual-woocommerce-plugin\/\" \/>\n<meta property=\"og:locale\" content=\"fi_FI\" \/>\n<meta property=\"og:type\" content=\"article\" \/>\n<meta property=\"og:title\" content=\"Monikielinen laajennus WooCommerce \/ K\u00e4\u00e4nn\u00e4 WP eCommerce -sivusto\" \/>\n<meta property=\"og:description\" content=\"Haluatko k\u00e4\u00e4nt\u00e4\u00e4 WooCommerce-sivuston tai luoda todelliset monikieliset ja kansainv\u00e4listetyt kaupat WooCommercen ansiosta? Tutustu WooCommerce-monikieliseen laajennukseen t\u00e4ll\u00e4 hetkell\u00e4.\" \/>\n<meta property=\"og:url\" content=\"https:\/\/wp-multilingual.com\/fi\/multilingual-woocommerce-plugin\/\" \/>\n<meta property=\"og:site_name\" content=\"wp-multlingual.com\" \/>\n<meta property=\"og:image\" content=\"https:\/\/wp-multilingual.com\/wp-content\/uploads\/sites\/18\/2017\/10\/woocommerce-multilingue-logo.jpg\" \/>\n<meta name=\"twitter:card\" content=\"summary_large_image\" \/>\n<meta name=\"twitter:label1\" content=\"Arvioitu lukuaika\" \/>\n\t<meta name=\"twitter:data1\" content=\"7 minuuttia\" \/>\n<script type=\"application\/ld+json\" class=\"yoast-schema-graph\">{\"@context\":\"https:\/\/schema.org\",\"@graph\":[{\"@type\":\"WebPage\",\"@id\":\"https:\/\/wp-multilingual.com\/fi\/multilingual-woocommerce-plugin\/\",\"url\":\"https:\/\/wp-multilingual.com\/fi\/multilingual-woocommerce-plugin\/\",\"name\":\"Monikielinen laajennus WooCommerce \/ K\u00e4\u00e4nn\u00e4 WP eCommerce -sivusto\",\"isPartOf\":{\"@id\":\"https:\/\/wp-multilingual.com\/el\/#website\"},\"primaryImageOfPage\":{\"@id\":\"https:\/\/wp-multilingual.com\/fi\/multilingual-woocommerce-plugin\/#primaryimage\"},\"image\":{\"@id\":\"https:\/\/wp-multilingual.com\/fi\/multilingual-woocommerce-plugin\/#primaryimage\"},\"thumbnailUrl\":\"https:\/\/wp-multilingual.com\/wp-content\/uploads\/sites\/18\/2017\/10\/woocommerce-multilingue-logo.jpg\",\"datePublished\":\"2018-04-05T12:00:29+00:00\",\"dateModified\":\"2018-04-05T12:00:29+00:00\",\"description\":\"Haluatko k\u00e4\u00e4nt\u00e4\u00e4 WooCommerce-sivuston tai luoda todelliset monikieliset ja kansainv\u00e4listetyt kaupat WooCommercen ansiosta? Tutustu WooCommerce-monikieliseen laajennukseen t\u00e4ll\u00e4 hetkell\u00e4.\",\"breadcrumb\":{\"@id\":\"https:\/\/wp-multilingual.com\/fi\/multilingual-woocommerce-plugin\/#breadcrumb\"},\"inLanguage\":\"fi\",\"potentialAction\":[{\"@type\":\"ReadAction\",\"target\":[\"https:\/\/wp-multilingual.com\/fi\/multilingual-woocommerce-plugin\/\"]}]},{\"@type\":\"ImageObject\",\"inLanguage\":\"fi\",\"@id\":\"https:\/\/wp-multilingual.com\/fi\/multilingual-woocommerce-plugin\/#primaryimage\",\"url\":\"https:\/\/wp-multilingual.com\/wp-content\/uploads\/sites\/18\/2017\/10\/woocommerce-multilingue-logo.jpg\",\"contentUrl\":\"https:\/\/wp-multilingual.com\/wp-content\/uploads\/sites\/18\/2017\/10\/woocommerce-multilingue-logo.jpg\"},{\"@type\":\"BreadcrumbList\",\"@id\":\"https:\/\/wp-multilingual.com\/fi\/multilingual-woocommerce-plugin\/#breadcrumb\",\"itemListElement\":[{\"@type\":\"ListItem\",\"position\":1,\"name\":\"Accueil\",\"item\":\"https:\/\/wp-multilingual.com\/\"},{\"@type\":\"ListItem\",\"position\":2,\"name\":\"Multilingual WooCommerce Plugin\"}]},{\"@type\":\"WebSite\",\"@id\":\"https:\/\/wp-multilingual.com\/el\/#website\",\"url\":\"https:\/\/wp-multilingual.com\/el\/\",\"name\":\"wp-multlingual.com\",\"description\":\"Th\u00e8mes et Plugins Magento\",\"potentialAction\":[{\"@type\":\"SearchAction\",\"target\":{\"@type\":\"EntryPoint\",\"urlTemplate\":\"https:\/\/wp-multilingual.com\/el\/?s={search_term_string}\"},\"query-input\":\"required name=search_term_string\"}],\"inLanguage\":\"fi\"}]}<\/script>\n<!-- \/ Yoast SEO plugin. -->","yoast_head_json":{"title":"Monikielinen laajennus WooCommerce \/ K\u00e4\u00e4nn\u00e4 WP eCommerce -sivusto","description":"Haluatko k\u00e4\u00e4nt\u00e4\u00e4 WooCommerce-sivuston tai luoda todelliset monikieliset ja kansainv\u00e4listetyt kaupat WooCommercen ansiosta? Tutustu WooCommerce-monikieliseen laajennukseen t\u00e4ll\u00e4 hetkell\u00e4.","robots":{"index":"index","follow":"follow","max-snippet":"max-snippet:-1","max-image-preview":"max-image-preview:large","max-video-preview":"max-video-preview:-1"},"canonical":"https:\/\/wp-multilingual.com\/fi\/multilingual-woocommerce-plugin\/","og_locale":"fi_FI","og_type":"article","og_title":"Monikielinen laajennus WooCommerce \/ K\u00e4\u00e4nn\u00e4 WP eCommerce -sivusto","og_description":"Haluatko k\u00e4\u00e4nt\u00e4\u00e4 WooCommerce-sivuston tai luoda todelliset monikieliset ja kansainv\u00e4listetyt kaupat WooCommercen ansiosta? Tutustu WooCommerce-monikieliseen laajennukseen t\u00e4ll\u00e4 hetkell\u00e4.","og_url":"https:\/\/wp-multilingual.com\/fi\/multilingual-woocommerce-plugin\/","og_site_name":"wp-multlingual.com","og_image":[{"url":"https:\/\/wp-multilingual.com\/wp-content\/uploads\/sites\/18\/2017\/10\/woocommerce-multilingue-logo.jpg"}],"twitter_card":"summary_large_image","twitter_misc":{"Arvioitu lukuaika":"7 minuuttia"},"schema":{"@context":"https:\/\/schema.org","@graph":[{"@type":"WebPage","@id":"https:\/\/wp-multilingual.com\/fi\/multilingual-woocommerce-plugin\/","url":"https:\/\/wp-multilingual.com\/fi\/multilingual-woocommerce-plugin\/","name":"Monikielinen laajennus WooCommerce \/ K\u00e4\u00e4nn\u00e4 WP eCommerce -sivusto","isPartOf":{"@id":"https:\/\/wp-multilingual.com\/el\/#website"},"primaryImageOfPage":{"@id":"https:\/\/wp-multilingual.com\/fi\/multilingual-woocommerce-plugin\/#primaryimage"},"image":{"@id":"https:\/\/wp-multilingual.com\/fi\/multilingual-woocommerce-plugin\/#primaryimage"},"thumbnailUrl":"https:\/\/wp-multilingual.com\/wp-content\/uploads\/sites\/18\/2017\/10\/woocommerce-multilingue-logo.jpg","datePublished":"2018-04-05T12:00:29+00:00","dateModified":"2018-04-05T12:00:29+00:00","description":"Haluatko k\u00e4\u00e4nt\u00e4\u00e4 WooCommerce-sivuston tai luoda todelliset monikieliset ja kansainv\u00e4listetyt kaupat WooCommercen ansiosta? Tutustu WooCommerce-monikieliseen laajennukseen t\u00e4ll\u00e4 hetkell\u00e4.","breadcrumb":{"@id":"https:\/\/wp-multilingual.com\/fi\/multilingual-woocommerce-plugin\/#breadcrumb"},"inLanguage":"fi","potentialAction":[{"@type":"ReadAction","target":["https:\/\/wp-multilingual.com\/fi\/multilingual-woocommerce-plugin\/"]}]},{"@type":"ImageObject","inLanguage":"fi","@id":"https:\/\/wp-multilingual.com\/fi\/multilingual-woocommerce-plugin\/#primaryimage","url":"https:\/\/wp-multilingual.com\/wp-content\/uploads\/sites\/18\/2017\/10\/woocommerce-multilingue-logo.jpg","contentUrl":"https:\/\/wp-multilingual.com\/wp-content\/uploads\/sites\/18\/2017\/10\/woocommerce-multilingue-logo.jpg"},{"@type":"BreadcrumbList","@id":"https:\/\/wp-multilingual.com\/fi\/multilingual-woocommerce-plugin\/#breadcrumb","itemListElement":[{"@type":"ListItem","position":1,"name":"Accueil","item":"https:\/\/wp-multilingual.com\/"},{"@type":"ListItem","position":2,"name":"Multilingual WooCommerce Plugin"}]},{"@type":"WebSite","@id":"https:\/\/wp-multilingual.com\/el\/#website","url":"https:\/\/wp-multilingual.com\/el\/","name":"wp-multlingual.com","description":"Th\u00e8mes et Plugins Magento","potentialAction":[{"@type":"SearchAction","target":{"@type":"EntryPoint","urlTemplate":"https:\/\/wp-multilingual.com\/el\/?s={search_term_string}"},"query-input":"required name=search_term_string"}],"inLanguage":"fi"}]}},"_links":{"self":[{"href":"https:\/\/wp-multilingual.com\/fi\/wp-json\/wp\/v2\/pages\/799","targetHints":{"allow":["GET"]}}],"collection":[{"href":"https:\/\/wp-multilingual.com\/fi\/wp-json\/wp\/v2\/pages"}],"about":[{"href":"https:\/\/wp-multilingual.com\/fi\/wp-json\/wp\/v2\/types\/page"}],"author":[{"embeddable":true,"href":"https:\/\/wp-multilingual.com\/fi\/wp-json\/wp\/v2\/users\/2"}],"replies":[{"embeddable":true,"href":"https:\/\/wp-multilingual.com\/fi\/wp-json\/wp\/v2\/comments?post=799"}],"version-history":[{"count":1,"href":"https:\/\/wp-multilingual.com\/fi\/wp-json\/wp\/v2\/pages\/799\/revisions"}],"predecessor-version":[{"id":800,"href":"https:\/\/wp-multilingual.com\/fi\/wp-json\/wp\/v2\/pages\/799\/revisions\/800"}],"wp:attachment":[{"href":"https:\/\/wp-multilingual.com\/fi\/wp-json\/wp\/v2\/media?parent=799"}],"curies":[{"name":"wp","href":"https:\/\/api.w.org\/{rel}","templated":true}]}}