{"id":844,"date":"2018-04-06T06:29:24","date_gmt":"2018-04-06T04:29:24","guid":{"rendered":"https:\/\/wp-multilingual.com\/?page_id=844"},"modified":"2018-04-06T06:29:24","modified_gmt":"2018-04-06T04:29:24","slug":"wordpress-tolke-pluginad","status":"publish","type":"page","link":"https:\/\/wp-multilingual.com\/et\/wordpress-tolke-pluginad\/","title":{"rendered":"WordPressi t\u00f5lke pluginad 2018"},"content":{"rendered":"<h1>Nimekiri WordPressi t\u00f5lkepluginad<\/h1>\n<p>Otsite WordPressi pistikprogrammi, mis v\u00f5imaldab teil kogu oma WordPressi saiti t\u00f5lkida, on teie saidi lokaliseeritud versioonide kokkukutsumine? T\u00f5epoolest, WordPress ei v\u00f5imalda alust luua mitmekeelse saiti, mis on t\u00f5eline puudus, mida saab kiiresti tunda. Kuid nagu alati, on WordPressi taga asutatud kogukond kiiresti andnud meile t\u00e4iustatud lahendused ja lihtsa k\u00e4itlemise. M\u00f5ned WordPressi t\u00f5lkimispluginad, mida me kavatseme esitada, on olnud juba aastaid, pakuvad lisatasu teenust, kuid uustulnukad tulevad kaartide \u00fcmberpaigutamiseks meie r\u00f5\u00f5muks.<\/p>\n<p>T\u00e4nu sellele tervislikule konkurentsile on WordPressi mitmekeelsete pluginate kujunemine muutumas \u00fcha lihtsamaks ja integreeritumaks WordPressiga, samuti on see \u00fcha kiirem ja turvaline. WordPressi t\u00f5lkepluginate nimekiri v\u00f5imaldab teil leida parimad mitmekeelsetele pistikprogrammidele.<\/p>\n<h1>Top WordPressi t\u00f5lke pluginad<\/h1>\n<p>Mitmekeelse WordPressi saidi soovimine on suunatud igat t\u00fc\u00fcpi veebisaidile, mida saab teha WordPressiga, aga ka k\u00f5igi saidi suuruste puhul. WordPressi mitmekeelse kasutamise eeliseks pole suurt saiti.<\/p>\n<p>[su_row]<br \/>\n[su_column size=&#8221;1\/6&#8243;]<img loading=\"lazy\" decoding=\"async\" class=\"aligncenter size-full wp-image-128\" src=\"https:\/\/wp-multilingual.com\/wp-content\/uploads\/sites\/18\/2017\/10\/wpml-wordpress-multilingue-traduction-square.jpg\" alt=\"\" width=\"220\" height=\"190\" \/>[\/su_column]<br \/>\n[su_column size=&#8221;2\/3&#8243;]<\/p>\n<h3>WPML CMS: Parim WordPressi t\u00f5lke plugin<\/h3>\n<p><strong>P\u00f5gusalt<\/strong>: P\u00e4rast aastaid kestnud kasutamist on WPML kindlasti plugin, mida soovitame k\u00f5igile kasutada ja mida me kasutame k\u00f5igil meie mitmekeelsetel projektidel. Teie arvates, mida see sait kasutab selle mitmekeelse osa jaoks? Loomulikult WPML! WordPressi t\u00f5lkimisfunktsioonid, mis on ebaproportsionaalsed k\u00f5igile, mida WordPressi t\u00f5lkepluginate turul tehakse.<\/p>\n<p><strong>Parim on WPML CMSi tasuta tugi <a href=\"https:\/\/wp-multilingue.fr\/plugins-wordpress-compatible-multilingual\/woocommerce-multilingue\/\"> WooCommerce mitmekeelne <\/a>.<\/strong><br \/>\n<a href=\"\/?page_id=766\">&gt; WPML CMS WordPressi t\u00f5lke plugin: t\u00e4ielik \u00fclevaade<\/a><br \/>\n[\/su_column]<br \/>\n[su_column size=&#8221;1\/6&#8243;]<br \/>\n[su_spacer size=&#8221;10&#8243;]<br \/>\n<i class=\"fa fa-star\" style=\"font-size: 25px;color: #1f88a3\"><\/i><i class=\"fa fa-star\" style=\"font-size: 25px;color: #1f88a3\"><\/i><i class=\"fa fa-star\" style=\"font-size: 25px;color: #1f88a3\"><\/i><i class=\"fa fa-star\" style=\"font-size: 25px;color: #1f88a3\"><\/i><i class=\"fa fa-star-half-o\" style=\"font-size: 25px;color: #1f88a3\"><\/i><br \/>\n[su_spacer size=&#8221;40&#8243;]<\/p>\n<p style=\"text-align: center\">[su_button background=&#8221;#1F88A3&#8243; size=&#8221;6&#8243; url=&#8221;https:\/\/wp-theme-plugin.com\/out-wpml&#8221; target=&#8221;blank&#8221;] <strong>Avastage<\/strong> [\/su_button] [\/su_column]<br \/>\n[\/su_row]<\/p>\n<p>[su_row]<br \/>\n[su_column size=&#8221;1\/6&#8243;]<img loading=\"lazy\" decoding=\"async\" class=\"aligncenter size-full wp-image-129\" src=\"https:\/\/wp-multilingual.com\/wp-content\/uploads\/sites\/18\/2017\/10\/wpml-blog-wordpress-multilingue-traduction-square.jpg\" alt=\"\" width=\"220\" height=\"190\" \/>[\/su_column]<br \/>\n[su_column size=&#8221;2\/3&#8243;]<\/p>\n<h3>WPML Blog: WordPress kakskeelne plugin<\/h3>\n<p><strong>P\u00f5gusalt<\/strong>: M\u00f5ned \u00fctlevad, et WPML on t\u00f5eline gaasitehas. WPMLi esimene l\u00e4henemine v\u00f5ib kindlasti tunduda natuke h\u00e4biv\u00e4\u00e4rne. Miks? Kuna see plugin t\u00f5stab mitmekeelse juhtimise professionaalsel tasemel. Kuid kas me peame ikka m\u00f5istma k\u00f5iki sissel\u00f5ikeid ja v\u00e4ljendeid, et kergesti v\u00e4lja tulla. Neile, kes soovivad mitmekeelse saidi, ja see kiirelt ja ilma \u00f5ppimiseta muudab WPML-versiooni blogi teile \u00f5nnelikuks.<\/p>\n<p><strong>Kui WPML muutub nii lihtsalt kui kl\u00f5psu oma tagak\u00fcljel.<\/strong><br \/>\n<a href=\"\/?page_id=766\">&gt; WPML Blog WordPressi t\u00f5lke plugin: t\u00e4ielik \u00fclevaade<\/a><br \/>\n[\/su_column]<br \/>\n[su_column size=&#8221;1\/6&#8243;]<br \/>\n[su_spacer size=&#8221;10&#8243;]<br \/>\n<i class=\"fa fa-star\" style=\"font-size: 25px;color: #1f88a3\"><\/i><i class=\"fa fa-star\" style=\"font-size: 25px;color: #1f88a3\"><\/i><i class=\"fa fa-star\" style=\"font-size: 25px;color: #1f88a3\"><\/i><i class=\"fa fa-star\" style=\"font-size: 25px;color: #1f88a3\"><\/i><i class=\"fa fa-star-o\" style=\"font-size: 25px;color: #1f88a3\"><\/i><\/p>\n<p>[su_spacer size=&#8221;40&#8243;]<\/p>\n<p style=\"text-align: center\">[su_button background=&#8221;#1F88A3&#8243; size=&#8221;6&#8243; url=&#8221;https:\/\/wp-theme-plugin.com\/out-wpml&#8221; target=&#8221;blank&#8221;] <strong>Avastage<\/strong> [\/su_button] [\/su_column]<\/p>\n<p>[\/su_row]<br \/>\n[su_row]<br \/>\n[su_column size=&#8221;1\/6&#8243;]<img loading=\"lazy\" decoding=\"async\" class=\"aligncenter size-full wp-image-132\" src=\"https:\/\/wp-multilingual.com\/wp-content\/uploads\/sites\/18\/2017\/10\/qtranslatex-wordpress-multilingue-traduction-square.jpg\" alt=\"\" width=\"220\" height=\"190\" \/>[\/su_column]<br \/>\n[su_column size=&#8221;2\/3&#8243;]<\/p>\n<h3>qTranslate X: T\u00f5lgitud plugin mahaj\u00e4etud?<\/h3>\n<p><strong>P\u00f5gusalt<\/strong>: Veel enam kui 100 000 WordPressi saiti, mis alati usaldavad qTranslateXi, et tagada nende WordPressi saidi t\u00f5lkeosa, v\u00f5iksime uskuda, et seda tuntud pluginat s\u00e4ilitatakse ikka veel. Kuid selle testi l\u00e4biviimise ajaks ei ole qTranslateXi aasta jooksul uuendatud. Lihtne ja efektiivne plugin, mis n\u00e4ib olevat v\u00e4hehaaval kadunud.<\/p>\n<p><strong>Kas qTranslate oleks seiskunud v\u00f5i lihtsalt stand-by?<\/strong><br \/>\n<a href=\"\/?page_id=764\">&gt; qTranslateX WordPressi t\u00f5lke plugin: t\u00e4ielik \u00fclevaade<\/a><br \/>\n[\/su_column]<br \/>\n[su_column size=&#8221;1\/6&#8243;]<br \/>\n[su_spacer size=&#8221;10&#8243;]<br \/>\n<i class=\"fa fa-star\" style=\"font-size: 25px;color: #1f88a3\"><\/i><i class=\"fa fa-star\" style=\"font-size: 25px;color: #1f88a3\"><\/i><i class=\"fa fa-star-half-o\" style=\"font-size: 25px;color: #1f88a3\"><\/i><i class=\"fa fa-star-o\" style=\"font-size: 25px;color: #1f88a3\"><\/i><i class=\"fa fa-star-o\" style=\"font-size: 25px;color: #1f88a3\"><\/i><br \/>\n[su_spacer size=&#8221;40&#8243;]<\/p>\n<p style=\"text-align: center\">[su_button background=&#8221;#1F88A3&#8243; size=&#8221;6&#8243; url=&#8221;https:\/\/wp-theme-plugin.com\/out-qtranslatex&#8221; target=&#8221;blank&#8221;] <strong>Avastage<\/strong> [\/su_button] [\/su_column]<\/p>\n<p>[\/su_row]<\/p>\n<p>[su_row]<br \/>\n[su_column size=&#8221;1\/6&#8243;]<img loading=\"lazy\" decoding=\"async\" class=\"aligncenter size-full wp-image-131\" src=\"https:\/\/wp-multilingual.com\/wp-content\/uploads\/sites\/18\/2017\/10\/multilingualpress-wordpress-multilingue-traduction-square.png\" alt=\"\" width=\"220\" height=\"190\" \/>[\/su_column]<br \/>\n[su_column size=&#8221;2\/3&#8243;]<\/p>\n<h3>MultilingualPress: T\u00f5lke plugin, mis tagab<\/h3>\n<p><strong>P\u00f5gusalt<\/strong>: Kui olete \u00fcks kuulsamaid WordPressi varukooppluginaid, v\u00f5in ette kujutada, et kindlustus on nagu teine laad. Noh, v\u00e4lja arvatud see v\u00e4ike s\u00f5na m\u00e4ng, on MultilingualPress WordPressi t\u00f5lkeplugin, mis pakub keelehalduse seisukohalt uuenduslikke n\u00e4gemusi, nii et teie WordPressi sait j\u00e4\u00e4b alati j\u00f5udluse tippu.<\/p>\n<p><strong>Uustulnuk WordPressi t\u00f5lke maailmale, mis paneb inimesed r\u00e4\u00e4kima.<\/strong><br \/>\n<a href=\"\/?page_id=760\">&gt;MultilingualPress WordPressi t\u00f5lke plugin: t\u00e4ielik \u00fclevaade<\/a><br \/>\n[\/su_column]<br \/>\n[su_column size=&#8221;1\/6&#8243;]<br \/>\n[su_spacer size=&#8221;10&#8243;]<br \/>\n<i class=\"fa fa-star\" style=\"font-size: 25px;color: #1f88a3\"><\/i><i class=\"fa fa-star\" style=\"font-size: 25px;color: #1f88a3\"><\/i><i class=\"fa fa-star\" style=\"font-size: 25px;color: #1f88a3\"><\/i><i class=\"fa fa-star\" style=\"font-size: 25px;color: #1f88a3\"><\/i><i class=\"fa fa-star-o\" style=\"font-size: 25px;color: #1f88a3\"><\/i><br \/>\n[su_spacer size=&#8221;40&#8243;]<\/p>\n<p style=\"text-align: center\">[su_button background=&#8221;#1F88A3&#8243; size=&#8221;6&#8243; url=&#8221;https:\/\/wp-theme-plugin.com\/out-multilingual-press&#8221; target=&#8221;blank&#8221;] <strong>Avastage<\/strong> [\/su_button] [\/su_column]<\/p>\n<p>[\/su_row]<\/p>\n<p>[su_row]<br \/>\n[su_column size=&#8221;1\/6&#8243;]<img loading=\"lazy\" decoding=\"async\" class=\"aligncenter size-full wp-image-130\" src=\"https:\/\/wp-multilingual.com\/wp-content\/uploads\/sites\/18\/2017\/10\/polylang-wordpress-multilingue-traduction-square.png\" alt=\"\" width=\"220\" height=\"190\" \/>[\/su_column]<br \/>\n[su_column size=&#8221;2\/3&#8243;]<\/p>\n<h3>Polylang: T\u00f5lke plugin avastada<\/h3>\n<p><strong>P\u00f5gusalt<\/strong>: PolyLang on WordPressi t\u00f5lkeplugin, mis on aastaid pidevalt ja j\u00e4rk-j\u00e4rgult arenenud. See plugin on l\u00f5puks t\u00e4helepanu keskpunktis ja sellisena teab palju palju funktsionaalsemaid v\u00e4rskendusi. Polylang on t\u00e4iustatud mitmekeelne WordPressi plugin, mis v\u00e4\u00e4rib aega, et avastada oma n\u00e4gemust WordPressi t\u00f5lkest.<\/p>\n<p><strong>K\u00f5igi nende funktsioonidega on Polylang korvi \u00fclaosas.<\/strong><br \/>\n<a href=\"\/?page_id=762\">&gt; polyLang WordPressi t\u00f5lke plugin: t\u00e4ielik \u00fclevaade<\/a><br \/>\n[\/su_column]<br \/>\n[su_column size=&#8221;1\/6&#8243;]<br \/>\n[su_spacer size=&#8221;10&#8243;]<br \/>\n<i class=\"fa fa-star\" style=\"font-size: 25px;color: #1f88a3\"><\/i><i class=\"fa fa-star\" style=\"font-size: 25px;color: #1f88a3\"><\/i><i class=\"fa fa-star\" style=\"font-size: 25px;color: #1f88a3\"><\/i><i class=\"fa fa-star\" style=\"font-size: 25px;color: #1f88a3\"><\/i><i class=\"fa fa-star-o\" style=\"font-size: 25px;color: #1f88a3\"><\/i><br \/>\n[su_spacer size=&#8221;40&#8243;]<\/p>\n<p style=\"text-align: center\">[su_button background=&#8221;#1F88A3&#8243; size=&#8221;6&#8243; url=&#8221;https:\/\/wp-theme-plugin.com\/out-polylang&#8221; target=&#8221;blank&#8221;] <strong>Avastage <\/strong> [\/su_button] [\/su_column]<\/p>\n<p>[\/su_row]<\/p>\n","protected":false},"excerpt":{"rendered":"<p>Nimekiri WordPressi t\u00f5lkepluginad Otsite WordPressi pistikprogrammi, mis v\u00f5imaldab teil kogu oma WordPressi saiti t\u00f5lkida, on teie saidi lokaliseeritud versioonide kokkukutsumine? T\u00f5epoolest, WordPress ei v\u00f5imalda alust luua mitmekeelse saiti, mis on t\u00f5eline puudus, mida saab&#46;&#46;&#46;<\/p>\n","protected":false},"author":2,"featured_media":0,"parent":0,"menu_order":0,"comment_status":"closed","ping_status":"closed","template":"","meta":{"_monsterinsights_skip_tracking":false,"_monsterinsights_sitenote_active":false,"_monsterinsights_sitenote_note":"","_monsterinsights_sitenote_category":0,"footnotes":""},"class_list":["post-844","page","type-page","status-publish","hentry"],"yoast_head":"<!-- This site is optimized with the Yoast SEO plugin v23.1 - https:\/\/yoast.com\/wordpress\/plugins\/seo\/ -->\n<title>WordPressi t\u00f5lke pluginad: mitmekeelse WordPressi TOP 5<\/title>\n<meta name=\"description\" content=\"T\u00f5lgi oma WordPressi saidile? See on lihtne WordPressi t\u00f5lkepluginaga. Vaadake 2018. aasta parimad WordPressi t\u00f5lkepluginad valikut kohe.\" \/>\n<meta name=\"robots\" content=\"index, follow, max-snippet:-1, max-image-preview:large, max-video-preview:-1\" \/>\n<link rel=\"canonical\" href=\"https:\/\/wp-multilingual.com\/et\/wordpress-tolke-pluginad\/\" \/>\n<meta property=\"og:locale\" content=\"et_EE\" \/>\n<meta property=\"og:type\" content=\"article\" \/>\n<meta property=\"og:title\" content=\"WordPressi t\u00f5lke pluginad: mitmekeelse WordPressi TOP 5\" \/>\n<meta property=\"og:description\" content=\"T\u00f5lgi oma WordPressi saidile? See on lihtne WordPressi t\u00f5lkepluginaga. Vaadake 2018. aasta parimad WordPressi t\u00f5lkepluginad valikut kohe.\" \/>\n<meta property=\"og:url\" content=\"https:\/\/wp-multilingual.com\/et\/wordpress-tolke-pluginad\/\" \/>\n<meta property=\"og:site_name\" content=\"wp-multlingual.com\" \/>\n<meta property=\"og:image\" content=\"https:\/\/wp-multilingual.com\/wp-content\/uploads\/sites\/18\/2017\/10\/wpml-wordpress-multilingue-traduction-square.jpg\" \/>\n<meta name=\"twitter:card\" content=\"summary_large_image\" \/>\n<meta name=\"twitter:label1\" content=\"Est. reading time\" \/>\n\t<meta name=\"twitter:data1\" content=\"4 minutit\" \/>\n<script type=\"application\/ld+json\" class=\"yoast-schema-graph\">{\"@context\":\"https:\/\/schema.org\",\"@graph\":[{\"@type\":\"WebPage\",\"@id\":\"https:\/\/wp-multilingual.com\/et\/wordpress-tolke-pluginad\/\",\"url\":\"https:\/\/wp-multilingual.com\/et\/wordpress-tolke-pluginad\/\",\"name\":\"WordPressi t\u00f5lke pluginad: mitmekeelse WordPressi TOP 5\",\"isPartOf\":{\"@id\":\"https:\/\/wp-multilingual.com\/el\/#website\"},\"primaryImageOfPage\":{\"@id\":\"https:\/\/wp-multilingual.com\/et\/wordpress-tolke-pluginad\/#primaryimage\"},\"image\":{\"@id\":\"https:\/\/wp-multilingual.com\/et\/wordpress-tolke-pluginad\/#primaryimage\"},\"thumbnailUrl\":\"https:\/\/wp-multilingual.com\/wp-content\/uploads\/sites\/18\/2017\/10\/wpml-wordpress-multilingue-traduction-square.jpg\",\"datePublished\":\"2018-04-06T04:29:24+00:00\",\"dateModified\":\"2018-04-06T04:29:24+00:00\",\"description\":\"T\u00f5lgi oma WordPressi saidile? See on lihtne WordPressi t\u00f5lkepluginaga. Vaadake 2018. aasta parimad WordPressi t\u00f5lkepluginad valikut kohe.\",\"breadcrumb\":{\"@id\":\"https:\/\/wp-multilingual.com\/et\/wordpress-tolke-pluginad\/#breadcrumb\"},\"inLanguage\":\"et\",\"potentialAction\":[{\"@type\":\"ReadAction\",\"target\":[\"https:\/\/wp-multilingual.com\/et\/wordpress-tolke-pluginad\/\"]}]},{\"@type\":\"ImageObject\",\"inLanguage\":\"et\",\"@id\":\"https:\/\/wp-multilingual.com\/et\/wordpress-tolke-pluginad\/#primaryimage\",\"url\":\"https:\/\/wp-multilingual.com\/wp-content\/uploads\/sites\/18\/2017\/10\/wpml-wordpress-multilingue-traduction-square.jpg\",\"contentUrl\":\"https:\/\/wp-multilingual.com\/wp-content\/uploads\/sites\/18\/2017\/10\/wpml-wordpress-multilingue-traduction-square.jpg\"},{\"@type\":\"BreadcrumbList\",\"@id\":\"https:\/\/wp-multilingual.com\/et\/wordpress-tolke-pluginad\/#breadcrumb\",\"itemListElement\":[{\"@type\":\"ListItem\",\"position\":1,\"name\":\"Accueil\",\"item\":\"https:\/\/wp-multilingual.com\/\"},{\"@type\":\"ListItem\",\"position\":2,\"name\":\"WordPressi t\u00f5lke pluginad 2018\"}]},{\"@type\":\"WebSite\",\"@id\":\"https:\/\/wp-multilingual.com\/el\/#website\",\"url\":\"https:\/\/wp-multilingual.com\/el\/\",\"name\":\"wp-multlingual.com\",\"description\":\"Th\u00e8mes et Plugins Magento\",\"potentialAction\":[{\"@type\":\"SearchAction\",\"target\":{\"@type\":\"EntryPoint\",\"urlTemplate\":\"https:\/\/wp-multilingual.com\/el\/?s={search_term_string}\"},\"query-input\":\"required name=search_term_string\"}],\"inLanguage\":\"et\"}]}<\/script>\n<!-- \/ Yoast SEO plugin. -->","yoast_head_json":{"title":"WordPressi t\u00f5lke pluginad: mitmekeelse WordPressi TOP 5","description":"T\u00f5lgi oma WordPressi saidile? See on lihtne WordPressi t\u00f5lkepluginaga. Vaadake 2018. aasta parimad WordPressi t\u00f5lkepluginad valikut kohe.","robots":{"index":"index","follow":"follow","max-snippet":"max-snippet:-1","max-image-preview":"max-image-preview:large","max-video-preview":"max-video-preview:-1"},"canonical":"https:\/\/wp-multilingual.com\/et\/wordpress-tolke-pluginad\/","og_locale":"et_EE","og_type":"article","og_title":"WordPressi t\u00f5lke pluginad: mitmekeelse WordPressi TOP 5","og_description":"T\u00f5lgi oma WordPressi saidile? See on lihtne WordPressi t\u00f5lkepluginaga. Vaadake 2018. aasta parimad WordPressi t\u00f5lkepluginad valikut kohe.","og_url":"https:\/\/wp-multilingual.com\/et\/wordpress-tolke-pluginad\/","og_site_name":"wp-multlingual.com","og_image":[{"url":"https:\/\/wp-multilingual.com\/wp-content\/uploads\/sites\/18\/2017\/10\/wpml-wordpress-multilingue-traduction-square.jpg"}],"twitter_card":"summary_large_image","twitter_misc":{"Est. reading time":"4 minutit"},"schema":{"@context":"https:\/\/schema.org","@graph":[{"@type":"WebPage","@id":"https:\/\/wp-multilingual.com\/et\/wordpress-tolke-pluginad\/","url":"https:\/\/wp-multilingual.com\/et\/wordpress-tolke-pluginad\/","name":"WordPressi t\u00f5lke pluginad: mitmekeelse WordPressi TOP 5","isPartOf":{"@id":"https:\/\/wp-multilingual.com\/el\/#website"},"primaryImageOfPage":{"@id":"https:\/\/wp-multilingual.com\/et\/wordpress-tolke-pluginad\/#primaryimage"},"image":{"@id":"https:\/\/wp-multilingual.com\/et\/wordpress-tolke-pluginad\/#primaryimage"},"thumbnailUrl":"https:\/\/wp-multilingual.com\/wp-content\/uploads\/sites\/18\/2017\/10\/wpml-wordpress-multilingue-traduction-square.jpg","datePublished":"2018-04-06T04:29:24+00:00","dateModified":"2018-04-06T04:29:24+00:00","description":"T\u00f5lgi oma WordPressi saidile? See on lihtne WordPressi t\u00f5lkepluginaga. Vaadake 2018. aasta parimad WordPressi t\u00f5lkepluginad valikut kohe.","breadcrumb":{"@id":"https:\/\/wp-multilingual.com\/et\/wordpress-tolke-pluginad\/#breadcrumb"},"inLanguage":"et","potentialAction":[{"@type":"ReadAction","target":["https:\/\/wp-multilingual.com\/et\/wordpress-tolke-pluginad\/"]}]},{"@type":"ImageObject","inLanguage":"et","@id":"https:\/\/wp-multilingual.com\/et\/wordpress-tolke-pluginad\/#primaryimage","url":"https:\/\/wp-multilingual.com\/wp-content\/uploads\/sites\/18\/2017\/10\/wpml-wordpress-multilingue-traduction-square.jpg","contentUrl":"https:\/\/wp-multilingual.com\/wp-content\/uploads\/sites\/18\/2017\/10\/wpml-wordpress-multilingue-traduction-square.jpg"},{"@type":"BreadcrumbList","@id":"https:\/\/wp-multilingual.com\/et\/wordpress-tolke-pluginad\/#breadcrumb","itemListElement":[{"@type":"ListItem","position":1,"name":"Accueil","item":"https:\/\/wp-multilingual.com\/"},{"@type":"ListItem","position":2,"name":"WordPressi t\u00f5lke pluginad 2018"}]},{"@type":"WebSite","@id":"https:\/\/wp-multilingual.com\/el\/#website","url":"https:\/\/wp-multilingual.com\/el\/","name":"wp-multlingual.com","description":"Th\u00e8mes et Plugins Magento","potentialAction":[{"@type":"SearchAction","target":{"@type":"EntryPoint","urlTemplate":"https:\/\/wp-multilingual.com\/el\/?s={search_term_string}"},"query-input":"required name=search_term_string"}],"inLanguage":"et"}]}},"_links":{"self":[{"href":"https:\/\/wp-multilingual.com\/et\/wp-json\/wp\/v2\/pages\/844","targetHints":{"allow":["GET"]}}],"collection":[{"href":"https:\/\/wp-multilingual.com\/et\/wp-json\/wp\/v2\/pages"}],"about":[{"href":"https:\/\/wp-multilingual.com\/et\/wp-json\/wp\/v2\/types\/page"}],"author":[{"embeddable":true,"href":"https:\/\/wp-multilingual.com\/et\/wp-json\/wp\/v2\/users\/2"}],"replies":[{"embeddable":true,"href":"https:\/\/wp-multilingual.com\/et\/wp-json\/wp\/v2\/comments?post=844"}],"version-history":[{"count":1,"href":"https:\/\/wp-multilingual.com\/et\/wp-json\/wp\/v2\/pages\/844\/revisions"}],"predecessor-version":[{"id":845,"href":"https:\/\/wp-multilingual.com\/et\/wp-json\/wp\/v2\/pages\/844\/revisions\/845"}],"wp:attachment":[{"href":"https:\/\/wp-multilingual.com\/et\/wp-json\/wp\/v2\/media?parent=844"}],"curies":[{"name":"wp","href":"https:\/\/api.w.org\/{rel}","templated":true}]}}