{"id":797,"date":"2018-04-05T13:49:33","date_gmt":"2018-04-05T11:49:33","guid":{"rendered":"https:\/\/wp-multilingual.com\/?page_id=797"},"modified":"2018-04-05T13:49:33","modified_gmt":"2018-04-05T11:49:33","slug":"mitmekeelne-woocommercei-plugin","status":"publish","type":"page","link":"https:\/\/wp-multilingual.com\/et\/mitmekeelne-woocommercei-plugin\/","title":{"rendered":"Mitmekeelne WooCommercei plugin"},"content":{"rendered":"<p>[su_quote cite=&#8221;Built With&#8221; url=&#8221;https:\/\/builtwith.com\/ecommerce\/&#8221; target=&#8221;blank&#8221;]Juba kolm aastat on WooCommerce juba maailmas 41% e-kaubanduse saitidest ja \u00fcletab peagi Magento omaette, e-kaubanduse saitide peamised kontod.[\/su_quote]<\/p>\n<p><img loading=\"lazy\" decoding=\"async\" src=\"https:\/\/wp-multilingual.com\/wp-content\/uploads\/sites\/18\/2017\/10\/woocommerce-multilingue-logo.jpg\" alt=\"\" width=\"150\" height=\"150\" class=\"alignleft size-full wp-image-137\" \/>Mitte viis aastat tagasi, uskudes, et WordPress suudab pakkuda k\u00f5iki selliseid valdkondi nagu Magento v\u00f5i Prestashop pakutavaid CMS-i funktsioone, oli kerge vaimustus.<br \/>\nVeel isegi 3 aastat on WordPress e-kaubanduse seisukohalt oluliseks lahenduseks ja see on t\u00e4nu pluginale WooCommerce. Kes ise ei oleks s\u00fcndinud ilma JigoShopi projektita, mis on kahvlit\u00f6\u00f6stus. WordPressi versioon 3.9, mis suudab \u00e4\u00e4rmiselt paindlikumaks ja WooCommerce on puhta haldamise liides, on planeedi e-kaubanduse silmapilgul s\u00f5na otseses m\u00f5ttes muutnud n\u00e4gu. Mis oli ebat\u00f5en\u00e4oline, on e-kaubandus enam ilma WooCommerceita toimetatud. WooCommercei \u00fcmber on tekkinud t\u00e4ie\u00f5iguslik \u00f6kos\u00fcsteem. K\u00f5ik on WooCommerceis puudu. Mitte seda, et see on eriti vajalik, et WooCommerce pakub muljetavaldavat funktsionaalsust e-kaubanduse saidi loomiseks.<br \/>\nAinuke negatiivne k\u00fclg, ainus puudus, mis muudab WooCommerce j\u00e4tkuvalt v\u00f5itlema peamiste kontodega: mitmekeelse kohaliku toetuse puudumine. Siiski on olemas plugin, mis v\u00f5imaldab teil:<\/p>\n<ul>\n<li> K\u00f5igi tooteliikide (\u00fcksiku v\u00f5i muutuja) t\u00f5lkimine <\/li>\n<li> Juurdep\u00e4\u00e4s spetsiaalse toote t\u00f5lkijuhtimise liidesele <\/li>\n<li> K\u00f5igi tooteliikide (\u00fcksiku v\u00f5i muutuja) t\u00f5lkimine <\/li>\n<li> kogu tellimuste t\u00f6\u00f6tlemine (vaadake l\u00e4bi) <\/li>\n<li> Tehingukirjete saatmine kliendi keelde <\/li>\n<li> \u00dchtne toode, mis ei ole jaotatud keele j\u00e4rgi <\/li>\n<li> V\u00f5imaldab toetada erinevaid valuutasid WooCommerce&#8217;i veebisaidil <\/li>\n<\/ul>\n<p>WooCommerce&#8217;i veebisaitide mitmekeelsete funktsioonide lisamine tundub olevat oluline k\u00f5igi poodide jaoks, isegi k\u00f5ige tagasihoidlikumad. Internet v\u00f5imaldab teil pakkuda kogu maailmas. Kas teadsite, et peaaegu iga teine Euroopa ostja ei ole kunagi ostnud e-kaubanduse saiti, mis ei r\u00e4\u00e4gi oma keelt? Mitmekeelset e-kaubanduse saiti rakendamiseks kuluv aeg ei tohiks alahinnata. \u00d5ige mitmekeelsuse WooCommercei plugin sobib optimeerida oma t\u00f6\u00f6aega.<\/p>\n<p>[su_row]<br \/>\n[su_column size=&#8221;1\/6&#8243;]<img loading=\"lazy\" decoding=\"async\" src=\"https:\/\/wp-multilingual.com\/wp-content\/uploads\/sites\/18\/2017\/10\/wpml-wordpress-multilingue-traduction-square.jpg\" alt=\"\" width=\"220\" height=\"190\" class=\"aligncenter size-full wp-image-128\" \/>[\/su_column]<br \/>\n[su_column size=&#8221;2\/3&#8243;]<\/p>\n<h3>WPML: 100% mitmekeelne WooCommerce<\/h3>\n<p><strong>P\u00f5gusalt<\/strong>: WPML pakub meile oma v\u00e4ga kuulsale WPML CMS-i pluginale mooduli, et toetada 100% WooCommercei. Seda pluginat nimetatakse WooCommerce mitmekeelseks. Sellise nimega me m\u00f5lemad kahtlustavad, mida ta kavatseb teha, ja tegeleme k\u00f5ige esimese mitmekeelse WooCommercei pistikprogrammiga turul ja on endiselt t\u00f6\u00f6korras. WPML on paljudel aastatel spetsialiseerunud mitmekeelsetele WordPressi saitidele.<\/p>\n<p><strong>Mitmekeelne WooCommerce-sait? See on tema erip\u00e4ra, pole vaja otsida.<\/strong><\/p>\n<p>[\/su_column]<br \/>\n[su_column size=&#8221;1\/6&#8243;]<i>[su_spacer size=&#8221;20&#8243;]<\/i><\/p>\n<p style=\"text-align: center\"><i class=\"fa fa-star\"><\/i><i class=\"fa fa-star\"><\/i><i class=\"fa fa-star\"><\/i><i class=\"fa fa-star\"><\/i><i class=\"fa fa-star-half-o\"><\/i><br \/>\n<i>Alates 29 dollarist<\/i><\/p>\n<p>[su_button background=&#8221;#FF2F3B&#8221; size=&#8221;6&#8243; url=&#8221;https:\/\/wp-theme-plugin.com\/out-wpml&#8221; target=&#8221;blank&#8221;]<strong>Discover<\/strong> [\/su_button] [\/su_column]<br \/>\n[\/su_row]<\/p>\n<p>But by the way &#8230; What is a multilingual WooCommerce site?<\/p>\n<h1>Mitmekeelne WooCommerce? Miks? Kuidas?<\/h1>\n<p>P\u00f5him\u00f5tteliselt r\u00e4\u00e4gime WooCommercei lubamisest mitmekeelseks. Aga mida me r\u00e4\u00e4gime t\u00e4pselt? Siit saate teada, mida WooCommerce&#8217;i v\u00e4ga hea t\u00f5lke ja mitmekeelse juhtimise plugin v\u00f5ib eeldada.<\/p>\n<h2>WordPressi integreerimine<\/h2>\n<p>Mulle meeldib avada uksed:) Aga enne, kui olete WooCommercei pistikprogramm, ei pruugi plugin, mida peate oma mitmekeelse saidi jaoks k\u00f5igepealt \u00fchilduma WordPressiga. Ma olin hoiatanud &#8230; avatud uks &#8230; K\u00f6ha &#8230; Tundub, et see v\u00f5ib tunduda natuke rumal. Kuid m\u00f5elge sellele sekundile. L\u00f5ppude l\u00f5puks, teie WordPressi install ei pruugi olla nii klassikaline, kui see v\u00f5ib esmapilgul tunduda. N\u00e4ide, mille me kohtume v\u00e4ga tihti: WordPressi mitut t\u00fc\u00fcpi versiooni toetus. Ok, see ei puuduta k\u00f5iki, kuid see n\u00e4itab, et enne WooCommercei toetuse m\u00f5tlemist peame k\u00fcsima WordPressi enda toetamise k\u00fcsimust. Ma \u00fctleksin isegi toetust <strong> teie WordPressile <\/strong>. Teine plugin v\u00f5ib tekitada probleeme, n\u00e4iteks turvaplokke.<br \/>\nV\u00f5ib \u00f6elda muide: k\u00f5ik pluginad, mis v\u00f5imaldavad WooCommerceil mitmekeelseid funktsioone, on paljudes versioonides WordPressi toetamisest v\u00e4ga kaugel. Olge ettevaatlik, kui meeldib meile, et teid huvitab see WordPressi konfiguratsioon.<\/p>\n<h2>WooCommerce integratsioon<\/h2>\n<p>Ok, at this point, we are certain of our WordPress configuration and its support by the plugin on which we threw our devolute. Now let&#8217;s look at how it behaves with WooCommerce. For this, several points of vigilance:<\/p>\n<ul>\n<li> Mitu keelt meil on? <\/li>\n<li> Kuidas t\u00f5lge ilmub tagak\u00fcljele? <\/li>\n<li> Kas pistikprogramm haldab erinevat valuutat keele j\u00e4rgi? <\/li>\n<li> Kas plugin annab t\u00e4pse j\u00e4lgimise, mida t\u00f5lgitakse, t\u00f5lgitakse ja mitte t\u00f5lgitakse? <\/li>\n<li> Kas ostutunnel asuks kasutaja keeles? <\/li>\n<li> Kas tehingu e-kirjad j\u00f5uavad kasutaja keelde? <\/li>\n<\/ul>\n<p>Mitmekeelse plugina pakkumine on palju enamat kui lihtsalt pakkumine WooCommercei tooteloendite t\u00f5lkimiseks. Mitmekeelse WooCommercei toetus n\u00f5uab t\u00f5elist integratsiooni, et v\u00e4hesed pistikprogrammid v\u00f5ivad v\u00e4idetavalt teha h\u00e4sti ja 100%.<\/p>\n<h2>Media Management<\/h2>\n<p>See v\u00f5ib tunduda midagi. Kuid kas te olete kunagi m\u00f5elnud, et on v\u00f5imalik sunnitud alla laadima iga toote keele versiooni, seonduvate piltide komplekti? Kui meie saidil on k\u00fcmme toodet, pole see suur asi. Kuid kui meil on 200 toodet ja igal tootel on kolm kuni viis pilti, siis luban teil ette kujutada organisatlikke unen\u00e4gusid, mis see on. Parim ? Valige mitmekeelne WooCommerce-plugin, mis aitab teie WooCommerce-toodetega seotud meediat intelligentselt hallata.<\/p>\n<h2>SEO ja mitmekeelne<\/h2>\n<p>Pange t\u00e4hele. Et mitmekeelset WooCommercei pluginit oleks huvitav, peab see juba t\u00e4itma p\u00fcha nimekirja tingimustest, milleta on parem minna:<\/p>\n<ul>\n<li> Ole WordPressiga \u00fchilduv <\/li>\n<li> WooCommerce (toote, kassasse, tehingutega seotud e-kirjad &#8230;) t\u00f5sine kindlustus <\/li>\n<li> Hallake meediat m\u00f5nusalt <\/li>\n<\/ul>\n<p>N\u00fc\u00fcd r\u00e4\u00e4gime oma WooCommerce&#8217;i e-kaubanduse poodi looduslikust SEOst. See on kindel ennustus, et isegi kui see pole teie p\u00f5hieesm\u00e4rk, viiakse teie WooComerce&#8217;i veebisaidi t\u00f5lge ette idee suurendada oma SEO; v\u00e4hemalt natuke. Mis siis, kui mitmekeelse WooCommercei plugina kasutamine ei aita teid, vaid h\u00e4vitab teie SEO t\u00f6\u00f6d?<br \/>\nKindlasti on h\u00e4davajalik tagada, et SEO on teie jaoks m\u00f5eldud mitmekeelse WooCommerce plugina jaoks peamine meeskond.<br \/>\nMis viib meid j\u00e4rgmisele teemale &#8230;<\/p>\n<h2>Toetage kolmanda osapoole pistikprogramme<\/h2>\n<p>Enne WooCommercei plugina kasutamist on k\u00f5ik pluginad WordPressi pluginad. Ma juba \u00fctlesin seda. Kuid see l\u00e4heb kaugemale sellest, mida v\u00f5isid arvata. On vaja, et see plugin suudaks suhelda k\u00f5igi pluginatega, mis omakorda suudavad teie WooCommerce&#8217;i ja WordPressiga suhelda laiemalt. SEO-le naasmiseks peaks hea mitmekeelset WooCommercei plugin v\u00f5imaldama meil j\u00e4tkata WordPressi SEO-pluginate kasutamist ja seda keele j\u00e4rgi. seda t\u00f6\u00f6d ei saa k\u00f5nealuse plugina eest vastutavad meeskonnad. Kogukond otsustab, keda nad toetavad. Selles v\u00e4ikeses m\u00e4ngus saab \u017e\u00fcrii \u00f5nnitleda ainult WPML.<br \/>\nKui me peame arvestama k\u00f5iki pluginaid, mis moodustavad WooCommercei universumi koostalitlusv\u00f5ime osas, peame arvestama ka pistikprogrammide loodud tekstiv\u00e4ljadega. On oluline, et teie WooCommercei pistikprogramm v\u00f5imaldaks teil tulla ja t\u00f5lkida need stringid ilma vastava plugina l\u00e4htekoodi avamata.<\/p>\n<h2>Kolmanda osapoole teemad toetavad<\/h2>\n<p>Te arvate, et olete l\u00f5puks leidnud WordPressi teema, mis sobib just nii kaugele, mida olete otsinud. Sa paigaldad selle. Samuti otsustate oma kaupluse teha mitmekeelseks WooCommerce-poodiks. Ja seal, katastroof, teie plugin ja teie teema ei \u00fchildu. Miks? Kuna pluginate puhul on teema arendaja tagamaks, et plugin on 100% toetatud. Konkreetse plugina t\u00e4iendav toetus tagab plug&#8217;n-m\u00e4ngimise funktsiooni. Vaadake t\u00e4helepanelikult, leiad, et peaaegu k\u00f5ik turup\u00f5hised teemad on WPML-iga ametlikult \u00fchilduvad. See on see, et tagada aastaid k\u00f5ige parem WordPressi mitmekeelne plugin.<\/p>\n<h2>Advanced features ++<\/h2>\n<p>Mis siis, kui teie plugin tegi rohkem kui lihtsalt saidi WooCommerce mitmekeelseks? Ja kui ta saaks sulle rohkem pakkuda.<br \/>\nKui k\u00f5ik tingimused on t\u00e4idetud, siis on alati l\u00f5bus. Nii v\u00f5iks n\u00e4iteks olla:<\/p>\n<ul>\n<li> automaatne \u00fcmbersuunamine vastavalt kasutaja keelele <\/li>\n<li> Keelehaldus alamdomeenides <\/li>\n<li> Keelte haldamine eraldi \u00fclaltoodud (monsite.fr, mywebsite.com, meinewebsite.de &#8230;) <\/li>\n<li> toodete loomine, mis on seotud v\u00f5i mitte keeltes <\/li>\n<li> Juurdep\u00e4\u00e4s t\u00f5lkele p\u00fchendatud liidesele <\/li>\n<li> Uut t\u00fc\u00fcpi kasutaja loomine turvalisuse ja lihtsuse jaoks: t\u00f5lkijad. <\/li>\n<\/ul>\n<p>[su_row]<br \/>\n[su_column size=&#8221;1\/3&#8243;]<img loading=\"lazy\" decoding=\"async\" src=\"https:\/\/wp-multilingual.com\/wp-content\/uploads\/sites\/18\/2017\/10\/wpml-wordpress-multilingue-traduction-square.jpg\" alt=\"\" width=\"220\" height=\"190\" class=\"aligncenter size-full wp-image-128\" \/><\/p>\n<p style=\"text-align: center\">\n[su_button background=&#8221;#FF2F3B&#8221; size=&#8221;6&#8243; url=&#8221;https:\/\/wp-theme-plugin.com\/out-wpml&#8221; target=&#8221;blank&#8221;]<strong>Avastage<\/strong> [\/su_button]<\/p>\n<p>[\/su_column]<br \/>\n[su_column size=&#8221;2\/3&#8243;]<\/p>\n<h3>WPML: parim mitmekeelne WooCommerce<\/h3>\n<p><strong>P\u00f5gusalt<\/strong>: WPML v\u00f5ttis WooCommercei raames mitmekeelset juhtimist ette aastatepikkuseid edusamme ja \u00fcldiselt WordPressis veelgi tugevamalt. Seda silmas pidades pakub WPML meile WooCommerce mitmekeelse plugina, mis tagab k\u00f5ike, mida hea mitmekeelne plugin peaks teadma, kuidas h\u00e4sti teha. Lisaks sellele pakub see meile lisav\u00f5imalusi, mis on eriti v\u00e4\u00e4rtuslikud.<\/p>\n<p><strong>WooCommerce mitmekeelne pakub WooCommerceile t\u00f5elist mitmekeelse administreerimisliidese.<\/strong><\/p>\n<p>[\/su_column]<br \/>\n[\/su_row]<\/p>\n<p>[su_divider top=&#8221;no&#8221; style=&#8221;dotted&#8221; size=&#8221;2&#8243;]<\/p>\n<h1>Rohkem ressursse WooCommerce&#8217;ile<\/h1>\n<p>WooCommerce on suur teema. K\u00f5neldes WooCommerce&#8217;i mitmekeelse versiooniga, l\u00e4henesime WooCommerceile vaid \u00fche selle paljudest aspektidest l\u00e4htudes. Soovitame j\u00e4tkata WooCommercei lugemist j\u00e4rgmistes teemades:<\/p>\n<h3>Kus teie WooCommerce&#8217;i veebisaiti v\u00f5\u00f5rustada?<\/h3>\n<p><strong>WooCommerce Hosting<\/strong> : Veebisaidi WooCommerce peab alati olema oma j\u00f5udluse ja juurdep\u00e4\u00e4setavuse tipus. Teie veebimajutus on nende kahe olulise probleemi keskmes. \u00d5ige majutuse valimine on h\u00e4davajalik. Kas teadsite, et WooCommercei jaoks on t\u00e4iesti l\u00e4bim\u00f5eldud ja turvaline majutus?<br \/>\n[su_row]<br \/>\n[su_column size=&#8221;2\/3&#8243;]<strong>Aidake teil valida WooCommercei, mis pakub veebisaidi.<\/strong>[\/su_column]<br \/>\n[su_column size=&#8221;1\/3&#8243;][su_button background=&#8221;#FF2F3B&#8221; size=&#8221;6&#8243; url=&#8221;https:\/\/woo-hosting.com&#8221; target=&#8221;blank&#8221;]<strong>WooCommerce Hosting<\/strong> [\/su_button] [\/su_column]<br \/>\n[\/su_row]<\/p>\n<h3>Millised WooCommercei pluginad ja teemad?<\/h3>\n<p><strong>WooCommerce&#8217;i teemad ja pistikprogrammid <\/strong>: WooCommerce&#8217;i veebisaiti peab alati olema j\u00f5udluse ja h\u00f5lbustuse tipus. Teie veebimajutus on nende kahe olulise probleemi keskmes. \u00d5ige majutuse valimine on h\u00e4davajalik. Kas teadsite, et WooCommercei jaoks on t\u00e4iesti l\u00e4bim\u00f5eldud ja turvaline majutus?<br \/>\n[su_row]<br \/>\n[su_column size=&#8221;2\/3&#8243;]<strong>Help you make the choice of hosting WooCommerce that provides.<\/strong>[\/su_column]<br \/>\n[su_column size=&#8221;1\/3&#8243;][su_button background=&#8221;#FF2F3B&#8221; size=&#8221;6&#8243; url=&#8221;https:\/\/woo-themes-plugins.com\/en&#8221; target=&#8221;blank&#8221;]<strong>WooCommerce&#8217;i teemad ja pluginad<\/strong> [\/su_button] [\/su_column]<br \/>\n[\/su_row]<br \/>\n[su_divider top=&#8221;no&#8221; style=&#8221;dotted&#8221; size=&#8221;2&#8243;]<\/p>\n<h1><\/h1>\n","protected":false},"excerpt":{"rendered":"<p>[su_quote cite=&#8221;Built With&#8221; url=&#8221;https:\/\/builtwith.com\/ecommerce\/&#8221; target=&#8221;blank&#8221;]Juba kolm aastat on WooCommerce juba maailmas 41% e-kaubanduse saitidest ja \u00fcletab peagi Magento omaette, e-kaubanduse saitide peamised kontod.[\/su_quote] Mitte viis aastat tagasi, uskudes, et WordPress suudab pakkuda k\u00f5iki selliseid&#46;&#46;&#46;<\/p>\n","protected":false},"author":2,"featured_media":0,"parent":0,"menu_order":0,"comment_status":"closed","ping_status":"closed","template":"","meta":{"_monsterinsights_skip_tracking":false,"_monsterinsights_sitenote_active":false,"_monsterinsights_sitenote_note":"","_monsterinsights_sitenote_category":0,"footnotes":""},"class_list":["post-797","page","type-page","status-publish","hentry"],"yoast_head":"<!-- This site is optimized with the Yoast SEO plugin v23.1 - https:\/\/yoast.com\/wordpress\/plugins\/seo\/ -->\n<title>Mitmekeelne plugin WooCommerce \/ T\u00f5lkige oma WP-i kaubanduse veebisaiti<\/title>\n<meta name=\"description\" content=\"Kas WooCommercei abil on vaja WooCommerce&#039;i veebisaiti t\u00f5lkida v\u00f5i on vaja luua t\u00f5elisi mitmekeelseid ja rahvusvahelistunud kauplusi? Vaadake WooCommerce&#039;i mitmekeelse plugina kohe.\" \/>\n<meta name=\"robots\" content=\"index, follow, max-snippet:-1, max-image-preview:large, max-video-preview:-1\" \/>\n<link rel=\"canonical\" href=\"https:\/\/wp-multilingual.com\/et\/mitmekeelne-woocommercei-plugin\/\" \/>\n<meta property=\"og:locale\" content=\"et_EE\" \/>\n<meta property=\"og:type\" content=\"article\" \/>\n<meta property=\"og:title\" content=\"Mitmekeelne plugin WooCommerce \/ T\u00f5lkige oma WP-i kaubanduse veebisaiti\" \/>\n<meta property=\"og:description\" content=\"Kas WooCommercei abil on vaja WooCommerce&#039;i veebisaiti t\u00f5lkida v\u00f5i on vaja luua t\u00f5elisi mitmekeelseid ja rahvusvahelistunud kauplusi? Vaadake WooCommerce&#039;i mitmekeelse plugina kohe.\" \/>\n<meta property=\"og:url\" content=\"https:\/\/wp-multilingual.com\/et\/mitmekeelne-woocommercei-plugin\/\" \/>\n<meta property=\"og:site_name\" content=\"wp-multlingual.com\" \/>\n<meta property=\"og:image\" content=\"https:\/\/wp-multilingual.com\/wp-content\/uploads\/sites\/18\/2017\/10\/woocommerce-multilingue-logo.jpg\" \/>\n<meta name=\"twitter:card\" content=\"summary_large_image\" \/>\n<meta name=\"twitter:label1\" content=\"Est. reading time\" \/>\n\t<meta name=\"twitter:data1\" content=\"8 minutit\" \/>\n<script type=\"application\/ld+json\" class=\"yoast-schema-graph\">{\"@context\":\"https:\/\/schema.org\",\"@graph\":[{\"@type\":\"WebPage\",\"@id\":\"https:\/\/wp-multilingual.com\/et\/mitmekeelne-woocommercei-plugin\/\",\"url\":\"https:\/\/wp-multilingual.com\/et\/mitmekeelne-woocommercei-plugin\/\",\"name\":\"Mitmekeelne plugin WooCommerce \/ T\u00f5lkige oma WP-i kaubanduse veebisaiti\",\"isPartOf\":{\"@id\":\"https:\/\/wp-multilingual.com\/el\/#website\"},\"primaryImageOfPage\":{\"@id\":\"https:\/\/wp-multilingual.com\/et\/mitmekeelne-woocommercei-plugin\/#primaryimage\"},\"image\":{\"@id\":\"https:\/\/wp-multilingual.com\/et\/mitmekeelne-woocommercei-plugin\/#primaryimage\"},\"thumbnailUrl\":\"https:\/\/wp-multilingual.com\/wp-content\/uploads\/sites\/18\/2017\/10\/woocommerce-multilingue-logo.jpg\",\"datePublished\":\"2018-04-05T11:49:33+00:00\",\"dateModified\":\"2018-04-05T11:49:33+00:00\",\"description\":\"Kas WooCommercei abil on vaja WooCommerce'i veebisaiti t\u00f5lkida v\u00f5i on vaja luua t\u00f5elisi mitmekeelseid ja rahvusvahelistunud kauplusi? Vaadake WooCommerce'i mitmekeelse plugina kohe.\",\"breadcrumb\":{\"@id\":\"https:\/\/wp-multilingual.com\/et\/mitmekeelne-woocommercei-plugin\/#breadcrumb\"},\"inLanguage\":\"et\",\"potentialAction\":[{\"@type\":\"ReadAction\",\"target\":[\"https:\/\/wp-multilingual.com\/et\/mitmekeelne-woocommercei-plugin\/\"]}]},{\"@type\":\"ImageObject\",\"inLanguage\":\"et\",\"@id\":\"https:\/\/wp-multilingual.com\/et\/mitmekeelne-woocommercei-plugin\/#primaryimage\",\"url\":\"https:\/\/wp-multilingual.com\/wp-content\/uploads\/sites\/18\/2017\/10\/woocommerce-multilingue-logo.jpg\",\"contentUrl\":\"https:\/\/wp-multilingual.com\/wp-content\/uploads\/sites\/18\/2017\/10\/woocommerce-multilingue-logo.jpg\"},{\"@type\":\"BreadcrumbList\",\"@id\":\"https:\/\/wp-multilingual.com\/et\/mitmekeelne-woocommercei-plugin\/#breadcrumb\",\"itemListElement\":[{\"@type\":\"ListItem\",\"position\":1,\"name\":\"Accueil\",\"item\":\"https:\/\/wp-multilingual.com\/\"},{\"@type\":\"ListItem\",\"position\":2,\"name\":\"Mitmekeelne WooCommercei plugin\"}]},{\"@type\":\"WebSite\",\"@id\":\"https:\/\/wp-multilingual.com\/el\/#website\",\"url\":\"https:\/\/wp-multilingual.com\/el\/\",\"name\":\"wp-multlingual.com\",\"description\":\"Th\u00e8mes et Plugins Magento\",\"potentialAction\":[{\"@type\":\"SearchAction\",\"target\":{\"@type\":\"EntryPoint\",\"urlTemplate\":\"https:\/\/wp-multilingual.com\/el\/?s={search_term_string}\"},\"query-input\":\"required name=search_term_string\"}],\"inLanguage\":\"et\"}]}<\/script>\n<!-- \/ Yoast SEO plugin. -->","yoast_head_json":{"title":"Mitmekeelne plugin WooCommerce \/ T\u00f5lkige oma WP-i kaubanduse veebisaiti","description":"Kas WooCommercei abil on vaja WooCommerce'i veebisaiti t\u00f5lkida v\u00f5i on vaja luua t\u00f5elisi mitmekeelseid ja rahvusvahelistunud kauplusi? Vaadake WooCommerce'i mitmekeelse plugina kohe.","robots":{"index":"index","follow":"follow","max-snippet":"max-snippet:-1","max-image-preview":"max-image-preview:large","max-video-preview":"max-video-preview:-1"},"canonical":"https:\/\/wp-multilingual.com\/et\/mitmekeelne-woocommercei-plugin\/","og_locale":"et_EE","og_type":"article","og_title":"Mitmekeelne plugin WooCommerce \/ T\u00f5lkige oma WP-i kaubanduse veebisaiti","og_description":"Kas WooCommercei abil on vaja WooCommerce'i veebisaiti t\u00f5lkida v\u00f5i on vaja luua t\u00f5elisi mitmekeelseid ja rahvusvahelistunud kauplusi? Vaadake WooCommerce'i mitmekeelse plugina kohe.","og_url":"https:\/\/wp-multilingual.com\/et\/mitmekeelne-woocommercei-plugin\/","og_site_name":"wp-multlingual.com","og_image":[{"url":"https:\/\/wp-multilingual.com\/wp-content\/uploads\/sites\/18\/2017\/10\/woocommerce-multilingue-logo.jpg"}],"twitter_card":"summary_large_image","twitter_misc":{"Est. reading time":"8 minutit"},"schema":{"@context":"https:\/\/schema.org","@graph":[{"@type":"WebPage","@id":"https:\/\/wp-multilingual.com\/et\/mitmekeelne-woocommercei-plugin\/","url":"https:\/\/wp-multilingual.com\/et\/mitmekeelne-woocommercei-plugin\/","name":"Mitmekeelne plugin WooCommerce \/ T\u00f5lkige oma WP-i kaubanduse veebisaiti","isPartOf":{"@id":"https:\/\/wp-multilingual.com\/el\/#website"},"primaryImageOfPage":{"@id":"https:\/\/wp-multilingual.com\/et\/mitmekeelne-woocommercei-plugin\/#primaryimage"},"image":{"@id":"https:\/\/wp-multilingual.com\/et\/mitmekeelne-woocommercei-plugin\/#primaryimage"},"thumbnailUrl":"https:\/\/wp-multilingual.com\/wp-content\/uploads\/sites\/18\/2017\/10\/woocommerce-multilingue-logo.jpg","datePublished":"2018-04-05T11:49:33+00:00","dateModified":"2018-04-05T11:49:33+00:00","description":"Kas WooCommercei abil on vaja WooCommerce'i veebisaiti t\u00f5lkida v\u00f5i on vaja luua t\u00f5elisi mitmekeelseid ja rahvusvahelistunud kauplusi? Vaadake WooCommerce'i mitmekeelse plugina kohe.","breadcrumb":{"@id":"https:\/\/wp-multilingual.com\/et\/mitmekeelne-woocommercei-plugin\/#breadcrumb"},"inLanguage":"et","potentialAction":[{"@type":"ReadAction","target":["https:\/\/wp-multilingual.com\/et\/mitmekeelne-woocommercei-plugin\/"]}]},{"@type":"ImageObject","inLanguage":"et","@id":"https:\/\/wp-multilingual.com\/et\/mitmekeelne-woocommercei-plugin\/#primaryimage","url":"https:\/\/wp-multilingual.com\/wp-content\/uploads\/sites\/18\/2017\/10\/woocommerce-multilingue-logo.jpg","contentUrl":"https:\/\/wp-multilingual.com\/wp-content\/uploads\/sites\/18\/2017\/10\/woocommerce-multilingue-logo.jpg"},{"@type":"BreadcrumbList","@id":"https:\/\/wp-multilingual.com\/et\/mitmekeelne-woocommercei-plugin\/#breadcrumb","itemListElement":[{"@type":"ListItem","position":1,"name":"Accueil","item":"https:\/\/wp-multilingual.com\/"},{"@type":"ListItem","position":2,"name":"Mitmekeelne WooCommercei plugin"}]},{"@type":"WebSite","@id":"https:\/\/wp-multilingual.com\/el\/#website","url":"https:\/\/wp-multilingual.com\/el\/","name":"wp-multlingual.com","description":"Th\u00e8mes et Plugins Magento","potentialAction":[{"@type":"SearchAction","target":{"@type":"EntryPoint","urlTemplate":"https:\/\/wp-multilingual.com\/el\/?s={search_term_string}"},"query-input":"required name=search_term_string"}],"inLanguage":"et"}]}},"_links":{"self":[{"href":"https:\/\/wp-multilingual.com\/et\/wp-json\/wp\/v2\/pages\/797","targetHints":{"allow":["GET"]}}],"collection":[{"href":"https:\/\/wp-multilingual.com\/et\/wp-json\/wp\/v2\/pages"}],"about":[{"href":"https:\/\/wp-multilingual.com\/et\/wp-json\/wp\/v2\/types\/page"}],"author":[{"embeddable":true,"href":"https:\/\/wp-multilingual.com\/et\/wp-json\/wp\/v2\/users\/2"}],"replies":[{"embeddable":true,"href":"https:\/\/wp-multilingual.com\/et\/wp-json\/wp\/v2\/comments?post=797"}],"version-history":[{"count":1,"href":"https:\/\/wp-multilingual.com\/et\/wp-json\/wp\/v2\/pages\/797\/revisions"}],"predecessor-version":[{"id":798,"href":"https:\/\/wp-multilingual.com\/et\/wp-json\/wp\/v2\/pages\/797\/revisions\/798"}],"wp:attachment":[{"href":"https:\/\/wp-multilingual.com\/et\/wp-json\/wp\/v2\/media?parent=797"}],"curies":[{"name":"wp","href":"https:\/\/api.w.org\/{rel}","templated":true}]}}