{"id":871,"date":"2018-04-06T11:01:52","date_gmt":"2018-04-06T09:01:52","guid":{"rendered":"https:\/\/wp-multilingual.com\/?page_id=871"},"modified":"2018-04-06T11:01:52","modified_gmt":"2018-04-06T09:01:52","slug":"complementos-traduccion-wordpress","status":"publish","type":"page","link":"https:\/\/wp-multilingual.com\/es\/complementos-traduccion-wordpress\/","title":{"rendered":"Los 5 mejores plugins de WordPress para traducci\u00f3n 2018"},"content":{"rendered":"<h1>Lista de plugins de traducci\u00f3n de WordPress<\/h1>\n<p>\u00bfBusca un complemento de WordPress que le permita traducir todo su sitio de WordPress para armar versiones localizadas de su sitio? De hecho, WordPress no permite que una base cree un sitio multiling\u00fce, que es una falta real que puede sentirse r\u00e1pidamente. Pero, como siempre, la comunidad detr\u00e1s de WordPress nos ha proporcionado r\u00e1pidamente soluciones avanzadas y un manejo sencillo. Algunos de los complementos de traducci\u00f3n de WordPress que vamos a presentar han existido durante a\u00f1os, proporcionando un servicio superior, pero los reci\u00e9n llegados vienen a reorganizar las tarjetas para nuestro disfrute.<\/p>\n<p>Gracias a esta sana competencia, los plugins multiling\u00fces para WordPress han evolucionado, haci\u00e9ndose cada vez m\u00e1s sencillos e integrados con WordPress, as\u00ed como tambi\u00e9n m\u00e1s r\u00e1pidos y seguros. Nuestra lista de complementos de traducci\u00f3n para WordPress le permitir\u00e1 descubrir los mejores plugins multiling\u00fces.<\/p>\n<h1>Top WordPress Translation Plugins<\/h1>\n<p>Querer un sitio multiling\u00fce de WordPress est\u00e1 dirigido a todos los tipos de sitios que se pueden hacer con WordPress, pero tambi\u00e9n a todos los tama\u00f1os de sitios. No es necesario ser un gran sitio para aprovechar multiling\u00fce con WordPress.<\/p>\n<p>[su_row]<br \/>\n[su_column size=\u00bb1\/6&#8243;]<img loading=\"lazy\" decoding=\"async\" class=\"aligncenter size-full wp-image-128\" src=\"https:\/\/wp-multilingual.com\/wp-content\/uploads\/sites\/18\/2017\/10\/wpml-wordpress-multilingue-traduction-square.jpg\" alt=\"\" width=\"220\" height=\"190\" \/>[\/su_column]<br \/>\n[su_column size=\u00bb2\/3&#8243;]<\/p>\n<h3>WPML CMS: El mejor complemento de traducci\u00f3n de WordPress<\/h3>\n<p><strong>En resumen<\/strong>: Despu\u00e9s de a\u00f1os de uso, WPML es definitivamente el complemento que recomendamos a todos usar, y que utilizamos en todos nuestros proyectos multiling\u00fces. En su opini\u00f3n, \u00bfqu\u00e9 usa este sitio para su parte multiling\u00fce? WPML por supuesto! Funcionalidades de traducci\u00f3n para WordPress que no guardan proporci\u00f3n con todo lo que se hace en el mercado de plugins de traducci\u00f3n de WordPress.<\/p>\n<p><strong>Lo mejor de todo es que el soporte WPML CMS de forma gratuita <a href=\"https:\/\/wp-multilingue.fr\/plugins-wordpress-compatible-multilingual\/woocommerce-multilingue\/\"> WooCommerce Multilingual <\/a>.<\/strong><br \/>\n<a href=\"\/?page_id=766\">&gt; WPML CMS Plugin de traducci\u00f3n de WordPress: la revisi\u00f3n completa<\/a><br \/>\n[\/su_column]<br \/>\n[su_column size=\u00bb1\/6&#8243;]<br \/>\n[su_spacer size=\u00bb10&#8243;]<br \/>\n<i class=\"fa fa-star\" style=\"font-size: 25px;color: #1f88a3\"><\/i><i class=\"fa fa-star\" style=\"font-size: 25px;color: #1f88a3\"><\/i><i class=\"fa fa-star\" style=\"font-size: 25px;color: #1f88a3\"><\/i><i class=\"fa fa-star\" style=\"font-size: 25px;color: #1f88a3\"><\/i><i class=\"fa fa-star-half-o\" style=\"font-size: 25px;color: #1f88a3\"><\/i><br \/>\n[su_spacer size=\u00bb40&#8243;]<\/p>\n<p style=\"text-align: center\">[su_button background=\u00bb#1F88A3&#8243; size=\u00bb6&#8243; url=\u00bbhttps:\/\/wp-theme-plugin.com\/out-wpml\u00bb target=\u00bbblank\u00bb] <strong>Descubrir<\/strong> [\/su_button] [\/su_column]<br \/>\n[\/su_row]<\/p>\n<p>[su_row]<br \/>\n[su_column size=\u00bb1\/6&#8243;]<img loading=\"lazy\" decoding=\"async\" class=\"aligncenter size-full wp-image-129\" src=\"https:\/\/wp-multilingual.com\/wp-content\/uploads\/sites\/18\/2017\/10\/wpml-blog-wordpress-multilingue-traduction-square.jpg\" alt=\"\" width=\"220\" height=\"190\" \/>[\/su_column]<br \/>\n[su_column size=\u00bb2\/3&#8243;]<\/p>\n<h3>WPML Blog: Plugin biling\u00fce de WordPress<\/h3>\n<p><strong>En resumen<\/strong>: Algunos dir\u00e1n que WPML es una \u00abplanta de gas real\u00bb. El primer enfoque de WPML ciertamente puede parecer un poco desconcertante. Por qu\u00e9 ? Porque este complemento empuja la gesti\u00f3n multiling\u00fce a un nivel profesional. Pero a\u00fan debemos entender todos los pormenores para salir f\u00e1cilmente. Para aquellos que quieren un sitio multiling\u00fce, y esto de forma r\u00e1pida y sin aprendizaje, el blog de la versi\u00f3n WPML te har\u00e1 feliz.<\/p>\n<p><strong>Cuando WPML se vuelve tan simple como un clic en su back office.<\/strong><br \/>\n<a href=\"\/?page_id=766\">&gt; WPML Blog Plugin de traducci\u00f3n de WordPress: la revisi\u00f3n completa<\/a><br \/>\n[\/su_column]<br \/>\n[su_column size=\u00bb1\/6&#8243;]<br \/>\n[su_spacer size=\u00bb10&#8243;]<br \/>\n<i class=\"fa fa-star\" style=\"font-size: 25px;color: #1f88a3\"><\/i><i class=\"fa fa-star\" style=\"font-size: 25px;color: #1f88a3\"><\/i><i class=\"fa fa-star\" style=\"font-size: 25px;color: #1f88a3\"><\/i><i class=\"fa fa-star\" style=\"font-size: 25px;color: #1f88a3\"><\/i><i class=\"fa fa-star-o\" style=\"font-size: 25px;color: #1f88a3\"><\/i><\/p>\n<p>[su_spacer size=\u00bb40&#8243;]<\/p>\n<p style=\"text-align: center\">[su_button background=\u00bb#1F88A3&#8243; size=\u00bb6&#8243; url=\u00bbhttps:\/\/wp-theme-plugin.com\/out-wpml\u00bb target=\u00bbblank\u00bb] <strong>Descubrir<\/strong> [\/su_button] [\/su_column]<\/p>\n<p>[\/su_row]<br \/>\n[su_row]<br \/>\n[su_column size=\u00bb1\/6&#8243;]<img loading=\"lazy\" decoding=\"async\" class=\"aligncenter size-full wp-image-132\" src=\"https:\/\/wp-multilingual.com\/wp-content\/uploads\/sites\/18\/2017\/10\/qtranslatex-wordpress-multilingue-traduction-square.jpg\" alt=\"\" width=\"220\" height=\"190\" \/>[\/su_column]<br \/>\n[su_column size=\u00bb2\/3&#8243;]<\/p>\n<h3>qTranslate X: Plugin de traducci\u00f3n abandonado?<\/h3>\n<p><strong>En resumen<\/strong>: Con m\u00e1s de 100.000 sitios de WordPress que siempre conf\u00edan en qTranslateX para garantizar que la traducci\u00f3n sea parte de su sitio de WordPress, podemos creer que este plugin bien conocido se mantendr\u00e1. Pero cuando se realiza esta prueba, qTranslateX no se ha actualizado durante un a\u00f1o. Un plugin simple y efectivo que parece desaparecer poco a poco.<\/p>\n<p><strong>\u00bfQTranslate se estancar\u00eda o simplemente estar\u00eda en espera?<\/strong><br \/>\n<a href=\"\/?page_id=764\">&gt; qTranslateX Plugin de traducci\u00f3n de WordPress: la revisi\u00f3n completa<\/a><br \/>\n[\/su_column]<br \/>\n[su_column size=\u00bb1\/6&#8243;]<br \/>\n[su_spacer size=\u00bb10&#8243;]<br \/>\n<i class=\"fa fa-star\" style=\"font-size: 25px;color: #1f88a3\"><\/i><i class=\"fa fa-star\" style=\"font-size: 25px;color: #1f88a3\"><\/i><i class=\"fa fa-star-half-o\" style=\"font-size: 25px;color: #1f88a3\"><\/i><i class=\"fa fa-star-o\" style=\"font-size: 25px;color: #1f88a3\"><\/i><i class=\"fa fa-star-o\" style=\"font-size: 25px;color: #1f88a3\"><\/i><br \/>\n[su_spacer size=\u00bb40&#8243;]<\/p>\n<p style=\"text-align: center\">[su_button background=\u00bb#1F88A3&#8243; size=\u00bb6&#8243; url=\u00bbhttps:\/\/wp-theme-plugin.com\/out-qtranslatex\u00bb target=\u00bbblank\u00bb] <strong>Descubrir<\/strong> [\/su_button] [\/su_column]<\/p>\n<p>[\/su_row]<\/p>\n<p>[su_row]<br \/>\n[su_column size=\u00bb1\/6&#8243;]<img loading=\"lazy\" decoding=\"async\" class=\"aligncenter size-full wp-image-131\" src=\"https:\/\/wp-multilingual.com\/wp-content\/uploads\/sites\/18\/2017\/10\/multilingualpress-wordpress-multilingue-traduction-square.png\" alt=\"\" width=\"220\" height=\"190\" \/>[\/su_column]<br \/>\n[su_column size=\u00bb2\/3&#8243;]<\/p>\n<h3>MultilingualPress: The translation plugin that ensures<\/h3>\n<p><strong>En resumen<\/strong>: Cuando eres el equipo detr\u00e1s de uno de los complementos de copia de seguridad de WordPress m\u00e1s famosos, imagino que asegurar es como una segunda naturaleza. Bueno, excepto este peque\u00f1o juego de palabras, MultilingualPress es un plugin de traducci\u00f3n para WordPress que le ofrece una visi\u00f3n innovadora en t\u00e9rminos de manejo del idioma, de modo que su sitio de WordPress siempre se mantiene en la cima de su desempe\u00f1o.<\/p>\n<p><strong>Un reci\u00e9n llegado al mundo de la traducci\u00f3n de WordPress que har\u00e1 que la gente hable.<\/strong><br \/>\n<a href=\"\/?page_id=760\">&gt;MultilingualPress Plugin de traducci\u00f3n de WordPress: la revisi\u00f3n completa<\/a><br \/>\n[\/su_column]<br \/>\n[su_column size=\u00bb1\/6&#8243;]<br \/>\n[su_spacer size=\u00bb10&#8243;]<br \/>\n<i class=\"fa fa-star\" style=\"font-size: 25px;color: #1f88a3\"><\/i><i class=\"fa fa-star\" style=\"font-size: 25px;color: #1f88a3\"><\/i><i class=\"fa fa-star\" style=\"font-size: 25px;color: #1f88a3\"><\/i><i class=\"fa fa-star\" style=\"font-size: 25px;color: #1f88a3\"><\/i><i class=\"fa fa-star-o\" style=\"font-size: 25px;color: #1f88a3\"><\/i><br \/>\n[su_spacer size=\u00bb40&#8243;]<\/p>\n<p style=\"text-align: center\">[su_button background=\u00bb#1F88A3&#8243; size=\u00bb6&#8243; url=\u00bbhttps:\/\/wp-theme-plugin.com\/out-multilingual-press\u00bb target=\u00bbblank\u00bb] <strong>Descubrir<\/strong> [\/su_button] [\/su_column]<\/p>\n<p>[\/su_row]<\/p>\n<p>[su_row]<br \/>\n[su_column size=\u00bb1\/6&#8243;]<img loading=\"lazy\" decoding=\"async\" class=\"aligncenter size-full wp-image-130\" src=\"https:\/\/wp-multilingual.com\/wp-content\/uploads\/sites\/18\/2017\/10\/polylang-wordpress-multilingue-traduction-square.png\" alt=\"\" width=\"220\" height=\"190\" \/>[\/su_column]<br \/>\n[su_column size=\u00bb2\/3&#8243;]<\/p>\n<h3>Polylang: El plugin de traducci\u00f3n para descubrir<\/h3>\n<p><strong>En resumen<\/strong>: PolyLang es un plugin de traducci\u00f3n de WordPress que se ha estado desarrollando de forma constante y progresiva durante a\u00f1os. Este plugin finalmente est\u00e1 bajo los reflectores, y como tal, sabe muchas m\u00e1s actualizaciones funcionales. Polylang es un complemento multiling\u00fce avanzado de WordPress que merece tomarse el tiempo para descubrir su visi\u00f3n de la traducci\u00f3n de WordPress.<br \/>\n<strong>Con todas estas caracter\u00edsticas, Polylang se encuentra en la parte superior de la canasta.<\/strong><br \/>\n<a href=\"\/?page_id=762\">&gt; polyLang Plugin de traducci\u00f3n de WordPress: la revisi\u00f3n completa<\/a><br \/>\n[\/su_column]<br \/>\n[su_column size=\u00bb1\/6&#8243;]<br \/>\n[su_spacer size=\u00bb10&#8243;]<br \/>\n<i class=\"fa fa-star\" style=\"font-size: 25px;color: #1f88a3\"><\/i><i class=\"fa fa-star\" style=\"font-size: 25px;color: #1f88a3\"><\/i><i class=\"fa fa-star\" style=\"font-size: 25px;color: #1f88a3\"><\/i><i class=\"fa fa-star\" style=\"font-size: 25px;color: #1f88a3\"><\/i><i class=\"fa fa-star-o\" style=\"font-size: 25px;color: #1f88a3\"><\/i><br \/>\n[su_spacer size=\u00bb40&#8243;]<\/p>\n<p style=\"text-align: center\">[su_button background=\u00bb#1F88A3&#8243; size=\u00bb6&#8243; url=\u00bbhttps:\/\/wp-theme-plugin.com\/out-polylang\u00bb target=\u00bbblank\u00bb] <strong>Descubrir <\/strong> [\/su_button] [\/su_column]<\/p>\n<p>[\/su_row]<\/p>\n","protected":false},"excerpt":{"rendered":"<p>Lista de plugins de traducci\u00f3n de WordPress \u00bfBusca un complemento de WordPress que le permita traducir todo su sitio de WordPress para armar versiones localizadas de su sitio? De hecho, WordPress no permite que&#46;&#46;&#46;<\/p>\n","protected":false},"author":2,"featured_media":0,"parent":0,"menu_order":0,"comment_status":"closed","ping_status":"closed","template":"","meta":{"_monsterinsights_skip_tracking":false,"_monsterinsights_sitenote_active":false,"_monsterinsights_sitenote_note":"","_monsterinsights_sitenote_category":0,"footnotes":""},"class_list":["post-871","page","type-page","status-publish","hentry"],"yoast_head":"<!-- This site is optimized with the Yoast SEO plugin v23.1 - https:\/\/yoast.com\/wordpress\/plugins\/seo\/ -->\n<title>Complementos de traducci\u00f3n de WordPress: los TOP 5 de WordPress multiling\u00fce<\/title>\n<meta name=\"description\" content=\"Traducir su sitio de WordPress? Esto es simple con el plugin de traducci\u00f3n de WordPress correcto. Consulte la selecci\u00f3n de los mejores plugins de traducci\u00f3n de WordPress para 2018 de inmediato.\" \/>\n<meta name=\"robots\" content=\"index, follow, max-snippet:-1, max-image-preview:large, max-video-preview:-1\" \/>\n<link rel=\"canonical\" href=\"https:\/\/wp-multilingual.com\/es\/complementos-traduccion-wordpress\/\" \/>\n<meta property=\"og:locale\" content=\"es_ES\" \/>\n<meta property=\"og:type\" content=\"article\" \/>\n<meta property=\"og:title\" content=\"Complementos de traducci\u00f3n de WordPress: los TOP 5 de WordPress multiling\u00fce\" \/>\n<meta property=\"og:description\" content=\"Traducir su sitio de WordPress? Esto es simple con el plugin de traducci\u00f3n de WordPress correcto. Consulte la selecci\u00f3n de los mejores plugins de traducci\u00f3n de WordPress para 2018 de inmediato.\" \/>\n<meta property=\"og:url\" content=\"https:\/\/wp-multilingual.com\/es\/complementos-traduccion-wordpress\/\" \/>\n<meta property=\"og:site_name\" content=\"wp-multlingual.com\" \/>\n<meta property=\"og:image\" content=\"https:\/\/wp-multilingual.com\/wp-content\/uploads\/sites\/18\/2017\/10\/wpml-wordpress-multilingue-traduction-square.jpg\" \/>\n<meta name=\"twitter:card\" content=\"summary_large_image\" \/>\n<meta name=\"twitter:label1\" content=\"Tiempo de lectura\" \/>\n\t<meta name=\"twitter:data1\" content=\"5 minutos\" \/>\n<script type=\"application\/ld+json\" class=\"yoast-schema-graph\">{\"@context\":\"https:\/\/schema.org\",\"@graph\":[{\"@type\":\"WebPage\",\"@id\":\"https:\/\/wp-multilingual.com\/es\/complementos-traduccion-wordpress\/\",\"url\":\"https:\/\/wp-multilingual.com\/es\/complementos-traduccion-wordpress\/\",\"name\":\"Complementos de traducci\u00f3n de WordPress: los TOP 5 de WordPress multiling\u00fce\",\"isPartOf\":{\"@id\":\"https:\/\/wp-multilingual.com\/el\/#website\"},\"primaryImageOfPage\":{\"@id\":\"https:\/\/wp-multilingual.com\/es\/complementos-traduccion-wordpress\/#primaryimage\"},\"image\":{\"@id\":\"https:\/\/wp-multilingual.com\/es\/complementos-traduccion-wordpress\/#primaryimage\"},\"thumbnailUrl\":\"https:\/\/wp-multilingual.com\/wp-content\/uploads\/sites\/18\/2017\/10\/wpml-wordpress-multilingue-traduction-square.jpg\",\"datePublished\":\"2018-04-06T09:01:52+00:00\",\"dateModified\":\"2018-04-06T09:01:52+00:00\",\"description\":\"Traducir su sitio de WordPress? Esto es simple con el plugin de traducci\u00f3n de WordPress correcto. Consulte la selecci\u00f3n de los mejores plugins de traducci\u00f3n de WordPress para 2018 de inmediato.\",\"breadcrumb\":{\"@id\":\"https:\/\/wp-multilingual.com\/es\/complementos-traduccion-wordpress\/#breadcrumb\"},\"inLanguage\":\"es\",\"potentialAction\":[{\"@type\":\"ReadAction\",\"target\":[\"https:\/\/wp-multilingual.com\/es\/complementos-traduccion-wordpress\/\"]}]},{\"@type\":\"ImageObject\",\"inLanguage\":\"es\",\"@id\":\"https:\/\/wp-multilingual.com\/es\/complementos-traduccion-wordpress\/#primaryimage\",\"url\":\"https:\/\/wp-multilingual.com\/wp-content\/uploads\/sites\/18\/2017\/10\/wpml-wordpress-multilingue-traduction-square.jpg\",\"contentUrl\":\"https:\/\/wp-multilingual.com\/wp-content\/uploads\/sites\/18\/2017\/10\/wpml-wordpress-multilingue-traduction-square.jpg\"},{\"@type\":\"BreadcrumbList\",\"@id\":\"https:\/\/wp-multilingual.com\/es\/complementos-traduccion-wordpress\/#breadcrumb\",\"itemListElement\":[{\"@type\":\"ListItem\",\"position\":1,\"name\":\"Accueil\",\"item\":\"https:\/\/wp-multilingual.com\/\"},{\"@type\":\"ListItem\",\"position\":2,\"name\":\"Los 5 mejores plugins de WordPress para traducci\u00f3n 2018\"}]},{\"@type\":\"WebSite\",\"@id\":\"https:\/\/wp-multilingual.com\/el\/#website\",\"url\":\"https:\/\/wp-multilingual.com\/el\/\",\"name\":\"wp-multlingual.com\",\"description\":\"Th\u00e8mes et Plugins Magento\",\"potentialAction\":[{\"@type\":\"SearchAction\",\"target\":{\"@type\":\"EntryPoint\",\"urlTemplate\":\"https:\/\/wp-multilingual.com\/el\/?s={search_term_string}\"},\"query-input\":\"required name=search_term_string\"}],\"inLanguage\":\"es\"}]}<\/script>\n<!-- \/ Yoast SEO plugin. -->","yoast_head_json":{"title":"Complementos de traducci\u00f3n de WordPress: los TOP 5 de WordPress multiling\u00fce","description":"Traducir su sitio de WordPress? Esto es simple con el plugin de traducci\u00f3n de WordPress correcto. Consulte la selecci\u00f3n de los mejores plugins de traducci\u00f3n de WordPress para 2018 de inmediato.","robots":{"index":"index","follow":"follow","max-snippet":"max-snippet:-1","max-image-preview":"max-image-preview:large","max-video-preview":"max-video-preview:-1"},"canonical":"https:\/\/wp-multilingual.com\/es\/complementos-traduccion-wordpress\/","og_locale":"es_ES","og_type":"article","og_title":"Complementos de traducci\u00f3n de WordPress: los TOP 5 de WordPress multiling\u00fce","og_description":"Traducir su sitio de WordPress? Esto es simple con el plugin de traducci\u00f3n de WordPress correcto. Consulte la selecci\u00f3n de los mejores plugins de traducci\u00f3n de WordPress para 2018 de inmediato.","og_url":"https:\/\/wp-multilingual.com\/es\/complementos-traduccion-wordpress\/","og_site_name":"wp-multlingual.com","og_image":[{"url":"https:\/\/wp-multilingual.com\/wp-content\/uploads\/sites\/18\/2017\/10\/wpml-wordpress-multilingue-traduction-square.jpg"}],"twitter_card":"summary_large_image","twitter_misc":{"Tiempo de lectura":"5 minutos"},"schema":{"@context":"https:\/\/schema.org","@graph":[{"@type":"WebPage","@id":"https:\/\/wp-multilingual.com\/es\/complementos-traduccion-wordpress\/","url":"https:\/\/wp-multilingual.com\/es\/complementos-traduccion-wordpress\/","name":"Complementos de traducci\u00f3n de WordPress: los TOP 5 de WordPress multiling\u00fce","isPartOf":{"@id":"https:\/\/wp-multilingual.com\/el\/#website"},"primaryImageOfPage":{"@id":"https:\/\/wp-multilingual.com\/es\/complementos-traduccion-wordpress\/#primaryimage"},"image":{"@id":"https:\/\/wp-multilingual.com\/es\/complementos-traduccion-wordpress\/#primaryimage"},"thumbnailUrl":"https:\/\/wp-multilingual.com\/wp-content\/uploads\/sites\/18\/2017\/10\/wpml-wordpress-multilingue-traduction-square.jpg","datePublished":"2018-04-06T09:01:52+00:00","dateModified":"2018-04-06T09:01:52+00:00","description":"Traducir su sitio de WordPress? Esto es simple con el plugin de traducci\u00f3n de WordPress correcto. Consulte la selecci\u00f3n de los mejores plugins de traducci\u00f3n de WordPress para 2018 de inmediato.","breadcrumb":{"@id":"https:\/\/wp-multilingual.com\/es\/complementos-traduccion-wordpress\/#breadcrumb"},"inLanguage":"es","potentialAction":[{"@type":"ReadAction","target":["https:\/\/wp-multilingual.com\/es\/complementos-traduccion-wordpress\/"]}]},{"@type":"ImageObject","inLanguage":"es","@id":"https:\/\/wp-multilingual.com\/es\/complementos-traduccion-wordpress\/#primaryimage","url":"https:\/\/wp-multilingual.com\/wp-content\/uploads\/sites\/18\/2017\/10\/wpml-wordpress-multilingue-traduction-square.jpg","contentUrl":"https:\/\/wp-multilingual.com\/wp-content\/uploads\/sites\/18\/2017\/10\/wpml-wordpress-multilingue-traduction-square.jpg"},{"@type":"BreadcrumbList","@id":"https:\/\/wp-multilingual.com\/es\/complementos-traduccion-wordpress\/#breadcrumb","itemListElement":[{"@type":"ListItem","position":1,"name":"Accueil","item":"https:\/\/wp-multilingual.com\/"},{"@type":"ListItem","position":2,"name":"Los 5 mejores plugins de WordPress para traducci\u00f3n 2018"}]},{"@type":"WebSite","@id":"https:\/\/wp-multilingual.com\/el\/#website","url":"https:\/\/wp-multilingual.com\/el\/","name":"wp-multlingual.com","description":"Th\u00e8mes et Plugins Magento","potentialAction":[{"@type":"SearchAction","target":{"@type":"EntryPoint","urlTemplate":"https:\/\/wp-multilingual.com\/el\/?s={search_term_string}"},"query-input":"required name=search_term_string"}],"inLanguage":"es"}]}},"_links":{"self":[{"href":"https:\/\/wp-multilingual.com\/es\/wp-json\/wp\/v2\/pages\/871","targetHints":{"allow":["GET"]}}],"collection":[{"href":"https:\/\/wp-multilingual.com\/es\/wp-json\/wp\/v2\/pages"}],"about":[{"href":"https:\/\/wp-multilingual.com\/es\/wp-json\/wp\/v2\/types\/page"}],"author":[{"embeddable":true,"href":"https:\/\/wp-multilingual.com\/es\/wp-json\/wp\/v2\/users\/2"}],"replies":[{"embeddable":true,"href":"https:\/\/wp-multilingual.com\/es\/wp-json\/wp\/v2\/comments?post=871"}],"version-history":[{"count":1,"href":"https:\/\/wp-multilingual.com\/es\/wp-json\/wp\/v2\/pages\/871\/revisions"}],"predecessor-version":[{"id":875,"href":"https:\/\/wp-multilingual.com\/es\/wp-json\/wp\/v2\/pages\/871\/revisions\/875"}],"wp:attachment":[{"href":"https:\/\/wp-multilingual.com\/es\/wp-json\/wp\/v2\/media?parent=871"}],"curies":[{"name":"wp","href":"https:\/\/api.w.org\/{rel}","templated":true}]}}