{"id":828,"date":"2018-04-05T18:40:51","date_gmt":"2018-04-05T16:40:51","guid":{"rendered":"https:\/\/wp-multilingual.com\/?page_id=828"},"modified":"2018-04-05T18:40:51","modified_gmt":"2018-04-05T16:40:51","slug":"plugin-multilingue-de-woocommerce","status":"publish","type":"page","link":"https:\/\/wp-multilingual.com\/es\/plugin-multilingue-de-woocommerce\/","title":{"rendered":"Plugin multiling\u00fce de WooCommerce"},"content":{"rendered":"<p>[su_quote cite=\u00bbBuilt With\u00bb url=\u00bbhttps:\/\/builtwith.com\/ecommerce\/\u00bb target=\u00bbblank\u00bb]En solo tres a\u00f1os, WooCommerce ya maneja el 41% de los sitios de comercio electr\u00f3nico en el mundo y pronto superar\u00e1 a Magento en su propio terreno, el de las cuentas clave de los sitios de comercio electr\u00f3nico.[\/su_quote]<\/p>\n<p><img loading=\"lazy\" decoding=\"async\" src=\"https:\/\/wp-multilingual.com\/wp-content\/uploads\/sites\/18\/2017\/10\/woocommerce-multilingue-logo.jpg\" alt=\"\" width=\"150\" height=\"150\" class=\"alignleft size-full wp-image-137\" \/>No hace cinco a\u00f1os, creer que WordPress ser\u00eda capaz de proporcionar todas las caracter\u00edsticas ofrecidas por CMS especializada en el sector como Magento o Prestashop era una locura leve.<br \/>\nEn ni siquiera 3 a\u00f1os, WordPress se ha convertido en la soluci\u00f3n esencial en t\u00e9rminos de eCommerce, y esto gracias al plugin WooCommerce. Quien mismo no habr\u00eda nacido sin el proyecto JigoShop que es un tenedor. Con el advenimiento de una versi\u00f3n 3.9 de WordPress capaz de flexibilidad extrema y un WooCommerce a la interfaz de administraci\u00f3n limpia, el eCommerce del planeta literalmente ha cambiado su cara en un abrir y cerrar de ojos. Lo que era improbable se ha hecho realidad, eCommerce ya no puede funcionar sin WooCommerce. Un ecosistema completamente desarrollado ha surgido alrededor de WooCommerce. Hay todo lo que podr\u00eda faltar en WooCommerce. No es que esto sea particularmente necesario, por lo que WooCommerce ofrece un impresionante nivel de funcionalidad para configurar un sitio de comercio electr\u00f3nico en muy poco tiempo.<br \/>\nEl \u00fanico inconveniente, la \u00fanica falta que hace que WooCommerce siga teniendo problemas con las cuentas principales: la falta de soporte nativo de los multiling\u00fces. Sin embargo, hay un complemento que te permitir\u00e1:<\/p>\n<ul>\n<li> Traduzca todos los tipos de productos (\u00fanicos o variables) <\/li>\n<li> Acceso a una interfaz de gesti\u00f3n de traducci\u00f3n de productos dedicada <\/li>\n<li> Traduzca todos los tipos de productos (\u00fanicos o variables) <\/li>\n<li> Traduzca todo el proceso de pedido (verifique) <\/li>\n<li> Env\u00edo de correos electr\u00f3nicos transaccionales en el idioma del cliente <\/li>\n<li> Un stock de producto unificado, no desglosado por idioma <\/li>\n<li> Permite soporte para diferentes monedas en un sitio de WooCommerce <\/li>\n<\/ul>\n<p>Agregar funciones multiling\u00fces a un sitio de WooCommerce parece esencial para todas las tiendas, incluso las m\u00e1s modestas. Internet le permite realizar entregas en todo el mundo. \u00bfSab\u00eda que casi cada segundo comprador europeo nunca ha comprado en un sitio de comercio electr\u00f3nico que no habla su idioma? El tiempo necesario para implementar un sitio de comercio electr\u00f3nico multiling\u00fce no debe subestimarse. Elegir el plugin multiling\u00fce adecuado de WooCommerce es elegir optimizar su tiempo de trabajo.<\/p>\n<p>[su_row]<br \/>\n[su_column size=\u00bb1\/6&#8243;]<img loading=\"lazy\" decoding=\"async\" src=\"https:\/\/wp-multilingual.com\/wp-content\/uploads\/sites\/18\/2017\/10\/wpml-wordpress-multilingue-traduction-square.jpg\" alt=\"\" width=\"220\" height=\"190\" class=\"aligncenter size-full wp-image-128\" \/>[\/su_column]<br \/>\n[su_column size=\u00bb2\/3&#8243;]<\/p>\n<h3>WPML: 100% multiling\u00fce WooCommerce<\/h3>\n<p><strong>En breve<\/strong>: WPML nos ofrece un m\u00f3dulo para su famoso plugin WPML CMS con el fin de admitir el 100% de WooCommerce. Este complemento se llama WooCommerce Multilingual. Con un nombre as\u00ed, ambos sospechamos lo que va a hacer, y estamos lidiando con el primer plugin multiling\u00fce de WooCommerce en el mercado, y todav\u00eda en funcionamiento. WPML se ha especializado en sitios multiling\u00fces de WordPress durante muchos a\u00f1os.<\/p>\n<p><strong>\u00bfUn sitio multiling\u00fce de WooCommerce? Esta es su especialidad, no hay necesidad de buscar.<\/strong><\/p>\n<p>[\/su_column]<br \/>\n[su_column size=\u00bb1\/6&#8243;]<i>[su_spacer size=\u00bb20&#8243;]<\/i><\/p>\n<p style=\"text-align: center\"><i class=\"fa fa-star\"><\/i><i class=\"fa fa-star\"><\/i><i class=\"fa fa-star\"><\/i><i class=\"fa fa-star\"><\/i><i class=\"fa fa-star-half-o\"><\/i><br \/>\n<i>From $29<\/i><\/p>\n<p>[su_button background=\u00bb#FF2F3B\u00bb size=\u00bb6&#8243; url=\u00bbhttps:\/\/wp-theme-plugin.com\/out-wpml\u00bb target=\u00bbblank\u00bb]<strong>Descubrir<\/strong> [\/su_button] [\/su_column]<br \/>\n[\/su_row]<\/p>\n<p>Pero, por cierto &#8230; \u00bfQu\u00e9 es un sitio multiling\u00fce de WooCommerce?<\/p>\n<h1>\u00bfMultilingual WooCommerce? Por qu\u00e9 ? \u00bfC\u00f3mo?<\/h1>\n<p>B\u00e1sicamente, estamos hablando de permitir que WooCommerce sea multiling\u00fce. Pero, \u00bfde qu\u00e9 estamos hablando exactamente? Descubramos qu\u00e9 podemos esperar de un muy buen plugin de traducci\u00f3n y administraci\u00f3n multiling\u00fce para WooCommerce.<\/p>\n<h2>Integraci\u00f3n de WordPress<\/h2>\n<p>Me gusta abrir las puertas:) Pero antes de ser un complemento para WooCommerce, el complemento que recordar\u00e1s para hacer tu sitio multiling\u00fce debe ser ante todo compatible con WordPress. Lo hab\u00eda advertido &#8230; abrir la puerta &#8230; Tos &#8230; Dicho as\u00ed, puede sonar un poco tonto. Pero piensa en eso por un segundo. Despu\u00e9s de todo, su instalaci\u00f3n de WordPress puede no ser tan cl\u00e1sica como podr\u00eda parecer a primera vista. Un ejemplo que nos encontramos muy a menudo: el soporte de la versi\u00f3n multisitio de WordPress. Ok, esto no concierne a todos, pero muestra que antes de pensar en el soporte de WooCommerce, debemos hacernos la pregunta de soporte para WordPress. Incluso dir\u00eda que es compatible con tu WordPress. Otro complemento podr\u00eda provocar problemas, como los complementos de seguridad, por ejemplo.<br \/>\nO dicho por cierto: todos los complementos que permiten que WooCommerce tenga funcionalidades multiling\u00fces est\u00e1n muy lejos de ser compatibles con WordPress en la versi\u00f3n de varios sitios. Tenga cuidado si, como nosotros, le gusta esta configuraci\u00f3n de WordPress.<\/p>\n<h2>Integraci\u00f3n de WooCommerce<\/h2>\n<p>Ok, en este punto, estamos seguros de nuestra configuraci\u00f3n de WordPress y su compatibilidad con el complemento en el que lanzamos nuestro devolute. Ahora veamos c\u00f3mo se comporta con WooCommerce. Para esto, varios puntos de vigilancia:<\/p>\n<ul>\n<li> \u00bfCu\u00e1ntos idiomas podemos tener? <\/li>\n<li> \u00bfC\u00f3mo aparece la traducci\u00f3n en la oficina? <\/li>\n<li> \u00bfEl complemento administra diferentes monedas por idioma? <\/li>\n<li> \u00bfEl complemento proporciona un seguimiento preciso de lo que se est\u00e1 traduciendo, traduciendo y no traduciendo? <\/li>\n<li> \u00bfEl t\u00fanel de compra se ubicar\u00e1 en el idioma del usuario? <\/li>\n<li> \u00bfLos correos electr\u00f3nicos transaccionales llegan en el idioma del usuario? <\/li>\n<\/ul>\n<p>Ofrecer un plugin multiling\u00fce es mucho m\u00e1s que ofrecer traducir listas de productos cuando se trata de WooCommerce. El soporte de WooCommerce multiling\u00fce requiere una integraci\u00f3n real impulsada que muy pocos plugins pueden afirmar que funcionan bien y al 100%.<\/p>\n<h2>Administraci\u00f3n de medios<\/h2>\n<p>Puede parecer nada. Pero, \u00bfalguna vez pensaste que se puede forzar a descargar para cada versi\u00f3n del idioma de un producto, el conjunto de im\u00e1genes asociadas? Si tenemos diez productos en nuestro sitio, eso no es gran cosa. Pero si tenemos 200 productos y cada producto tiene entre tres y cinco im\u00e1genes, te dejo imaginar las pesadillas organizacionales que esto representa. El mejor ? Elija un plugin multiling\u00fce de WooCommerce que administre de manera inteligente los medios asociados con sus productos WooCommerce.<\/p>\n<h2>SEO y multiling\u00fce<\/h2>\n<p>Hagamos un punto. Para que un plugin multiling\u00fce de WooCommerce sea interesante, ya debe llenar una lista sagrada de condiciones sin las cuales es mejor seguir su camino:<\/p>\n<ul>\n<li> Sea compatible con WordPress <\/li>\n<li> Asegurado serio por parte de WooCommerce (producto, pago, correos electr\u00f3nicos transaccionales &#8230;) <\/li>\n<li> Administra bien los medios <\/li>\n<\/ul>\n<p>Ahora hablemos sobre el SEO natural de su tienda de comercio electr\u00f3nico WooCommerce. Es una apuesta segura que incluso si este no es su objetivo principal, la traducci\u00f3n de su sitio WooComerce se realizar\u00e1 con la idea de aumentar su SEO; Por lo menos un poco. \u00bfQu\u00e9 sucede si usar un complemento multiling\u00fce de WooCommerce no lo ayudar\u00eda, pero har\u00eda estragos en su trabajo de SEO?<br \/>\nAsegurar que el SEO sea un foco importante para los equipos detr\u00e1s del plugin multiling\u00fce de WooCommerce que elija es definitivamente esencial.<br \/>\nLo que nos lleva al siguiente tema &#8230;<\/p>\n<h2>Admitir complementos de terceros<\/h2>\n<p>Antes de ser un complemento de WooCommerce, cualquier complemento es un complemento de WordPress. Ya lo dije. Pero va m\u00e1s all\u00e1 de lo que pudiste haber pensado. Ser\u00e1 necesario que este complemento pueda interactuar con todos los complementos que interact\u00faen en WooCommerce y WordPress de manera m\u00e1s amplia. Para volver a SEO, un buen complemento multiling\u00fce de WooCommerce deber\u00eda permitirnos continuar utilizando cualquier complemento de SEO para WordPress, y esto por idioma. este trabajo no puede ser realizado por los equipos responsables del complemento en cuesti\u00f3n. Depende de la comunidad elegir a qui\u00e9n apoyar\u00e1n. En este peque\u00f1o juego, solo WPML se escapa con las felicitaciones del jurado.<br \/>\nSi tenemos que contar todos los complementos que componen el universo de WooCommerce en t\u00e9rminos de interoperabilidad, tambi\u00e9n debemos considerar el resultado de texto creado por los plugins. Es esencial que su complemento de WooCommerce le permita venir y traducir estas cadenas sin abrir el c\u00f3digo fuente del complemento en cuesti\u00f3n.<\/p>\n<h2>Soporte de temas de terceros<\/h2>\n<p>Crees que finalmente has encontrado el tema de WordPress que coincide con lo que has estado buscando durante tanto tiempo. Usted lo instala Tambi\u00e9n decide hacer de su tienda una tienda multiling\u00fce de WooCommerce. Y ah\u00ed, desastre, su complemento y su tema no son compatibles. Por qu\u00e9 ? Porque en cuanto a los complementos, es el desarrollador del tema para garantizar que el complemento sea 100% compatible. Se garantiza que el soporte avanzado para un plugin en particular tenga una funci\u00f3n plug&#8217;n play. Mire de cerca, encontrar\u00e1 que casi todos los temas del mercado son oficialmente compatibles con WPML. Eso es todo para asegurar el mejor plugin multiling\u00fce para WordPress durante a\u00f1os.<\/p>\n<h2>Funciones avanzadas ++<\/h2>\n<p>\u00bfQu\u00e9 sucede si su complemento hizo m\u00e1s que \u00absolo\u00bb para hacer que su sitio WooCommerce sea multiling\u00fce? Y si pudiera ofrecerte m\u00e1s.<br \/>\nSi se cumplen todas las condiciones, entonces divi\u00e9rtase siempre. Como tal, podr\u00edamos, por ejemplo, tener:<\/p>\n<ul>\n<li> Una redirecci\u00f3n autom\u00e1tica seg\u00fan el idioma del usuario <\/li>\n<li> Gesti\u00f3n del idioma en subdominios <\/li>\n<li> La gesti\u00f3n de idiomas en TLD separados (monsite.fr, mywebsite.com, meinewebsite.de &#8230;) <\/li>\n<li> La creaci\u00f3n de productos vinculados o no por idiomas <\/li>\n<li> Acceso a una interfaz dedicada a la traducci\u00f3n <\/li>\n<li> Creando un nuevo tipo de usuario para mayor seguridad y simplicidad: traductores. <\/li>\n<\/ul>\n<p>[su_row]<br \/>\n[su_column size=\u00bb1\/3&#8243;]<img loading=\"lazy\" decoding=\"async\" src=\"https:\/\/wp-multilingual.com\/wp-content\/uploads\/sites\/18\/2017\/10\/wpml-wordpress-multilingue-traduction-square.jpg\" alt=\"\" width=\"220\" height=\"190\" class=\"aligncenter size-full wp-image-128\" \/><\/p>\n<p style=\"text-align: center\">\n[su_button background=\u00bb#FF2F3B\u00bb size=\u00bb6&#8243; url=\u00bbhttps:\/\/wp-theme-plugin.com\/out-wpml\u00bb target=\u00bbblank\u00bb]<strong>Descubrir<\/strong> [\/su_button]<\/p>\n<p>[\/su_column]<br \/>\n[su_column size=\u00bb2\/3&#8243;]<\/p>\n<h3>WPML: lo mejor de WooCommerce multiling\u00fce<\/h3>\n<p><strong>En breve<\/strong>: WPML llev\u00f3 a\u00f1os de avances en administraci\u00f3n multiling\u00fce bajo WooCommerce y a\u00fan m\u00e1s fuertemente en WordPress en general. Con esto en mente, WPML nos ofrece con WooCommerce Multilingual un complemento que asegura todo lo que un buen plugin multiling\u00fce deber\u00eda saber hacer bien. Adem\u00e1s de esto, nos ofrece acceso a funciones avanzadas particularmente valiosas.<\/p>\n<p><strong>WooCommerce Multilingual ofrece una interfaz de administraci\u00f3n multiling\u00fce real para WooCommerce.<\/strong><\/p>\n<p>[\/su_column]<br \/>\n[\/su_row]<\/p>\n<p>[su_divider top=\u00bbno\u00bb style=\u00bbdotted\u00bb size=\u00bb2&#8243;]<\/p>\n<h1>M\u00e1s recursos en WooCommerce<\/h1>\n<p>WooCommerce es un vasto tema. Hablando de la versi\u00f3n multiling\u00fce de WooCommerce, solo nos acercamos a WooCommerce en una de sus muchas facetas. Le sugerimos que contin\u00fae leyendo sobre WooCommerce en los siguientes temas:<\/p>\n<h3>\u00bfD\u00f3nde alojar su sitio WooCommerce?<\/h3>\n<p><strong>Alojamiento WooCommerce<\/strong> : Un sitio de WooCommerce siempre debe estar en la cima de su rendimiento y accesibilidad. Su alojamiento web es el coraz\u00f3n de estos dos asuntos importantes. Elegir el anfitri\u00f3n correcto es esencial. \u00bfSab\u00eda que existen servidores seguros y completamente pensados para WooCommerce?<br \/>\n[su_row]<br \/>\n[su_column size=\u00bb2\/3&#8243;]<strong>Ayuda a elegir el alojamiento de WooCommerce que ofrece.<\/strong>[\/su_column]<br \/>\n[su_column size=\u00bb1\/3&#8243;][su_button background=\u00bb#FF2F3B\u00bb size=\u00bb6&#8243; url=\u00bbhttps:\/\/woo-hosting.com\u00bb target=\u00bbblank\u00bb]<strong>Alojamiento WooCommerce<\/strong> [\/su_button] [\/su_column]<br \/>\n[\/su_row]<\/p>\n<h3>\u00bfQu\u00e9 complementos y temas para WooCommerce?<\/h3>\n<p><strong>Temas y complementos de WooCommerce<\/strong>: Un sitio de WooCommerce siempre debe estar en la cima de su rendimiento y accesibilidad. Su alojamiento web es el coraz\u00f3n de estos dos asuntos importantes. Elegir el anfitri\u00f3n correcto es esencial. \u00bfSab\u00eda que existen servidores seguros y completamente pensados para WooCommerce?<br \/>\n[su_row]<br \/>\n[su_column size=\u00bb2\/3&#8243;]<strong>Ayuda a elegir el alojamiento de WooCommerce que ofrece.<\/strong>[\/su_column]<br \/>\n[su_column size=\u00bb1\/3&#8243;][su_button background=\u00bb#FF2F3B\u00bb size=\u00bb6&#8243; url=\u00bbhttps:\/\/woo-themes-plugins.com\/en\u00bb target=\u00bbblank\u00bb]<strong>Temas y complementos de WooCommerce<\/strong> [\/su_button] [\/su_column]<br \/>\n[\/su_row]<br \/>\n[su_divider top=\u00bbno\u00bb style=\u00bbdotted\u00bb size=\u00bb2&#8243;]<\/p>\n","protected":false},"excerpt":{"rendered":"<p>[su_quote cite=\u00bbBuilt With\u00bb url=\u00bbhttps:\/\/builtwith.com\/ecommerce\/\u00bb target=\u00bbblank\u00bb]En solo tres a\u00f1os, WooCommerce ya maneja el 41% de los sitios de comercio electr\u00f3nico en el mundo y pronto superar\u00e1 a Magento en su propio terreno, el de las&#46;&#46;&#46;<\/p>\n","protected":false},"author":2,"featured_media":0,"parent":0,"menu_order":0,"comment_status":"closed","ping_status":"closed","template":"","meta":{"_monsterinsights_skip_tracking":false,"_monsterinsights_sitenote_active":false,"_monsterinsights_sitenote_note":"","_monsterinsights_sitenote_category":0,"footnotes":""},"class_list":["post-828","page","type-page","status-publish","hentry"],"yoast_head":"<!-- This site is optimized with the Yoast SEO plugin v23.1 - https:\/\/yoast.com\/wordpress\/plugins\/seo\/ -->\n<title>Plugin multiling\u00fce WooCommerce \/ Translate your WP eCommerce Site<\/title>\n<meta name=\"description\" content=\"\u00bfNecesita traducir un sitio de WooCommerce o necesita crear tiendas reales multiling\u00fces e internacionalizadas gracias a WooCommerce? Mira el complemento multiling\u00fce de WooCommerce ahora mismo.\" \/>\n<meta name=\"robots\" content=\"index, follow, max-snippet:-1, max-image-preview:large, max-video-preview:-1\" \/>\n<link rel=\"canonical\" href=\"https:\/\/wp-multilingual.com\/es\/plugin-multilingue-de-woocommerce\/\" \/>\n<meta property=\"og:locale\" content=\"es_ES\" \/>\n<meta property=\"og:type\" content=\"article\" \/>\n<meta property=\"og:title\" content=\"Plugin multiling\u00fce WooCommerce \/ Translate your WP eCommerce Site\" \/>\n<meta property=\"og:description\" content=\"\u00bfNecesita traducir un sitio de WooCommerce o necesita crear tiendas reales multiling\u00fces e internacionalizadas gracias a WooCommerce? Mira el complemento multiling\u00fce de WooCommerce ahora mismo.\" \/>\n<meta property=\"og:url\" content=\"https:\/\/wp-multilingual.com\/es\/plugin-multilingue-de-woocommerce\/\" \/>\n<meta property=\"og:site_name\" content=\"wp-multlingual.com\" \/>\n<meta property=\"og:image\" content=\"https:\/\/wp-multilingual.com\/wp-content\/uploads\/sites\/18\/2017\/10\/woocommerce-multilingue-logo.jpg\" \/>\n<meta name=\"twitter:card\" content=\"summary_large_image\" \/>\n<meta name=\"twitter:label1\" content=\"Tiempo de lectura\" \/>\n\t<meta name=\"twitter:data1\" content=\"10 minutos\" \/>\n<script type=\"application\/ld+json\" class=\"yoast-schema-graph\">{\"@context\":\"https:\/\/schema.org\",\"@graph\":[{\"@type\":\"WebPage\",\"@id\":\"https:\/\/wp-multilingual.com\/es\/plugin-multilingue-de-woocommerce\/\",\"url\":\"https:\/\/wp-multilingual.com\/es\/plugin-multilingue-de-woocommerce\/\",\"name\":\"Plugin multiling\u00fce WooCommerce \/ Translate your WP eCommerce Site\",\"isPartOf\":{\"@id\":\"https:\/\/wp-multilingual.com\/el\/#website\"},\"primaryImageOfPage\":{\"@id\":\"https:\/\/wp-multilingual.com\/es\/plugin-multilingue-de-woocommerce\/#primaryimage\"},\"image\":{\"@id\":\"https:\/\/wp-multilingual.com\/es\/plugin-multilingue-de-woocommerce\/#primaryimage\"},\"thumbnailUrl\":\"https:\/\/wp-multilingual.com\/wp-content\/uploads\/sites\/18\/2017\/10\/woocommerce-multilingue-logo.jpg\",\"datePublished\":\"2018-04-05T16:40:51+00:00\",\"dateModified\":\"2018-04-05T16:40:51+00:00\",\"description\":\"\u00bfNecesita traducir un sitio de WooCommerce o necesita crear tiendas reales multiling\u00fces e internacionalizadas gracias a WooCommerce? Mira el complemento multiling\u00fce de WooCommerce ahora mismo.\",\"breadcrumb\":{\"@id\":\"https:\/\/wp-multilingual.com\/es\/plugin-multilingue-de-woocommerce\/#breadcrumb\"},\"inLanguage\":\"es\",\"potentialAction\":[{\"@type\":\"ReadAction\",\"target\":[\"https:\/\/wp-multilingual.com\/es\/plugin-multilingue-de-woocommerce\/\"]}]},{\"@type\":\"ImageObject\",\"inLanguage\":\"es\",\"@id\":\"https:\/\/wp-multilingual.com\/es\/plugin-multilingue-de-woocommerce\/#primaryimage\",\"url\":\"https:\/\/wp-multilingual.com\/wp-content\/uploads\/sites\/18\/2017\/10\/woocommerce-multilingue-logo.jpg\",\"contentUrl\":\"https:\/\/wp-multilingual.com\/wp-content\/uploads\/sites\/18\/2017\/10\/woocommerce-multilingue-logo.jpg\"},{\"@type\":\"BreadcrumbList\",\"@id\":\"https:\/\/wp-multilingual.com\/es\/plugin-multilingue-de-woocommerce\/#breadcrumb\",\"itemListElement\":[{\"@type\":\"ListItem\",\"position\":1,\"name\":\"Accueil\",\"item\":\"https:\/\/wp-multilingual.com\/\"},{\"@type\":\"ListItem\",\"position\":2,\"name\":\"Plugin multiling\u00fce de WooCommerce\"}]},{\"@type\":\"WebSite\",\"@id\":\"https:\/\/wp-multilingual.com\/el\/#website\",\"url\":\"https:\/\/wp-multilingual.com\/el\/\",\"name\":\"wp-multlingual.com\",\"description\":\"Th\u00e8mes et Plugins Magento\",\"potentialAction\":[{\"@type\":\"SearchAction\",\"target\":{\"@type\":\"EntryPoint\",\"urlTemplate\":\"https:\/\/wp-multilingual.com\/el\/?s={search_term_string}\"},\"query-input\":\"required name=search_term_string\"}],\"inLanguage\":\"es\"}]}<\/script>\n<!-- \/ Yoast SEO plugin. -->","yoast_head_json":{"title":"Plugin multiling\u00fce WooCommerce \/ Translate your WP eCommerce Site","description":"\u00bfNecesita traducir un sitio de WooCommerce o necesita crear tiendas reales multiling\u00fces e internacionalizadas gracias a WooCommerce? Mira el complemento multiling\u00fce de WooCommerce ahora mismo.","robots":{"index":"index","follow":"follow","max-snippet":"max-snippet:-1","max-image-preview":"max-image-preview:large","max-video-preview":"max-video-preview:-1"},"canonical":"https:\/\/wp-multilingual.com\/es\/plugin-multilingue-de-woocommerce\/","og_locale":"es_ES","og_type":"article","og_title":"Plugin multiling\u00fce WooCommerce \/ Translate your WP eCommerce Site","og_description":"\u00bfNecesita traducir un sitio de WooCommerce o necesita crear tiendas reales multiling\u00fces e internacionalizadas gracias a WooCommerce? Mira el complemento multiling\u00fce de WooCommerce ahora mismo.","og_url":"https:\/\/wp-multilingual.com\/es\/plugin-multilingue-de-woocommerce\/","og_site_name":"wp-multlingual.com","og_image":[{"url":"https:\/\/wp-multilingual.com\/wp-content\/uploads\/sites\/18\/2017\/10\/woocommerce-multilingue-logo.jpg"}],"twitter_card":"summary_large_image","twitter_misc":{"Tiempo de lectura":"10 minutos"},"schema":{"@context":"https:\/\/schema.org","@graph":[{"@type":"WebPage","@id":"https:\/\/wp-multilingual.com\/es\/plugin-multilingue-de-woocommerce\/","url":"https:\/\/wp-multilingual.com\/es\/plugin-multilingue-de-woocommerce\/","name":"Plugin multiling\u00fce WooCommerce \/ Translate your WP eCommerce Site","isPartOf":{"@id":"https:\/\/wp-multilingual.com\/el\/#website"},"primaryImageOfPage":{"@id":"https:\/\/wp-multilingual.com\/es\/plugin-multilingue-de-woocommerce\/#primaryimage"},"image":{"@id":"https:\/\/wp-multilingual.com\/es\/plugin-multilingue-de-woocommerce\/#primaryimage"},"thumbnailUrl":"https:\/\/wp-multilingual.com\/wp-content\/uploads\/sites\/18\/2017\/10\/woocommerce-multilingue-logo.jpg","datePublished":"2018-04-05T16:40:51+00:00","dateModified":"2018-04-05T16:40:51+00:00","description":"\u00bfNecesita traducir un sitio de WooCommerce o necesita crear tiendas reales multiling\u00fces e internacionalizadas gracias a WooCommerce? Mira el complemento multiling\u00fce de WooCommerce ahora mismo.","breadcrumb":{"@id":"https:\/\/wp-multilingual.com\/es\/plugin-multilingue-de-woocommerce\/#breadcrumb"},"inLanguage":"es","potentialAction":[{"@type":"ReadAction","target":["https:\/\/wp-multilingual.com\/es\/plugin-multilingue-de-woocommerce\/"]}]},{"@type":"ImageObject","inLanguage":"es","@id":"https:\/\/wp-multilingual.com\/es\/plugin-multilingue-de-woocommerce\/#primaryimage","url":"https:\/\/wp-multilingual.com\/wp-content\/uploads\/sites\/18\/2017\/10\/woocommerce-multilingue-logo.jpg","contentUrl":"https:\/\/wp-multilingual.com\/wp-content\/uploads\/sites\/18\/2017\/10\/woocommerce-multilingue-logo.jpg"},{"@type":"BreadcrumbList","@id":"https:\/\/wp-multilingual.com\/es\/plugin-multilingue-de-woocommerce\/#breadcrumb","itemListElement":[{"@type":"ListItem","position":1,"name":"Accueil","item":"https:\/\/wp-multilingual.com\/"},{"@type":"ListItem","position":2,"name":"Plugin multiling\u00fce de WooCommerce"}]},{"@type":"WebSite","@id":"https:\/\/wp-multilingual.com\/el\/#website","url":"https:\/\/wp-multilingual.com\/el\/","name":"wp-multlingual.com","description":"Th\u00e8mes et Plugins Magento","potentialAction":[{"@type":"SearchAction","target":{"@type":"EntryPoint","urlTemplate":"https:\/\/wp-multilingual.com\/el\/?s={search_term_string}"},"query-input":"required name=search_term_string"}],"inLanguage":"es"}]}},"_links":{"self":[{"href":"https:\/\/wp-multilingual.com\/es\/wp-json\/wp\/v2\/pages\/828","targetHints":{"allow":["GET"]}}],"collection":[{"href":"https:\/\/wp-multilingual.com\/es\/wp-json\/wp\/v2\/pages"}],"about":[{"href":"https:\/\/wp-multilingual.com\/es\/wp-json\/wp\/v2\/types\/page"}],"author":[{"embeddable":true,"href":"https:\/\/wp-multilingual.com\/es\/wp-json\/wp\/v2\/users\/2"}],"replies":[{"embeddable":true,"href":"https:\/\/wp-multilingual.com\/es\/wp-json\/wp\/v2\/comments?post=828"}],"version-history":[{"count":1,"href":"https:\/\/wp-multilingual.com\/es\/wp-json\/wp\/v2\/pages\/828\/revisions"}],"predecessor-version":[{"id":834,"href":"https:\/\/wp-multilingual.com\/es\/wp-json\/wp\/v2\/pages\/828\/revisions\/834"}],"wp:attachment":[{"href":"https:\/\/wp-multilingual.com\/es\/wp-json\/wp\/v2\/media?parent=828"}],"curies":[{"name":"wp","href":"https:\/\/api.w.org\/{rel}","templated":true}]}}