{"id":848,"date":"2018-04-06T06:45:03","date_gmt":"2018-04-06T04:45:03","guid":{"rendered":"https:\/\/wp-multilingual.com\/?page_id=848"},"modified":"2018-04-06T06:45:03","modified_gmt":"2018-04-06T04:45:03","slug":"wordpress-uebersetzung-plugins","status":"publish","type":"page","link":"https:\/\/wp-multilingual.com\/de\/wordpress-uebersetzung-plugins\/","title":{"rendered":"Top 5 WordPress Translation Plugins 2018"},"content":{"rendered":"<h1>Liste der WordPress \u00dcbersetzung Plugins<\/h1>\n<p>Suchen Sie nach einem WordPress-Plugin, mit dem Sie Ihre gesamte WordPress-Website \u00fcbersetzen k\u00f6nnen, um lokalisierte Versionen Ihrer Website zu erstellen? Tats\u00e4chlich erlaubt es WordPress einer Basis nicht, eine mehrsprachige Website zu erstellen, was ein echter Mangel ist, der schnell zu sp\u00fcren ist. Aber wie immer hat die Community hinter WordPress uns schnell mit fortschrittlichen L\u00f6sungen und einfacher Handhabung versorgt. Einige der WordPress-\u00dcbersetzungs-Plugins, die wir vorstellen werden, gibt es seit Jahren und bieten Premium-Service, aber Neueinsteiger kommen, um die Karten f\u00fcr unseren Genuss neu zu mischen.<\/p>\n<p>Dank dieser gesunden Konkurrenz haben sich mehrsprachige Plugins f\u00fcr WordPress entwickelt, die immer einfacher und mit WordPress integriert werden und immer schneller und sicherer werden. Unsere Liste der \u00dcbersetzungs-Plugins f\u00fcr WordPress erm\u00f6glicht es Ihnen, die besten mehrsprachigen Plugins zu entdecken.<\/p>\n<h1>Top WordPress \u00dcbersetzung Plugins<\/h1>\n<p>Der Wunsch nach einer mehrsprachigen WordPress-Website richtet sich an alle Arten von Websites, die mit WordPress, aber auch mit allen Seitengr\u00f6\u00dfen erstellt werden k\u00f6nnen. Keine Notwendigkeit, eine gro\u00dfe Website zu sein, um mehrsprachig mit WordPress zu profitieren.<\/p>\n<p>[su_row]<br \/>\n[su_column size=&#8220;1\/6&#8243;]<img loading=\"lazy\" decoding=\"async\" class=\"aligncenter size-full wp-image-128\" src=\"https:\/\/wp-multilingual.com\/wp-content\/uploads\/sites\/18\/2017\/10\/wpml-wordpress-multilingue-traduction-square.jpg\" alt=\"\" width=\"220\" height=\"190\" \/>[\/su_column]<br \/>\n[su_column size=&#8220;2\/3&#8243;]<\/p>\n<h3>WPML CMS: Bestes WordPress-\u00dcbersetzungs-Plugin<\/h3>\n<p><strong>In K\u00fcrze<\/strong>: Nach Jahren der Nutzung ist WPML definitiv DAS Plugin, das wir jedem empfehlen und das wir bei all unseren mehrsprachigen Projekten verwenden. Was nutzt Ihrer Meinung nach diese Seite f\u00fcr ihren mehrsprachigen Teil? WPML nat\u00fcrlich! \u00dcbersetzungsfunktionen f\u00fcr WordPress, die in keinem Verh\u00e4ltnis zu allem stehen, was auf dem WordPress Translation-Plugin-Markt getan wird.<\/p>\n<p><strong>Das Beste von allem, WPML CMS-Unterst\u00fctzung kostenlos <a href=\"https:\/\/wp-multilingue.fr\/plugins-wordpress-compatible-multilingual\/woocommerce-multilingue\/\"> WooCommerce Mehrsprachig <\/a>.<\/strong><br \/>\n<a href=\"\/?page_id=766\">&gt; WPML CMS WordPress-\u00dcbersetzungs-Plugin: Die vollst\u00e4ndige \u00dcberpr\u00fcfung<\/a><br \/>\n[\/su_column]<br \/>\n[su_column size=&#8220;1\/6&#8243;]<br \/>\n[su_spacer size=&#8220;10&#8243;]<br \/>\n<i class=\"fa fa-star\" style=\"font-size: 25px;color: #1f88a3\"><\/i><i class=\"fa fa-star\" style=\"font-size: 25px;color: #1f88a3\"><\/i><i class=\"fa fa-star\" style=\"font-size: 25px;color: #1f88a3\"><\/i><i class=\"fa fa-star\" style=\"font-size: 25px;color: #1f88a3\"><\/i><i class=\"fa fa-star-half-o\" style=\"font-size: 25px;color: #1f88a3\"><\/i><br \/>\n[su_spacer size=&#8220;40&#8243;]<\/p>\n<p style=\"text-align: center\">[su_button background=&#8220;#1F88A3&#8243; size=&#8220;6&#8243; url=&#8220;https:\/\/wp-theme-plugin.com\/out-wpml&#8220; target=&#8220;blank&#8220;] <strong>Entdecken<\/strong> [\/su_button] [\/su_column]<br \/>\n[\/su_row]<\/p>\n<p>[su_row]<br \/>\n[su_column size=&#8220;1\/6&#8243;]<img loading=\"lazy\" decoding=\"async\" class=\"aligncenter size-full wp-image-129\" src=\"https:\/\/wp-multilingual.com\/wp-content\/uploads\/sites\/18\/2017\/10\/wpml-blog-wordpress-multilingue-traduction-square.jpg\" alt=\"\" width=\"220\" height=\"190\" \/>[\/su_column]<br \/>\n[su_column size=&#8220;2\/3&#8243;]<\/p>\n<h3>WPML Blog: WordPress zweisprachiges Plugin<\/h3>\n<p><strong>In K\u00fcrze<\/strong>: Einige werden sagen, dass WPML eine &#8222;echte Gasanlage&#8220; ist. Der erste Ansatz von WPML kann sicherlich etwas beunruhigend erscheinen. Warum ? Weil dieses Plugin das mehrsprachige Management auf eine professionelle Ebene bringt. Aber m\u00fcssen wir immer noch alles verstehen, um einfach rauszukommen. F\u00fcr diejenigen, die eine mehrsprachige Website m\u00f6chten, und dies schnell und ohne zu lernen, wird WPML Version Blog dich gl\u00fccklich machen.<\/p>\n<p><strong>Wenn WPML so einfach wie ein Klick in seinem Backoffice wird.<\/strong><br \/>\n<a href=\"\/?page_id=766\">&gt; WPML Blog WordPress-\u00dcbersetzungs-Plugin: Die vollst\u00e4ndige \u00dcberpr\u00fcfung<\/a><br \/>\n[\/su_column]<br \/>\n[su_column size=&#8220;1\/6&#8243;]<br \/>\n[su_spacer size=&#8220;10&#8243;]<br \/>\n<i class=\"fa fa-star\" style=\"font-size: 25px;color: #1f88a3\"><\/i><i class=\"fa fa-star\" style=\"font-size: 25px;color: #1f88a3\"><\/i><i class=\"fa fa-star\" style=\"font-size: 25px;color: #1f88a3\"><\/i><i class=\"fa fa-star\" style=\"font-size: 25px;color: #1f88a3\"><\/i><i class=\"fa fa-star-o\" style=\"font-size: 25px;color: #1f88a3\"><\/i><\/p>\n<p>[su_spacer size=&#8220;40&#8243;]<\/p>\n<p style=\"text-align: center\">[su_button background=&#8220;#1F88A3&#8243; size=&#8220;6&#8243; url=&#8220;https:\/\/wp-theme-plugin.com\/out-wpml&#8220; target=&#8220;blank&#8220;] <strong>Entdecken<\/strong> [\/su_button] [\/su_column]<\/p>\n<p>[\/su_row]<br \/>\n[su_row]<br \/>\n[su_column size=&#8220;1\/6&#8243;]<img loading=\"lazy\" decoding=\"async\" class=\"aligncenter size-full wp-image-132\" src=\"https:\/\/wp-multilingual.com\/wp-content\/uploads\/sites\/18\/2017\/10\/qtranslatex-wordpress-multilingue-traduction-square.jpg\" alt=\"\" width=\"220\" height=\"190\" \/>[\/su_column]<br \/>\n[su_column size=&#8220;2\/3&#8243;]<\/p>\n<h3>qTranslate X: Translation plugin abandoned?<\/h3>\n<p><strong>In K\u00fcrze<\/strong>: Mit mehr als 100.000 WordPress-Sites, die qTranslateX immer vertrauen, um den \u00dcbersetzungsteil ihrer WordPress-Site sicherzustellen, k\u00f6nnten wir glauben, dass dieses bekannte Plugin weiterhin gepflegt werden w\u00fcrde. Aber bis dieser Test abgeschlossen ist, wurde qTranslateX seit einem Jahr nicht mehr aktualisiert. Ein einfaches und effektives Plugin, das nach und nach zu verschwinden scheint.<\/p>\n<p><strong>Would qTranslate be stalled or just stand-by?<\/strong><br \/>\n<a href=\"\/?page_id=764\">&gt; qTranslateX WordPress-\u00dcbersetzungs-Plugin: Die vollst\u00e4ndige \u00dcberpr\u00fcfung<\/a><br \/>\n[\/su_column]<br \/>\n[su_column size=&#8220;1\/6&#8243;]<br \/>\n[su_spacer size=&#8220;10&#8243;]<br \/>\n<i class=\"fa fa-star\" style=\"font-size: 25px;color: #1f88a3\"><\/i><i class=\"fa fa-star\" style=\"font-size: 25px;color: #1f88a3\"><\/i><i class=\"fa fa-star-half-o\" style=\"font-size: 25px;color: #1f88a3\"><\/i><i class=\"fa fa-star-o\" style=\"font-size: 25px;color: #1f88a3\"><\/i><i class=\"fa fa-star-o\" style=\"font-size: 25px;color: #1f88a3\"><\/i><br \/>\n[su_spacer size=&#8220;40&#8243;]<\/p>\n<p style=\"text-align: center\">[su_button background=&#8220;#1F88A3&#8243; size=&#8220;6&#8243; url=&#8220;https:\/\/wp-theme-plugin.com\/out-qtranslatex&#8220; target=&#8220;blank&#8220;] <strong>Entdecken<\/strong> [\/su_button] [\/su_column]<\/p>\n<p>[\/su_row]<\/p>\n<p>[su_row]<br \/>\n[su_column size=&#8220;1\/6&#8243;]<img loading=\"lazy\" decoding=\"async\" class=\"aligncenter size-full wp-image-131\" src=\"https:\/\/wp-multilingual.com\/wp-content\/uploads\/sites\/18\/2017\/10\/multilingualpress-wordpress-multilingue-traduction-square.png\" alt=\"\" width=\"220\" height=\"190\" \/>[\/su_column]<br \/>\n[su_column size=&#8220;2\/3&#8243;]<\/p>\n<h3>MultilingualPress: Das \u00dcbersetzungs-Plugin, das gew\u00e4hrleistet<\/h3>\n<p><strong>In K\u00fcrze<\/strong>: Wenn Sie das Team hinter einem der bekanntesten WordPress-Backup-Plugins sind, stelle ich mir vor, dass das Versichern wie eine zweite Natur ist. Nun, au\u00dfer diesem kleinen Wortspiel ist MultilingualPress ein \u00dcbersetzungs-Plug-in f\u00fcr WordPress, das Ihnen eine innovative Vision in Bezug auf das Sprachmanagement bietet, so dass Ihre WordPress-Seite immer an der Spitze ihrer Leistung bleibt.<\/p>\n<p><strong>Ein Neuling in der Welt der WordPress-\u00dcbersetzung, der die Leute zum Reden bringen wird.<\/strong><br \/>\n<a href=\"\/?page_id=760\">&gt;MultilingualPress WordPress-\u00dcbersetzungs-Plugin: Die vollst\u00e4ndige \u00dcberpr\u00fcfung<\/a><br \/>\n[\/su_column]<br \/>\n[su_column size=&#8220;1\/6&#8243;]<br \/>\n[su_spacer size=&#8220;10&#8243;]<br \/>\n<i class=\"fa fa-star\" style=\"font-size: 25px;color: #1f88a3\"><\/i><i class=\"fa fa-star\" style=\"font-size: 25px;color: #1f88a3\"><\/i><i class=\"fa fa-star\" style=\"font-size: 25px;color: #1f88a3\"><\/i><i class=\"fa fa-star\" style=\"font-size: 25px;color: #1f88a3\"><\/i><i class=\"fa fa-star-o\" style=\"font-size: 25px;color: #1f88a3\"><\/i><br \/>\n[su_spacer size=&#8220;40&#8243;]<\/p>\n<p style=\"text-align: center\">[su_button background=&#8220;#1F88A3&#8243; size=&#8220;6&#8243; url=&#8220;https:\/\/wp-theme-plugin.com\/out-multilingual-press&#8220; target=&#8220;blank&#8220;] <strong>Entdecken<\/strong> [\/su_button] [\/su_column]<\/p>\n<p>[\/su_row]<\/p>\n<p>[su_row]<br \/>\n[su_column size=&#8220;1\/6&#8243;]<img loading=\"lazy\" decoding=\"async\" class=\"aligncenter size-full wp-image-130\" src=\"https:\/\/wp-multilingual.com\/wp-content\/uploads\/sites\/18\/2017\/10\/polylang-wordpress-multilingue-traduction-square.png\" alt=\"\" width=\"220\" height=\"190\" \/>[\/su_column]<br \/>\n[su_column size=&#8220;2\/3&#8243;]<\/p>\n<h3>Polylang: Das \u00dcbersetzungs-Plugin zum entdecken<\/h3>\n<p><strong>In K\u00fcrze<\/strong>: PolyLang ist ein WordPress-\u00dcbersetzungs-Plugin, das sich seit Jahren stetig und progressiv entwickelt. Dieses Plugin steht schlie\u00dflich im Rampenlicht und kennt daher wesentlich mehr funktionale Updates. Polylang ist ein fortgeschrittenes mehrsprachiges WordPress-Plugin, das es verdient, sich die Zeit zu nehmen, seine Vision der WordPress-\u00dcbersetzung zu entdecken.<\/p>\n<p><strong>Mit all diesen Eigenschaften ist Polylang an der Spitze des Korbs.<\/strong><br \/>\n<a href=\"\/?page_id=762\">&gt; polyLang WordPress-\u00dcbersetzungs-Plugin: Die vollst\u00e4ndige \u00dcberpr\u00fcfung<\/a><br \/>\n[\/su_column]<br \/>\n[su_column size=&#8220;1\/6&#8243;]<br \/>\n[su_spacer size=&#8220;10&#8243;]<br \/>\n<i class=\"fa fa-star\" style=\"font-size: 25px;color: #1f88a3\"><\/i><i class=\"fa fa-star\" style=\"font-size: 25px;color: #1f88a3\"><\/i><i class=\"fa fa-star\" style=\"font-size: 25px;color: #1f88a3\"><\/i><i class=\"fa fa-star\" style=\"font-size: 25px;color: #1f88a3\"><\/i><i class=\"fa fa-star-o\" style=\"font-size: 25px;color: #1f88a3\"><\/i><br \/>\n[su_spacer size=&#8220;40&#8243;]<\/p>\n<p style=\"text-align: center\">[su_button background=&#8220;#1F88A3&#8243; size=&#8220;6&#8243; url=&#8220;https:\/\/wp-theme-plugin.com\/out-polylang&#8220; target=&#8220;blank&#8220;] <strong>Entdecken <\/strong> [\/su_button] [\/su_column]<\/p>\n<p>[\/su_row]<\/p>\n","protected":false},"excerpt":{"rendered":"<p>Liste der WordPress \u00dcbersetzung Plugins Suchen Sie nach einem WordPress-Plugin, mit dem Sie Ihre gesamte WordPress-Website \u00fcbersetzen k\u00f6nnen, um lokalisierte Versionen Ihrer Website zu erstellen? Tats\u00e4chlich erlaubt es WordPress einer Basis nicht, eine mehrsprachige&#46;&#46;&#46;<\/p>\n","protected":false},"author":2,"featured_media":0,"parent":0,"menu_order":0,"comment_status":"closed","ping_status":"closed","template":"","meta":{"_monsterinsights_skip_tracking":false,"_monsterinsights_sitenote_active":false,"_monsterinsights_sitenote_note":"","_monsterinsights_sitenote_category":0,"footnotes":""},"class_list":["post-848","page","type-page","status-publish","hentry"],"yoast_head":"<!-- This site is optimized with the Yoast SEO plugin v23.1 - https:\/\/yoast.com\/wordpress\/plugins\/seo\/ -->\n<title>WordPress Translation Plugins: Die TOP 5 des mehrsprachigen WordPress<\/title>\n<meta name=\"description\" content=\"\u00dcbersetzen Sie Ihre WordPress-Website? Dies ist einfach mit dem richtigen WordPress-\u00dcbersetzungs-Plugin. Schauen Sie sich gleich die Auswahl der besten WordPress \u00dcbersetzungsplugins f\u00fcr 2018 an.\" \/>\n<meta name=\"robots\" content=\"index, follow, max-snippet:-1, max-image-preview:large, max-video-preview:-1\" \/>\n<link rel=\"canonical\" href=\"https:\/\/wp-multilingual.com\/de\/wordpress-uebersetzung-plugins\/\" \/>\n<meta property=\"og:locale\" content=\"de_DE\" \/>\n<meta property=\"og:type\" content=\"article\" \/>\n<meta property=\"og:title\" content=\"WordPress Translation Plugins: Die TOP 5 des mehrsprachigen WordPress\" \/>\n<meta property=\"og:description\" content=\"\u00dcbersetzen Sie Ihre WordPress-Website? Dies ist einfach mit dem richtigen WordPress-\u00dcbersetzungs-Plugin. Schauen Sie sich gleich die Auswahl der besten WordPress \u00dcbersetzungsplugins f\u00fcr 2018 an.\" \/>\n<meta property=\"og:url\" content=\"https:\/\/wp-multilingual.com\/de\/wordpress-uebersetzung-plugins\/\" \/>\n<meta property=\"og:site_name\" content=\"wp-multlingual.com\" \/>\n<meta property=\"og:image\" content=\"https:\/\/wp-multilingual.com\/wp-content\/uploads\/sites\/18\/2017\/10\/wpml-wordpress-multilingue-traduction-square.jpg\" \/>\n<meta name=\"twitter:card\" content=\"summary_large_image\" \/>\n<meta name=\"twitter:label1\" content=\"Gesch\u00e4tzte Lesezeit\" \/>\n\t<meta name=\"twitter:data1\" content=\"4\u00a0Minuten\" \/>\n<script type=\"application\/ld+json\" class=\"yoast-schema-graph\">{\"@context\":\"https:\/\/schema.org\",\"@graph\":[{\"@type\":\"WebPage\",\"@id\":\"https:\/\/wp-multilingual.com\/de\/wordpress-uebersetzung-plugins\/\",\"url\":\"https:\/\/wp-multilingual.com\/de\/wordpress-uebersetzung-plugins\/\",\"name\":\"WordPress Translation Plugins: Die TOP 5 des mehrsprachigen WordPress\",\"isPartOf\":{\"@id\":\"https:\/\/wp-multilingual.com\/el\/#website\"},\"primaryImageOfPage\":{\"@id\":\"https:\/\/wp-multilingual.com\/de\/wordpress-uebersetzung-plugins\/#primaryimage\"},\"image\":{\"@id\":\"https:\/\/wp-multilingual.com\/de\/wordpress-uebersetzung-plugins\/#primaryimage\"},\"thumbnailUrl\":\"https:\/\/wp-multilingual.com\/wp-content\/uploads\/sites\/18\/2017\/10\/wpml-wordpress-multilingue-traduction-square.jpg\",\"datePublished\":\"2018-04-06T04:45:03+00:00\",\"dateModified\":\"2018-04-06T04:45:03+00:00\",\"description\":\"\u00dcbersetzen Sie Ihre WordPress-Website? Dies ist einfach mit dem richtigen WordPress-\u00dcbersetzungs-Plugin. Schauen Sie sich gleich die Auswahl der besten WordPress \u00dcbersetzungsplugins f\u00fcr 2018 an.\",\"breadcrumb\":{\"@id\":\"https:\/\/wp-multilingual.com\/de\/wordpress-uebersetzung-plugins\/#breadcrumb\"},\"inLanguage\":\"de\",\"potentialAction\":[{\"@type\":\"ReadAction\",\"target\":[\"https:\/\/wp-multilingual.com\/de\/wordpress-uebersetzung-plugins\/\"]}]},{\"@type\":\"ImageObject\",\"inLanguage\":\"de\",\"@id\":\"https:\/\/wp-multilingual.com\/de\/wordpress-uebersetzung-plugins\/#primaryimage\",\"url\":\"https:\/\/wp-multilingual.com\/wp-content\/uploads\/sites\/18\/2017\/10\/wpml-wordpress-multilingue-traduction-square.jpg\",\"contentUrl\":\"https:\/\/wp-multilingual.com\/wp-content\/uploads\/sites\/18\/2017\/10\/wpml-wordpress-multilingue-traduction-square.jpg\"},{\"@type\":\"BreadcrumbList\",\"@id\":\"https:\/\/wp-multilingual.com\/de\/wordpress-uebersetzung-plugins\/#breadcrumb\",\"itemListElement\":[{\"@type\":\"ListItem\",\"position\":1,\"name\":\"Accueil\",\"item\":\"https:\/\/wp-multilingual.com\/\"},{\"@type\":\"ListItem\",\"position\":2,\"name\":\"Top 5 WordPress Translation Plugins 2018\"}]},{\"@type\":\"WebSite\",\"@id\":\"https:\/\/wp-multilingual.com\/el\/#website\",\"url\":\"https:\/\/wp-multilingual.com\/el\/\",\"name\":\"wp-multlingual.com\",\"description\":\"Th\u00e8mes et Plugins Magento\",\"potentialAction\":[{\"@type\":\"SearchAction\",\"target\":{\"@type\":\"EntryPoint\",\"urlTemplate\":\"https:\/\/wp-multilingual.com\/el\/?s={search_term_string}\"},\"query-input\":\"required name=search_term_string\"}],\"inLanguage\":\"de\"}]}<\/script>\n<!-- \/ Yoast SEO plugin. -->","yoast_head_json":{"title":"WordPress Translation Plugins: Die TOP 5 des mehrsprachigen WordPress","description":"\u00dcbersetzen Sie Ihre WordPress-Website? Dies ist einfach mit dem richtigen WordPress-\u00dcbersetzungs-Plugin. Schauen Sie sich gleich die Auswahl der besten WordPress \u00dcbersetzungsplugins f\u00fcr 2018 an.","robots":{"index":"index","follow":"follow","max-snippet":"max-snippet:-1","max-image-preview":"max-image-preview:large","max-video-preview":"max-video-preview:-1"},"canonical":"https:\/\/wp-multilingual.com\/de\/wordpress-uebersetzung-plugins\/","og_locale":"de_DE","og_type":"article","og_title":"WordPress Translation Plugins: Die TOP 5 des mehrsprachigen WordPress","og_description":"\u00dcbersetzen Sie Ihre WordPress-Website? Dies ist einfach mit dem richtigen WordPress-\u00dcbersetzungs-Plugin. Schauen Sie sich gleich die Auswahl der besten WordPress \u00dcbersetzungsplugins f\u00fcr 2018 an.","og_url":"https:\/\/wp-multilingual.com\/de\/wordpress-uebersetzung-plugins\/","og_site_name":"wp-multlingual.com","og_image":[{"url":"https:\/\/wp-multilingual.com\/wp-content\/uploads\/sites\/18\/2017\/10\/wpml-wordpress-multilingue-traduction-square.jpg"}],"twitter_card":"summary_large_image","twitter_misc":{"Gesch\u00e4tzte Lesezeit":"4\u00a0Minuten"},"schema":{"@context":"https:\/\/schema.org","@graph":[{"@type":"WebPage","@id":"https:\/\/wp-multilingual.com\/de\/wordpress-uebersetzung-plugins\/","url":"https:\/\/wp-multilingual.com\/de\/wordpress-uebersetzung-plugins\/","name":"WordPress Translation Plugins: Die TOP 5 des mehrsprachigen WordPress","isPartOf":{"@id":"https:\/\/wp-multilingual.com\/el\/#website"},"primaryImageOfPage":{"@id":"https:\/\/wp-multilingual.com\/de\/wordpress-uebersetzung-plugins\/#primaryimage"},"image":{"@id":"https:\/\/wp-multilingual.com\/de\/wordpress-uebersetzung-plugins\/#primaryimage"},"thumbnailUrl":"https:\/\/wp-multilingual.com\/wp-content\/uploads\/sites\/18\/2017\/10\/wpml-wordpress-multilingue-traduction-square.jpg","datePublished":"2018-04-06T04:45:03+00:00","dateModified":"2018-04-06T04:45:03+00:00","description":"\u00dcbersetzen Sie Ihre WordPress-Website? Dies ist einfach mit dem richtigen WordPress-\u00dcbersetzungs-Plugin. Schauen Sie sich gleich die Auswahl der besten WordPress \u00dcbersetzungsplugins f\u00fcr 2018 an.","breadcrumb":{"@id":"https:\/\/wp-multilingual.com\/de\/wordpress-uebersetzung-plugins\/#breadcrumb"},"inLanguage":"de","potentialAction":[{"@type":"ReadAction","target":["https:\/\/wp-multilingual.com\/de\/wordpress-uebersetzung-plugins\/"]}]},{"@type":"ImageObject","inLanguage":"de","@id":"https:\/\/wp-multilingual.com\/de\/wordpress-uebersetzung-plugins\/#primaryimage","url":"https:\/\/wp-multilingual.com\/wp-content\/uploads\/sites\/18\/2017\/10\/wpml-wordpress-multilingue-traduction-square.jpg","contentUrl":"https:\/\/wp-multilingual.com\/wp-content\/uploads\/sites\/18\/2017\/10\/wpml-wordpress-multilingue-traduction-square.jpg"},{"@type":"BreadcrumbList","@id":"https:\/\/wp-multilingual.com\/de\/wordpress-uebersetzung-plugins\/#breadcrumb","itemListElement":[{"@type":"ListItem","position":1,"name":"Accueil","item":"https:\/\/wp-multilingual.com\/"},{"@type":"ListItem","position":2,"name":"Top 5 WordPress Translation Plugins 2018"}]},{"@type":"WebSite","@id":"https:\/\/wp-multilingual.com\/el\/#website","url":"https:\/\/wp-multilingual.com\/el\/","name":"wp-multlingual.com","description":"Th\u00e8mes et Plugins Magento","potentialAction":[{"@type":"SearchAction","target":{"@type":"EntryPoint","urlTemplate":"https:\/\/wp-multilingual.com\/el\/?s={search_term_string}"},"query-input":"required name=search_term_string"}],"inLanguage":"de"}]}},"_links":{"self":[{"href":"https:\/\/wp-multilingual.com\/de\/wp-json\/wp\/v2\/pages\/848","targetHints":{"allow":["GET"]}}],"collection":[{"href":"https:\/\/wp-multilingual.com\/de\/wp-json\/wp\/v2\/pages"}],"about":[{"href":"https:\/\/wp-multilingual.com\/de\/wp-json\/wp\/v2\/types\/page"}],"author":[{"embeddable":true,"href":"https:\/\/wp-multilingual.com\/de\/wp-json\/wp\/v2\/users\/2"}],"replies":[{"embeddable":true,"href":"https:\/\/wp-multilingual.com\/de\/wp-json\/wp\/v2\/comments?post=848"}],"version-history":[{"count":1,"href":"https:\/\/wp-multilingual.com\/de\/wp-json\/wp\/v2\/pages\/848\/revisions"}],"predecessor-version":[{"id":849,"href":"https:\/\/wp-multilingual.com\/de\/wp-json\/wp\/v2\/pages\/848\/revisions\/849"}],"wp:attachment":[{"href":"https:\/\/wp-multilingual.com\/de\/wp-json\/wp\/v2\/media?parent=848"}],"curies":[{"name":"wp","href":"https:\/\/api.w.org\/{rel}","templated":true}]}}