{"id":801,"date":"2018-04-05T14:17:17","date_gmt":"2018-04-05T12:17:17","guid":{"rendered":"https:\/\/wp-multilingual.com\/?page_id=801"},"modified":"2018-04-05T14:17:17","modified_gmt":"2018-04-05T12:17:17","slug":"mehrsprachiges-woocommerce-plugin","status":"publish","type":"page","link":"https:\/\/wp-multilingual.com\/de\/mehrsprachiges-woocommerce-plugin\/","title":{"rendered":"Mehrsprachiges WooCommerce Plugin"},"content":{"rendered":"<p>[su_quote cite=&#8220;Built With&#8220; url=&#8220;https:\/\/builtwith.com\/ecommerce\/&#8220; target=&#8220;blank&#8220;]In nur drei Jahren erreicht WooCommerce bereits 41% der E-Commerce-Sites der Welt und wird bald Magento auf seinem eigenen Gebiet, dem der E-Commerce-Sites, \u00fcberschreiten.[\/su_quote]<\/p>\n<p><img loading=\"lazy\" decoding=\"async\" src=\"https:\/\/wp-multilingual.com\/wp-content\/uploads\/sites\/18\/2017\/10\/woocommerce-multilingue-logo.jpg\" alt=\"\" width=\"150\" height=\"150\" class=\"alignleft size-full wp-image-137\" \/>Vor f\u00fcnf Jahren war es ein milder Wahnsinn, zu glauben, dass WordPress alle Funktionen bieten k\u00f6nnte, die von CMS angeboten werden, das auf den Sektor spezialisiert ist, wie Magento oder Prestashop.<br \/>\nIn nicht einmal 3 Jahren hat sich WordPress als essenzielle L\u00f6sung f\u00fcr eCommerce herauskristallisiert, und dies dank des Plugins WooCommerce. Wer selbst w\u00e4re ohne das Projekt JigoShop nicht geboren worden, das er eine Gabel ist. Mit dem Aufkommen einer extrem flexiblen WordPress Version 3.9 und einem WooCommerce bis hin zur \u00fcbersichtlichen Administrationsoberfl\u00e4che hat der Planet eCommerce buchst\u00e4blich sein Gesicht im Handumdrehen ver\u00e4ndert. Was unwahrscheinlich war, hat sich bewahrheitet, eCommerce kann nicht mehr ohne WooCommerce auskommen. Um WooCommerce ist ein vollwertiges \u00d6kosystem entstanden. Es gibt alles, was bei WooCommerce fehlen k\u00f6nnte. Nicht, dass dies besonders notwendig ist, also bietet WooCommerce eine beeindruckende Funktionalit\u00e4t, um eine E-Commerce-Site in k\u00fcrzester Zeit einzurichten.<br \/>\nEinziger Wermutstropfen, der einzige Mangel, der WooCommerce weiterhin mit gro\u00dfen Kunden konfrontiert, ist der Mangel an nativer Unterst\u00fctzung des Mehrsprachigen. Es gibt jedoch ein Plugin, mit dem Sie:<\/p>\n<ul>\n<li> \u00dcbersetze alle Produkttypen (einzeln oder variabel) <\/li>\n<li> Zugriff auf eine dedizierte Schnittstelle zur Produkt\u00fcbersetzungsverwaltung <\/li>\n<li> \u00dcbersetze alle Produkttypen (einzeln oder variabel) <\/li>\n<li> \u00dcbersetze den gesamten Bestellvorgang (check out) <\/li>\n<li> Senden von Transaktions-E-Mails in der Sprache des Kunden <\/li>\n<li> Ein einheitlicher Produktbestand, der nicht nach Sprache aufgeschl\u00fcsselt ist <\/li>\n<li> Erm\u00f6glicht die Unterst\u00fctzung verschiedener W\u00e4hrungen auf einer WooCommerce-Website <\/li>\n<\/ul>\n<p>Das Hinzuf\u00fcgen mehrsprachiger Funktionen zu einer WooCommerce-Website scheint f\u00fcr alle Gesch\u00e4fte, selbst f\u00fcr die bescheidensten, unerl\u00e4sslich zu sein. Internet erm\u00f6glicht es Ihnen, weltweit zu liefern. Wussten Sie, dass fast jeder zweite europ\u00e4ische Eink\u00e4ufer auf einer E-Commerce-Website, die ihre Sprache nicht beherrscht, nie gekauft hat? Der Zeitaufwand f\u00fcr die Implementierung einer mehrsprachigen E-Commerce-Site sollte nicht untersch\u00e4tzt werden. Wenn Sie das richtige mehrsprachige WooCommerce-Plugin ausw\u00e4hlen, k\u00f6nnen Sie Ihre Arbeitszeit optimieren.<\/p>\n<p>[su_row]<br \/>\n[su_column size=&#8220;1\/6&#8243;]<img loading=\"lazy\" decoding=\"async\" src=\"https:\/\/wp-multilingual.com\/wp-content\/uploads\/sites\/18\/2017\/10\/wpml-wordpress-multilingue-traduction-square.jpg\" alt=\"\" width=\"220\" height=\"190\" class=\"aligncenter size-full wp-image-128\" \/>[\/su_column]<br \/>\n[su_column size=&#8220;2\/3&#8243;]<\/p>\n<h3>WPML: 100% mehrsprachiger WooCommerce<\/h3>\n<p><strong>In K\u00fcrze<\/strong>:WPML bietet uns ein Modul zu seinem ber\u00fchmten WPML CMS Plugin, um 100% WooCommerce zu unterst\u00fctzen. Dieses Plugin hei\u00dft WooCommerce Multilingual. Mit einem solchen Namen vermuten wir beide, was er tun wird, und wir haben es mit dem allerersten mehrsprachigen WooCommerce-Plugin auf dem Markt zu tun, das immer noch funktioniert. WPML hat sich seit vielen Jahren auf mehrsprachige WordPress-Websites spezialisiert.<\/p>\n<p><strong>Eine mehrsprachige WooCommerce-Seite? Das ist seine Spezialit\u00e4t, keine Suche.<\/strong><\/p>\n<p>[\/su_column]<br \/>\n[su_column size=&#8220;1\/6&#8243;]<i>[su_spacer size=&#8220;20&#8243;]<\/i><\/p>\n<p style=\"text-align: center\"><i class=\"fa fa-star\"><\/i><i class=\"fa fa-star\"><\/i><i class=\"fa fa-star\"><\/i><i class=\"fa fa-star\"><\/i><i class=\"fa fa-star-half-o\"><\/i><br \/>\n<i>Von 29 $<\/i><\/p>\n<p>[su_button background=&#8220;#FF2F3B&#8220; size=&#8220;6&#8243; url=&#8220;https:\/\/wp-theme-plugin.com\/out-wpml&#8220; target=&#8220;blank&#8220;]<strong>Discover<\/strong> [\/su_button] [\/su_column]<br \/>\n[\/su_row]<\/p>\n<p>Aber nebenbei &#8230; Was ist eine mehrsprachige WooCommerce-Seite?<\/p>\n<h1>Multilingual WooCommerce? Why ? How?<\/h1>\n<p>Grunds\u00e4tzlich sprechen wir davon, WooCommerce mehrsprachig zu machen. Aber wor\u00fcber reden wir genau? Lassen Sie uns herausfinden, was wir von einem sehr guten \u00dcbersetzungs- und mehrsprachigen Management-Plugin f\u00fcr WooCommerce erwarten k\u00f6nnen.<\/p>\n<h2>WordPress-Integration<\/h2>\n<p>Ich \u00f6ffne gerne T\u00fcren:) Aber bevor du ein Plugin f\u00fcr WooCommerce bist, muss das Plugin, an das du dich erinnern wirst, um deine mehrsprachige Seite zu erstellen, in erster Linie mit WordPress kompatibel sein. Ich hatte gewarnt &#8230; offene T\u00fcr &#8230; Hust &#8230; Sagte so, es klingt vielleicht ein bisschen albern. Aber denken Sie eine Sekunde dar\u00fcber nach. Schlie\u00dflich ist Ihre WordPress-Installation vielleicht nicht so klassisch, wie es auf den ersten Blick scheint. Ein Beispiel, das wir sehr oft treffen: die Unterst\u00fctzung der WordPress Multisite Version. Ok, das betrifft nicht alle, aber es zeigt, dass wir, bevor wir \u00fcber die Unterst\u00fctzung von WooCommerce nachdenken, die Frage nach der Unterst\u00fctzung von WordPress selbst stellen m\u00fcssen. Ich w\u00fcrde sogar Support f\u00fcr <strong> dein WordPress <\/strong> sagen. Ein anderes Plugin k\u00f6nnte Probleme wie Sicherheit Plugins zum Beispiel aufr\u00fchren.<br \/>\n\u00dcbrigens: Alle Plugins, die es WooCommerce erm\u00f6glichen, mehrsprachige Funktionen zu haben, sind weit davon entfernt, WordPress in der Version f\u00fcr mehrere Standorte zu unterst\u00fctzen. Sei vorsichtig, wenn du wie wir diese Konfiguration von WordPress magst.<\/p>\n<h2>WooCommerce integration<\/h2>\n<p>Ok, an diesem Punkt sind wir uns sicher von unserer WordPress-Konfiguration und ihrer Unterst\u00fctzung durch das Plugin, auf das wir unser devolute geworfen haben. Jetzt schauen wir uns an, wie es sich mit WooCommerce verh\u00e4lt. Daf\u00fcr gibt es mehrere Punkte der Wachsamkeit:<\/p>\n<ul>\n<li> Wie viele Sprachen k\u00f6nnen wir haben? <\/li>\n<li> Wie erscheint die \u00dcbersetzung im Backoffice? <\/li>\n<li> Verwaltet das Plugin verschiedene W\u00e4hrungen nach Sprache? <\/li>\n<li> Bietet das Plugin genaue Informationen dar\u00fcber, was \u00fcbersetzt, \u00fcbersetzt und nicht \u00fcbersetzt wird? <\/li>\n<li> Wird der Kauftunnel in der Sprache des Benutzers liegen? <\/li>\n<li> Kommen Transaktions-E-Mails in der Sprache des Benutzers an? <\/li>\n<\/ul>\n<p>Das Angebot eines mehrsprachigen Plugins ist viel mehr als nur das \u00dcbersetzen von Produkteintr\u00e4gen, wenn es um WooCommerce geht. Die Unterst\u00fctzung von mehrsprachigem WooCommerce erfordert eine echte Integration, die nur sehr wenige Plugins f\u00fcr sich beanspruchen k\u00f6nnen.<\/p>\n<h2>Medienmanagement<\/h2>\n<p>Es mag wie nichts scheinen. Aber haben Sie jemals gedacht, dass es m\u00f6glich ist, f\u00fcr jede Version der Sprache eines Produkts die Menge der zugeh\u00f6rigen Bilder herunterzuladen? Wenn wir zehn Produkte auf unserer Website haben, ist das keine gro\u00dfe Sache. Aber wenn wir 200 Produkte haben und jedes Produkt zwischen drei und f\u00fcnf Bildern hat, lasse ich Sie sich die organisatorischen Albtr\u00e4ume vorstellen, die das sind. Das beste ? W\u00e4hlen Sie ein mehrsprachiges WooCommerce-Plugin, das die mit Ihren WooCommerce-Produkten verbundenen Medien intelligent verwaltet.<\/p>\n<h2>SEO und mehrsprachig<\/h2>\n<p>Lass uns einen Punkt machen. Damit ein mehrsprachiges WooCommerce-Plugin interessant wird, muss es bereits eine heilige Liste von Bedingungen f\u00fcllen, ohne die es besser ist, seinen Weg zu gehen:<\/p>\n<ul>\n<li> Sei WordPress-kompatibel <\/li>\n<li> Schwer versichert von Seiten WooCommerce (Produkt, Checkout, Transaktions-E-Mails &#8230;) <\/li>\n<li> Verwalten Sie die Medien gut <\/li>\n<\/ul>\n<p>Lass uns nun \u00fcber die nat\u00fcrliche SEO deines WooCommerce eCommerce Stores sprechen. Es ist eine sichere Wette, dass, auch wenn dies nicht Ihr Hauptziel ist, die \u00dcbersetzung Ihrer WooComerce-Website mit der Idee gemacht wird, Ihre SEO zu erh\u00f6hen; zumindest ein bisschen. Was w\u00e4re, wenn ein mehrsprachiges WooCommerce-Plugin nicht helfen w\u00fcrde, aber deine SEO-Arbeit ruinieren w\u00fcrde?<br \/>\nSicherzustellen, dass SEO ein Hauptaugenmerk f\u00fcr Teams hinter dem mehrsprachigen WooCommerce-Plugin ist, das Sie w\u00e4hlen, ist unbedingt erforderlich.<br \/>\nWas uns zum n\u00e4chsten Thema f\u00fchrt &#8230;<\/p>\n<h2>Support third-party plugins<\/h2>\n<p>Bevor Sie ein WooCommerce-Plugin werden, ist jedes Plugin ein WordPress-Plugin. Ich habe es schon gesagt. Aber es geht \u00fcber das hinaus, was Sie vielleicht gedacht haben. Es wird notwendig sein, dass dieses Plugin mit allen Plugins interagieren kann, die selbst auf Ihrem WooCommerce und WordPress interagieren werden. Um zu SEO zur\u00fcckzukehren, sollte ein gutes mehrsprachiges WooCommerce-Plugin uns erlauben, alle SEO-Plugins f\u00fcr WordPress weiter zu verwenden, und zwar nach Sprache. Diese Arbeit kann nicht von den f\u00fcr das betreffende Plugin verantwortlichen Teams durchgef\u00fchrt werden. Es liegt an der Gemeinschaft zu entscheiden, wen sie unterst\u00fctzen wollen. In diesem kleinen Spiel kommt nur WPML mit den Gl\u00fcckw\u00fcnschen der Jury davon.<br \/>\nWenn wir alle Plugins, die das WooCommerce-Universum ausmachen, in Bezug auf die Interoperabilit\u00e4t z\u00e4hlen m\u00fcssen, m\u00fcssen wir auch die Textausgabe ber\u00fccksichtigen, die von den Plugins selbst erzeugt wird. Es ist wichtig, dass Ihr WooCommerce-Plugin Ihnen erlaubt, diese Strings zu \u00fcbersetzen, ohne den Quellcode des betreffenden Plugins zu \u00f6ffnen.<\/p>\n<h2>Third-Party-Themen unterst\u00fctzen<\/h2>\n<p>Du denkst, du hast endlich das WordPress-Theme gefunden, das so lange mit dem \u00fcbereinstimmt, wonach du gesucht hast. Du installierst es. Sie entscheiden sich auch daf\u00fcr, Ihren Shop zu einem mehrsprachigen WooCommerce-Shop zu machen. Und dort, Katastrophe, Ihr Plugin und Ihr Thema sind nicht kompatibel. Warum ? Wie f\u00fcr die Plugins ist es der Entwickler des Themas, um sicherzustellen, dass das Plugin zu 100% unterst\u00fctzt wird. Die erweiterte Unterst\u00fctzung f\u00fcr ein bestimmtes Plug-in garantiert eine Plug&#8217;n-Play-Funktion. Wenn Sie genau hinsehen, werden Sie feststellen, dass fast alle Marktthemen offiziell mit WPML kompatibel sind. Das ist es, um das beste mehrsprachige Plugin f\u00fcr WordPress seit Jahren zu gew\u00e4hrleisten.<\/p>\n<h2>Erweiterte Funktionen ++<\/h2>\n<p>Was ist, wenn Ihr Plugin mehr als &#8222;nur&#8220; getan hat, um Ihre Website WooCommerce mehrsprachig zu machen? Und wenn er dir mehr bieten k\u00f6nnte.<br \/>\nWenn alle Bedingungen erf\u00fcllt sind, dann immer Spa\u00df haben. Als solche k\u00f6nnten wir zum Beispiel haben:<\/p>\n<ul>\n<li> Eine automatische Umleitung entsprechend der Sprache des Benutzers <\/li>\n<li> Sprachverwaltung in Subdomains <\/li>\n<li> Die Verwaltung von Sprachen auf separaten TLDs (monsite.fr, mywebsite.com, meinewebsite.de &#8230;) <\/li>\n<li> Die Erstellung von Produkten, die nach Sprachen verlinkt sind oder nicht <\/li>\n<li> Zugriff auf eine Schnittstelle f\u00fcr die \u00dcbersetzung <\/li>\n<li> Erstellen eines neuen Benutzertyps f\u00fcr mehr Sicherheit und Einfachheit: \u00dcbersetzer. <\/li>\n<\/ul>\n<p>[su_row]<br \/>\n[su_column size=&#8220;1\/3&#8243;]<img loading=\"lazy\" decoding=\"async\" src=\"https:\/\/wp-multilingual.com\/wp-content\/uploads\/sites\/18\/2017\/10\/wpml-wordpress-multilingue-traduction-square.jpg\" alt=\"\" width=\"220\" height=\"190\" class=\"aligncenter size-full wp-image-128\" \/><\/p>\n<p style=\"text-align: center\">\n[su_button background=&#8220;#FF2F3B&#8220; size=&#8220;6&#8243; url=&#8220;https:\/\/wp-theme-plugin.com\/out-wpml&#8220; target=&#8220;blank&#8220;]<strong>Entdecken<\/strong> [\/su_button]<\/p>\n<p>[\/su_column]<br \/>\n[su_column size=&#8220;2\/3&#8243;]<\/p>\n<h3>WPML: Das Beste aus mehrsprachigem WooCommerce<\/h3>\n<p><strong>In K\u00fcrze<\/strong>: WPML brauchte jahrelange Fortschritte im mehrsprachigen Management unter WooCommerce und noch st\u00e4rker auf WordPress im Allgemeinen. In diesem Sinne bietet WPML mit WooCommerce Multilingual ein Plugin an, das alles gew\u00e4hrleistet, was ein gutes mehrsprachiges Plugin gut kann. Dar\u00fcber hinaus bietet es uns Zugriff auf erweiterte Funktionen, die besonders wertvoll sind.<\/p>\n<p><strong>WooCommerce Multilingual bietet eine echte mehrsprachige Administrationsoberfl\u00e4che f\u00fcr WooCommerce.<\/strong><\/p>\n<p>[\/su_column]<br \/>\n[\/su_row]<\/p>\n<p>[su_divider top=&#8220;no&#8220; style=&#8220;dotted&#8220; size=&#8220;2&#8243;]<\/p>\n<h1>More resources on WooCommerce<\/h1>\n<p>WooCommerce ist ein umfangreiches Thema. Apropos WooCommerce mehrsprachige Version, wir n\u00e4hern uns nur WooCommerce unter einer seiner vielen Facetten. Wir empfehlen Ihnen, weiter \u00fcber WooCommerce zu folgenden Themen zu lesen:<\/p>\n<h3>Wo hosten Sie Ihre WooCommerce-Site?<\/h3>\n<p><strong>WooCommerce Hosting<\/strong> : A WooCommerce site must always be at the top of its performance and accessibility. Your web hosting is at the heart of these two important issues. Choosing the right host is essential. Did you know that there are fully thought-out and secure host for WooCommerce?<br \/>\n[su_row]<br \/>\n[su_column size=&#8220;2\/3&#8243;]<strong>Helfen Sie mit, die Wahl des Hosting-WooCommerce zu treffen.<\/strong>[\/su_column]<br \/>\n[su_column size=&#8220;1\/3&#8243;][su_button background=&#8220;#FF2F3B&#8220; size=&#8220;6&#8243; url=&#8220;https:\/\/woo-hosting.com&#8220; target=&#8220;blank&#8220;]<strong>WooCommerce Hosting<\/strong> [\/su_button] [\/su_column]<br \/>\n[\/su_row]<\/p>\n<h3>Welche Plugins und Themes f\u00fcr WooCommerce?<\/h3>\n<p><strong>WooCommerce-Themes und -Plugins <\/strong>: Eine WooCommerce-Site muss immer an der Spitze ihrer Leistung und Zug\u00e4nglichkeit stehen. Ihr Webhosting steht im Mittelpunkt dieser beiden wichtigen Themen. Die Wahl des richtigen Hosts ist von wesentlicher Bedeutung. Wusstest du, dass es einen durchdachten und sicheren Host f\u00fcr WooCommerce gibt?<br \/>\n[su_row]<br \/>\n[su_column size=&#8220;2\/3&#8243;]<strong>Helfen Sie mit, die Wahl des Hosting-WooCommerce zu treffen.<\/strong>[\/su_column]<br \/>\n[su_column size=&#8220;1\/3&#8243;][su_button background=&#8220;#FF2F3B&#8220; size=&#8220;6&#8243; url=&#8220;https:\/\/woo-themes-plugins.com\/en&#8220; target=&#8220;blank&#8220;]<strong>WooCommerce Themes and Plugins<\/strong> [\/su_button] [\/su_column]<br \/>\n[\/su_row]<br \/>\n[su_divider top=&#8220;no&#8220; style=&#8220;dotted&#8220; size=&#8220;2&#8243;]<\/p>\n<h1><\/h1>\n","protected":false},"excerpt":{"rendered":"<p>[su_quote cite=&#8220;Built With&#8220; url=&#8220;https:\/\/builtwith.com\/ecommerce\/&#8220; target=&#8220;blank&#8220;]In nur drei Jahren erreicht WooCommerce bereits 41% der E-Commerce-Sites der Welt und wird bald Magento auf seinem eigenen Gebiet, dem der E-Commerce-Sites, \u00fcberschreiten.[\/su_quote] Vor f\u00fcnf Jahren war es ein&#46;&#46;&#46;<\/p>\n","protected":false},"author":2,"featured_media":0,"parent":0,"menu_order":0,"comment_status":"closed","ping_status":"closed","template":"","meta":{"_monsterinsights_skip_tracking":false,"_monsterinsights_sitenote_active":false,"_monsterinsights_sitenote_note":"","_monsterinsights_sitenote_category":0,"footnotes":""},"class_list":["post-801","page","type-page","status-publish","hentry"],"yoast_head":"<!-- This site is optimized with the Yoast SEO plugin v23.1 - https:\/\/yoast.com\/wordpress\/plugins\/seo\/ -->\n<title>Mehrsprachiges WooCommerce Plugin - wp-multlingual.com<\/title>\n<meta name=\"robots\" content=\"index, follow, max-snippet:-1, max-image-preview:large, max-video-preview:-1\" \/>\n<link rel=\"canonical\" href=\"https:\/\/wp-multilingual.com\/de\/mehrsprachiges-woocommerce-plugin\/\" \/>\n<meta property=\"og:locale\" content=\"de_DE\" \/>\n<meta property=\"og:type\" content=\"article\" \/>\n<meta property=\"og:title\" content=\"Mehrsprachiges WooCommerce Plugin - wp-multlingual.com\" \/>\n<meta property=\"og:description\" content=\"[su_quote cite=&#8220;Built With&#8220; url=&#8220;https:\/\/builtwith.com\/ecommerce\/&#8220; target=&#8220;blank&#8220;]In nur drei Jahren erreicht WooCommerce bereits 41% der E-Commerce-Sites der Welt und wird bald Magento auf seinem eigenen Gebiet, dem der E-Commerce-Sites, \u00fcberschreiten.[\/su_quote] Vor f\u00fcnf Jahren war es ein&#046;&#046;&#046;\" \/>\n<meta property=\"og:url\" content=\"https:\/\/wp-multilingual.com\/de\/mehrsprachiges-woocommerce-plugin\/\" \/>\n<meta property=\"og:site_name\" content=\"wp-multlingual.com\" \/>\n<meta property=\"og:image\" content=\"https:\/\/wp-multilingual.com\/wp-content\/uploads\/sites\/18\/2017\/10\/woocommerce-multilingue-logo.jpg\" \/>\n<meta name=\"twitter:card\" content=\"summary_large_image\" \/>\n<meta name=\"twitter:label1\" content=\"Gesch\u00e4tzte Lesezeit\" \/>\n\t<meta name=\"twitter:data1\" content=\"9\u00a0Minuten\" \/>\n<script type=\"application\/ld+json\" class=\"yoast-schema-graph\">{\"@context\":\"https:\/\/schema.org\",\"@graph\":[{\"@type\":\"WebPage\",\"@id\":\"https:\/\/wp-multilingual.com\/de\/mehrsprachiges-woocommerce-plugin\/\",\"url\":\"https:\/\/wp-multilingual.com\/de\/mehrsprachiges-woocommerce-plugin\/\",\"name\":\"Mehrsprachiges WooCommerce Plugin - wp-multlingual.com\",\"isPartOf\":{\"@id\":\"https:\/\/wp-multilingual.com\/el\/#website\"},\"primaryImageOfPage\":{\"@id\":\"https:\/\/wp-multilingual.com\/de\/mehrsprachiges-woocommerce-plugin\/#primaryimage\"},\"image\":{\"@id\":\"https:\/\/wp-multilingual.com\/de\/mehrsprachiges-woocommerce-plugin\/#primaryimage\"},\"thumbnailUrl\":\"https:\/\/wp-multilingual.com\/wp-content\/uploads\/sites\/18\/2017\/10\/woocommerce-multilingue-logo.jpg\",\"datePublished\":\"2018-04-05T12:17:17+00:00\",\"dateModified\":\"2018-04-05T12:17:17+00:00\",\"breadcrumb\":{\"@id\":\"https:\/\/wp-multilingual.com\/de\/mehrsprachiges-woocommerce-plugin\/#breadcrumb\"},\"inLanguage\":\"de\",\"potentialAction\":[{\"@type\":\"ReadAction\",\"target\":[\"https:\/\/wp-multilingual.com\/de\/mehrsprachiges-woocommerce-plugin\/\"]}]},{\"@type\":\"ImageObject\",\"inLanguage\":\"de\",\"@id\":\"https:\/\/wp-multilingual.com\/de\/mehrsprachiges-woocommerce-plugin\/#primaryimage\",\"url\":\"https:\/\/wp-multilingual.com\/wp-content\/uploads\/sites\/18\/2017\/10\/woocommerce-multilingue-logo.jpg\",\"contentUrl\":\"https:\/\/wp-multilingual.com\/wp-content\/uploads\/sites\/18\/2017\/10\/woocommerce-multilingue-logo.jpg\"},{\"@type\":\"BreadcrumbList\",\"@id\":\"https:\/\/wp-multilingual.com\/de\/mehrsprachiges-woocommerce-plugin\/#breadcrumb\",\"itemListElement\":[{\"@type\":\"ListItem\",\"position\":1,\"name\":\"Accueil\",\"item\":\"https:\/\/wp-multilingual.com\/\"},{\"@type\":\"ListItem\",\"position\":2,\"name\":\"Mehrsprachiges WooCommerce Plugin\"}]},{\"@type\":\"WebSite\",\"@id\":\"https:\/\/wp-multilingual.com\/el\/#website\",\"url\":\"https:\/\/wp-multilingual.com\/el\/\",\"name\":\"wp-multlingual.com\",\"description\":\"Th\u00e8mes et Plugins Magento\",\"potentialAction\":[{\"@type\":\"SearchAction\",\"target\":{\"@type\":\"EntryPoint\",\"urlTemplate\":\"https:\/\/wp-multilingual.com\/el\/?s={search_term_string}\"},\"query-input\":\"required name=search_term_string\"}],\"inLanguage\":\"de\"}]}<\/script>\n<!-- \/ Yoast SEO plugin. -->","yoast_head_json":{"title":"Mehrsprachiges WooCommerce Plugin - wp-multlingual.com","robots":{"index":"index","follow":"follow","max-snippet":"max-snippet:-1","max-image-preview":"max-image-preview:large","max-video-preview":"max-video-preview:-1"},"canonical":"https:\/\/wp-multilingual.com\/de\/mehrsprachiges-woocommerce-plugin\/","og_locale":"de_DE","og_type":"article","og_title":"Mehrsprachiges WooCommerce Plugin - wp-multlingual.com","og_description":"[su_quote cite=&#8220;Built With&#8220; url=&#8220;https:\/\/builtwith.com\/ecommerce\/&#8220; target=&#8220;blank&#8220;]In nur drei Jahren erreicht WooCommerce bereits 41% der E-Commerce-Sites der Welt und wird bald Magento auf seinem eigenen Gebiet, dem der E-Commerce-Sites, \u00fcberschreiten.[\/su_quote] Vor f\u00fcnf Jahren war es ein&#46;&#46;&#46;","og_url":"https:\/\/wp-multilingual.com\/de\/mehrsprachiges-woocommerce-plugin\/","og_site_name":"wp-multlingual.com","og_image":[{"url":"https:\/\/wp-multilingual.com\/wp-content\/uploads\/sites\/18\/2017\/10\/woocommerce-multilingue-logo.jpg"}],"twitter_card":"summary_large_image","twitter_misc":{"Gesch\u00e4tzte Lesezeit":"9\u00a0Minuten"},"schema":{"@context":"https:\/\/schema.org","@graph":[{"@type":"WebPage","@id":"https:\/\/wp-multilingual.com\/de\/mehrsprachiges-woocommerce-plugin\/","url":"https:\/\/wp-multilingual.com\/de\/mehrsprachiges-woocommerce-plugin\/","name":"Mehrsprachiges WooCommerce Plugin - wp-multlingual.com","isPartOf":{"@id":"https:\/\/wp-multilingual.com\/el\/#website"},"primaryImageOfPage":{"@id":"https:\/\/wp-multilingual.com\/de\/mehrsprachiges-woocommerce-plugin\/#primaryimage"},"image":{"@id":"https:\/\/wp-multilingual.com\/de\/mehrsprachiges-woocommerce-plugin\/#primaryimage"},"thumbnailUrl":"https:\/\/wp-multilingual.com\/wp-content\/uploads\/sites\/18\/2017\/10\/woocommerce-multilingue-logo.jpg","datePublished":"2018-04-05T12:17:17+00:00","dateModified":"2018-04-05T12:17:17+00:00","breadcrumb":{"@id":"https:\/\/wp-multilingual.com\/de\/mehrsprachiges-woocommerce-plugin\/#breadcrumb"},"inLanguage":"de","potentialAction":[{"@type":"ReadAction","target":["https:\/\/wp-multilingual.com\/de\/mehrsprachiges-woocommerce-plugin\/"]}]},{"@type":"ImageObject","inLanguage":"de","@id":"https:\/\/wp-multilingual.com\/de\/mehrsprachiges-woocommerce-plugin\/#primaryimage","url":"https:\/\/wp-multilingual.com\/wp-content\/uploads\/sites\/18\/2017\/10\/woocommerce-multilingue-logo.jpg","contentUrl":"https:\/\/wp-multilingual.com\/wp-content\/uploads\/sites\/18\/2017\/10\/woocommerce-multilingue-logo.jpg"},{"@type":"BreadcrumbList","@id":"https:\/\/wp-multilingual.com\/de\/mehrsprachiges-woocommerce-plugin\/#breadcrumb","itemListElement":[{"@type":"ListItem","position":1,"name":"Accueil","item":"https:\/\/wp-multilingual.com\/"},{"@type":"ListItem","position":2,"name":"Mehrsprachiges WooCommerce Plugin"}]},{"@type":"WebSite","@id":"https:\/\/wp-multilingual.com\/el\/#website","url":"https:\/\/wp-multilingual.com\/el\/","name":"wp-multlingual.com","description":"Th\u00e8mes et Plugins Magento","potentialAction":[{"@type":"SearchAction","target":{"@type":"EntryPoint","urlTemplate":"https:\/\/wp-multilingual.com\/el\/?s={search_term_string}"},"query-input":"required name=search_term_string"}],"inLanguage":"de"}]}},"_links":{"self":[{"href":"https:\/\/wp-multilingual.com\/de\/wp-json\/wp\/v2\/pages\/801","targetHints":{"allow":["GET"]}}],"collection":[{"href":"https:\/\/wp-multilingual.com\/de\/wp-json\/wp\/v2\/pages"}],"about":[{"href":"https:\/\/wp-multilingual.com\/de\/wp-json\/wp\/v2\/types\/page"}],"author":[{"embeddable":true,"href":"https:\/\/wp-multilingual.com\/de\/wp-json\/wp\/v2\/users\/2"}],"replies":[{"embeddable":true,"href":"https:\/\/wp-multilingual.com\/de\/wp-json\/wp\/v2\/comments?post=801"}],"version-history":[{"count":1,"href":"https:\/\/wp-multilingual.com\/de\/wp-json\/wp\/v2\/pages\/801\/revisions"}],"predecessor-version":[{"id":804,"href":"https:\/\/wp-multilingual.com\/de\/wp-json\/wp\/v2\/pages\/801\/revisions\/804"}],"wp:attachment":[{"href":"https:\/\/wp-multilingual.com\/de\/wp-json\/wp\/v2\/media?parent=801"}],"curies":[{"name":"wp","href":"https:\/\/api.w.org\/{rel}","templated":true}]}}