{"id":840,"date":"2018-04-06T02:56:30","date_gmt":"2018-04-06T00:56:30","guid":{"rendered":"https:\/\/wp-multilingual.com\/?page_id=840"},"modified":"2018-04-06T02:56:30","modified_gmt":"2018-04-06T00:56:30","slug":"wordpress-oversaettelse-plugins","status":"publish","type":"page","link":"https:\/\/wp-multilingual.com\/da\/wordpress-oversaettelse-plugins\/","title":{"rendered":"Top 5 WordPress Overs\u00e6ttelse Plugins 2018"},"content":{"rendered":"<h1>Liste over WordPress overs\u00e6ttelse plugins<\/h1>\n<p>Leder du efter et WordPress-plugin, der giver dig mulighed for at overs\u00e6tte hele dit WordPress-websted, er at sammens\u00e6tte lokaliserede versioner af dit websted? Faktisk tillader WordPress ikke en base at oprette et flersproget websted, hvilket er en reel mangel, der hurtigt kan m\u00e6rkes. Men som altid har samfundet bag WordPress hurtigt givet os avancerede l\u00f8sninger og enkel h\u00e5ndtering. Nogle af de WordPress overs\u00e6ttelsestilslutninger, som vi skal pr\u00e6sentere, har eksisteret i \u00e5revis, og leverer premium service, men nykommere kommer til at omfordele kortene til vores nydelse.<\/p>\n<p>Takket v\u00e6re denne sunde konkurrence har flersprogede plugins til WordPress udviklet sig, bliver stadig enklere og integreret med WordPress samt nogensinde hurtigere og sikkert. Vores oversigt over overs\u00e6ttelsestilbeh\u00f8r til WordPress giver dig mulighed for at opdage de bedste flersprogede plugins.<\/p>\n<h1>Top WordPress Overs\u00e6ttelse Plugins<\/h1>\n<p>\u00d8nsker et flersproget WordPress-websted er rettet mod alle typer af websteder, der kan g\u00f8res med WordPress, men ogs\u00e5 p\u00e5 alle sidest\u00f8rrelser. Du beh\u00f8ver ikke at v\u00e6re et stort websted for at udnytte flersproget med WordPress.<\/p>\n<p>[su_row]<br \/>\n[su_column size=&#8221;1\/6&#8243;]<img loading=\"lazy\" decoding=\"async\" class=\"aligncenter size-full wp-image-128\" src=\"https:\/\/wp-multilingual.com\/wp-content\/uploads\/sites\/18\/2017\/10\/wpml-wordpress-multilingue-traduction-square.jpg\" alt=\"\" width=\"220\" height=\"190\" \/>[\/su_column]<br \/>\n[su_column size=&#8221;2\/3&#8243;]<\/p>\n<h3>WPML CMS: Bedste WordPress Overs\u00e6ttelse Plugin<\/h3>\n<p><strong>Kort om<\/strong>: Efter mange \u00e5rs brug er WPML absolut det plugin, som vi anbefaler til alle at bruge, og som vi bruger p\u00e5 alle vores flersprogede projekter. Hvad mener du efter denne mening for sin flersprogede del? WPML selvf\u00f8lgelig! Overs\u00e6ttelsesfunktionaliteter til WordPress, der ikke st\u00e5r i forhold til alt, hvad der er gjort p\u00e5 WordPress overs\u00e6ttelses-pluginmarkedet.<\/p>\n<p><strong>Bedste af alt, WPML CMS underst\u00f8tter gratis <a href=\"https:\/\/wp-multilingue.fr\/plugins-wordpress-compatible-multilingual\/woocommerce-multilingue\/\"> WooCommerce Flersproget <\/a>.<\/strong><br \/>\n<a href=\"\/?page_id=766\">&gt; WPML CMS WordPress Overs\u00e6ttelse Plugin: Den komplette anmeldelse<\/a><br \/>\n[\/su_column]<br \/>\n[su_column size=&#8221;1\/6&#8243;]<br \/>\n[su_spacer size=&#8221;10&#8243;]<br \/>\n<i class=\"fa fa-star\" style=\"font-size: 25px;color: #1f88a3\"><\/i><i class=\"fa fa-star\" style=\"font-size: 25px;color: #1f88a3\"><\/i><i class=\"fa fa-star\" style=\"font-size: 25px;color: #1f88a3\"><\/i><i class=\"fa fa-star\" style=\"font-size: 25px;color: #1f88a3\"><\/i><i class=\"fa fa-star-half-o\" style=\"font-size: 25px;color: #1f88a3\"><\/i><br \/>\n[su_spacer size=&#8221;40&#8243;]<\/p>\n<p style=\"text-align: center\">[su_button background=&#8221;#1F88A3&#8243; size=&#8221;6&#8243; url=&#8221;https:\/\/wp-theme-plugin.com\/out-wpml&#8221; target=&#8221;blank&#8221;] <strong>Opdage<\/strong> [\/su_button] [\/su_column]<br \/>\n[\/su_row]<\/p>\n<p>[su_row]<br \/>\n[su_column size=&#8221;1\/6&#8243;]<img loading=\"lazy\" decoding=\"async\" class=\"aligncenter size-full wp-image-129\" src=\"https:\/\/wp-multilingual.com\/wp-content\/uploads\/sites\/18\/2017\/10\/wpml-blog-wordpress-multilingue-traduction-square.jpg\" alt=\"\" width=\"220\" height=\"190\" \/>[\/su_column]<br \/>\n[su_column size=&#8221;2\/3&#8243;]<\/p>\n<h3>WPML Blog: WordPress Bilingual Plugin<\/h3>\n<p><strong>Kort om<\/strong>: Nogle vil sige, at WPML er et &#8220;rigtigt gasanl\u00e6g&#8221;. Den f\u00f8rste tilgang til WPML kan helt sikkert virke lidt forvirrende. Hvorfor ? Fordi dette plugin skubber den flersprogede ledelse til et fagligt niveau. Men skal vi stadig forst\u00e5 alle ins og outs for at komme ud nemt. For dem, der \u00f8nsker et flersproget websted, og hurtig og uden at l\u00e6re det, vil WPML version blog g\u00f8re dig glad.<\/p>\n<p><strong>N\u00e5r WPML bliver s\u00e5 simpelt som et klik i sit back office.<\/strong><br \/>\n<a href=\"\/?page_id=766\">&gt; WPML Blog WordPress Overs\u00e6ttelse Plugin: Den komplette anmeldelse<\/a><br \/>\n[\/su_column]<br \/>\n[su_column size=&#8221;1\/6&#8243;]<br \/>\n[su_spacer size=&#8221;10&#8243;]<br \/>\n<i class=\"fa fa-star\" style=\"font-size: 25px;color: #1f88a3\"><\/i><i class=\"fa fa-star\" style=\"font-size: 25px;color: #1f88a3\"><\/i><i class=\"fa fa-star\" style=\"font-size: 25px;color: #1f88a3\"><\/i><i class=\"fa fa-star\" style=\"font-size: 25px;color: #1f88a3\"><\/i><i class=\"fa fa-star-o\" style=\"font-size: 25px;color: #1f88a3\"><\/i><\/p>\n<p>[su_spacer size=&#8221;40&#8243;]<\/p>\n<p style=\"text-align: center\">[su_button background=&#8221;#1F88A3&#8243; size=&#8221;6&#8243; url=&#8221;https:\/\/wp-theme-plugin.com\/out-wpml&#8221; target=&#8221;blank&#8221;] <strong>Opdage<\/strong> [\/su_button] [\/su_column]<\/p>\n<p>[\/su_row]<br \/>\n[su_row]<br \/>\n[su_column size=&#8221;1\/6&#8243;]<img loading=\"lazy\" decoding=\"async\" class=\"aligncenter size-full wp-image-132\" src=\"https:\/\/wp-multilingual.com\/wp-content\/uploads\/sites\/18\/2017\/10\/qtranslatex-wordpress-multilingue-traduction-square.jpg\" alt=\"\" width=\"220\" height=\"190\" \/>[\/su_column]<br \/>\n[su_column size=&#8221;2\/3&#8243;]<\/p>\n<h3>qTranslate X: Overs\u00e6ttelse plugin forladt?<\/h3>\n<p><strong>Kort om<\/strong>: Med mere end 100.000 WordPress-websteder, der altid stoler p\u00e5 qTranslateX for at sikre overs\u00e6ttelsesdelen af deres WordPress-websted, kunne vi tro p\u00e5, at dette kendte plugin stadig ville blive opretholdt. Men da denne test er f\u00e6rdig, har qTranslateX ikke v\u00e6ret opdateret i et \u00e5r. Et simpelt og effektivt plugin, der synes at forsvinde lidt efter lidt.<\/p>\n<p><strong>Vil qTranslate v\u00e6re standset eller bare standby?<\/strong><br \/>\n<a href=\"\/?page_id=764\">&gt; qTranslateX WordPress Overs\u00e6ttelse Plugin: Den komplette anmeldelse<\/a><br \/>\n[\/su_column]<br \/>\n[su_column size=&#8221;1\/6&#8243;]<br \/>\n[su_spacer size=&#8221;10&#8243;]<br \/>\n<i class=\"fa fa-star\" style=\"font-size: 25px;color: #1f88a3\"><\/i><i class=\"fa fa-star\" style=\"font-size: 25px;color: #1f88a3\"><\/i><i class=\"fa fa-star-half-o\" style=\"font-size: 25px;color: #1f88a3\"><\/i><i class=\"fa fa-star-o\" style=\"font-size: 25px;color: #1f88a3\"><\/i><i class=\"fa fa-star-o\" style=\"font-size: 25px;color: #1f88a3\"><\/i><br \/>\n[su_spacer size=&#8221;40&#8243;]<\/p>\n<p style=\"text-align: center\">[su_button background=&#8221;#1F88A3&#8243; size=&#8221;6&#8243; url=&#8221;https:\/\/wp-theme-plugin.com\/out-qtranslatex&#8221; target=&#8221;blank&#8221;] <strong>Opdage<\/strong> [\/su_button] [\/su_column]<\/p>\n<p>[\/su_row]<\/p>\n<p>[su_row]<br \/>\n[su_column size=&#8221;1\/6&#8243;]<img loading=\"lazy\" decoding=\"async\" class=\"aligncenter size-full wp-image-131\" src=\"https:\/\/wp-multilingual.com\/wp-content\/uploads\/sites\/18\/2017\/10\/multilingualpress-wordpress-multilingue-traduction-square.png\" alt=\"\" width=\"220\" height=\"190\" \/>[\/su_column]<br \/>\n[su_column size=&#8221;2\/3&#8243;]<\/p>\n<h3>MultilingualPress: Overs\u00e6ttelsesprogrammet, der sikrer<\/h3>\n<p><strong>Kort om<\/strong>: N\u00e5r du er holdet bag en af de mest ber\u00f8mte WordPress-backup plugins, forestiller jeg mig, at forsikring er som anden natur. Tja, undtagen dette lille ordspil, MultilingualPress er et overs\u00e6ttelsestilpasning til WordPress, der giver dig en nyskabende vision med hensyn til sprogstyring, s\u00e5 dit WordPress-websted altid forbliver p\u00e5 toppen af dets ydeevne.<\/p>\n<p><strong>En nykommer til World of WordPress-overs\u00e6ttelse, der f\u00e5r folk til at snakke.<\/strong><br \/>\n<a href=\"\/?page_id=760\">&gt;MultilingualPress WordPress Overs\u00e6ttelse Plugin: Den komplette anmeldelse<\/a><br \/>\n[\/su_column]<br \/>\n[su_column size=&#8221;1\/6&#8243;]<br \/>\n[su_spacer size=&#8221;10&#8243;]<br \/>\n<i class=\"fa fa-star\" style=\"font-size: 25px;color: #1f88a3\"><\/i><i class=\"fa fa-star\" style=\"font-size: 25px;color: #1f88a3\"><\/i><i class=\"fa fa-star\" style=\"font-size: 25px;color: #1f88a3\"><\/i><i class=\"fa fa-star\" style=\"font-size: 25px;color: #1f88a3\"><\/i><i class=\"fa fa-star-o\" style=\"font-size: 25px;color: #1f88a3\"><\/i><br \/>\n[su_spacer size=&#8221;40&#8243;]<\/p>\n<p style=\"text-align: center\">[su_button background=&#8221;#1F88A3&#8243; size=&#8221;6&#8243; url=&#8221;https:\/\/wp-theme-plugin.com\/out-multilingual-press&#8221; target=&#8221;blank&#8221;] <strong>Opdage<\/strong> [\/su_button] [\/su_column]<\/p>\n<p>[\/su_row]<\/p>\n<p>[su_row]<br \/>\n[su_column size=&#8221;1\/6&#8243;]<img loading=\"lazy\" decoding=\"async\" class=\"aligncenter size-full wp-image-130\" src=\"https:\/\/wp-multilingual.com\/wp-content\/uploads\/sites\/18\/2017\/10\/polylang-wordpress-multilingue-traduction-square.png\" alt=\"\" width=\"220\" height=\"190\" \/>[\/su_column]<br \/>\n[su_column size=&#8221;2\/3&#8243;]<\/p>\n<h3>Polylang: Overs\u00e6ttelsestilslutningen for at opdage<\/h3>\n<p><strong>Kort om<\/strong>: PolyLang er et WordPress overs\u00e6ttelsesprogram, der har udviklet sig st\u00f8t og gradvist i \u00e5revis. Dette plugin er endelig under spotlighten, og som s\u00e5dan kender meget mere funktionelle opdateringer. Polylang er et avanceret flersproget WordPress-plugin, som fortjener at tage sig tid til at opdage sin vision om WordPress-overs\u00e6ttelse.<br \/>\n<strong>Med alle disse funktioner er Polylang i toppen af kurven.<\/strong><br \/>\n<a href=\"\/?page_id=762\">&gt; polyLang WordPress Overs\u00e6ttelse Plugin: Den komplette anmeldelse<\/a><br \/>\n[\/su_column]<br \/>\n[su_column size=&#8221;1\/6&#8243;]<br \/>\n[su_spacer size=&#8221;10&#8243;]<br \/>\n<i class=\"fa fa-star\" style=\"font-size: 25px;color: #1f88a3\"><\/i><i class=\"fa fa-star\" style=\"font-size: 25px;color: #1f88a3\"><\/i><i class=\"fa fa-star\" style=\"font-size: 25px;color: #1f88a3\"><\/i><i class=\"fa fa-star\" style=\"font-size: 25px;color: #1f88a3\"><\/i><i class=\"fa fa-star-o\" style=\"font-size: 25px;color: #1f88a3\"><\/i><br \/>\n[su_spacer size=&#8221;40&#8243;]<\/p>\n<p style=\"text-align: center\">[su_button background=&#8221;#1F88A3&#8243; size=&#8221;6&#8243; url=&#8221;https:\/\/wp-theme-plugin.com\/out-polylang&#8221; target=&#8221;blank&#8221;] <strong>Opdage <\/strong> [\/su_button] [\/su_column]<\/p>\n<p>[\/su_row]<\/p>\n","protected":false},"excerpt":{"rendered":"<p>Liste over WordPress overs\u00e6ttelse plugins Leder du efter et WordPress-plugin, der giver dig mulighed for at overs\u00e6tte hele dit WordPress-websted, er at sammens\u00e6tte lokaliserede versioner af dit websted? Faktisk tillader WordPress ikke en base&#46;&#46;&#46;<\/p>\n","protected":false},"author":2,"featured_media":0,"parent":0,"menu_order":0,"comment_status":"closed","ping_status":"closed","template":"","meta":{"_monsterinsights_skip_tracking":false,"_monsterinsights_sitenote_active":false,"_monsterinsights_sitenote_note":"","_monsterinsights_sitenote_category":0,"footnotes":""},"class_list":["post-840","page","type-page","status-publish","hentry"],"yoast_head":"<!-- This site is optimized with the Yoast SEO plugin v23.1 - https:\/\/yoast.com\/wordpress\/plugins\/seo\/ -->\n<title>WordPress Translation Plugins: Den TOP 5 af Flersproget WordPress<\/title>\n<meta name=\"description\" content=\"Overs\u00e6t dit WordPress-websted? Dette er enkelt med den rigtige WordPress overs\u00e6ttelse plugin. Tjek udvalget af de bedste WordPress overs\u00e6tter til 2018 med det samme.\" \/>\n<meta name=\"robots\" content=\"index, follow, max-snippet:-1, max-image-preview:large, max-video-preview:-1\" \/>\n<link rel=\"canonical\" href=\"https:\/\/wp-multilingual.com\/da\/wordpress-oversaettelse-plugins\/\" \/>\n<meta property=\"og:locale\" content=\"da_DK\" \/>\n<meta property=\"og:type\" content=\"article\" \/>\n<meta property=\"og:title\" content=\"WordPress Translation Plugins: Den TOP 5 af Flersproget WordPress\" \/>\n<meta property=\"og:description\" content=\"Overs\u00e6t dit WordPress-websted? Dette er enkelt med den rigtige WordPress overs\u00e6ttelse plugin. Tjek udvalget af de bedste WordPress overs\u00e6tter til 2018 med det samme.\" \/>\n<meta property=\"og:url\" content=\"https:\/\/wp-multilingual.com\/da\/wordpress-oversaettelse-plugins\/\" \/>\n<meta property=\"og:site_name\" content=\"wp-multlingual.com\" \/>\n<meta property=\"og:image\" content=\"https:\/\/wp-multilingual.com\/wp-content\/uploads\/sites\/18\/2017\/10\/wpml-wordpress-multilingue-traduction-square.jpg\" \/>\n<meta name=\"twitter:card\" content=\"summary_large_image\" \/>\n<meta name=\"twitter:label1\" content=\"Estimeret l\u00e6setid\" \/>\n\t<meta name=\"twitter:data1\" content=\"4 minutter\" \/>\n<script type=\"application\/ld+json\" class=\"yoast-schema-graph\">{\"@context\":\"https:\/\/schema.org\",\"@graph\":[{\"@type\":\"WebPage\",\"@id\":\"https:\/\/wp-multilingual.com\/da\/wordpress-oversaettelse-plugins\/\",\"url\":\"https:\/\/wp-multilingual.com\/da\/wordpress-oversaettelse-plugins\/\",\"name\":\"WordPress Translation Plugins: Den TOP 5 af Flersproget WordPress\",\"isPartOf\":{\"@id\":\"https:\/\/wp-multilingual.com\/el\/#website\"},\"primaryImageOfPage\":{\"@id\":\"https:\/\/wp-multilingual.com\/da\/wordpress-oversaettelse-plugins\/#primaryimage\"},\"image\":{\"@id\":\"https:\/\/wp-multilingual.com\/da\/wordpress-oversaettelse-plugins\/#primaryimage\"},\"thumbnailUrl\":\"https:\/\/wp-multilingual.com\/wp-content\/uploads\/sites\/18\/2017\/10\/wpml-wordpress-multilingue-traduction-square.jpg\",\"datePublished\":\"2018-04-06T00:56:30+00:00\",\"dateModified\":\"2018-04-06T00:56:30+00:00\",\"description\":\"Overs\u00e6t dit WordPress-websted? Dette er enkelt med den rigtige WordPress overs\u00e6ttelse plugin. Tjek udvalget af de bedste WordPress overs\u00e6tter til 2018 med det samme.\",\"breadcrumb\":{\"@id\":\"https:\/\/wp-multilingual.com\/da\/wordpress-oversaettelse-plugins\/#breadcrumb\"},\"inLanguage\":\"da-DK\",\"potentialAction\":[{\"@type\":\"ReadAction\",\"target\":[\"https:\/\/wp-multilingual.com\/da\/wordpress-oversaettelse-plugins\/\"]}]},{\"@type\":\"ImageObject\",\"inLanguage\":\"da-DK\",\"@id\":\"https:\/\/wp-multilingual.com\/da\/wordpress-oversaettelse-plugins\/#primaryimage\",\"url\":\"https:\/\/wp-multilingual.com\/wp-content\/uploads\/sites\/18\/2017\/10\/wpml-wordpress-multilingue-traduction-square.jpg\",\"contentUrl\":\"https:\/\/wp-multilingual.com\/wp-content\/uploads\/sites\/18\/2017\/10\/wpml-wordpress-multilingue-traduction-square.jpg\"},{\"@type\":\"BreadcrumbList\",\"@id\":\"https:\/\/wp-multilingual.com\/da\/wordpress-oversaettelse-plugins\/#breadcrumb\",\"itemListElement\":[{\"@type\":\"ListItem\",\"position\":1,\"name\":\"Accueil\",\"item\":\"https:\/\/wp-multilingual.com\/\"},{\"@type\":\"ListItem\",\"position\":2,\"name\":\"Top 5 WordPress Overs\u00e6ttelse Plugins 2018\"}]},{\"@type\":\"WebSite\",\"@id\":\"https:\/\/wp-multilingual.com\/el\/#website\",\"url\":\"https:\/\/wp-multilingual.com\/el\/\",\"name\":\"wp-multlingual.com\",\"description\":\"Th\u00e8mes et Plugins Magento\",\"potentialAction\":[{\"@type\":\"SearchAction\",\"target\":{\"@type\":\"EntryPoint\",\"urlTemplate\":\"https:\/\/wp-multilingual.com\/el\/?s={search_term_string}\"},\"query-input\":\"required name=search_term_string\"}],\"inLanguage\":\"da-DK\"}]}<\/script>\n<!-- \/ Yoast SEO plugin. -->","yoast_head_json":{"title":"WordPress Translation Plugins: Den TOP 5 af Flersproget WordPress","description":"Overs\u00e6t dit WordPress-websted? Dette er enkelt med den rigtige WordPress overs\u00e6ttelse plugin. Tjek udvalget af de bedste WordPress overs\u00e6tter til 2018 med det samme.","robots":{"index":"index","follow":"follow","max-snippet":"max-snippet:-1","max-image-preview":"max-image-preview:large","max-video-preview":"max-video-preview:-1"},"canonical":"https:\/\/wp-multilingual.com\/da\/wordpress-oversaettelse-plugins\/","og_locale":"da_DK","og_type":"article","og_title":"WordPress Translation Plugins: Den TOP 5 af Flersproget WordPress","og_description":"Overs\u00e6t dit WordPress-websted? Dette er enkelt med den rigtige WordPress overs\u00e6ttelse plugin. Tjek udvalget af de bedste WordPress overs\u00e6tter til 2018 med det samme.","og_url":"https:\/\/wp-multilingual.com\/da\/wordpress-oversaettelse-plugins\/","og_site_name":"wp-multlingual.com","og_image":[{"url":"https:\/\/wp-multilingual.com\/wp-content\/uploads\/sites\/18\/2017\/10\/wpml-wordpress-multilingue-traduction-square.jpg"}],"twitter_card":"summary_large_image","twitter_misc":{"Estimeret l\u00e6setid":"4 minutter"},"schema":{"@context":"https:\/\/schema.org","@graph":[{"@type":"WebPage","@id":"https:\/\/wp-multilingual.com\/da\/wordpress-oversaettelse-plugins\/","url":"https:\/\/wp-multilingual.com\/da\/wordpress-oversaettelse-plugins\/","name":"WordPress Translation Plugins: Den TOP 5 af Flersproget WordPress","isPartOf":{"@id":"https:\/\/wp-multilingual.com\/el\/#website"},"primaryImageOfPage":{"@id":"https:\/\/wp-multilingual.com\/da\/wordpress-oversaettelse-plugins\/#primaryimage"},"image":{"@id":"https:\/\/wp-multilingual.com\/da\/wordpress-oversaettelse-plugins\/#primaryimage"},"thumbnailUrl":"https:\/\/wp-multilingual.com\/wp-content\/uploads\/sites\/18\/2017\/10\/wpml-wordpress-multilingue-traduction-square.jpg","datePublished":"2018-04-06T00:56:30+00:00","dateModified":"2018-04-06T00:56:30+00:00","description":"Overs\u00e6t dit WordPress-websted? Dette er enkelt med den rigtige WordPress overs\u00e6ttelse plugin. Tjek udvalget af de bedste WordPress overs\u00e6tter til 2018 med det samme.","breadcrumb":{"@id":"https:\/\/wp-multilingual.com\/da\/wordpress-oversaettelse-plugins\/#breadcrumb"},"inLanguage":"da-DK","potentialAction":[{"@type":"ReadAction","target":["https:\/\/wp-multilingual.com\/da\/wordpress-oversaettelse-plugins\/"]}]},{"@type":"ImageObject","inLanguage":"da-DK","@id":"https:\/\/wp-multilingual.com\/da\/wordpress-oversaettelse-plugins\/#primaryimage","url":"https:\/\/wp-multilingual.com\/wp-content\/uploads\/sites\/18\/2017\/10\/wpml-wordpress-multilingue-traduction-square.jpg","contentUrl":"https:\/\/wp-multilingual.com\/wp-content\/uploads\/sites\/18\/2017\/10\/wpml-wordpress-multilingue-traduction-square.jpg"},{"@type":"BreadcrumbList","@id":"https:\/\/wp-multilingual.com\/da\/wordpress-oversaettelse-plugins\/#breadcrumb","itemListElement":[{"@type":"ListItem","position":1,"name":"Accueil","item":"https:\/\/wp-multilingual.com\/"},{"@type":"ListItem","position":2,"name":"Top 5 WordPress Overs\u00e6ttelse Plugins 2018"}]},{"@type":"WebSite","@id":"https:\/\/wp-multilingual.com\/el\/#website","url":"https:\/\/wp-multilingual.com\/el\/","name":"wp-multlingual.com","description":"Th\u00e8mes et Plugins Magento","potentialAction":[{"@type":"SearchAction","target":{"@type":"EntryPoint","urlTemplate":"https:\/\/wp-multilingual.com\/el\/?s={search_term_string}"},"query-input":"required name=search_term_string"}],"inLanguage":"da-DK"}]}},"_links":{"self":[{"href":"https:\/\/wp-multilingual.com\/da\/wp-json\/wp\/v2\/pages\/840","targetHints":{"allow":["GET"]}}],"collection":[{"href":"https:\/\/wp-multilingual.com\/da\/wp-json\/wp\/v2\/pages"}],"about":[{"href":"https:\/\/wp-multilingual.com\/da\/wp-json\/wp\/v2\/types\/page"}],"author":[{"embeddable":true,"href":"https:\/\/wp-multilingual.com\/da\/wp-json\/wp\/v2\/users\/2"}],"replies":[{"embeddable":true,"href":"https:\/\/wp-multilingual.com\/da\/wp-json\/wp\/v2\/comments?post=840"}],"version-history":[{"count":1,"href":"https:\/\/wp-multilingual.com\/da\/wp-json\/wp\/v2\/pages\/840\/revisions"}],"predecessor-version":[{"id":841,"href":"https:\/\/wp-multilingual.com\/da\/wp-json\/wp\/v2\/pages\/840\/revisions\/841"}],"wp:attachment":[{"href":"https:\/\/wp-multilingual.com\/da\/wp-json\/wp\/v2\/media?parent=840"}],"curies":[{"name":"wp","href":"https:\/\/api.w.org\/{rel}","templated":true}]}}