{"id":793,"date":"2018-04-05T13:24:49","date_gmt":"2018-04-05T11:24:49","guid":{"rendered":"https:\/\/wp-multilingual.com\/?page_id=793"},"modified":"2018-04-05T13:24:49","modified_gmt":"2018-04-05T11:24:49","slug":"multilingual-woocommerce-plugin","status":"publish","type":"page","link":"https:\/\/wp-multilingual.com\/da\/multilingual-woocommerce-plugin\/","title":{"rendered":"Multilingual WooCommerce Plugin"},"content":{"rendered":"<p>[su_quote cite=&#8221;Built With&#8221; url=&#8221;https:\/\/builtwith.com\/ecommerce\/&#8221; target=&#8221;blank&#8221;]P\u00e5 bare tre \u00e5r driver WooCommerce allerede 41% af e-handelswebstederne i verden og vil snart overskride Magento p\u00e5 egen h\u00e5nd, nemlig e-handelswebsites n\u00f8glekonti.[\/su_quote]<\/p>\n<p><img loading=\"lazy\" decoding=\"async\" src=\"https:\/\/wp-multilingual.com\/wp-content\/uploads\/sites\/18\/2017\/10\/woocommerce-multilingue-logo.jpg\" alt=\"\" width=\"150\" height=\"150\" class=\"alignleft size-full wp-image-137\" \/>Ikke for fem \u00e5r siden, at tro p\u00e5, at WordPress ville kunne levere alle de funktioner, CMS tilbyder inden for sektoren som Magento eller Prestashop, var en mild galning.<br \/>\nP\u00e5 ikke engang 3 \u00e5r har WordPress dukket op som den v\u00e6sentlige l\u00f8sning i e-handel, og det takket v\u00e6re plug-in WooCommerce. Hvem selv ville ikke v\u00e6re f\u00f8dt uden projektet JigoShop, som han er en gaffel. Med fremkomsten af en WordPress version 3.9, der er i stand til ekstrem fleksibilitet og en WooCommerce til den smarte administration, har eCommerce i bogstavelig talt \u00e6ndret sit ansigt i et blik i \u00f8jet. Hvad der var usandsynligt, er blevet sandt, eCommerce kan ikke l\u00e6ngere g\u00f8re uden WooCommerce. Et fuldt udviklet \u00f8kosystem er opst\u00e5et omkring WooCommerce. Der er alt, hvad der kunne mangle p\u00e5 WooCommerce. Ikke at dette er s\u00e6rligt n\u00f8dvendigt, s\u00e5 WooCommerce tilbyder et imponerende niveau af funktionalitet til at oprette en e-handelsside p\u00e5 ingen tid.<br \/>\nKun ulempe, den eneste mangel, der g\u00f8r WooCommerce, forts\u00e6tter med at k\u00e6mpe med store konti: manglen p\u00e5 indf\u00f8dt st\u00f8tte fra flersproget. Der er dog et plugin, der giver dig mulighed for at:<\/p>\n<ul>\n<li> Overs\u00e6t alle produkttyper (enkelt eller variabelt) <\/li>\n<li> Adgang til en dedikeret produktoverskriftsadministration interface <\/li>\n<li> Overs\u00e6t alle produkttyper (enkelt eller variabelt) <\/li>\n<li> Overs\u00e6t hele ordreprocessen (check ud) <\/li>\n<li> Afsendelse af transaktionsemails p\u00e5 klients sprog <\/li>\n<li> En samlet produktbestand, ikke opdelt efter sprog <\/li>\n<li> Tillader st\u00f8tte til forskellige valutaer p\u00e5 et WooCommerce-websted <\/li>\n<\/ul>\n<p>Tilf\u00f8jelse af flersprogede funktioner til et WooCommerce-websted forekommer afg\u00f8rende for alle butikker, selv de mest beskedne. Internet giver dig mulighed for at levere over hele verden. Vidste du, at n\u00e6sten hver anden europ\u00e6isk k\u00f8ber aldrig har k\u00f8bt p\u00e5 et e-handelssite, der ikke taler deres sprog? Den tid, der kr\u00e6ves for at gennemf\u00f8re et flersproget e-handelswebsted, b\u00f8r ikke undervurderes. At v\u00e6lge det rigtige flersprogede WooCommerce-plugin v\u00e6lger at optimere din arbejdstid.<\/p>\n<p>[su_row]<br \/>\n[su_column size=&#8221;1\/6&#8243;]<img loading=\"lazy\" decoding=\"async\" src=\"https:\/\/wp-multilingual.com\/wp-content\/uploads\/sites\/18\/2017\/10\/wpml-wordpress-multilingue-traduction-square.jpg\" alt=\"\" width=\"220\" height=\"190\" class=\"aligncenter size-full wp-image-128\" \/>[\/su_column]<br \/>\n[su_column size=&#8221;2\/3&#8243;]<\/p>\n<h3>WPML: 100% Flersproget WooCommerce<\/h3>\n<p><strong>Kort om<\/strong>: WPML tilbyder os et modul til sin meget ber\u00f8mte WPML CMS plugin for at underst\u00f8tte 100% WooCommerce. Dette plugin hedder WooCommerce Multilingual. Med et s\u00e5dant navn mist\u00e6nker vi begge, hvad han skal g\u00f8re, og vi besk\u00e6ftiger os med det allerf\u00f8rste flersprogede WooCommerce-plugin p\u00e5 markedet og stadig operationelt. WPML har i mange \u00e5r specialiseret sig p\u00e5 flersprogede WordPress-websteder.<\/p>\n<p><strong>Et flersproget WooCommerce-websted? Dette er hans specialitet, ingen grund til at s\u00f8ge.<\/strong><\/p>\n<p>[\/su_column]<br \/>\n[su_column size=&#8221;1\/6&#8243;]<i>[su_spacer size=&#8221;20&#8243;]<\/i><\/p>\n<p style=\"text-align: center\"><i class=\"fa fa-star\"><\/i><i class=\"fa fa-star\"><\/i><i class=\"fa fa-star\"><\/i><i class=\"fa fa-star\"><\/i><i class=\"fa fa-star-half-o\"><\/i><br \/>\n<i>Fra $ 29<\/i><\/p>\n<p>[su_button background=&#8221;#FF2F3B&#8221; size=&#8221;6&#8243; url=&#8221;https:\/\/wp-theme-plugin.com\/out-wpml&#8221; target=&#8221;blank&#8221;]<strong>Opdage<\/strong> [\/su_button] [\/su_column]<br \/>\n[\/su_row]<\/p>\n<p>Men forresten &#8230; Hvad er et flersproget WooCommerce-websted?<\/p>\n<h1>Flersproget WooCommerce? Hvorfor ? Hvordan?<\/h1>\n<p>Dybest set taler vi om at lade WooCommerce v\u00e6re flersproget. Men hvad taler vi om pr\u00e6cist? Lad os finde ud af, hvad vi kan forvente af en meget god overs\u00e6ttelse og flersproget management plugin til WooCommerce.<\/p>\n<h2>WordPress integration<\/h2>\n<p>Jeg kan lide at skubbe \u00e5bne d\u00f8re:) Men f\u00f8r du er et plugin til WooCommerce, skal det plugin, du husker at lave dit flersprogede websted, f\u00f8rst og fremmest v\u00e6re kompatibelt med WordPress. Jeg havde advaret &#8230; \u00e5ben d\u00f8r &#8230; Hoste &#8230; Det kan m\u00e5ske lyde lidt dumt. Men t\u00e6nk p\u00e5 det for et sekund. Efter alt er din WordPress-installation muligvis ikke s\u00e5 klassisk som den kan synes ved f\u00f8rste \u00f8jekast. Et eksempel, vi m\u00f8der meget ofte: underst\u00f8ttelsen af WordPress multisite-version. Ok, dette vedr\u00f8rer ikke alle, men det viser, at f\u00f8r vi t\u00e6nker p\u00e5 st\u00f8tte fra WooCommerce, m\u00e5 vi stille sp\u00f8rgsm\u00e5let om st\u00f8tte til WordPress selv. Jeg vil endda sige st\u00f8tte til <strong> din WordPress <\/strong>. Et andet plugin kan komme til at r\u00f8re op problemer som sikkerhed plugins for eksempel.<br \/>\nDu kan enten sige forresten: Alle plugins, der tillader WooCommerce at have flersprogede funktionaliteter, er meget langt fra at underst\u00f8tte WordPress i multisiteversion. V\u00e6r forsigtig, hvis du som os er glad i denne konfiguration af WordPress.<\/p>\n<h2>WooCommerce integration<\/h2>\n<p>Ok, p\u00e5 dette tidspunkt er vi sikre p\u00e5 vores WordPress-konfiguration og dens underst\u00f8ttelse af pluginet, som vi kastede vores devolute p\u00e5. Lad os nu se p\u00e5, hvordan den opf\u00f8rer sig med WooCommerce. Til dette, flere punkter af \u00e5rv\u00e5genhed:<\/p>\n<ul>\n<li> Er du n\u00f8dt til at betale for produkter? <\/li>\n<li> Hvor mange sprog kan vi have? <\/li>\n<li> Hvordan vises overs\u00e6ttelsen p\u00e5 back office? <\/li>\n<li> Administrer plugin forskellige valutaer efter sprog? <\/li>\n<li> Indeholder pluginet n\u00f8jagtig sporing af, hvad der overs\u00e6ttes, overs\u00e6ttes og ikke overs\u00e6ttes? <\/li>\n<li> Findes k\u00f8bstunnelen p\u00e5 brugerens sprog? <\/li>\n<li> Er transaktionsemails ankommet p\u00e5 brugerens sprog? <\/li>\n<\/ul>\n<p>At tilbyde en flersproget plugin er meget mere end at tilbyde at overs\u00e6tte produktfortegnelser, n\u00e5r det kommer til WooCommerce. St\u00f8tten af flersprogede WooCommerce kr\u00e6ver en reel integration skubbet, at meget f\u00e5 plugins kan h\u00e6vde at g\u00f8re det godt og 100%.<\/p>\n<h2>Medieh\u00e5ndtering<\/h2>\n<p>Det kan virke som ingenting. Men har du nogensinde troet, at det er muligt at blive tvunget til at downloade for hver version af et produkts sprog, s\u00e6t af tilh\u00f8rende billeder? Hvis vi har ti produkter p\u00e5 vores hjemmeside, er det ikke en big deal. Men hvis vi har 200 produkter, og hvert produkt har mellem tre og fem billeder, lader jeg dig forestille de organisatoriske mareridt, at dette er. Det bedste ? V\u00e6lg et flersproget WooCommerce-plugin, som intelligent styrer medierne i forbindelse med dine WooCommerce-produkter.<\/p>\n<h2>SEO og flersproget<\/h2>\n<p>Lad os lave et punkt. For at et flersproget WooCommerce-plugin skal v\u00e6re interessant, skal det allerede udfylde en hellig liste over forhold, uden hvilke det er bedre at g\u00e5 sin vej:<\/p>\n<ul>\n<li> V\u00e6r WordPress-kompatibel <\/li>\n<li> Alvorlig forsikret p\u00e5 den side WooCommerce (produkt, checkout, transaktionsemails &#8230;) <\/li>\n<li> Styr mediet godt <\/li>\n<\/ul>\n<p>Now let&#8217;s talk about the natural SEO of your WooCommerce eCommerce Store. It&#8217;s a safe bet that even if this is not your main objective, the translation of your WooComerce site will be made with the idea of increasing your SEO; at least a little bit. What if using a multilingual WooCommerce plugin would not help you, but ravage your SEO work?<br \/>\nEnsuring that SEO is a major focus for teams behind the multilingual WooCommerce plugin that you choose is definitely essential.<br \/>\nWhich leads us to the next subject &#8230;<\/p>\n<h2>Support tredjeparts plugins<\/h2>\n<p>Inden du bliver et WooCommerce-plugin, er et plugin et WordPress-plugin. Jeg har allerede sagt det. Men det g\u00e5r ud over hvad du m\u00e5ske har t\u00e6nkt. Det vil v\u00e6re n\u00f8dvendigt, at dette plugin kan interagere med alle de plugins, som selv vil interagere p\u00e5 din WooCommerce og WordPress mere bredt. For at vende tilbage til SEO, b\u00f8r en god flersproget WooCommerce-plugin tillade os at forts\u00e6tte med at bruge nogen SEO plugins til WordPress, og dette efter sprog. dette arbejde kan ikke udf\u00f8res af de hold, der er ansvarlige for det p\u00e5g\u00e6ldende plugin. Det er op til samfundet at v\u00e6lge, hvem de vil st\u00f8tte. I dette lille spil kommer kun WPML v\u00e6k med juryens tillykke.<br \/>\nHvis vi skal t\u00e6lle alle de plugins, der udg\u00f8r WooCommerce universet, hvad ang\u00e5r interoperabilitet, skal vi ogs\u00e5 overveje tekstudgaven, der er oprettet af plugins selv. Det er vigtigt, at dit WooCommerce-plugin giver dig mulighed for at komme og overs\u00e6tte disse strenge uden at \u00e5bne kildekoden for det p\u00e5g\u00e6ldende plugin.<\/p>\n<h2>Tredjeparts temaer underst\u00f8tter<\/h2>\n<p>Du tror, du har endelig fundet WordPress-temaet, der matchede det, du har s\u00f8gt s\u00e5 l\u00e6nge. Du installerer det. Du beslutter dig ogs\u00e5 for at g\u00f8re din butik til en flersproget WooCommerce-butik. Og der er katastrofe, dit plugin og dit tema ikke kompatible. Hvorfor ? Fordi det for plugins er udvikleren af temaet for at sikre, at pluginet underst\u00f8ttes 100%. Avanceret support til et bestemt plugin er garanteret at have en plug&#8217;n play funktion. Se n\u00f8je, du vil opdage, at n\u00e6sten alle markedsm\u00e6ssige temaer er officielt kompatible med WPML. Det er det for at sikre det bedste flersprogede plugin til WordPress i \u00e5revis.<\/p>\n<h2>Avancerede funktioner ++<\/h2>\n<p>Hvad hvis dit plugin gjorde mere end &#8220;bare&#8221; for at g\u00f8re dit websted WooCommerce flersproget? Og hvis han kunne tilbyde dig mere.<br \/>\nHvis alle betingelserne er opfyldt, s\u00e5 skal du altid have det sjovt. Som s\u00e5dan kunne vi for eksempel have:<\/p>\n<ul>\n<li> En automatisk omdirigering i henhold til brugerens sprog <\/li>\n<li> Sprogstyring i underdom\u00e6ner <\/li>\n<li> Forvaltningen af sprog p\u00e5 separate topdom\u00e6ner (monsite.fr, mywebsite.com, meinewebsite.de &#8230;) <\/li>\n<li> Oprettelse af produkter, der er forbundet eller ikke pr. sprog <\/li>\n<li> Adgang til en gr\u00e6nseflade dedikeret til overs\u00e6ttelse <\/li>\n<li> Oprettelse af en ny type bruger for mere sikkerhed og enkelhed: overs\u00e6ttere. <\/li>\n<\/ul>\n<p>[su_row]<br \/>\n[su_column size=&#8221;1\/3&#8243;]<img loading=\"lazy\" decoding=\"async\" src=\"https:\/\/wp-multilingual.com\/wp-content\/uploads\/sites\/18\/2017\/10\/wpml-wordpress-multilingue-traduction-square.jpg\" alt=\"\" width=\"220\" height=\"190\" class=\"aligncenter size-full wp-image-128\" \/><\/p>\n<p style=\"text-align: center\">\n[su_button background=&#8221;#FF2F3B&#8221; size=&#8221;6&#8243; url=&#8221;https:\/\/wp-theme-plugin.com\/out-wpml&#8221; target=&#8221;blank&#8221;]<strong>Opdage<\/strong> [\/su_button]<\/p>\n<p>[\/su_column]<br \/>\n[su_column size=&#8221;2\/3&#8243;]<\/p>\n<h3>WPML: Det bedste af flersproget WooCommerce<\/h3>\n<p><strong>Kort om<\/strong>: WPML tog mange \u00e5r med fremskridt inden for flersproget forvaltning under WooCommerce og endnu st\u00e6rkere p\u00e5 WordPress generelt. Med dette i tankerne tilbyder WPML os WooCommerce Flersproget et plugin, der sikrer alt, hvad en god flersproget plugin skal vide, hvordan man g\u00f8r det godt. Ud over dette giver det os adgang til avancerede funktioner, der er s\u00e6rligt v\u00e6rdifulde.<\/p>\n<p><strong>WooCommerce Multilingual tilbyder en \u00e6gte flersproget administration interface til WooCommerce.<\/strong><\/p>\n<p>[\/su_column]<br \/>\n[\/su_row]<\/p>\n<p>[su_divider top=&#8221;no&#8221; style=&#8221;dotted&#8221; size=&#8221;2&#8243;]<\/p>\n<h1>Flere ressourcer p\u00e5 WooCommerce<\/h1>\n<p>WooCommerce er et stort emne. Tale om WooCommerce flersproget version, vi kun tilgang WooCommerce under en af dens mange facetter. Vi foresl\u00e5r, at du forts\u00e6tter med at l\u00e6se om WooCommerce om f\u00f8lgende emner:<\/p>\n<h3>Hvor kan du v\u00e6re v\u00e6rt for dit WooCommerce-websted?<\/h3>\n<p><strong>WooCommerce Hosting<\/strong> : Et WooCommerce-websted skal altid v\u00e6re p\u00e5 toppen af dets ydeevne og tilg\u00e6ngelighed. Din web hosting er kernen i disse to vigtige sp\u00f8rgsm\u00e5l. At v\u00e6lge den rigtige bolig er afg\u00f8rende. Vidste du, at der er fuldt gennemt\u00e6nkte og sikre boliger til WooCommerce?<br \/>\n[su_row]<br \/>\n[su_column size=&#8221;2\/3&#8243;]<strong>Hj\u00e6lp dig med at v\u00e6lge mellem hosting WooCommerce, der leverer.<\/strong>[\/su_column]<br \/>\n[su_column size=&#8221;1\/3&#8243;][su_button background=&#8221;#FF2F3B&#8221; size=&#8221;6&#8243; url=&#8221;https:\/\/woo-hosting.com&#8221; target=&#8221;blank&#8221;]<strong>WooCommerce Hosting<\/strong> [\/su_button] [\/su_column]<br \/>\n[\/su_row]<\/p>\n<h3>Which plugins and themes for WooCommerce?<\/h3>\n<p><strong>WooCommerce temaer og plugins<\/strong>: Et WooCommerce-websted skal altid v\u00e6re p\u00e5 toppen af dets ydeevne og tilg\u00e6ngelighed. Din web hosting er kernen i disse to vigtige sp\u00f8rgsm\u00e5l. At v\u00e6lge den rigtige bolig er afg\u00f8rende. Vidste du, at der er fuldt gennemt\u00e6nkte og sikre boliger til WooCommerce?<br \/>\n[su_row]<br \/>\n[su_column size=&#8221;2\/3&#8243;]<strong>Hj\u00e6lp dig med at v\u00e6lge mellem hosting WooCommerce, der leverer.<\/strong>[\/su_column]<br \/>\n[su_column size=&#8221;1\/3&#8243;][su_button background=&#8221;#FF2F3B&#8221; size=&#8221;6&#8243; url=&#8221;https:\/\/woo-themes-plugins.com\/en&#8221; target=&#8221;blank&#8221;]<strong>WooCommerce Themes og plugins<\/strong> [\/su_button] [\/su_column]<br \/>\n[\/su_row]<br \/>\n[su_divider top=&#8221;no&#8221; style=&#8221;dotted&#8221; size=&#8221;2&#8243;]<\/p>\n<h1><\/h1>\n","protected":false},"excerpt":{"rendered":"<p>[su_quote cite=&#8221;Built With&#8221; url=&#8221;https:\/\/builtwith.com\/ecommerce\/&#8221; target=&#8221;blank&#8221;]P\u00e5 bare tre \u00e5r driver WooCommerce allerede 41% af e-handelswebstederne i verden og vil snart overskride Magento p\u00e5 egen h\u00e5nd, nemlig e-handelswebsites n\u00f8glekonti.[\/su_quote] Ikke for fem \u00e5r siden, at tro&#46;&#46;&#46;<\/p>\n","protected":false},"author":2,"featured_media":0,"parent":0,"menu_order":0,"comment_status":"closed","ping_status":"closed","template":"","meta":{"_monsterinsights_skip_tracking":false,"_monsterinsights_sitenote_active":false,"_monsterinsights_sitenote_note":"","_monsterinsights_sitenote_category":0,"footnotes":""},"class_list":["post-793","page","type-page","status-publish","hentry"],"yoast_head":"<!-- This site is optimized with the Yoast SEO plugin v23.1 - https:\/\/yoast.com\/wordpress\/plugins\/seo\/ -->\n<title>Multilingual WooCommerce Plugin - wp-multlingual.com<\/title>\n<meta name=\"description\" content=\"Har du brug for at overs\u00e6tte et WooCommerce-websted eller skal du oprette rigtige flersprogede og internationaliserede butikker takket v\u00e6re WooCommerce? Tjek WooCommerce Multilingual Plugin lige nu.\" \/>\n<meta name=\"robots\" content=\"index, follow, max-snippet:-1, max-image-preview:large, max-video-preview:-1\" \/>\n<link rel=\"canonical\" href=\"https:\/\/wp-multilingual.com\/da\/multilingual-woocommerce-plugin\/\" \/>\n<meta property=\"og:locale\" content=\"da_DK\" \/>\n<meta property=\"og:type\" content=\"article\" \/>\n<meta property=\"og:title\" content=\"Multilingual WooCommerce Plugin - wp-multlingual.com\" \/>\n<meta property=\"og:description\" content=\"Har du brug for at overs\u00e6tte et WooCommerce-websted eller skal du oprette rigtige flersprogede og internationaliserede butikker takket v\u00e6re WooCommerce? Tjek WooCommerce Multilingual Plugin lige nu.\" \/>\n<meta property=\"og:url\" content=\"https:\/\/wp-multilingual.com\/da\/multilingual-woocommerce-plugin\/\" \/>\n<meta property=\"og:site_name\" content=\"wp-multlingual.com\" \/>\n<meta property=\"og:image\" content=\"https:\/\/wp-multilingual.com\/wp-content\/uploads\/sites\/18\/2017\/10\/woocommerce-multilingue-logo.jpg\" \/>\n<meta name=\"twitter:card\" content=\"summary_large_image\" \/>\n<meta name=\"twitter:label1\" content=\"Estimeret l\u00e6setid\" \/>\n\t<meta name=\"twitter:data1\" content=\"9 minutter\" \/>\n<script type=\"application\/ld+json\" class=\"yoast-schema-graph\">{\"@context\":\"https:\/\/schema.org\",\"@graph\":[{\"@type\":\"WebPage\",\"@id\":\"https:\/\/wp-multilingual.com\/da\/multilingual-woocommerce-plugin\/\",\"url\":\"https:\/\/wp-multilingual.com\/da\/multilingual-woocommerce-plugin\/\",\"name\":\"Multilingual WooCommerce Plugin - wp-multlingual.com\",\"isPartOf\":{\"@id\":\"https:\/\/wp-multilingual.com\/el\/#website\"},\"primaryImageOfPage\":{\"@id\":\"https:\/\/wp-multilingual.com\/da\/multilingual-woocommerce-plugin\/#primaryimage\"},\"image\":{\"@id\":\"https:\/\/wp-multilingual.com\/da\/multilingual-woocommerce-plugin\/#primaryimage\"},\"thumbnailUrl\":\"https:\/\/wp-multilingual.com\/wp-content\/uploads\/sites\/18\/2017\/10\/woocommerce-multilingue-logo.jpg\",\"datePublished\":\"2018-04-05T11:24:49+00:00\",\"dateModified\":\"2018-04-05T11:24:49+00:00\",\"description\":\"Har du brug for at overs\u00e6tte et WooCommerce-websted eller skal du oprette rigtige flersprogede og internationaliserede butikker takket v\u00e6re WooCommerce? Tjek WooCommerce Multilingual Plugin lige nu.\",\"breadcrumb\":{\"@id\":\"https:\/\/wp-multilingual.com\/da\/multilingual-woocommerce-plugin\/#breadcrumb\"},\"inLanguage\":\"da-DK\",\"potentialAction\":[{\"@type\":\"ReadAction\",\"target\":[\"https:\/\/wp-multilingual.com\/da\/multilingual-woocommerce-plugin\/\"]}]},{\"@type\":\"ImageObject\",\"inLanguage\":\"da-DK\",\"@id\":\"https:\/\/wp-multilingual.com\/da\/multilingual-woocommerce-plugin\/#primaryimage\",\"url\":\"https:\/\/wp-multilingual.com\/wp-content\/uploads\/sites\/18\/2017\/10\/woocommerce-multilingue-logo.jpg\",\"contentUrl\":\"https:\/\/wp-multilingual.com\/wp-content\/uploads\/sites\/18\/2017\/10\/woocommerce-multilingue-logo.jpg\"},{\"@type\":\"BreadcrumbList\",\"@id\":\"https:\/\/wp-multilingual.com\/da\/multilingual-woocommerce-plugin\/#breadcrumb\",\"itemListElement\":[{\"@type\":\"ListItem\",\"position\":1,\"name\":\"Accueil\",\"item\":\"https:\/\/wp-multilingual.com\/\"},{\"@type\":\"ListItem\",\"position\":2,\"name\":\"Multilingual WooCommerce Plugin\"}]},{\"@type\":\"WebSite\",\"@id\":\"https:\/\/wp-multilingual.com\/el\/#website\",\"url\":\"https:\/\/wp-multilingual.com\/el\/\",\"name\":\"wp-multlingual.com\",\"description\":\"Th\u00e8mes et Plugins Magento\",\"potentialAction\":[{\"@type\":\"SearchAction\",\"target\":{\"@type\":\"EntryPoint\",\"urlTemplate\":\"https:\/\/wp-multilingual.com\/el\/?s={search_term_string}\"},\"query-input\":\"required name=search_term_string\"}],\"inLanguage\":\"da-DK\"}]}<\/script>\n<!-- \/ Yoast SEO plugin. -->","yoast_head_json":{"title":"Multilingual WooCommerce Plugin - wp-multlingual.com","description":"Har du brug for at overs\u00e6tte et WooCommerce-websted eller skal du oprette rigtige flersprogede og internationaliserede butikker takket v\u00e6re WooCommerce? Tjek WooCommerce Multilingual Plugin lige nu.","robots":{"index":"index","follow":"follow","max-snippet":"max-snippet:-1","max-image-preview":"max-image-preview:large","max-video-preview":"max-video-preview:-1"},"canonical":"https:\/\/wp-multilingual.com\/da\/multilingual-woocommerce-plugin\/","og_locale":"da_DK","og_type":"article","og_title":"Multilingual WooCommerce Plugin - wp-multlingual.com","og_description":"Har du brug for at overs\u00e6tte et WooCommerce-websted eller skal du oprette rigtige flersprogede og internationaliserede butikker takket v\u00e6re WooCommerce? Tjek WooCommerce Multilingual Plugin lige nu.","og_url":"https:\/\/wp-multilingual.com\/da\/multilingual-woocommerce-plugin\/","og_site_name":"wp-multlingual.com","og_image":[{"url":"https:\/\/wp-multilingual.com\/wp-content\/uploads\/sites\/18\/2017\/10\/woocommerce-multilingue-logo.jpg"}],"twitter_card":"summary_large_image","twitter_misc":{"Estimeret l\u00e6setid":"9 minutter"},"schema":{"@context":"https:\/\/schema.org","@graph":[{"@type":"WebPage","@id":"https:\/\/wp-multilingual.com\/da\/multilingual-woocommerce-plugin\/","url":"https:\/\/wp-multilingual.com\/da\/multilingual-woocommerce-plugin\/","name":"Multilingual WooCommerce Plugin - wp-multlingual.com","isPartOf":{"@id":"https:\/\/wp-multilingual.com\/el\/#website"},"primaryImageOfPage":{"@id":"https:\/\/wp-multilingual.com\/da\/multilingual-woocommerce-plugin\/#primaryimage"},"image":{"@id":"https:\/\/wp-multilingual.com\/da\/multilingual-woocommerce-plugin\/#primaryimage"},"thumbnailUrl":"https:\/\/wp-multilingual.com\/wp-content\/uploads\/sites\/18\/2017\/10\/woocommerce-multilingue-logo.jpg","datePublished":"2018-04-05T11:24:49+00:00","dateModified":"2018-04-05T11:24:49+00:00","description":"Har du brug for at overs\u00e6tte et WooCommerce-websted eller skal du oprette rigtige flersprogede og internationaliserede butikker takket v\u00e6re WooCommerce? Tjek WooCommerce Multilingual Plugin lige nu.","breadcrumb":{"@id":"https:\/\/wp-multilingual.com\/da\/multilingual-woocommerce-plugin\/#breadcrumb"},"inLanguage":"da-DK","potentialAction":[{"@type":"ReadAction","target":["https:\/\/wp-multilingual.com\/da\/multilingual-woocommerce-plugin\/"]}]},{"@type":"ImageObject","inLanguage":"da-DK","@id":"https:\/\/wp-multilingual.com\/da\/multilingual-woocommerce-plugin\/#primaryimage","url":"https:\/\/wp-multilingual.com\/wp-content\/uploads\/sites\/18\/2017\/10\/woocommerce-multilingue-logo.jpg","contentUrl":"https:\/\/wp-multilingual.com\/wp-content\/uploads\/sites\/18\/2017\/10\/woocommerce-multilingue-logo.jpg"},{"@type":"BreadcrumbList","@id":"https:\/\/wp-multilingual.com\/da\/multilingual-woocommerce-plugin\/#breadcrumb","itemListElement":[{"@type":"ListItem","position":1,"name":"Accueil","item":"https:\/\/wp-multilingual.com\/"},{"@type":"ListItem","position":2,"name":"Multilingual WooCommerce Plugin"}]},{"@type":"WebSite","@id":"https:\/\/wp-multilingual.com\/el\/#website","url":"https:\/\/wp-multilingual.com\/el\/","name":"wp-multlingual.com","description":"Th\u00e8mes et Plugins Magento","potentialAction":[{"@type":"SearchAction","target":{"@type":"EntryPoint","urlTemplate":"https:\/\/wp-multilingual.com\/el\/?s={search_term_string}"},"query-input":"required name=search_term_string"}],"inLanguage":"da-DK"}]}},"_links":{"self":[{"href":"https:\/\/wp-multilingual.com\/da\/wp-json\/wp\/v2\/pages\/793","targetHints":{"allow":["GET"]}}],"collection":[{"href":"https:\/\/wp-multilingual.com\/da\/wp-json\/wp\/v2\/pages"}],"about":[{"href":"https:\/\/wp-multilingual.com\/da\/wp-json\/wp\/v2\/types\/page"}],"author":[{"embeddable":true,"href":"https:\/\/wp-multilingual.com\/da\/wp-json\/wp\/v2\/users\/2"}],"replies":[{"embeddable":true,"href":"https:\/\/wp-multilingual.com\/da\/wp-json\/wp\/v2\/comments?post=793"}],"version-history":[{"count":1,"href":"https:\/\/wp-multilingual.com\/da\/wp-json\/wp\/v2\/pages\/793\/revisions"}],"predecessor-version":[{"id":794,"href":"https:\/\/wp-multilingual.com\/da\/wp-json\/wp\/v2\/pages\/793\/revisions\/794"}],"wp:attachment":[{"href":"https:\/\/wp-multilingual.com\/da\/wp-json\/wp\/v2\/media?parent=793"}],"curies":[{"name":"wp","href":"https:\/\/api.w.org\/{rel}","templated":true}]}}