{"id":838,"date":"2018-04-06T02:46:25","date_gmt":"2018-04-06T00:46:25","guid":{"rendered":"https:\/\/wp-multilingual.com\/?page_id=838"},"modified":"2018-04-06T02:46:25","modified_gmt":"2018-04-06T00:46:25","slug":"wordpress-prekladove-pluginy","status":"publish","type":"page","link":"https:\/\/wp-multilingual.com\/cs\/wordpress-prekladove-pluginy\/","title":{"rendered":"Top 5 WordPress p\u0159ekladov\u00e9 pluginy 2018"},"content":{"rendered":"<h1>Seznam plugin\u016f pro p\u0159eklad WordPress<\/h1>\n<p>Hled\u00e1te plugin WordPress, kter\u00fd v\u00e1m umo\u017en\u00ed p\u0159elo\u017eit v\u0161echny va\u0161e str\u00e1nky WordPress, aby sestavily lokalizovan\u00e9 verze va\u0161eho webu? WordPress opravdu neumo\u017e\u0148uje, aby z\u00e1kladna vytvo\u0159ila v\u00edcejazy\u010dnou str\u00e1nku, co\u017e je skute\u010dn\u00fd nedostatek, kter\u00fd se m\u016f\u017ee rychle projevit. Ale jako v\u017edy, komunita za WordPress n\u00e1m rychle poskytla pokro\u010dil\u00e1 \u0159e\u0161en\u00ed a jednoduch\u00e1 manipulace. N\u011bkter\u00e9 z plugin\u016f pro p\u0159eklad WordPress, kter\u00e9 se chyst\u00e1me prezentovat, jsou ji\u017e po cel\u00e1 l\u00e9ta a poskytuj\u00ed pr\u00e9miovou slu\u017ebu, p\u0159esto p\u0159ich\u00e1zej\u00ed nov\u00ed p\u0159\u00edchoz\u00ed k p\u0159em\u011bn\u011b karet na n\u00e1\u0161 po\u017eitek.<\/p>\n<p>D\u00edky t\u00e9to zdrav\u00e9 konkurenci se v\u00edcejazy\u010dn\u00e9 pluginy pro WordPress vyvinuly, st\u00e1valy se st\u00e1le jednodu\u0161\u0161\u00ed a integrov\u00e1ny s WordPress, stejn\u011b jako st\u00e1le rychlej\u0161\u00ed a bezpe\u010dn\u011bj\u0161\u00ed. N\u00e1\u0161 seznam p\u0159ekladov\u00fdch plugin\u016f pro WordPress v\u00e1m umo\u017en\u00ed objevit nejlep\u0161\u00ed multilingual pluginy.<\/p>\n<h1>Nejlep\u0161\u00ed WordPress P\u0159eklad Pluginy<\/h1>\n<p>P\u0159ejete si v\u00edcejazy\u010dn\u00e9 str\u00e1nky WordPress zam\u011b\u0159en\u00e9 na v\u0161echny typy str\u00e1nek, kter\u00e9 lze prov\u00e9st pomoc\u00ed aplikace WordPress, ale tak\u00e9 ve v\u0161ech velikostech str\u00e1nek. Nen\u00ed t\u0159eba b\u00fdt velk\u00fdm webem, kter\u00fd by vyu\u017e\u00edval mnohojazy\u010dnou aplikaci WordPress.<\/p>\n<p>[su_row]<br \/>\n[su_column size=&#8220;1\/6&#8243;]<img loading=\"lazy\" decoding=\"async\" class=\"aligncenter size-full wp-image-128\" src=\"https:\/\/wp-multilingual.com\/wp-content\/uploads\/sites\/18\/2017\/10\/wpml-wordpress-multilingue-traduction-square.jpg\" alt=\"\" width=\"220\" height=\"190\" \/>[\/su_column]<br \/>\n[su_column size=&#8220;2\/3&#8243;]<\/p>\n<h3>WPML CMS: Nejlep\u0161\u00ed WordPress p\u0159eklad Plugin<\/h3>\n<p><strong>Stru\u010dn\u011b<\/strong>: Po letech pou\u017e\u00edv\u00e1n\u00ed je WPML rozhodn\u011b pluginem, kter\u00fd doporu\u010dujeme v\u0161em pou\u017e\u00edvat, a kter\u00fd pou\u017e\u00edv\u00e1me ve v\u0161ech na\u0161ich v\u00edcejazy\u010dn\u00fdch projektech. Podle va\u0161eho n\u00e1zoru, co pou\u017e\u00edv\u00e1 tato str\u00e1nka pro svou mnohojazy\u010dnou \u010d\u00e1st? WPML samoz\u0159ejm\u011b! P\u0159ekladatelsk\u00e9 funkce pro WordPress, kter\u00e9 jsou nep\u0159im\u011b\u0159en\u00e9 v\u0161emu, co se d\u011bl\u00e1 na trhu plug-in\u016f WordPress.<\/p>\n<p><strong>Best of all, WPML CMS support for free <a href=\"https:\/\/wp-multilingue.fr\/plugins-wordpress-compatible-multilingual\/woocommerce-multilingue\/\"> WooCommerce Multilingual <\/a>.<\/strong><br \/>\n<a href=\"\/?page_id=766\">&gt; WPML CMS WordPress p\u0159eklad Plugin: Kompletn\u00ed recenze<\/a><br \/>\n[\/su_column]<br \/>\n[su_column size=&#8220;1\/6&#8243;]<br \/>\n[su_spacer size=&#8220;10&#8243;]<br \/>\n<i class=\"fa fa-star\" style=\"font-size: 25px;color: #1f88a3\"><\/i><i class=\"fa fa-star\" style=\"font-size: 25px;color: #1f88a3\"><\/i><i class=\"fa fa-star\" style=\"font-size: 25px;color: #1f88a3\"><\/i><i class=\"fa fa-star\" style=\"font-size: 25px;color: #1f88a3\"><\/i><i class=\"fa fa-star-half-o\" style=\"font-size: 25px;color: #1f88a3\"><\/i><br \/>\n[su_spacer size=&#8220;40&#8243;]<\/p>\n<p style=\"text-align: center\">[su_button background=&#8220;#1F88A3&#8243; size=&#8220;6&#8243; url=&#8220;https:\/\/wp-theme-plugin.com\/out-wpml&#8220; target=&#8220;blank&#8220;] <strong>Objevit<\/strong> [\/su_button] [\/su_column]<br \/>\n[\/su_row]<\/p>\n<p>[su_row]<br \/>\n[su_column size=&#8220;1\/6&#8243;]<img loading=\"lazy\" decoding=\"async\" class=\"aligncenter size-full wp-image-129\" src=\"https:\/\/wp-multilingual.com\/wp-content\/uploads\/sites\/18\/2017\/10\/wpml-blog-wordpress-multilingue-traduction-square.jpg\" alt=\"\" width=\"220\" height=\"190\" \/>[\/su_column]<br \/>\n[su_column size=&#8220;2\/3&#8243;]<\/p>\n<h3>WPML Blog: WordPress Bilingual Plugin<\/h3>\n<p><strong>Stru\u010dn\u011b<\/strong>: N\u011bkte\u0159\u00ed budou \u0159\u00edkat, \u017ee WPML je &#8222;skute\u010dn\u00e1 plynov\u00e1 elektr\u00e1rna&#8220;. Prvn\u00ed p\u0159\u00edstup WPML se m\u016f\u017ee zd\u00e1t trochu znepokojuj\u00edc\u00ed. Pro\u010d? Proto\u017ee tento plugin posouv\u00e1 v\u00edcejazy\u010dnou spr\u00e1vu na profesion\u00e1ln\u00ed \u00farove\u0148. Ale mus\u00edme st\u00e1le ch\u00e1pat v\u0161echny p\u0159\u00edle\u017eitosti a v\u00fdstupy, abychom se dostali snadno. Pro ty, kte\u0159\u00ed cht\u011bj\u00ed v\u00edcejazy\u010dn\u00e9 str\u00e1nky, a to rychle a bez u\u010den\u00ed, blog verze WPML v\u00e1s ud\u011bl\u00e1 \u0161\u0165astn\u00fd.<\/p>\n<p><strong>Kdy\u017e se WPML st\u00e1v\u00e1 jednoduch\u00fdm kliknut\u00edm ve sv\u00e9 kancel\u00e1\u0159i.<\/strong><br \/>\n<a href=\"\/?page_id=766\">&gt; WPML Blog WordPress p\u0159eklad Plugin: Kompletn\u00ed recenze<\/a><br \/>\n[\/su_column]<br \/>\n[su_column size=&#8220;1\/6&#8243;]<br \/>\n[su_spacer size=&#8220;10&#8243;]<br \/>\n<i class=\"fa fa-star\" style=\"font-size: 25px;color: #1f88a3\"><\/i><i class=\"fa fa-star\" style=\"font-size: 25px;color: #1f88a3\"><\/i><i class=\"fa fa-star\" style=\"font-size: 25px;color: #1f88a3\"><\/i><i class=\"fa fa-star\" style=\"font-size: 25px;color: #1f88a3\"><\/i><i class=\"fa fa-star-o\" style=\"font-size: 25px;color: #1f88a3\"><\/i><\/p>\n<p>[su_spacer size=&#8220;40&#8243;]<\/p>\n<p style=\"text-align: center\">[su_button background=&#8220;#1F88A3&#8243; size=&#8220;6&#8243; url=&#8220;https:\/\/wp-theme-plugin.com\/out-wpml&#8220; target=&#8220;blank&#8220;] <strong>Objevit<\/strong> [\/su_button] [\/su_column]<\/p>\n<p>[\/su_row]<br \/>\n[su_row]<br \/>\n[su_column size=&#8220;1\/6&#8243;]<img loading=\"lazy\" decoding=\"async\" class=\"aligncenter size-full wp-image-132\" src=\"https:\/\/wp-multilingual.com\/wp-content\/uploads\/sites\/18\/2017\/10\/qtranslatex-wordpress-multilingue-traduction-square.jpg\" alt=\"\" width=\"220\" height=\"190\" \/>[\/su_column]<br \/>\n[su_column size=&#8220;2\/3&#8243;]<\/p>\n<h3>qTranslate X: P\u0159eklad plugin byl opu\u0161t\u011bn?<\/h3>\n<p><strong>Stru\u010dn\u011b<\/strong>: S v\u00edce ne\u017e 100 000 str\u00e1nkami WordPress, kter\u00e9 v\u017edy d\u016fv\u011b\u0159uj\u00ed spole\u010dnosti qTranslateX, aby zajistily p\u0159ekladovou str\u00e1nku sv\u00e9ho webu WordPress, mohli bychom v\u011b\u0159it, \u017ee tento dob\u0159e zn\u00e1m\u00fd plugin bude st\u00e1le zachov\u00e1n. Ale v dob\u011b, kdy je test proveden, qTranslateX nebyl aktualizov\u00e1n po cel\u00fd rok. Jednoduch\u00fd a efektivn\u00ed plugin, kter\u00fd se zd\u00e1 trochu miz\u00ed.<\/p>\n<p><strong>Mohlo by b\u00fdt qTranslate zastaveno nebo jen pohotovostn\u00ed?<\/strong><br \/>\n<a href=\"\/?page_id=764\">&gt; qTranslateX WordPress p\u0159eklad Plugin: Kompletn\u00ed recenze<\/a><br \/>\n[\/su_column]<br \/>\n[su_column size=&#8220;1\/6&#8243;]<br \/>\n[su_spacer size=&#8220;10&#8243;]<br \/>\n<i class=\"fa fa-star\" style=\"font-size: 25px;color: #1f88a3\"><\/i><i class=\"fa fa-star\" style=\"font-size: 25px;color: #1f88a3\"><\/i><i class=\"fa fa-star-half-o\" style=\"font-size: 25px;color: #1f88a3\"><\/i><i class=\"fa fa-star-o\" style=\"font-size: 25px;color: #1f88a3\"><\/i><i class=\"fa fa-star-o\" style=\"font-size: 25px;color: #1f88a3\"><\/i><br \/>\n[su_spacer size=&#8220;40&#8243;]<\/p>\n<p style=\"text-align: center\">[su_button background=&#8220;#1F88A3&#8243; size=&#8220;6&#8243; url=&#8220;https:\/\/wp-theme-plugin.com\/out-qtranslatex&#8220; target=&#8220;blank&#8220;] <strong>Objevit<\/strong> [\/su_button] [\/su_column]<\/p>\n<p>[\/su_row]<\/p>\n<p>[su_row]<br \/>\n[su_column size=&#8220;1\/6&#8243;]<img loading=\"lazy\" decoding=\"async\" class=\"aligncenter size-full wp-image-131\" src=\"https:\/\/wp-multilingual.com\/wp-content\/uploads\/sites\/18\/2017\/10\/multilingualpress-wordpress-multilingue-traduction-square.png\" alt=\"\" width=\"220\" height=\"190\" \/>[\/su_column]<br \/>\n[su_column size=&#8220;2\/3&#8243;]<\/p>\n<h3>MultilingualPress: P\u0159ekladatelsk\u00fd plugin, kter\u00fd zaji\u0161\u0165uje<\/h3>\n<p><strong>Stru\u010dn\u011b<\/strong>: Kdy\u017e jste t\u00fdm za jedn\u00edm z nejslavn\u011bj\u0161\u00edch z\u00e1lohovac\u00edch modul\u016f WordPress, p\u0159edstavuji si, \u017ee poji\u0161t\u011bn\u00ed je jako druh\u00e1 p\u0159\u00edroda. Krom\u011b t\u00e9to mal\u00e9 slovn\u00ed hry je MultilingualPress p\u0159eklada\u010dem pro WordPress, kter\u00fd v\u00e1m nab\u00edz\u00ed inovativn\u00ed vizi v oblasti jazykov\u00e9ho managementu, tak\u017ee va\u0161e str\u00e1nky WordPress v\u017edy z\u016fst\u00e1vaj\u00ed na vrcholu sv\u00e9ho v\u00fdkonu.<\/p>\n<p><strong>Nov\u011b p\u0159\u00edchoz\u00ed do sv\u011bta WordPress p\u0159eklad, kter\u00fd bude lidi mluvit.<\/strong><br \/>\n<a href=\"\/?page_id=760\">&gt;MultilingualPress WordPress p\u0159eklad Plugin: Kompletn\u00ed recenze<\/a><br \/>\n[\/su_column]<br \/>\n[su_column size=&#8220;1\/6&#8243;]<br \/>\n[su_spacer size=&#8220;10&#8243;]<br \/>\n<i class=\"fa fa-star\" style=\"font-size: 25px;color: #1f88a3\"><\/i><i class=\"fa fa-star\" style=\"font-size: 25px;color: #1f88a3\"><\/i><i class=\"fa fa-star\" style=\"font-size: 25px;color: #1f88a3\"><\/i><i class=\"fa fa-star\" style=\"font-size: 25px;color: #1f88a3\"><\/i><i class=\"fa fa-star-o\" style=\"font-size: 25px;color: #1f88a3\"><\/i><br \/>\n[su_spacer size=&#8220;40&#8243;]<\/p>\n<p style=\"text-align: center\">[su_button background=&#8220;#1F88A3&#8243; size=&#8220;6&#8243; url=&#8220;https:\/\/wp-theme-plugin.com\/out-multilingual-press&#8220; target=&#8220;blank&#8220;] <strong>Objevit<\/strong> [\/su_button] [\/su_column]<\/p>\n<p>[\/su_row]<\/p>\n<p>[su_row]<br \/>\n[su_column size=&#8220;1\/6&#8243;]<img loading=\"lazy\" decoding=\"async\" class=\"aligncenter size-full wp-image-130\" src=\"https:\/\/wp-multilingual.com\/wp-content\/uploads\/sites\/18\/2017\/10\/polylang-wordpress-multilingue-traduction-square.png\" alt=\"\" width=\"220\" height=\"190\" \/>[\/su_column]<br \/>\n[su_column size=&#8220;2\/3&#8243;]<\/p>\n<h3>Polylang: The translation plugin to Objevit<\/h3>\n<p><strong>Stru\u010dn\u011b<\/strong>: PolyLang je p\u0159ekladatelsk\u00fd program WordPress, kter\u00fd se ji\u017e \u0159adu let rozv\u00edj\u00ed stabiln\u011b a progresivn\u011b. Tento plugin je nakonec pod reflektorem a jako takov\u00fd v\u00ed mnohem funk\u010dn\u011bj\u0161\u00ed aktualizace. Polylang je pokro\u010dil\u00fd v\u00edcejazy\u010dn\u00fd dopln\u011bk WordPress, kter\u00fd si zaslou\u017e\u00ed v\u011bnovat \u010das, aby objevil svou vizi p\u0159ekladu WordPressu.<\/p>\n<p><strong>Se v\u0161emi t\u011bmito funkcemi je Polylang v horn\u00ed \u010d\u00e1sti ko\u0161e.<\/strong><br \/>\n<a href=\"\/?page_id=762\">&gt; polyLang WordPress p\u0159eklad Plugin: Kompletn\u00ed recenze<\/a><br \/>\n[\/su_column]<br \/>\n[su_column size=&#8220;1\/6&#8243;]<br \/>\n[su_spacer size=&#8220;10&#8243;]<br \/>\n<i class=\"fa fa-star\" style=\"font-size: 25px;color: #1f88a3\"><\/i><i class=\"fa fa-star\" style=\"font-size: 25px;color: #1f88a3\"><\/i><i class=\"fa fa-star\" style=\"font-size: 25px;color: #1f88a3\"><\/i><i class=\"fa fa-star\" style=\"font-size: 25px;color: #1f88a3\"><\/i><i class=\"fa fa-star-o\" style=\"font-size: 25px;color: #1f88a3\"><\/i><br \/>\n[su_spacer size=&#8220;40&#8243;]<\/p>\n<p style=\"text-align: center\">[su_button background=&#8220;#1F88A3&#8243; size=&#8220;6&#8243; url=&#8220;https:\/\/wp-theme-plugin.com\/out-polylang&#8220; target=&#8220;blank&#8220;] <strong>Objevit <\/strong> [\/su_button] [\/su_column]<\/p>\n<p>[\/su_row]<\/p>\n","protected":false},"excerpt":{"rendered":"<p>Seznam plugin\u016f pro p\u0159eklad WordPress Hled\u00e1te plugin WordPress, kter\u00fd v\u00e1m umo\u017en\u00ed p\u0159elo\u017eit v\u0161echny va\u0161e str\u00e1nky WordPress, aby sestavily lokalizovan\u00e9 verze va\u0161eho webu? WordPress opravdu neumo\u017e\u0148uje, aby z\u00e1kladna vytvo\u0159ila v\u00edcejazy\u010dnou str\u00e1nku, co\u017e je skute\u010dn\u00fd nedostatek,&#46;&#46;&#46;<\/p>\n","protected":false},"author":2,"featured_media":0,"parent":0,"menu_order":0,"comment_status":"closed","ping_status":"closed","template":"","meta":{"_monsterinsights_skip_tracking":false,"_monsterinsights_sitenote_active":false,"_monsterinsights_sitenote_note":"","_monsterinsights_sitenote_category":0,"footnotes":""},"class_list":["post-838","page","type-page","status-publish","hentry"],"yoast_head":"<!-- This site is optimized with the Yoast SEO plugin v23.1 - https:\/\/yoast.com\/wordpress\/plugins\/seo\/ -->\n<title>WordPress P\u0159eklad Plugins: TOP 5 v\u00edcejazy\u010dn\u00e9 WordPress<\/title>\n<meta name=\"description\" content=\"P\u0159elo\u017ete sv\u00e9 str\u00e1nky WordPress? To je jednoduch\u00e9 se spr\u00e1vn\u00fdm p\u0159eklada\u010dem WordPress. Pod\u00edvejte se na v\u00fdb\u011br nejlep\u0161\u00edch plugin\u016f pro p\u0159eklad do WordPress pro rok 2018 hned.\" \/>\n<meta name=\"robots\" content=\"index, follow, max-snippet:-1, max-image-preview:large, max-video-preview:-1\" \/>\n<link rel=\"canonical\" href=\"https:\/\/wp-multilingual.com\/cs\/wordpress-prekladove-pluginy\/\" \/>\n<meta property=\"og:locale\" content=\"cs_CZ\" \/>\n<meta property=\"og:type\" content=\"article\" \/>\n<meta property=\"og:title\" content=\"WordPress P\u0159eklad Plugins: TOP 5 v\u00edcejazy\u010dn\u00e9 WordPress\" \/>\n<meta property=\"og:description\" content=\"P\u0159elo\u017ete sv\u00e9 str\u00e1nky WordPress? To je jednoduch\u00e9 se spr\u00e1vn\u00fdm p\u0159eklada\u010dem WordPress. Pod\u00edvejte se na v\u00fdb\u011br nejlep\u0161\u00edch plugin\u016f pro p\u0159eklad do WordPress pro rok 2018 hned.\" \/>\n<meta property=\"og:url\" content=\"https:\/\/wp-multilingual.com\/cs\/wordpress-prekladove-pluginy\/\" \/>\n<meta property=\"og:site_name\" content=\"wp-multlingual.com\" \/>\n<meta property=\"og:image\" content=\"https:\/\/wp-multilingual.com\/wp-content\/uploads\/sites\/18\/2017\/10\/wpml-wordpress-multilingue-traduction-square.jpg\" \/>\n<meta name=\"twitter:card\" content=\"summary_large_image\" \/>\n<meta name=\"twitter:label1\" content=\"Odhadovan\u00e1 doba \u010dten\u00ed\" \/>\n\t<meta name=\"twitter:data1\" content=\"5 minut\" \/>\n<script type=\"application\/ld+json\" class=\"yoast-schema-graph\">{\"@context\":\"https:\/\/schema.org\",\"@graph\":[{\"@type\":\"WebPage\",\"@id\":\"https:\/\/wp-multilingual.com\/cs\/wordpress-prekladove-pluginy\/\",\"url\":\"https:\/\/wp-multilingual.com\/cs\/wordpress-prekladove-pluginy\/\",\"name\":\"WordPress P\u0159eklad Plugins: TOP 5 v\u00edcejazy\u010dn\u00e9 WordPress\",\"isPartOf\":{\"@id\":\"https:\/\/wp-multilingual.com\/el\/#website\"},\"primaryImageOfPage\":{\"@id\":\"https:\/\/wp-multilingual.com\/cs\/wordpress-prekladove-pluginy\/#primaryimage\"},\"image\":{\"@id\":\"https:\/\/wp-multilingual.com\/cs\/wordpress-prekladove-pluginy\/#primaryimage\"},\"thumbnailUrl\":\"https:\/\/wp-multilingual.com\/wp-content\/uploads\/sites\/18\/2017\/10\/wpml-wordpress-multilingue-traduction-square.jpg\",\"datePublished\":\"2018-04-06T00:46:25+00:00\",\"dateModified\":\"2018-04-06T00:46:25+00:00\",\"description\":\"P\u0159elo\u017ete sv\u00e9 str\u00e1nky WordPress? To je jednoduch\u00e9 se spr\u00e1vn\u00fdm p\u0159eklada\u010dem WordPress. Pod\u00edvejte se na v\u00fdb\u011br nejlep\u0161\u00edch plugin\u016f pro p\u0159eklad do WordPress pro rok 2018 hned.\",\"breadcrumb\":{\"@id\":\"https:\/\/wp-multilingual.com\/cs\/wordpress-prekladove-pluginy\/#breadcrumb\"},\"inLanguage\":\"cs\",\"potentialAction\":[{\"@type\":\"ReadAction\",\"target\":[\"https:\/\/wp-multilingual.com\/cs\/wordpress-prekladove-pluginy\/\"]}]},{\"@type\":\"ImageObject\",\"inLanguage\":\"cs\",\"@id\":\"https:\/\/wp-multilingual.com\/cs\/wordpress-prekladove-pluginy\/#primaryimage\",\"url\":\"https:\/\/wp-multilingual.com\/wp-content\/uploads\/sites\/18\/2017\/10\/wpml-wordpress-multilingue-traduction-square.jpg\",\"contentUrl\":\"https:\/\/wp-multilingual.com\/wp-content\/uploads\/sites\/18\/2017\/10\/wpml-wordpress-multilingue-traduction-square.jpg\"},{\"@type\":\"BreadcrumbList\",\"@id\":\"https:\/\/wp-multilingual.com\/cs\/wordpress-prekladove-pluginy\/#breadcrumb\",\"itemListElement\":[{\"@type\":\"ListItem\",\"position\":1,\"name\":\"Accueil\",\"item\":\"https:\/\/wp-multilingual.com\/\"},{\"@type\":\"ListItem\",\"position\":2,\"name\":\"Top 5 WordPress p\u0159ekladov\u00e9 pluginy 2018\"}]},{\"@type\":\"WebSite\",\"@id\":\"https:\/\/wp-multilingual.com\/el\/#website\",\"url\":\"https:\/\/wp-multilingual.com\/el\/\",\"name\":\"wp-multlingual.com\",\"description\":\"Th\u00e8mes et Plugins Magento\",\"potentialAction\":[{\"@type\":\"SearchAction\",\"target\":{\"@type\":\"EntryPoint\",\"urlTemplate\":\"https:\/\/wp-multilingual.com\/el\/?s={search_term_string}\"},\"query-input\":\"required name=search_term_string\"}],\"inLanguage\":\"cs\"}]}<\/script>\n<!-- \/ Yoast SEO plugin. -->","yoast_head_json":{"title":"WordPress P\u0159eklad Plugins: TOP 5 v\u00edcejazy\u010dn\u00e9 WordPress","description":"P\u0159elo\u017ete sv\u00e9 str\u00e1nky WordPress? To je jednoduch\u00e9 se spr\u00e1vn\u00fdm p\u0159eklada\u010dem WordPress. Pod\u00edvejte se na v\u00fdb\u011br nejlep\u0161\u00edch plugin\u016f pro p\u0159eklad do WordPress pro rok 2018 hned.","robots":{"index":"index","follow":"follow","max-snippet":"max-snippet:-1","max-image-preview":"max-image-preview:large","max-video-preview":"max-video-preview:-1"},"canonical":"https:\/\/wp-multilingual.com\/cs\/wordpress-prekladove-pluginy\/","og_locale":"cs_CZ","og_type":"article","og_title":"WordPress P\u0159eklad Plugins: TOP 5 v\u00edcejazy\u010dn\u00e9 WordPress","og_description":"P\u0159elo\u017ete sv\u00e9 str\u00e1nky WordPress? To je jednoduch\u00e9 se spr\u00e1vn\u00fdm p\u0159eklada\u010dem WordPress. Pod\u00edvejte se na v\u00fdb\u011br nejlep\u0161\u00edch plugin\u016f pro p\u0159eklad do WordPress pro rok 2018 hned.","og_url":"https:\/\/wp-multilingual.com\/cs\/wordpress-prekladove-pluginy\/","og_site_name":"wp-multlingual.com","og_image":[{"url":"https:\/\/wp-multilingual.com\/wp-content\/uploads\/sites\/18\/2017\/10\/wpml-wordpress-multilingue-traduction-square.jpg"}],"twitter_card":"summary_large_image","twitter_misc":{"Odhadovan\u00e1 doba \u010dten\u00ed":"5 minut"},"schema":{"@context":"https:\/\/schema.org","@graph":[{"@type":"WebPage","@id":"https:\/\/wp-multilingual.com\/cs\/wordpress-prekladove-pluginy\/","url":"https:\/\/wp-multilingual.com\/cs\/wordpress-prekladove-pluginy\/","name":"WordPress P\u0159eklad Plugins: TOP 5 v\u00edcejazy\u010dn\u00e9 WordPress","isPartOf":{"@id":"https:\/\/wp-multilingual.com\/el\/#website"},"primaryImageOfPage":{"@id":"https:\/\/wp-multilingual.com\/cs\/wordpress-prekladove-pluginy\/#primaryimage"},"image":{"@id":"https:\/\/wp-multilingual.com\/cs\/wordpress-prekladove-pluginy\/#primaryimage"},"thumbnailUrl":"https:\/\/wp-multilingual.com\/wp-content\/uploads\/sites\/18\/2017\/10\/wpml-wordpress-multilingue-traduction-square.jpg","datePublished":"2018-04-06T00:46:25+00:00","dateModified":"2018-04-06T00:46:25+00:00","description":"P\u0159elo\u017ete sv\u00e9 str\u00e1nky WordPress? To je jednoduch\u00e9 se spr\u00e1vn\u00fdm p\u0159eklada\u010dem WordPress. Pod\u00edvejte se na v\u00fdb\u011br nejlep\u0161\u00edch plugin\u016f pro p\u0159eklad do WordPress pro rok 2018 hned.","breadcrumb":{"@id":"https:\/\/wp-multilingual.com\/cs\/wordpress-prekladove-pluginy\/#breadcrumb"},"inLanguage":"cs","potentialAction":[{"@type":"ReadAction","target":["https:\/\/wp-multilingual.com\/cs\/wordpress-prekladove-pluginy\/"]}]},{"@type":"ImageObject","inLanguage":"cs","@id":"https:\/\/wp-multilingual.com\/cs\/wordpress-prekladove-pluginy\/#primaryimage","url":"https:\/\/wp-multilingual.com\/wp-content\/uploads\/sites\/18\/2017\/10\/wpml-wordpress-multilingue-traduction-square.jpg","contentUrl":"https:\/\/wp-multilingual.com\/wp-content\/uploads\/sites\/18\/2017\/10\/wpml-wordpress-multilingue-traduction-square.jpg"},{"@type":"BreadcrumbList","@id":"https:\/\/wp-multilingual.com\/cs\/wordpress-prekladove-pluginy\/#breadcrumb","itemListElement":[{"@type":"ListItem","position":1,"name":"Accueil","item":"https:\/\/wp-multilingual.com\/"},{"@type":"ListItem","position":2,"name":"Top 5 WordPress p\u0159ekladov\u00e9 pluginy 2018"}]},{"@type":"WebSite","@id":"https:\/\/wp-multilingual.com\/el\/#website","url":"https:\/\/wp-multilingual.com\/el\/","name":"wp-multlingual.com","description":"Th\u00e8mes et Plugins Magento","potentialAction":[{"@type":"SearchAction","target":{"@type":"EntryPoint","urlTemplate":"https:\/\/wp-multilingual.com\/el\/?s={search_term_string}"},"query-input":"required name=search_term_string"}],"inLanguage":"cs"}]}},"_links":{"self":[{"href":"https:\/\/wp-multilingual.com\/cs\/wp-json\/wp\/v2\/pages\/838","targetHints":{"allow":["GET"]}}],"collection":[{"href":"https:\/\/wp-multilingual.com\/cs\/wp-json\/wp\/v2\/pages"}],"about":[{"href":"https:\/\/wp-multilingual.com\/cs\/wp-json\/wp\/v2\/types\/page"}],"author":[{"embeddable":true,"href":"https:\/\/wp-multilingual.com\/cs\/wp-json\/wp\/v2\/users\/2"}],"replies":[{"embeddable":true,"href":"https:\/\/wp-multilingual.com\/cs\/wp-json\/wp\/v2\/comments?post=838"}],"version-history":[{"count":1,"href":"https:\/\/wp-multilingual.com\/cs\/wp-json\/wp\/v2\/pages\/838\/revisions"}],"predecessor-version":[{"id":839,"href":"https:\/\/wp-multilingual.com\/cs\/wp-json\/wp\/v2\/pages\/838\/revisions\/839"}],"wp:attachment":[{"href":"https:\/\/wp-multilingual.com\/cs\/wp-json\/wp\/v2\/media?parent=838"}],"curies":[{"name":"wp","href":"https:\/\/api.w.org\/{rel}","templated":true}]}}